{"id":9838,"date":"2018-04-18T09:56:04","date_gmt":"2018-04-18T13:56:04","guid":{"rendered":"https:\/\/cahr.wpengine.com\/?page_id=9838"},"modified":"2026-03-09T10:49:16","modified_gmt":"2026-03-09T14:49:16","slug":"modules-de-teleapprentissage","status":"publish","type":"page","link":"https:\/\/www.cahr-acrv.ca\/fr\/modules-de-teleapprentissage\/","title":{"rendered":"Modules de t\u00e9l\u00e9apprentissage"},"content":{"rendered":"\n<p>L\u2019ACRV continue \u00e0 s\u2019associer aux membres de la collectivit\u00e9, aux d\u00e9cideurs, aux \u00e9ducateurs, aux praticiens\/fournisseurs de services et chercheurs dans le d\u00e9veloppement de modules de t\u00e9l\u00e9apprentissage con\u00e7us pour appuyer les collectivit\u00e9s, les \u00e9tudiants et les \u00e9quipes de recherche dans nombre d\u2019aspects de la recherche sur le VIH, de la recherche communautaire et de la recherche interventionniste.<\/p>\n\n\n\n<p>Pour d\u00e9couvrir notre vaste collection de modules, cliquez <a href=\"https:\/\/share.articulate.com\/_DzCBmUbr1r1yG9DHkc-L#\/\" target=\"_blank\" rel=\"noreferrer noopener\">ici<\/a>.<\/p>\n","protected":false},"excerpt":{"rendered":"<p>L\u2019ACRV continue \u00e0 s\u2019associer aux membres de la collectivit\u00e9, aux d\u00e9cideurs, aux \u00e9ducateurs, aux praticiens\/fournisseurs de services et chercheurs dans le d\u00e9veloppement de modules de t\u00e9l\u00e9apprentissage con\u00e7us pour appuyer les collectivit\u00e9s, les \u00e9tudiants et les \u00e9quipes de recherche dans nombre d\u2019aspects de la recherche sur le VIH, de la recherche communautaire et de la recherche [&hellip;]<\/p>\n","protected":false},"author":9,"featured_media":0,"parent":0,"menu_order":0,"comment_status":"closed","ping_status":"closed","template":"","meta":{"_acf_changed":false,"inline_featured_image":false,"footnotes":""},"class_list":["post-9838","page","type-page","status-publish","hentry"],"acf":[],"yoast_head":"<!-- This site is optimized with the Yoast SEO plugin v27.2 - https:\/\/yoast.com\/product\/yoast-seo-wordpress\/ -->\n<title>Modules de t\u00e9l\u00e9apprentissage &#8211; ACRV<\/title>\n<meta name=\"robots\" content=\"index, follow, max-snippet:-1, max-image-preview:large, max-video-preview:-1\" \/>\n<link rel=\"canonical\" href=\"https:\/\/www.cahr-acrv.ca\/fr\/modules-de-teleapprentissage\/\" \/>\n<meta property=\"og:locale\" content=\"fr_FR\" \/>\n<meta property=\"og:type\" content=\"article\" \/>\n<meta property=\"og:title\" content=\"Modules de t\u00e9l\u00e9apprentissage &#8211; ACRV\" \/>\n<meta property=\"og:description\" content=\"L\u2019ACRV continue \u00e0 s\u2019associer aux membres de la collectivit\u00e9, aux d\u00e9cideurs, aux \u00e9ducateurs, aux praticiens\/fournisseurs de services et chercheurs dans le d\u00e9veloppement de modules de t\u00e9l\u00e9apprentissage con\u00e7us pour appuyer les collectivit\u00e9s, les \u00e9tudiants et les \u00e9quipes de recherche dans nombre d\u2019aspects de la recherche sur le VIH, de la recherche communautaire et de la recherche [&hellip;]\" \/>\n<meta property=\"og:url\" content=\"https:\/\/www.cahr-acrv.ca\/fr\/modules-de-teleapprentissage\/\" \/>\n<meta property=\"og:site_name\" content=\"ACRV\" \/>\n<meta property=\"article:publisher\" content=\"https:\/\/www.facebook.com\/CanadianAssociationforHIVResearch\" \/>\n<meta property=\"article:modified_time\" content=\"2026-03-09T14:49:16+00:00\" \/>\n<meta name=\"twitter:card\" content=\"summary_large_image\" \/>\n<meta name=\"twitter:site\" content=\"@CAHR_ACRV\" \/>\n<meta name=\"twitter:label1\" content=\"Dur\u00e9e de lecture estim\u00e9e\" \/>\n\t<meta name=\"twitter:data1\" content=\"1 minute\" \/>\n<script type=\"application\/ld+json\" class=\"yoast-schema-graph\">{\"@context\":\"https:\/\/schema.org\",\"@graph\":[{\"@type\":\"WebPage\",\"@id\":\"https:\/\/www.cahr-acrv.ca\/fr\/modules-de-teleapprentissage\/\",\"url\":\"https:\/\/www.cahr-acrv.ca\/fr\/modules-de-teleapprentissage\/\",\"name\":\"Modules de t\u00e9l\u00e9apprentissage &#8211; ACRV\",\"isPartOf\":{\"@id\":\"https:\/\/www.cahr-acrv.ca\/#website\"},\"datePublished\":\"2018-04-18T13:56:04+00:00\",\"dateModified\":\"2026-03-09T14:49:16+00:00\",\"breadcrumb\":{\"@id\":\"https:\/\/www.cahr-acrv.ca\/fr\/modules-de-teleapprentissage\/#breadcrumb\"},\"inLanguage\":\"fr-FR\",\"potentialAction\":[{\"@type\":\"ReadAction\",\"target\":[\"https:\/\/www.cahr-acrv.ca\/fr\/modules-de-teleapprentissage\/\"]}]},{\"@type\":\"BreadcrumbList\",\"@id\":\"https:\/\/www.cahr-acrv.ca\/fr\/modules-de-teleapprentissage\/#breadcrumb\",\"itemListElement\":[{\"@type\":\"ListItem\",\"position\":1,\"name\":\"Accueil\",\"item\":\"https:\/\/www.cahr-acrv.ca\/fr\/accueil\/\"},{\"@type\":\"ListItem\",\"position\":2,\"name\":\"Modules de t\u00e9l\u00e9apprentissage\"}]},{\"@type\":\"WebSite\",\"@id\":\"https:\/\/www.cahr-acrv.ca\/#website\",\"url\":\"https:\/\/www.cahr-acrv.ca\/\",\"name\":\"ACRV\",\"description\":\"L'association canadienne de recherche sur le VIH\",\"publisher\":{\"@id\":\"https:\/\/www.cahr-acrv.ca\/#organization\"},\"potentialAction\":[{\"@type\":\"SearchAction\",\"target\":{\"@type\":\"EntryPoint\",\"urlTemplate\":\"https:\/\/www.cahr-acrv.ca\/?s={search_term_string}\"},\"query-input\":{\"@type\":\"PropertyValueSpecification\",\"valueRequired\":true,\"valueName\":\"search_term_string\"}}],\"inLanguage\":\"fr-FR\"},{\"@type\":\"Organization\",\"@id\":\"https:\/\/www.cahr-acrv.ca\/#organization\",\"name\":\"Canadian Association for HIV Research\",\"alternateName\":\"CAHR\",\"url\":\"https:\/\/www.cahr-acrv.ca\/\",\"logo\":{\"@type\":\"ImageObject\",\"inLanguage\":\"fr-FR\",\"@id\":\"https:\/\/www.cahr-acrv.ca\/#\/schema\/logo\/image\/\",\"url\":\"https:\/\/www.cahr-acrv.ca\/wp-content\/uploads\/2025\/06\/cahr-organization-logo.png\",\"contentUrl\":\"https:\/\/www.cahr-acrv.ca\/wp-content\/uploads\/2025\/06\/cahr-organization-logo.png\",\"width\":696,\"height\":696,\"caption\":\"Canadian Association for HIV Research\"},\"image\":{\"@id\":\"https:\/\/www.cahr-acrv.ca\/#\/schema\/logo\/image\/\"},\"sameAs\":[\"https:\/\/www.facebook.com\/CanadianAssociationforHIVResearch\",\"https:\/\/x.com\/CAHR_ACRV\",\"https:\/\/bsky.app\/profile\/cahr-acrv.bsky.social\",\"https:\/\/www.youtube.com\/user\/CAHRACRV\",\"https:\/\/www.instagram.com\/cahr_acrv\/\",\"https:\/\/www.linkedin.com\/company\/canadian-association-for-hiv-research\/\"]}]}<\/script>\n<!-- \/ Yoast SEO plugin. -->","yoast_head_json":{"title":"Modules de t\u00e9l\u00e9apprentissage &#8211; ACRV","robots":{"index":"index","follow":"follow","max-snippet":"max-snippet:-1","max-image-preview":"max-image-preview:large","max-video-preview":"max-video-preview:-1"},"canonical":"https:\/\/www.cahr-acrv.ca\/fr\/modules-de-teleapprentissage\/","og_locale":"fr_FR","og_type":"article","og_title":"Modules de t\u00e9l\u00e9apprentissage &#8211; ACRV","og_description":"L\u2019ACRV continue \u00e0 s\u2019associer aux membres de la collectivit\u00e9, aux d\u00e9cideurs, aux \u00e9ducateurs, aux praticiens\/fournisseurs de services et chercheurs dans le d\u00e9veloppement de modules de t\u00e9l\u00e9apprentissage con\u00e7us pour appuyer les collectivit\u00e9s, les \u00e9tudiants et les \u00e9quipes de recherche dans nombre d\u2019aspects de la recherche sur le VIH, de la recherche communautaire et de la recherche [&hellip;]","og_url":"https:\/\/www.cahr-acrv.ca\/fr\/modules-de-teleapprentissage\/","og_site_name":"ACRV","article_publisher":"https:\/\/www.facebook.com\/CanadianAssociationforHIVResearch","article_modified_time":"2026-03-09T14:49:16+00:00","twitter_card":"summary_large_image","twitter_site":"@CAHR_ACRV","twitter_misc":{"Dur\u00e9e de lecture estim\u00e9e":"1 minute"},"schema":{"@context":"https:\/\/schema.org","@graph":[{"@type":"WebPage","@id":"https:\/\/www.cahr-acrv.ca\/fr\/modules-de-teleapprentissage\/","url":"https:\/\/www.cahr-acrv.ca\/fr\/modules-de-teleapprentissage\/","name":"Modules de t\u00e9l\u00e9apprentissage &#8211; ACRV","isPartOf":{"@id":"https:\/\/www.cahr-acrv.ca\/#website"},"datePublished":"2018-04-18T13:56:04+00:00","dateModified":"2026-03-09T14:49:16+00:00","breadcrumb":{"@id":"https:\/\/www.cahr-acrv.ca\/fr\/modules-de-teleapprentissage\/#breadcrumb"},"inLanguage":"fr-FR","potentialAction":[{"@type":"ReadAction","target":["https:\/\/www.cahr-acrv.ca\/fr\/modules-de-teleapprentissage\/"]}]},{"@type":"BreadcrumbList","@id":"https:\/\/www.cahr-acrv.ca\/fr\/modules-de-teleapprentissage\/#breadcrumb","itemListElement":[{"@type":"ListItem","position":1,"name":"Accueil","item":"https:\/\/www.cahr-acrv.ca\/fr\/accueil\/"},{"@type":"ListItem","position":2,"name":"Modules de t\u00e9l\u00e9apprentissage"}]},{"@type":"WebSite","@id":"https:\/\/www.cahr-acrv.ca\/#website","url":"https:\/\/www.cahr-acrv.ca\/","name":"ACRV","description":"L'association canadienne de recherche sur le VIH","publisher":{"@id":"https:\/\/www.cahr-acrv.ca\/#organization"},"potentialAction":[{"@type":"SearchAction","target":{"@type":"EntryPoint","urlTemplate":"https:\/\/www.cahr-acrv.ca\/?s={search_term_string}"},"query-input":{"@type":"PropertyValueSpecification","valueRequired":true,"valueName":"search_term_string"}}],"inLanguage":"fr-FR"},{"@type":"Organization","@id":"https:\/\/www.cahr-acrv.ca\/#organization","name":"Canadian Association for HIV Research","alternateName":"CAHR","url":"https:\/\/www.cahr-acrv.ca\/","logo":{"@type":"ImageObject","inLanguage":"fr-FR","@id":"https:\/\/www.cahr-acrv.ca\/#\/schema\/logo\/image\/","url":"https:\/\/www.cahr-acrv.ca\/wp-content\/uploads\/2025\/06\/cahr-organization-logo.png","contentUrl":"https:\/\/www.cahr-acrv.ca\/wp-content\/uploads\/2025\/06\/cahr-organization-logo.png","width":696,"height":696,"caption":"Canadian Association for HIV Research"},"image":{"@id":"https:\/\/www.cahr-acrv.ca\/#\/schema\/logo\/image\/"},"sameAs":["https:\/\/www.facebook.com\/CanadianAssociationforHIVResearch","https:\/\/x.com\/CAHR_ACRV","https:\/\/bsky.app\/profile\/cahr-acrv.bsky.social","https:\/\/www.youtube.com\/user\/CAHRACRV","https:\/\/www.instagram.com\/cahr_acrv\/","https:\/\/www.linkedin.com\/company\/canadian-association-for-hiv-research\/"]}]}},"_links":{"self":[{"href":"https:\/\/www.cahr-acrv.ca\/fr\/wp-json\/wp\/v2\/pages\/9838","targetHints":{"allow":["GET"]}}],"collection":[{"href":"https:\/\/www.cahr-acrv.ca\/fr\/wp-json\/wp\/v2\/pages"}],"about":[{"href":"https:\/\/www.cahr-acrv.ca\/fr\/wp-json\/wp\/v2\/types\/page"}],"author":[{"embeddable":true,"href":"https:\/\/www.cahr-acrv.ca\/fr\/wp-json\/wp\/v2\/users\/9"}],"replies":[{"embeddable":true,"href":"https:\/\/www.cahr-acrv.ca\/fr\/wp-json\/wp\/v2\/comments?post=9838"}],"version-history":[{"count":0,"href":"https:\/\/www.cahr-acrv.ca\/fr\/wp-json\/wp\/v2\/pages\/9838\/revisions"}],"wp:attachment":[{"href":"https:\/\/www.cahr-acrv.ca\/fr\/wp-json\/wp\/v2\/media?parent=9838"}],"curies":[{"name":"wp","href":"https:\/\/api.w.org\/{rel}","templated":true}]}}