{"id":751,"date":"2012-10-03T15:39:15","date_gmt":"2012-10-03T19:39:15","guid":{"rendered":"https:\/\/cahr.wpengine.com\/?page_id=751"},"modified":"2026-03-24T14:20:14","modified_gmt":"2026-03-24T18:20:14","slug":"lieu-du-congres-et-voyages","status":"publish","type":"page","link":"https:\/\/www.cahr-acrv.ca\/fr\/congres\/lieu-du-congres-et-voyages\/","title":{"rendered":"Lieu du Congr\u00e8s et voyages"},"content":{"rendered":"\n<h2 class=\"wp-block-heading\">Lieu<\/h2>\n\n\n<div class=\"wp-block-image\">\n<figure class=\"alignright size-large is-resized\"><img loading=\"lazy\" decoding=\"async\" width=\"1024\" height=\"683\" src=\"https:\/\/www.cahr-acrv.ca\/wp-content\/uploads\/2025\/11\/3419_RBC-CC-New-Signage_28-2-1024x683.jpg\" alt=\"RBC Convention Centre\" class=\"wp-image-15811\" style=\"width:300px\" srcset=\"https:\/\/www.cahr-acrv.ca\/wp-content\/uploads\/2025\/11\/3419_RBC-CC-New-Signage_28-2-1024x683.jpg 1024w, https:\/\/www.cahr-acrv.ca\/wp-content\/uploads\/2025\/11\/3419_RBC-CC-New-Signage_28-2-300x200.jpg 300w, https:\/\/www.cahr-acrv.ca\/wp-content\/uploads\/2025\/11\/3419_RBC-CC-New-Signage_28-2-768x512.jpg 768w, https:\/\/www.cahr-acrv.ca\/wp-content\/uploads\/2025\/11\/3419_RBC-CC-New-Signage_28-2-1536x1024.jpg 1536w, https:\/\/www.cahr-acrv.ca\/wp-content\/uploads\/2025\/11\/3419_RBC-CC-New-Signage_28-2-2048x1365.jpg 2048w\" sizes=\"auto, (max-width: 1024px) 100vw, 1024px\" \/><\/figure>\n<\/div>\n\n\n<p>L\u2019ACRV 2026 aura lieu au <a href=\"https:\/\/www.wcc.mb.ca\/\" target=\"_blank\" rel=\"noreferrer noopener\">Centre des congr\u00e8s RBC<\/a> \u00e0 Winnipeg (Manitoba). C\u2019est le principal \u00e9tablissement de congr\u00e8s au Manitoba. Situ\u00e9 au c\u0153ur-m\u00eame du centre-ville de Winnipeg et de son effervescence, l\u2019\u00e9tablissement est \u00e0 20 minutes de voiture de l\u2019a\u00e9roport.<\/p>\n\n\n\n<p>Adresse : 375, avenue York, Winnipeg (MB) R3C 3J3 Canada<\/p>\n\n\n\n<p><\/p>\n\n\n\n<hr class=\"wp-block-separator has-alpha-channel-opacity is-style-wide\"\/>\n\n\n\n<h2 class=\"wp-block-heading\"><strong>H\u00f4tel<\/strong><\/h2>\n\n\n\n<h3 class=\"wp-block-heading\"><strong>Delta Hotels Winnipeg<\/strong><\/h3>\n\n\n\n<p>Veuillez noter que le bloc de chambres de l&rsquo;ACRV 2026 au Delta Hotels Winnipeg est presque complet et que les chambres ne pourraient plus \u00eatre disponibles samedi soir. Le Delta n\u2019est pas en mesure d\u2019ajouter des chambres suppl\u00e9mentaires pour le moment; toutefois, des chambres pourraient se lib\u00e9rer plus tard au cours du mois de mars. L&rsquo;ACRV recommande de r\u00e9server un h\u00e9bergement dans un autre h\u00f4tel si le Delta n&rsquo;est pas disponible aux dates souhait\u00e9es.<\/p>\n\n\n<div class=\"wp-block-image\">\n<figure class=\"alignleft size-full is-resized\"><img loading=\"lazy\" decoding=\"async\" width=\"659\" height=\"368\" src=\"https:\/\/www.cahr-acrv.ca\/wp-content\/uploads\/2025\/11\/Delta-Winnipeg.jpg\" alt=\"Delta Hotels Winnipeg\" class=\"wp-image-15815\" style=\"width:300px\" srcset=\"https:\/\/www.cahr-acrv.ca\/wp-content\/uploads\/2025\/11\/Delta-Winnipeg.jpg 659w, https:\/\/www.cahr-acrv.ca\/wp-content\/uploads\/2025\/11\/Delta-Winnipeg-300x168.jpg 300w\" sizes=\"auto, (max-width: 659px) 100vw, 659px\" \/><\/figure>\n<\/div>\n\n\n<p>Le <a href=\"https:\/\/www.marriott.com\/en-us\/hotels\/ywgdw-delta-hotels-winnipeg\/overview\/?scid=f2ae0541-1279-4f24-b197-a979c79310b0\" target=\"_blank\" rel=\"noreferrer noopener\">Delta Hotels Winnipeg<\/a> est le lieu officiel du congr\u00e8s, situ\u00e9 de l\u2019autre c\u00f4t\u00e9 de la rue face au Centre des congr\u00e8s RBC, au 350 avenue St Mary, Winnipeg (Manitoba), Canada, R3C 3J2.<\/p>\n\n\n\n<p>L\u2019ACRV a n\u00e9goci\u00e9 des tarifs rabais sp\u00e9ciaux \u00e0 compter de 249 $.<\/p>\n\n\n\n<p><\/p>\n\n\n\n<div style=\"height:5px\" aria-hidden=\"true\" class=\"wp-block-spacer\"><\/div>\n\n\n<div class=\"wp-block-image\">\n<figure class=\"alignright size-full is-resized\"><img loading=\"lazy\" decoding=\"async\" width=\"211\" height=\"141\" src=\"https:\/\/www.cahr-acrv.ca\/wp-content\/uploads\/2025\/11\/Delta-Winnipeg-room.jpg\" alt=\"Delta Winnipeg room\" class=\"wp-image-15817\" style=\"width:300px\"\/><\/figure>\n<\/div>\n\n\n<h4 class=\"wp-block-heading\"><strong>R\u00e9servation de chambres et conditions&nbsp;:<\/strong><\/h4>\n\n\n\n<p>\u2022 Les tarifs sont soumis \u00e0 toutes les taxes gouvernementales et locales applicables (actuellement, 18,3 %) en vigueur au d\u00e9part.<br><br>\u2022 Pour obtenir le tarif sp\u00e9cial, vous devez assister \u00e0 l\u2019ACRV 2026. Le secr\u00e9tariat du congr\u00e8s a le droit d\u2019annuler toute r\u00e9servation jug\u00e9e frauduleuse.<br><br>\u2022 Le tarif groupe du congr\u00e8s au Delta Hotels Winnipeg est offert jusqu\u2019au mercredi 18 avril 2026 (sous r\u00e9serve de la disponibilit\u00e9 des chambres).<br><br>\u2022 Les tarifs groupe sont en vigueur du 20 au 26 avril sous r\u00e9serve de la disponibilit\u00e9.<br><br>\u2022 On peut annuler sans p\u00e9nalit\u00e9 jusqu\u2019\u00e0 72 heures avant l\u2019arriv\u00e9e. En cas de d\u00e9faut de se pr\u00e9senter, il vous sera factur\u00e9 une nuit\u00e9e, plus taxes.<\/p>\n\n\n\n<p class=\"has-text-align-center\"><a href=\"https:\/\/www.marriott.com\/event-reservations\/reservation-link.mi?id=1736958043077&amp;key=GRP&amp;guestreslink2=true&amp;app=resvlink\" target=\"_blank\" rel=\"noreferrer noopener\">R\u00e9servez votre chambre<\/a><\/p>\n\n\n\n<hr class=\"wp-block-separator has-alpha-channel-opacity is-style-wide\"\/>\n\n\n\n<h2 class=\"wp-block-heading\"><strong>\u00c0 propos de Winnipeg<\/strong><\/h2>\n\n\n\n<p>Situ\u00e9e au c\u0153ur des Prairies canadiennes, Winnipeg est une ville dynamique o\u00f9 s\u2019entrem\u00ealent l\u2019histoire, la culture et la nature. Situ\u00e9e au confluent des rivi\u00e8res Rouge et Assiniboine, la capitale du Manitoba est r\u00e9put\u00e9e pour son riche patrimoine autochtone, sa sc\u00e8ne artistique tr\u00e9pidante et la chaude hospitalit\u00e9 des Prairies. Winnipeg offre un m\u00e9lange d\u2019urbanisme de pointe et de beaut\u00e9 naturelle, avec son architecture \u00e9tonnante, ses mus\u00e9es de calibre mondial et la vastitude de ses espaces verts. Que vous exploriez ses lieux historiques, que vous vous laissiez tenter par les diverses offres culinaires ou que vous profitiez de l\u2019un de ses nombreux festivals, Winnipeg vous accueille les bras ouverts.<\/p>\n\n\n\n<div style=\"height:10px\" aria-hidden=\"true\" class=\"wp-block-spacer\"><\/div>\n\n\n\n<h3 class=\"wp-block-heading\"><strong>Que faire et que voir \u00e0 Winnipeg<\/strong><\/h3>\n\n\n<div class=\"wp-block-image\">\n<figure class=\"alignleft size-large is-resized\"><img loading=\"lazy\" decoding=\"async\" width=\"1024\" height=\"508\" src=\"https:\/\/www.cahr-acrv.ca\/wp-content\/uploads\/2025\/11\/attractions.img-324.the-forks-1024x508.jpg\" alt=\"The Forks\" class=\"wp-image-15819\" style=\"width:300px\" srcset=\"https:\/\/www.cahr-acrv.ca\/wp-content\/uploads\/2025\/11\/attractions.img-324.the-forks-1024x508.jpg 1024w, https:\/\/www.cahr-acrv.ca\/wp-content\/uploads\/2025\/11\/attractions.img-324.the-forks-300x149.jpg 300w, https:\/\/www.cahr-acrv.ca\/wp-content\/uploads\/2025\/11\/attractions.img-324.the-forks-768x381.jpg 768w, https:\/\/www.cahr-acrv.ca\/wp-content\/uploads\/2025\/11\/attractions.img-324.the-forks-1536x762.jpg 1536w, https:\/\/www.cahr-acrv.ca\/wp-content\/uploads\/2025\/11\/attractions.img-324.the-forks-2048x1016.jpg 2048w\" sizes=\"auto, (max-width: 1024px) 100vw, 1024px\" \/><\/figure>\n<\/div>\n\n\n<h4 class=\"wp-block-heading\">The Forks<\/h4>\n\n\n\n<p>Lieu historique de rencontres depuis plus de 6 000 ans, The Forks est maintenant un carrefour dynamique centr\u00e9 sur un march\u00e9 public, des restaurants et des pistes le long des rivi\u00e8res, ainsi que des \u00e9v\u00e9nements s\u2019\u00e9chelonnant toute l\u2019ann\u00e9e. En \u00e9t\u00e9, profitez des sentiers p\u00e9destres et des pistes cyclables; en hiver, patinez le long des pistes naturelles gel\u00e9es les plus longues du monde.<\/p>\n\n\n\n<div style=\"height:10px\" aria-hidden=\"true\" class=\"wp-block-spacer\"><\/div>\n\n\n<div class=\"wp-block-image\">\n<figure class=\"alignleft size-large is-resized\"><img loading=\"lazy\" decoding=\"async\" width=\"1024\" height=\"683\" src=\"https:\/\/www.cahr-acrv.ca\/wp-content\/uploads\/2025\/11\/museums.img-518.canadian-museum-for-human-rights-1024x683.jpg\" alt=\"Canadian Museum for Human Rights\" class=\"wp-image-15821\" style=\"width:300px\" srcset=\"https:\/\/www.cahr-acrv.ca\/wp-content\/uploads\/2025\/11\/museums.img-518.canadian-museum-for-human-rights-1024x683.jpg 1024w, https:\/\/www.cahr-acrv.ca\/wp-content\/uploads\/2025\/11\/museums.img-518.canadian-museum-for-human-rights-300x200.jpg 300w, https:\/\/www.cahr-acrv.ca\/wp-content\/uploads\/2025\/11\/museums.img-518.canadian-museum-for-human-rights-768x512.jpg 768w, https:\/\/www.cahr-acrv.ca\/wp-content\/uploads\/2025\/11\/museums.img-518.canadian-museum-for-human-rights-1536x1024.jpg 1536w, https:\/\/www.cahr-acrv.ca\/wp-content\/uploads\/2025\/11\/museums.img-518.canadian-museum-for-human-rights.jpg 1950w\" sizes=\"auto, (max-width: 1024px) 100vw, 1024px\" \/><\/figure>\n<\/div>\n\n\n<h4 class=\"wp-block-heading\"><strong>Mus\u00e9e canadien des droits de la personne<\/strong><\/h4>\n\n\n\n<p>Cette merveille architecturale est le seul mus\u00e9e au monde consacr\u00e9 uniquement \u00e0 la sensibilisation aux droits de la personne. Ses expositions marquantes et son architecture \u00e9tonnante en font un lieu incontournable \u00e0 visiter pour ceux qui s\u2019int\u00e9ressent aux histoires mondiales et canadiennes li\u00e9es aux droits de la personne.<\/p>\n\n\n\n<p><\/p>\n\n\n\n<div style=\"height:10px\" aria-hidden=\"true\" class=\"wp-block-spacer\"><\/div>\n\n\n<div class=\"wp-block-image\">\n<figure class=\"alignleft size-large is-resized\"><img loading=\"lazy\" decoding=\"async\" width=\"1024\" height=\"683\" src=\"https:\/\/www.cahr-acrv.ca\/wp-content\/uploads\/2025\/11\/attractions.img-340.assiniboine-park-pavilion-1024x683.jpg\" alt=\"Assiniboine Park and Zoo\" class=\"wp-image-15823\" style=\"width:300px\" srcset=\"https:\/\/www.cahr-acrv.ca\/wp-content\/uploads\/2025\/11\/attractions.img-340.assiniboine-park-pavilion-1024x683.jpg 1024w, https:\/\/www.cahr-acrv.ca\/wp-content\/uploads\/2025\/11\/attractions.img-340.assiniboine-park-pavilion-300x200.jpg 300w, https:\/\/www.cahr-acrv.ca\/wp-content\/uploads\/2025\/11\/attractions.img-340.assiniboine-park-pavilion-768x512.jpg 768w, https:\/\/www.cahr-acrv.ca\/wp-content\/uploads\/2025\/11\/attractions.img-340.assiniboine-park-pavilion-1536x1024.jpg 1536w, https:\/\/www.cahr-acrv.ca\/wp-content\/uploads\/2025\/11\/attractions.img-340.assiniboine-park-pavilion-2048x1365.jpg 2048w\" sizes=\"auto, (max-width: 1024px) 100vw, 1024px\" \/><\/figure>\n<\/div>\n\n\n<h4 class=\"wp-block-heading\"><strong>Parc et zoo Assiniboine<\/strong><\/h4>\n\n\n\n<p>Abritant l\u2019exposition prim\u00e9e Voyage \u00e0 Churchill, ce jardin zoologique offre une exp\u00e9rience immersive centr\u00e9e sur les ours polaires, les renards arctiques et davantage. On trouve dans le parc environnant de magnifiques jardins, l\u2019attraction horticole The Leaf et des activit\u00e9s pour la famille.<\/p>\n\n\n\n<p><\/p>\n\n\n\n<div style=\"height:10px\" aria-hidden=\"true\" class=\"wp-block-spacer\"><\/div>\n\n\n<div class=\"wp-block-image\">\n<figure class=\"alignleft size-full is-resized\"><img loading=\"lazy\" decoding=\"async\" width=\"336\" height=\"252\" src=\"https:\/\/www.cahr-acrv.ca\/wp-content\/uploads\/2025\/11\/Exchange-district.jpg\" alt=\"Exchange District\" class=\"wp-image-15825\" style=\"width:300px\" srcset=\"https:\/\/www.cahr-acrv.ca\/wp-content\/uploads\/2025\/11\/Exchange-district.jpg 336w, https:\/\/www.cahr-acrv.ca\/wp-content\/uploads\/2025\/11\/Exchange-district-300x225.jpg 300w\" sizes=\"auto, (max-width: 336px) 100vw, 336px\" \/><\/figure>\n<\/div>\n\n\n<h4 class=\"wp-block-heading\"><strong>District de la bourse du commerce<\/strong><\/h4>\n\n\n\n<p>Surnomm\u00e9e la \u00ab&nbsp;Chicago du Nord&nbsp;\u00bb, cette zone historique rassemble plus de 150&nbsp;b\u00e2timents patrimoniaux, caf\u00e9s \u00e0 la mode, galeries et boutiques. C\u2019est un foyer culturel et un excellent endroit pour explorer le patrimoine architectural et artistique de Winnipeg.<\/p>\n\n\n\n<p><\/p>\n\n\n\n<p><\/p>\n\n\n\n<div style=\"height:10px\" aria-hidden=\"true\" class=\"wp-block-spacer\"><\/div>\n\n\n\n<p>Vous trouverez d\u2019autres id\u00e9es en consultant le <a href=\"https:\/\/www.tourismwinnipeg.com\/\" target=\"_blank\" rel=\"noreferrer noopener\">Guide touristique de Tourisme Winnipeg<\/a> (en anglais seulement)<\/p>\n\n\n\n<hr class=\"wp-block-separator has-alpha-channel-opacity is-style-wide\"\/>\n\n\n\n<h2 class=\"wp-block-heading\"><strong>Comment se rendre au Centre des congr\u00e8s RBC de Winnipeg<\/strong><\/h2>\n\n\n\n<p>Le <a href=\"https:\/\/www.wcc.mb.ca\/\" target=\"_blank\" rel=\"noreferrer noopener\">Centre des congr\u00e8s RBC<\/a> est situ\u00e9 au centre-ville de Winnipeg, \u00e0 environ 20 minutes de l\u2019A\u00e9roport international James Armstrong Richardson de Winnipeg.<\/p>\n\n\n\n<p><strong>De l\u2019a\u00e9roport au Centre des congr\u00e8s RBC<\/strong><\/p>\n\n\n\n<p><strong>En voiture :<\/strong><\/p>\n\n\n\n<p>\u2022 <strong>Taxi :<\/strong> Une course en taxi dure environ 20 minutes et co\u00fbte dans les 19 \u00e0 23 $.<\/p>\n\n\n\n<p>\u2022 <strong>Voiture urbaine :<\/strong> On peut se procurer un service de voiture urbaine pour 110 $ \u00e0 160 $.<\/p>\n\n\n\n<p>\u2022 <strong>Voitures de location :<\/strong> Disponibles \u00e0 l\u2019a\u00e9roport.<\/p>\n\n\n\n<p><strong>Autobus :<\/strong><\/p>\n\n\n\n<p>\u2022 Winnipeg Transit (transport en commun de Winnipeg) offre un service direct de l\u2019a\u00e9roport au centre-ville.<\/p>\n\n\n\n<p>\u2022 Prenez l\u2019autobus D12 de Wellington direction Est au Mus\u00e9e de l\u2019aviation jusqu\u2019\u00e0 Ellice direction Est \u00e0 Edmonton.<\/p>\n\n\n\n<p>\u2022 Dur\u00e9e : environ 30 minutes.<\/p>\n\n\n\n<p>\u2022 Tarif : 3 $ (montant exact requis).<\/p>\n\n\n\n<p>\u2022 Le circuit d\u2019autobus est aux 15 minutes quotidiennement.<\/p>\n\n\n\n<p>Pour en savoir davantage sur transport en commun, visitez le <a href=\"https:\/\/winnipegtransit.com\/\" target=\"_blank\" rel=\"noreferrer noopener\">site Web de Winnipeg Transit<\/a>.<\/p>\n","protected":false},"excerpt":{"rendered":"<p>Lieu L\u2019ACRV 2026 aura lieu au Centre des congr\u00e8s RBC \u00e0 Winnipeg (Manitoba). C\u2019est le principal \u00e9tablissement de congr\u00e8s au Manitoba. Situ\u00e9 au c\u0153ur-m\u00eame du centre-ville de Winnipeg et de son effervescence, l\u2019\u00e9tablissement est \u00e0 20 minutes de voiture de l\u2019a\u00e9roport. Adresse : 375, avenue York, Winnipeg (MB) R3C 3J3 Canada H\u00f4tel Delta Hotels Winnipeg [&hellip;]<\/p>\n","protected":false},"author":9,"featured_media":0,"parent":5822,"menu_order":0,"comment_status":"closed","ping_status":"closed","template":"","meta":{"_acf_changed":false,"inline_featured_image":false,"footnotes":""},"class_list":["post-751","page","type-page","status-publish","hentry"],"acf":[],"yoast_head":"<!-- This site is optimized with the Yoast SEO plugin v27.2 - https:\/\/yoast.com\/product\/yoast-seo-wordpress\/ -->\n<title>Lieu du Congr\u00e8s et voyages &#8211; ACRV<\/title>\n<meta name=\"robots\" content=\"index, follow, max-snippet:-1, max-image-preview:large, max-video-preview:-1\" \/>\n<link rel=\"canonical\" href=\"https:\/\/www.cahr-acrv.ca\/fr\/congres\/lieu-du-congres-et-voyages\/\" \/>\n<meta property=\"og:locale\" content=\"fr_FR\" \/>\n<meta property=\"og:type\" content=\"article\" \/>\n<meta property=\"og:title\" content=\"Lieu du Congr\u00e8s et voyages &#8211; ACRV\" \/>\n<meta property=\"og:description\" content=\"Lieu L\u2019ACRV 2026 aura lieu au Centre des congr\u00e8s RBC \u00e0 Winnipeg (Manitoba). C\u2019est le principal \u00e9tablissement de congr\u00e8s au Manitoba. Situ\u00e9 au c\u0153ur-m\u00eame du centre-ville de Winnipeg et de son effervescence, l\u2019\u00e9tablissement est \u00e0 20 minutes de voiture de l\u2019a\u00e9roport. Adresse : 375, avenue York, Winnipeg (MB) R3C 3J3 Canada H\u00f4tel Delta Hotels Winnipeg [&hellip;]\" \/>\n<meta property=\"og:url\" content=\"https:\/\/www.cahr-acrv.ca\/fr\/congres\/lieu-du-congres-et-voyages\/\" \/>\n<meta property=\"og:site_name\" content=\"ACRV\" \/>\n<meta property=\"article:publisher\" content=\"https:\/\/www.facebook.com\/CanadianAssociationforHIVResearch\" \/>\n<meta property=\"article:modified_time\" content=\"2026-03-24T18:20:14+00:00\" \/>\n<meta property=\"og:image\" content=\"https:\/\/www.cahr-acrv.ca\/wp-content\/uploads\/2025\/11\/3419_RBC-CC-New-Signage_28-2-scaled.jpg\" \/>\n\t<meta property=\"og:image:width\" content=\"2560\" \/>\n\t<meta property=\"og:image:height\" content=\"1707\" \/>\n\t<meta property=\"og:image:type\" content=\"image\/jpeg\" \/>\n<meta name=\"twitter:card\" content=\"summary_large_image\" \/>\n<meta name=\"twitter:site\" content=\"@CAHR_ACRV\" \/>\n<meta name=\"twitter:label1\" content=\"Dur\u00e9e de lecture estim\u00e9e\" \/>\n\t<meta name=\"twitter:data1\" content=\"5 minutes\" \/>\n<script type=\"application\/ld+json\" class=\"yoast-schema-graph\">{\"@context\":\"https:\/\/schema.org\",\"@graph\":[{\"@type\":\"WebPage\",\"@id\":\"https:\/\/www.cahr-acrv.ca\/fr\/congres\/lieu-du-congres-et-voyages\/\",\"url\":\"https:\/\/www.cahr-acrv.ca\/fr\/congres\/lieu-du-congres-et-voyages\/\",\"name\":\"Lieu du Congr\u00e8s et voyages &#8211; ACRV\",\"isPartOf\":{\"@id\":\"https:\/\/www.cahr-acrv.ca\/#website\"},\"primaryImageOfPage\":{\"@id\":\"https:\/\/www.cahr-acrv.ca\/fr\/congres\/lieu-du-congres-et-voyages\/#primaryimage\"},\"image\":{\"@id\":\"https:\/\/www.cahr-acrv.ca\/fr\/congres\/lieu-du-congres-et-voyages\/#primaryimage\"},\"thumbnailUrl\":\"https:\/\/www.cahr-acrv.ca\/wp-content\/uploads\/2025\/11\/3419_RBC-CC-New-Signage_28-2-1024x683.jpg\",\"datePublished\":\"2012-10-03T19:39:15+00:00\",\"dateModified\":\"2026-03-24T18:20:14+00:00\",\"breadcrumb\":{\"@id\":\"https:\/\/www.cahr-acrv.ca\/fr\/congres\/lieu-du-congres-et-voyages\/#breadcrumb\"},\"inLanguage\":\"fr-FR\",\"potentialAction\":[{\"@type\":\"ReadAction\",\"target\":[\"https:\/\/www.cahr-acrv.ca\/fr\/congres\/lieu-du-congres-et-voyages\/\"]}]},{\"@type\":\"ImageObject\",\"inLanguage\":\"fr-FR\",\"@id\":\"https:\/\/www.cahr-acrv.ca\/fr\/congres\/lieu-du-congres-et-voyages\/#primaryimage\",\"url\":\"https:\/\/www.cahr-acrv.ca\/wp-content\/uploads\/2025\/11\/3419_RBC-CC-New-Signage_28-2-1024x683.jpg\",\"contentUrl\":\"https:\/\/www.cahr-acrv.ca\/wp-content\/uploads\/2025\/11\/3419_RBC-CC-New-Signage_28-2-1024x683.jpg\"},{\"@type\":\"BreadcrumbList\",\"@id\":\"https:\/\/www.cahr-acrv.ca\/fr\/congres\/lieu-du-congres-et-voyages\/#breadcrumb\",\"itemListElement\":[{\"@type\":\"ListItem\",\"position\":1,\"name\":\"Accueil\",\"item\":\"https:\/\/www.cahr-acrv.ca\/fr\/accueil\/\"},{\"@type\":\"ListItem\",\"position\":2,\"name\":\"Congr\u00e9s\"},{\"@type\":\"ListItem\",\"position\":3,\"name\":\"ACRV 2026\",\"item\":\"https:\/\/www.cahr-acrv.ca\/fr\/congres\/\"},{\"@type\":\"ListItem\",\"position\":4,\"name\":\"Lieu du Congr\u00e8s et voyages\"}]},{\"@type\":\"WebSite\",\"@id\":\"https:\/\/www.cahr-acrv.ca\/#website\",\"url\":\"https:\/\/www.cahr-acrv.ca\/\",\"name\":\"ACRV\",\"description\":\"L'association canadienne de recherche sur le VIH\",\"publisher\":{\"@id\":\"https:\/\/www.cahr-acrv.ca\/#organization\"},\"potentialAction\":[{\"@type\":\"SearchAction\",\"target\":{\"@type\":\"EntryPoint\",\"urlTemplate\":\"https:\/\/www.cahr-acrv.ca\/?s={search_term_string}\"},\"query-input\":{\"@type\":\"PropertyValueSpecification\",\"valueRequired\":true,\"valueName\":\"search_term_string\"}}],\"inLanguage\":\"fr-FR\"},{\"@type\":\"Organization\",\"@id\":\"https:\/\/www.cahr-acrv.ca\/#organization\",\"name\":\"Canadian Association for HIV Research\",\"alternateName\":\"CAHR\",\"url\":\"https:\/\/www.cahr-acrv.ca\/\",\"logo\":{\"@type\":\"ImageObject\",\"inLanguage\":\"fr-FR\",\"@id\":\"https:\/\/www.cahr-acrv.ca\/#\/schema\/logo\/image\/\",\"url\":\"https:\/\/www.cahr-acrv.ca\/wp-content\/uploads\/2025\/06\/cahr-organization-logo.png\",\"contentUrl\":\"https:\/\/www.cahr-acrv.ca\/wp-content\/uploads\/2025\/06\/cahr-organization-logo.png\",\"width\":696,\"height\":696,\"caption\":\"Canadian Association for HIV Research\"},\"image\":{\"@id\":\"https:\/\/www.cahr-acrv.ca\/#\/schema\/logo\/image\/\"},\"sameAs\":[\"https:\/\/www.facebook.com\/CanadianAssociationforHIVResearch\",\"https:\/\/x.com\/CAHR_ACRV\",\"https:\/\/bsky.app\/profile\/cahr-acrv.bsky.social\",\"https:\/\/www.youtube.com\/user\/CAHRACRV\",\"https:\/\/www.instagram.com\/cahr_acrv\/\",\"https:\/\/www.linkedin.com\/company\/canadian-association-for-hiv-research\/\"]}]}<\/script>\n<!-- \/ Yoast SEO plugin. -->","yoast_head_json":{"title":"Lieu du Congr\u00e8s et voyages &#8211; ACRV","robots":{"index":"index","follow":"follow","max-snippet":"max-snippet:-1","max-image-preview":"max-image-preview:large","max-video-preview":"max-video-preview:-1"},"canonical":"https:\/\/www.cahr-acrv.ca\/fr\/congres\/lieu-du-congres-et-voyages\/","og_locale":"fr_FR","og_type":"article","og_title":"Lieu du Congr\u00e8s et voyages &#8211; ACRV","og_description":"Lieu L\u2019ACRV 2026 aura lieu au Centre des congr\u00e8s RBC \u00e0 Winnipeg (Manitoba). C\u2019est le principal \u00e9tablissement de congr\u00e8s au Manitoba. Situ\u00e9 au c\u0153ur-m\u00eame du centre-ville de Winnipeg et de son effervescence, l\u2019\u00e9tablissement est \u00e0 20 minutes de voiture de l\u2019a\u00e9roport. Adresse : 375, avenue York, Winnipeg (MB) R3C 3J3 Canada H\u00f4tel Delta Hotels Winnipeg [&hellip;]","og_url":"https:\/\/www.cahr-acrv.ca\/fr\/congres\/lieu-du-congres-et-voyages\/","og_site_name":"ACRV","article_publisher":"https:\/\/www.facebook.com\/CanadianAssociationforHIVResearch","article_modified_time":"2026-03-24T18:20:14+00:00","og_image":[{"width":2560,"height":1707,"url":"https:\/\/www.cahr-acrv.ca\/wp-content\/uploads\/2025\/11\/3419_RBC-CC-New-Signage_28-2-scaled.jpg","type":"image\/jpeg"}],"twitter_card":"summary_large_image","twitter_site":"@CAHR_ACRV","twitter_misc":{"Dur\u00e9e de lecture estim\u00e9e":"5 minutes"},"schema":{"@context":"https:\/\/schema.org","@graph":[{"@type":"WebPage","@id":"https:\/\/www.cahr-acrv.ca\/fr\/congres\/lieu-du-congres-et-voyages\/","url":"https:\/\/www.cahr-acrv.ca\/fr\/congres\/lieu-du-congres-et-voyages\/","name":"Lieu du Congr\u00e8s et voyages &#8211; ACRV","isPartOf":{"@id":"https:\/\/www.cahr-acrv.ca\/#website"},"primaryImageOfPage":{"@id":"https:\/\/www.cahr-acrv.ca\/fr\/congres\/lieu-du-congres-et-voyages\/#primaryimage"},"image":{"@id":"https:\/\/www.cahr-acrv.ca\/fr\/congres\/lieu-du-congres-et-voyages\/#primaryimage"},"thumbnailUrl":"https:\/\/www.cahr-acrv.ca\/wp-content\/uploads\/2025\/11\/3419_RBC-CC-New-Signage_28-2-1024x683.jpg","datePublished":"2012-10-03T19:39:15+00:00","dateModified":"2026-03-24T18:20:14+00:00","breadcrumb":{"@id":"https:\/\/www.cahr-acrv.ca\/fr\/congres\/lieu-du-congres-et-voyages\/#breadcrumb"},"inLanguage":"fr-FR","potentialAction":[{"@type":"ReadAction","target":["https:\/\/www.cahr-acrv.ca\/fr\/congres\/lieu-du-congres-et-voyages\/"]}]},{"@type":"ImageObject","inLanguage":"fr-FR","@id":"https:\/\/www.cahr-acrv.ca\/fr\/congres\/lieu-du-congres-et-voyages\/#primaryimage","url":"https:\/\/www.cahr-acrv.ca\/wp-content\/uploads\/2025\/11\/3419_RBC-CC-New-Signage_28-2-1024x683.jpg","contentUrl":"https:\/\/www.cahr-acrv.ca\/wp-content\/uploads\/2025\/11\/3419_RBC-CC-New-Signage_28-2-1024x683.jpg"},{"@type":"BreadcrumbList","@id":"https:\/\/www.cahr-acrv.ca\/fr\/congres\/lieu-du-congres-et-voyages\/#breadcrumb","itemListElement":[{"@type":"ListItem","position":1,"name":"Accueil","item":"https:\/\/www.cahr-acrv.ca\/fr\/accueil\/"},{"@type":"ListItem","position":2,"name":"Congr\u00e9s"},{"@type":"ListItem","position":3,"name":"ACRV 2026","item":"https:\/\/www.cahr-acrv.ca\/fr\/congres\/"},{"@type":"ListItem","position":4,"name":"Lieu du Congr\u00e8s et voyages"}]},{"@type":"WebSite","@id":"https:\/\/www.cahr-acrv.ca\/#website","url":"https:\/\/www.cahr-acrv.ca\/","name":"ACRV","description":"L'association canadienne de recherche sur le VIH","publisher":{"@id":"https:\/\/www.cahr-acrv.ca\/#organization"},"potentialAction":[{"@type":"SearchAction","target":{"@type":"EntryPoint","urlTemplate":"https:\/\/www.cahr-acrv.ca\/?s={search_term_string}"},"query-input":{"@type":"PropertyValueSpecification","valueRequired":true,"valueName":"search_term_string"}}],"inLanguage":"fr-FR"},{"@type":"Organization","@id":"https:\/\/www.cahr-acrv.ca\/#organization","name":"Canadian Association for HIV Research","alternateName":"CAHR","url":"https:\/\/www.cahr-acrv.ca\/","logo":{"@type":"ImageObject","inLanguage":"fr-FR","@id":"https:\/\/www.cahr-acrv.ca\/#\/schema\/logo\/image\/","url":"https:\/\/www.cahr-acrv.ca\/wp-content\/uploads\/2025\/06\/cahr-organization-logo.png","contentUrl":"https:\/\/www.cahr-acrv.ca\/wp-content\/uploads\/2025\/06\/cahr-organization-logo.png","width":696,"height":696,"caption":"Canadian Association for HIV Research"},"image":{"@id":"https:\/\/www.cahr-acrv.ca\/#\/schema\/logo\/image\/"},"sameAs":["https:\/\/www.facebook.com\/CanadianAssociationforHIVResearch","https:\/\/x.com\/CAHR_ACRV","https:\/\/bsky.app\/profile\/cahr-acrv.bsky.social","https:\/\/www.youtube.com\/user\/CAHRACRV","https:\/\/www.instagram.com\/cahr_acrv\/","https:\/\/www.linkedin.com\/company\/canadian-association-for-hiv-research\/"]}]}},"_links":{"self":[{"href":"https:\/\/www.cahr-acrv.ca\/fr\/wp-json\/wp\/v2\/pages\/751","targetHints":{"allow":["GET"]}}],"collection":[{"href":"https:\/\/www.cahr-acrv.ca\/fr\/wp-json\/wp\/v2\/pages"}],"about":[{"href":"https:\/\/www.cahr-acrv.ca\/fr\/wp-json\/wp\/v2\/types\/page"}],"author":[{"embeddable":true,"href":"https:\/\/www.cahr-acrv.ca\/fr\/wp-json\/wp\/v2\/users\/9"}],"replies":[{"embeddable":true,"href":"https:\/\/www.cahr-acrv.ca\/fr\/wp-json\/wp\/v2\/comments?post=751"}],"version-history":[{"count":0,"href":"https:\/\/www.cahr-acrv.ca\/fr\/wp-json\/wp\/v2\/pages\/751\/revisions"}],"up":[{"embeddable":true,"href":"https:\/\/www.cahr-acrv.ca\/fr\/wp-json\/wp\/v2\/pages\/5822"}],"wp:attachment":[{"href":"https:\/\/www.cahr-acrv.ca\/fr\/wp-json\/wp\/v2\/media?parent=751"}],"curies":[{"name":"wp","href":"https:\/\/api.w.org\/{rel}","templated":true}]}}