{"id":7340,"date":"2017-02-06T15:18:34","date_gmt":"2017-02-06T20:18:34","guid":{"rendered":"https:\/\/cahr.wpengine.com\/?page_id=7340\/"},"modified":"2023-03-21T12:45:14","modified_gmt":"2023-03-21T16:45:14","slug":"coupe-de-lacrv-2017-partie-de-hockey","status":"publish","type":"page","link":"https:\/\/www.cahr-acrv.ca\/fr\/congres\/coupe-de-lacrv-2017-partie-de-hockey\/","title":{"rendered":"Partie de hockey de la Coupe ACRV"},"content":{"rendered":"<p>&nbsp;<\/p>\n<p>La cinqui\u00e8me partie annuelle de hockey de la Coupe de l\u2019ACRV aura lieu le mercredi 26 avril \u00e0 22 h. Il aura lieu \u00e0 l&rsquo;ExpoCit\u00e9 &#8211; Pavillon de la jeunesse (250, boulevard Wilfrid-Hame). La Coupe de l\u2019ACRV est une partie classique de passes et d\u2019\u00e9changes o\u00f9 il s\u2019agit de s\u2019amuser et tous sont invit\u00e9s, peu importe leurs aptitudes! N\u2019oubliez pas vos patins, votre casque et vos gants (et le b\u00e2ton, sans doute) et vous voil\u00e0 pr\u00eat! Il n\u2019y aura pas de gardiens de buts attitr\u00e9s et chacun, \u00e0 tour de r\u00f4le, occupera les filets. Veuillez r\u00e9pondre en nous envoyant un courriel \u00e0 <a href=\"mailto:info@cahr-acrv.ca\">info@cahr-acrv.ca<\/a>.<\/p>\n","protected":false},"excerpt":{"rendered":"<p>&nbsp; La cinqui\u00e8me partie annuelle de hockey de la Coupe de l\u2019ACRV aura lieu le mercredi 26 avril \u00e0 22 h. Il aura lieu \u00e0 l&rsquo;ExpoCit\u00e9 &#8211; Pavillon de la jeunesse (250, boulevard Wilfrid-Hame). La Coupe de l\u2019ACRV est une partie classique de passes et d\u2019\u00e9changes o\u00f9 il s\u2019agit de s\u2019amuser et tous sont invit\u00e9s, [&hellip;]<\/p>\n","protected":false},"author":9,"featured_media":0,"parent":5822,"menu_order":0,"comment_status":"closed","ping_status":"closed","template":"","meta":{"_acf_changed":false,"inline_featured_image":false,"footnotes":""},"class_list":["post-7340","page","type-page","status-publish","hentry"],"acf":[],"yoast_head":"<!-- This site is optimized with the Yoast SEO plugin v27.2 - https:\/\/yoast.com\/product\/yoast-seo-wordpress\/ -->\n<title>Partie de hockey de la Coupe ACRV &#8211; ACRV<\/title>\n<meta name=\"robots\" content=\"index, follow, max-snippet:-1, max-image-preview:large, max-video-preview:-1\" \/>\n<link rel=\"canonical\" href=\"https:\/\/www.cahr-acrv.ca\/fr\/congres\/coupe-de-lacrv-2017-partie-de-hockey\/\" \/>\n<meta property=\"og:locale\" content=\"fr_FR\" \/>\n<meta property=\"og:type\" content=\"article\" \/>\n<meta property=\"og:title\" content=\"Partie de hockey de la Coupe ACRV &#8211; ACRV\" \/>\n<meta property=\"og:description\" content=\"&nbsp; La cinqui\u00e8me partie annuelle de hockey de la Coupe de l\u2019ACRV aura lieu le mercredi 26 avril \u00e0 22 h. Il aura lieu \u00e0 l&rsquo;ExpoCit\u00e9 &#8211; Pavillon de la jeunesse (250, boulevard Wilfrid-Hame). La Coupe de l\u2019ACRV est une partie classique de passes et d\u2019\u00e9changes o\u00f9 il s\u2019agit de s\u2019amuser et tous sont invit\u00e9s, [&hellip;]\" \/>\n<meta property=\"og:url\" content=\"https:\/\/www.cahr-acrv.ca\/fr\/congres\/coupe-de-lacrv-2017-partie-de-hockey\/\" \/>\n<meta property=\"og:site_name\" content=\"ACRV\" \/>\n<meta property=\"article:publisher\" content=\"https:\/\/www.facebook.com\/CanadianAssociationforHIVResearch\" \/>\n<meta property=\"article:modified_time\" content=\"2023-03-21T16:45:14+00:00\" \/>\n<meta name=\"twitter:card\" content=\"summary_large_image\" \/>\n<meta name=\"twitter:site\" content=\"@CAHR_ACRV\" \/>\n<meta name=\"twitter:label1\" content=\"Dur\u00e9e de lecture estim\u00e9e\" \/>\n\t<meta name=\"twitter:data1\" content=\"1 minute\" \/>\n<script type=\"application\/ld+json\" class=\"yoast-schema-graph\">{\"@context\":\"https:\/\/schema.org\",\"@graph\":[{\"@type\":\"WebPage\",\"@id\":\"https:\/\/www.cahr-acrv.ca\/fr\/congres\/coupe-de-lacrv-2017-partie-de-hockey\/\",\"url\":\"https:\/\/www.cahr-acrv.ca\/fr\/congres\/coupe-de-lacrv-2017-partie-de-hockey\/\",\"name\":\"Partie de hockey de la Coupe ACRV &#8211; ACRV\",\"isPartOf\":{\"@id\":\"https:\/\/www.cahr-acrv.ca\/#website\"},\"datePublished\":\"2017-02-06T20:18:34+00:00\",\"dateModified\":\"2023-03-21T16:45:14+00:00\",\"breadcrumb\":{\"@id\":\"https:\/\/www.cahr-acrv.ca\/fr\/congres\/coupe-de-lacrv-2017-partie-de-hockey\/#breadcrumb\"},\"inLanguage\":\"fr-FR\",\"potentialAction\":[{\"@type\":\"ReadAction\",\"target\":[\"https:\/\/www.cahr-acrv.ca\/fr\/congres\/coupe-de-lacrv-2017-partie-de-hockey\/\"]}]},{\"@type\":\"BreadcrumbList\",\"@id\":\"https:\/\/www.cahr-acrv.ca\/fr\/congres\/coupe-de-lacrv-2017-partie-de-hockey\/#breadcrumb\",\"itemListElement\":[{\"@type\":\"ListItem\",\"position\":1,\"name\":\"Accueil\",\"item\":\"https:\/\/www.cahr-acrv.ca\/fr\/accueil\/\"},{\"@type\":\"ListItem\",\"position\":2,\"name\":\"Congr\u00e9s\"},{\"@type\":\"ListItem\",\"position\":3,\"name\":\"ACRV 2026\",\"item\":\"https:\/\/www.cahr-acrv.ca\/fr\/congres\/\"},{\"@type\":\"ListItem\",\"position\":4,\"name\":\"Partie de hockey de la Coupe ACRV\"}]},{\"@type\":\"WebSite\",\"@id\":\"https:\/\/www.cahr-acrv.ca\/#website\",\"url\":\"https:\/\/www.cahr-acrv.ca\/\",\"name\":\"ACRV\",\"description\":\"L'association canadienne de recherche sur le VIH\",\"publisher\":{\"@id\":\"https:\/\/www.cahr-acrv.ca\/#organization\"},\"potentialAction\":[{\"@type\":\"SearchAction\",\"target\":{\"@type\":\"EntryPoint\",\"urlTemplate\":\"https:\/\/www.cahr-acrv.ca\/?s={search_term_string}\"},\"query-input\":{\"@type\":\"PropertyValueSpecification\",\"valueRequired\":true,\"valueName\":\"search_term_string\"}}],\"inLanguage\":\"fr-FR\"},{\"@type\":\"Organization\",\"@id\":\"https:\/\/www.cahr-acrv.ca\/#organization\",\"name\":\"Canadian Association for HIV Research\",\"alternateName\":\"CAHR\",\"url\":\"https:\/\/www.cahr-acrv.ca\/\",\"logo\":{\"@type\":\"ImageObject\",\"inLanguage\":\"fr-FR\",\"@id\":\"https:\/\/www.cahr-acrv.ca\/#\/schema\/logo\/image\/\",\"url\":\"https:\/\/www.cahr-acrv.ca\/wp-content\/uploads\/2025\/06\/cahr-organization-logo.png\",\"contentUrl\":\"https:\/\/www.cahr-acrv.ca\/wp-content\/uploads\/2025\/06\/cahr-organization-logo.png\",\"width\":696,\"height\":696,\"caption\":\"Canadian Association for HIV Research\"},\"image\":{\"@id\":\"https:\/\/www.cahr-acrv.ca\/#\/schema\/logo\/image\/\"},\"sameAs\":[\"https:\/\/www.facebook.com\/CanadianAssociationforHIVResearch\",\"https:\/\/x.com\/CAHR_ACRV\",\"https:\/\/bsky.app\/profile\/cahr-acrv.bsky.social\",\"https:\/\/www.youtube.com\/user\/CAHRACRV\",\"https:\/\/www.instagram.com\/cahr_acrv\/\",\"https:\/\/www.linkedin.com\/company\/canadian-association-for-hiv-research\/\"]}]}<\/script>\n<!-- \/ Yoast SEO plugin. -->","yoast_head_json":{"title":"Partie de hockey de la Coupe ACRV &#8211; ACRV","robots":{"index":"index","follow":"follow","max-snippet":"max-snippet:-1","max-image-preview":"max-image-preview:large","max-video-preview":"max-video-preview:-1"},"canonical":"https:\/\/www.cahr-acrv.ca\/fr\/congres\/coupe-de-lacrv-2017-partie-de-hockey\/","og_locale":"fr_FR","og_type":"article","og_title":"Partie de hockey de la Coupe ACRV &#8211; ACRV","og_description":"&nbsp; La cinqui\u00e8me partie annuelle de hockey de la Coupe de l\u2019ACRV aura lieu le mercredi 26 avril \u00e0 22 h. Il aura lieu \u00e0 l&rsquo;ExpoCit\u00e9 &#8211; Pavillon de la jeunesse (250, boulevard Wilfrid-Hame). La Coupe de l\u2019ACRV est une partie classique de passes et d\u2019\u00e9changes o\u00f9 il s\u2019agit de s\u2019amuser et tous sont invit\u00e9s, [&hellip;]","og_url":"https:\/\/www.cahr-acrv.ca\/fr\/congres\/coupe-de-lacrv-2017-partie-de-hockey\/","og_site_name":"ACRV","article_publisher":"https:\/\/www.facebook.com\/CanadianAssociationforHIVResearch","article_modified_time":"2023-03-21T16:45:14+00:00","twitter_card":"summary_large_image","twitter_site":"@CAHR_ACRV","twitter_misc":{"Dur\u00e9e de lecture estim\u00e9e":"1 minute"},"schema":{"@context":"https:\/\/schema.org","@graph":[{"@type":"WebPage","@id":"https:\/\/www.cahr-acrv.ca\/fr\/congres\/coupe-de-lacrv-2017-partie-de-hockey\/","url":"https:\/\/www.cahr-acrv.ca\/fr\/congres\/coupe-de-lacrv-2017-partie-de-hockey\/","name":"Partie de hockey de la Coupe ACRV &#8211; ACRV","isPartOf":{"@id":"https:\/\/www.cahr-acrv.ca\/#website"},"datePublished":"2017-02-06T20:18:34+00:00","dateModified":"2023-03-21T16:45:14+00:00","breadcrumb":{"@id":"https:\/\/www.cahr-acrv.ca\/fr\/congres\/coupe-de-lacrv-2017-partie-de-hockey\/#breadcrumb"},"inLanguage":"fr-FR","potentialAction":[{"@type":"ReadAction","target":["https:\/\/www.cahr-acrv.ca\/fr\/congres\/coupe-de-lacrv-2017-partie-de-hockey\/"]}]},{"@type":"BreadcrumbList","@id":"https:\/\/www.cahr-acrv.ca\/fr\/congres\/coupe-de-lacrv-2017-partie-de-hockey\/#breadcrumb","itemListElement":[{"@type":"ListItem","position":1,"name":"Accueil","item":"https:\/\/www.cahr-acrv.ca\/fr\/accueil\/"},{"@type":"ListItem","position":2,"name":"Congr\u00e9s"},{"@type":"ListItem","position":3,"name":"ACRV 2026","item":"https:\/\/www.cahr-acrv.ca\/fr\/congres\/"},{"@type":"ListItem","position":4,"name":"Partie de hockey de la Coupe ACRV"}]},{"@type":"WebSite","@id":"https:\/\/www.cahr-acrv.ca\/#website","url":"https:\/\/www.cahr-acrv.ca\/","name":"ACRV","description":"L'association canadienne de recherche sur le VIH","publisher":{"@id":"https:\/\/www.cahr-acrv.ca\/#organization"},"potentialAction":[{"@type":"SearchAction","target":{"@type":"EntryPoint","urlTemplate":"https:\/\/www.cahr-acrv.ca\/?s={search_term_string}"},"query-input":{"@type":"PropertyValueSpecification","valueRequired":true,"valueName":"search_term_string"}}],"inLanguage":"fr-FR"},{"@type":"Organization","@id":"https:\/\/www.cahr-acrv.ca\/#organization","name":"Canadian Association for HIV Research","alternateName":"CAHR","url":"https:\/\/www.cahr-acrv.ca\/","logo":{"@type":"ImageObject","inLanguage":"fr-FR","@id":"https:\/\/www.cahr-acrv.ca\/#\/schema\/logo\/image\/","url":"https:\/\/www.cahr-acrv.ca\/wp-content\/uploads\/2025\/06\/cahr-organization-logo.png","contentUrl":"https:\/\/www.cahr-acrv.ca\/wp-content\/uploads\/2025\/06\/cahr-organization-logo.png","width":696,"height":696,"caption":"Canadian Association for HIV Research"},"image":{"@id":"https:\/\/www.cahr-acrv.ca\/#\/schema\/logo\/image\/"},"sameAs":["https:\/\/www.facebook.com\/CanadianAssociationforHIVResearch","https:\/\/x.com\/CAHR_ACRV","https:\/\/bsky.app\/profile\/cahr-acrv.bsky.social","https:\/\/www.youtube.com\/user\/CAHRACRV","https:\/\/www.instagram.com\/cahr_acrv\/","https:\/\/www.linkedin.com\/company\/canadian-association-for-hiv-research\/"]}]}},"_links":{"self":[{"href":"https:\/\/www.cahr-acrv.ca\/fr\/wp-json\/wp\/v2\/pages\/7340","targetHints":{"allow":["GET"]}}],"collection":[{"href":"https:\/\/www.cahr-acrv.ca\/fr\/wp-json\/wp\/v2\/pages"}],"about":[{"href":"https:\/\/www.cahr-acrv.ca\/fr\/wp-json\/wp\/v2\/types\/page"}],"author":[{"embeddable":true,"href":"https:\/\/www.cahr-acrv.ca\/fr\/wp-json\/wp\/v2\/users\/9"}],"replies":[{"embeddable":true,"href":"https:\/\/www.cahr-acrv.ca\/fr\/wp-json\/wp\/v2\/comments?post=7340"}],"version-history":[{"count":0,"href":"https:\/\/www.cahr-acrv.ca\/fr\/wp-json\/wp\/v2\/pages\/7340\/revisions"}],"up":[{"embeddable":true,"href":"https:\/\/www.cahr-acrv.ca\/fr\/wp-json\/wp\/v2\/pages\/5822"}],"wp:attachment":[{"href":"https:\/\/www.cahr-acrv.ca\/fr\/wp-json\/wp\/v2\/media?parent=7340"}],"curies":[{"name":"wp","href":"https:\/\/api.w.org\/{rel}","templated":true}]}}