{"id":7309,"date":"2017-01-30T17:45:01","date_gmt":"2017-01-30T22:45:01","guid":{"rendered":"https:\/\/cahr.wpengine.com\/?page_id=7309\/"},"modified":"2025-11-18T15:47:44","modified_gmt":"2025-11-18T20:47:44","slug":"comite-scientifique","status":"publish","type":"page","link":"https:\/\/www.cahr-acrv.ca\/fr\/congres\/comite-scientifique\/","title":{"rendered":"Comit\u00e9 scientifique"},"content":{"rendered":"\n<p><strong>Copr\u00e9sidents du Congr\u00e8s de l\u2019ACRV<\/strong><\/p>\n\n\n<div class=\"wp-block-image\">\n<figure class=\"alignright size-medium is-resized\"><img loading=\"lazy\" decoding=\"async\" width=\"200\" height=\"300\" src=\"https:\/\/www.cahr-acrv.ca\/wp-content\/uploads\/2025\/09\/Leigh-McClarty-200x300.jpg\" alt=\"Leigh McClarty\" class=\"wp-image-15700\" style=\"width:165px\" srcset=\"https:\/\/www.cahr-acrv.ca\/wp-content\/uploads\/2025\/09\/Leigh-McClarty-200x300.jpg 200w, https:\/\/www.cahr-acrv.ca\/wp-content\/uploads\/2025\/09\/Leigh-McClarty-683x1024.jpg 683w, https:\/\/www.cahr-acrv.ca\/wp-content\/uploads\/2025\/09\/Leigh-McClarty-768x1152.jpg 768w, https:\/\/www.cahr-acrv.ca\/wp-content\/uploads\/2025\/09\/Leigh-McClarty-1024x1536.jpg 1024w, https:\/\/www.cahr-acrv.ca\/wp-content\/uploads\/2025\/09\/Leigh-McClarty-1365x2048.jpg 1365w, https:\/\/www.cahr-acrv.ca\/wp-content\/uploads\/2025\/09\/Leigh-McClarty-scaled.jpg 1707w\" sizes=\"auto, (max-width: 200px) 100vw, 200px\" \/><\/figure>\n<\/div>\n\n\n<p><strong>Mme Leigh McClarty<\/strong> : Madame McClarty est professeure adjointe \u00e0 l\u2019institut pour la sant\u00e9 publique mondiale (IGPH) et au d\u00e9partement des sciences de la sant\u00e9 communautaire de l\u2019Universit\u00e9 du Manitoba. Sa recherche porte sur les strat\u00e9gies pour optimiser la programmation concernant le VIH et les ITSS, notamment la couverture du programme pour les groupes prioritaires et criminalis\u00e9s qui \u00e9prouvent des in\u00e9galit\u00e9s persistantes en mati\u00e8re d\u2019acc\u00e8s et d\u2019adh\u00e9sion \u00e0 des services de sant\u00e9 s\u00e9curitaires et complets. Mme McClarty dirige les travaux dans le cadre de l\u2019initiative globale de la science des programmes de l\u2019IGPH afin d\u2019\u00e9tendre les partenariats qui soutiennent la mise en place d\u2019une approche de science des programmes dans les divers domaines de la sant\u00e9 publique au Kenya, au Nigeria et au Pakistan. Mme McClarty est \u00e9galement active dans la pr\u00e9vention et la recherche des soins dans le domaine du VIH au Manitoba depuis une d\u00e9cennie et plus. Actuellement, elle occupe la pr\u00e9sidence du conseil d\u2019administration du Nine Circles Community Health Centre, fournisseur culturellement s\u00e9curitaire de pr\u00e9vention et de services de soins complets pour les groupes prioritaires \u00e0 Winnipeg.<\/p>\n\n\n<div class=\"wp-block-image\">\n<figure class=\"alignright size-medium is-resized\"><img loading=\"lazy\" decoding=\"async\" width=\"239\" height=\"300\" src=\"https:\/\/www.cahr-acrv.ca\/wp-content\/uploads\/2019\/06\/LyleMcKinnon-239x300.jpg\" alt=\"Lyle McKinnon\" class=\"wp-image-15626\" style=\"width:165px\" srcset=\"https:\/\/www.cahr-acrv.ca\/wp-content\/uploads\/2019\/06\/LyleMcKinnon-239x300.jpg 239w, https:\/\/www.cahr-acrv.ca\/wp-content\/uploads\/2019\/06\/LyleMcKinnon.jpg 477w\" sizes=\"auto, (max-width: 239px) 100vw, 239px\" \/><\/figure>\n<\/div>\n\n\n<p><strong>M. Lyle Mackinnon<\/strong> : M. Lyle Mackinnon est professeur adjoint en microbiologie m\u00e9dicale et maladies infectieuses \u00e0 l\u2019Universit\u00e9 du Manitoba. Son laboratoire, cr\u00e9\u00e9 en 2016, s\u2019int\u00e9resse \u00e0 l\u2019immunologie muqueuse ainsi qu\u2019\u00e0 la transmission et \u00e0 la pathog\u00e9n\u00e8se des infections transmises sexuellement. Auparavant, il a travaill\u00e9 pendant plus de dix ans au Kenya et en Afrique du Sud et y collabore encore, ainsi qu\u2019en Ouganda et en Tha\u00eflande, au \u00e9tudes de cohortes sur les populations cl\u00e9s. Il a publi\u00e9 plus de 130 articles \u00e9valu\u00e9s par les pairs et obtenu du financement,des Instituts de recherche en sant\u00e9 du Canada, de la fondation Bill et Melinda Gates et des National Institutes of Health, notamment.<\/p>\n\n\n\n<div style=\"height:10px\" aria-hidden=\"true\" class=\"wp-block-spacer\"><\/div>\n\n\n\n<p><strong>Volet A : Sciences fondamentales <\/strong><\/p>\n\n\n\n<ul class=\"wp-block-list\">\n<li>Dr Paul McLaren (Universit\u00e9 du Manitoba)<\/li>\n\n\n\n<li>Dre Julie Lajoie (Universit\u00e9 du Manitoba)<\/li>\n<\/ul>\n\n\n\n<p><strong>Volet B : Sciences cliniques <\/strong><\/p>\n\n\n\n<ul class=\"wp-block-list\">\n<li>Dre Lauren MacKenzie (Universit\u00e9 du Manitoba)<\/li>\n\n\n\n<li>Dre Marissa Becker (Universit\u00e9 du Manitoba)<\/li>\n<\/ul>\n\n\n\n<p><strong>Volet C : E\u0301pide\u0301miologie et sciences de la sante\u0301 publique <\/strong><\/p>\n\n\n\n<ul class=\"wp-block-list\">\n<li>Dre Cara Spence (Universit\u00e9 de la Saskatchewan)<\/li>\n\n\n\n<li>Dr Souradet Shaw (Universit\u00e9 du Manitoba)<\/li>\n<\/ul>\n\n\n\n<p><strong>Volet D : Sciences sociales<\/strong><\/p>\n\n\n\n<ul class=\"wp-block-list\">\n<li>Dr Robert Lorway (Universit\u00e9 du Manitoba)<\/li>\n\n\n\n<li>Dre Lisa Lazarus (Universit\u00e9 du Manitoba)<\/li>\n<\/ul>\n\n\n\n<p><strong>Repre\u0301sentant(e)s communautaires <\/strong><\/p>\n\n\n\n<ul class=\"wp-block-list\">\n<li>Levi Foy (Sunshine House)<\/li>\n\n\n\n<li>Amanda Outhwaite (Nine Circles Community Health Centre)<\/li>\n<\/ul>\n","protected":false},"excerpt":{"rendered":"<p>Copr\u00e9sidents du Congr\u00e8s de l\u2019ACRV Mme Leigh McClarty : Madame McClarty est professeure adjointe \u00e0 l\u2019institut pour la sant\u00e9 publique mondiale (IGPH) et au d\u00e9partement des sciences de la sant\u00e9 communautaire de l\u2019Universit\u00e9 du Manitoba. Sa recherche porte sur les strat\u00e9gies pour optimiser la programmation concernant le VIH et les ITSS, notamment la couverture du [&hellip;]<\/p>\n","protected":false},"author":9,"featured_media":0,"parent":5822,"menu_order":0,"comment_status":"closed","ping_status":"closed","template":"","meta":{"_acf_changed":false,"inline_featured_image":false,"footnotes":""},"class_list":["post-7309","page","type-page","status-publish","hentry"],"acf":[],"yoast_head":"<!-- This site is optimized with the Yoast SEO plugin v27.2 - https:\/\/yoast.com\/product\/yoast-seo-wordpress\/ -->\n<title>Comit\u00e9 scientifique &#8211; ACRV<\/title>\n<meta name=\"robots\" content=\"index, follow, max-snippet:-1, max-image-preview:large, max-video-preview:-1\" \/>\n<link rel=\"canonical\" href=\"https:\/\/www.cahr-acrv.ca\/fr\/congres\/comite-scientifique\/\" \/>\n<meta property=\"og:locale\" content=\"fr_FR\" \/>\n<meta property=\"og:type\" content=\"article\" \/>\n<meta property=\"og:title\" content=\"Comit\u00e9 scientifique &#8211; ACRV\" \/>\n<meta property=\"og:description\" content=\"Copr\u00e9sidents du Congr\u00e8s de l\u2019ACRV Mme Leigh McClarty : Madame McClarty est professeure adjointe \u00e0 l\u2019institut pour la sant\u00e9 publique mondiale (IGPH) et au d\u00e9partement des sciences de la sant\u00e9 communautaire de l\u2019Universit\u00e9 du Manitoba. Sa recherche porte sur les strat\u00e9gies pour optimiser la programmation concernant le VIH et les ITSS, notamment la couverture du [&hellip;]\" \/>\n<meta property=\"og:url\" content=\"https:\/\/www.cahr-acrv.ca\/fr\/congres\/comite-scientifique\/\" \/>\n<meta property=\"og:site_name\" content=\"ACRV\" \/>\n<meta property=\"article:publisher\" content=\"https:\/\/www.facebook.com\/CanadianAssociationforHIVResearch\" \/>\n<meta property=\"article:modified_time\" content=\"2025-11-18T20:47:44+00:00\" \/>\n<meta property=\"og:image\" content=\"https:\/\/www.cahr-acrv.ca\/wp-content\/uploads\/2025\/09\/Leigh-McClarty-scaled.jpg\" \/>\n\t<meta property=\"og:image:width\" content=\"1707\" \/>\n\t<meta property=\"og:image:height\" content=\"2560\" \/>\n\t<meta property=\"og:image:type\" content=\"image\/jpeg\" \/>\n<meta name=\"twitter:card\" content=\"summary_large_image\" \/>\n<meta name=\"twitter:site\" content=\"@CAHR_ACRV\" \/>\n<meta name=\"twitter:label1\" content=\"Dur\u00e9e de lecture estim\u00e9e\" \/>\n\t<meta name=\"twitter:data1\" content=\"3 minutes\" \/>\n<script type=\"application\/ld+json\" class=\"yoast-schema-graph\">{\"@context\":\"https:\/\/schema.org\",\"@graph\":[{\"@type\":\"WebPage\",\"@id\":\"https:\/\/www.cahr-acrv.ca\/fr\/congres\/comite-scientifique\/\",\"url\":\"https:\/\/www.cahr-acrv.ca\/fr\/congres\/comite-scientifique\/\",\"name\":\"Comit\u00e9 scientifique &#8211; ACRV\",\"isPartOf\":{\"@id\":\"https:\/\/www.cahr-acrv.ca\/#website\"},\"primaryImageOfPage\":{\"@id\":\"https:\/\/www.cahr-acrv.ca\/fr\/congres\/comite-scientifique\/#primaryimage\"},\"image\":{\"@id\":\"https:\/\/www.cahr-acrv.ca\/fr\/congres\/comite-scientifique\/#primaryimage\"},\"thumbnailUrl\":\"https:\/\/www.cahr-acrv.ca\/wp-content\/uploads\/2025\/09\/Leigh-McClarty-200x300.jpg\",\"datePublished\":\"2017-01-30T22:45:01+00:00\",\"dateModified\":\"2025-11-18T20:47:44+00:00\",\"breadcrumb\":{\"@id\":\"https:\/\/www.cahr-acrv.ca\/fr\/congres\/comite-scientifique\/#breadcrumb\"},\"inLanguage\":\"fr-FR\",\"potentialAction\":[{\"@type\":\"ReadAction\",\"target\":[\"https:\/\/www.cahr-acrv.ca\/fr\/congres\/comite-scientifique\/\"]}]},{\"@type\":\"ImageObject\",\"inLanguage\":\"fr-FR\",\"@id\":\"https:\/\/www.cahr-acrv.ca\/fr\/congres\/comite-scientifique\/#primaryimage\",\"url\":\"https:\/\/www.cahr-acrv.ca\/wp-content\/uploads\/2025\/09\/Leigh-McClarty-200x300.jpg\",\"contentUrl\":\"https:\/\/www.cahr-acrv.ca\/wp-content\/uploads\/2025\/09\/Leigh-McClarty-200x300.jpg\"},{\"@type\":\"BreadcrumbList\",\"@id\":\"https:\/\/www.cahr-acrv.ca\/fr\/congres\/comite-scientifique\/#breadcrumb\",\"itemListElement\":[{\"@type\":\"ListItem\",\"position\":1,\"name\":\"Accueil\",\"item\":\"https:\/\/www.cahr-acrv.ca\/fr\/accueil\/\"},{\"@type\":\"ListItem\",\"position\":2,\"name\":\"Congr\u00e9s\"},{\"@type\":\"ListItem\",\"position\":3,\"name\":\"ACRV 2026\",\"item\":\"https:\/\/www.cahr-acrv.ca\/fr\/congres\/\"},{\"@type\":\"ListItem\",\"position\":4,\"name\":\"Comit\u00e9 scientifique\"}]},{\"@type\":\"WebSite\",\"@id\":\"https:\/\/www.cahr-acrv.ca\/#website\",\"url\":\"https:\/\/www.cahr-acrv.ca\/\",\"name\":\"ACRV\",\"description\":\"L'association canadienne de recherche sur le VIH\",\"publisher\":{\"@id\":\"https:\/\/www.cahr-acrv.ca\/#organization\"},\"potentialAction\":[{\"@type\":\"SearchAction\",\"target\":{\"@type\":\"EntryPoint\",\"urlTemplate\":\"https:\/\/www.cahr-acrv.ca\/?s={search_term_string}\"},\"query-input\":{\"@type\":\"PropertyValueSpecification\",\"valueRequired\":true,\"valueName\":\"search_term_string\"}}],\"inLanguage\":\"fr-FR\"},{\"@type\":\"Organization\",\"@id\":\"https:\/\/www.cahr-acrv.ca\/#organization\",\"name\":\"Canadian Association for HIV Research\",\"alternateName\":\"CAHR\",\"url\":\"https:\/\/www.cahr-acrv.ca\/\",\"logo\":{\"@type\":\"ImageObject\",\"inLanguage\":\"fr-FR\",\"@id\":\"https:\/\/www.cahr-acrv.ca\/#\/schema\/logo\/image\/\",\"url\":\"https:\/\/www.cahr-acrv.ca\/wp-content\/uploads\/2025\/06\/cahr-organization-logo.png\",\"contentUrl\":\"https:\/\/www.cahr-acrv.ca\/wp-content\/uploads\/2025\/06\/cahr-organization-logo.png\",\"width\":696,\"height\":696,\"caption\":\"Canadian Association for HIV Research\"},\"image\":{\"@id\":\"https:\/\/www.cahr-acrv.ca\/#\/schema\/logo\/image\/\"},\"sameAs\":[\"https:\/\/www.facebook.com\/CanadianAssociationforHIVResearch\",\"https:\/\/x.com\/CAHR_ACRV\",\"https:\/\/bsky.app\/profile\/cahr-acrv.bsky.social\",\"https:\/\/www.youtube.com\/user\/CAHRACRV\",\"https:\/\/www.instagram.com\/cahr_acrv\/\",\"https:\/\/www.linkedin.com\/company\/canadian-association-for-hiv-research\/\"]}]}<\/script>\n<!-- \/ Yoast SEO plugin. -->","yoast_head_json":{"title":"Comit\u00e9 scientifique &#8211; ACRV","robots":{"index":"index","follow":"follow","max-snippet":"max-snippet:-1","max-image-preview":"max-image-preview:large","max-video-preview":"max-video-preview:-1"},"canonical":"https:\/\/www.cahr-acrv.ca\/fr\/congres\/comite-scientifique\/","og_locale":"fr_FR","og_type":"article","og_title":"Comit\u00e9 scientifique &#8211; ACRV","og_description":"Copr\u00e9sidents du Congr\u00e8s de l\u2019ACRV Mme Leigh McClarty : Madame McClarty est professeure adjointe \u00e0 l\u2019institut pour la sant\u00e9 publique mondiale (IGPH) et au d\u00e9partement des sciences de la sant\u00e9 communautaire de l\u2019Universit\u00e9 du Manitoba. Sa recherche porte sur les strat\u00e9gies pour optimiser la programmation concernant le VIH et les ITSS, notamment la couverture du [&hellip;]","og_url":"https:\/\/www.cahr-acrv.ca\/fr\/congres\/comite-scientifique\/","og_site_name":"ACRV","article_publisher":"https:\/\/www.facebook.com\/CanadianAssociationforHIVResearch","article_modified_time":"2025-11-18T20:47:44+00:00","og_image":[{"width":1707,"height":2560,"url":"https:\/\/www.cahr-acrv.ca\/wp-content\/uploads\/2025\/09\/Leigh-McClarty-scaled.jpg","type":"image\/jpeg"}],"twitter_card":"summary_large_image","twitter_site":"@CAHR_ACRV","twitter_misc":{"Dur\u00e9e de lecture estim\u00e9e":"3 minutes"},"schema":{"@context":"https:\/\/schema.org","@graph":[{"@type":"WebPage","@id":"https:\/\/www.cahr-acrv.ca\/fr\/congres\/comite-scientifique\/","url":"https:\/\/www.cahr-acrv.ca\/fr\/congres\/comite-scientifique\/","name":"Comit\u00e9 scientifique &#8211; ACRV","isPartOf":{"@id":"https:\/\/www.cahr-acrv.ca\/#website"},"primaryImageOfPage":{"@id":"https:\/\/www.cahr-acrv.ca\/fr\/congres\/comite-scientifique\/#primaryimage"},"image":{"@id":"https:\/\/www.cahr-acrv.ca\/fr\/congres\/comite-scientifique\/#primaryimage"},"thumbnailUrl":"https:\/\/www.cahr-acrv.ca\/wp-content\/uploads\/2025\/09\/Leigh-McClarty-200x300.jpg","datePublished":"2017-01-30T22:45:01+00:00","dateModified":"2025-11-18T20:47:44+00:00","breadcrumb":{"@id":"https:\/\/www.cahr-acrv.ca\/fr\/congres\/comite-scientifique\/#breadcrumb"},"inLanguage":"fr-FR","potentialAction":[{"@type":"ReadAction","target":["https:\/\/www.cahr-acrv.ca\/fr\/congres\/comite-scientifique\/"]}]},{"@type":"ImageObject","inLanguage":"fr-FR","@id":"https:\/\/www.cahr-acrv.ca\/fr\/congres\/comite-scientifique\/#primaryimage","url":"https:\/\/www.cahr-acrv.ca\/wp-content\/uploads\/2025\/09\/Leigh-McClarty-200x300.jpg","contentUrl":"https:\/\/www.cahr-acrv.ca\/wp-content\/uploads\/2025\/09\/Leigh-McClarty-200x300.jpg"},{"@type":"BreadcrumbList","@id":"https:\/\/www.cahr-acrv.ca\/fr\/congres\/comite-scientifique\/#breadcrumb","itemListElement":[{"@type":"ListItem","position":1,"name":"Accueil","item":"https:\/\/www.cahr-acrv.ca\/fr\/accueil\/"},{"@type":"ListItem","position":2,"name":"Congr\u00e9s"},{"@type":"ListItem","position":3,"name":"ACRV 2026","item":"https:\/\/www.cahr-acrv.ca\/fr\/congres\/"},{"@type":"ListItem","position":4,"name":"Comit\u00e9 scientifique"}]},{"@type":"WebSite","@id":"https:\/\/www.cahr-acrv.ca\/#website","url":"https:\/\/www.cahr-acrv.ca\/","name":"ACRV","description":"L'association canadienne de recherche sur le VIH","publisher":{"@id":"https:\/\/www.cahr-acrv.ca\/#organization"},"potentialAction":[{"@type":"SearchAction","target":{"@type":"EntryPoint","urlTemplate":"https:\/\/www.cahr-acrv.ca\/?s={search_term_string}"},"query-input":{"@type":"PropertyValueSpecification","valueRequired":true,"valueName":"search_term_string"}}],"inLanguage":"fr-FR"},{"@type":"Organization","@id":"https:\/\/www.cahr-acrv.ca\/#organization","name":"Canadian Association for HIV Research","alternateName":"CAHR","url":"https:\/\/www.cahr-acrv.ca\/","logo":{"@type":"ImageObject","inLanguage":"fr-FR","@id":"https:\/\/www.cahr-acrv.ca\/#\/schema\/logo\/image\/","url":"https:\/\/www.cahr-acrv.ca\/wp-content\/uploads\/2025\/06\/cahr-organization-logo.png","contentUrl":"https:\/\/www.cahr-acrv.ca\/wp-content\/uploads\/2025\/06\/cahr-organization-logo.png","width":696,"height":696,"caption":"Canadian Association for HIV Research"},"image":{"@id":"https:\/\/www.cahr-acrv.ca\/#\/schema\/logo\/image\/"},"sameAs":["https:\/\/www.facebook.com\/CanadianAssociationforHIVResearch","https:\/\/x.com\/CAHR_ACRV","https:\/\/bsky.app\/profile\/cahr-acrv.bsky.social","https:\/\/www.youtube.com\/user\/CAHRACRV","https:\/\/www.instagram.com\/cahr_acrv\/","https:\/\/www.linkedin.com\/company\/canadian-association-for-hiv-research\/"]}]}},"_links":{"self":[{"href":"https:\/\/www.cahr-acrv.ca\/fr\/wp-json\/wp\/v2\/pages\/7309","targetHints":{"allow":["GET"]}}],"collection":[{"href":"https:\/\/www.cahr-acrv.ca\/fr\/wp-json\/wp\/v2\/pages"}],"about":[{"href":"https:\/\/www.cahr-acrv.ca\/fr\/wp-json\/wp\/v2\/types\/page"}],"author":[{"embeddable":true,"href":"https:\/\/www.cahr-acrv.ca\/fr\/wp-json\/wp\/v2\/users\/9"}],"replies":[{"embeddable":true,"href":"https:\/\/www.cahr-acrv.ca\/fr\/wp-json\/wp\/v2\/comments?post=7309"}],"version-history":[{"count":0,"href":"https:\/\/www.cahr-acrv.ca\/fr\/wp-json\/wp\/v2\/pages\/7309\/revisions"}],"up":[{"embeddable":true,"href":"https:\/\/www.cahr-acrv.ca\/fr\/wp-json\/wp\/v2\/pages\/5822"}],"wp:attachment":[{"href":"https:\/\/www.cahr-acrv.ca\/fr\/wp-json\/wp\/v2\/media?parent=7309"}],"curies":[{"name":"wp","href":"https:\/\/api.w.org\/{rel}","templated":true}]}}