{"id":7138,"date":"2016-10-20T14:37:04","date_gmt":"2016-10-20T18:37:04","guid":{"rendered":"https:\/\/cahr.wpengine.com\/fr\/?page_id=7138"},"modified":"2025-06-30T12:13:50","modified_gmt":"2025-06-30T16:13:50","slug":"appel-candidatures-conseil-dadministration-de-lacrv","status":"publish","type":"page","link":"https:\/\/www.cahr-acrv.ca\/fr\/appel-candidatures-conseil-dadministration-de-lacrv\/","title":{"rendered":"Appel \u00e0 candidatures : Conseil d\u2019administration de l\u2019ACRV"},"content":{"rendered":"<p><em>L\u2019appel \u00e0 candidatures pour l\u2019ACRV 2025 est maintenant ferm\u00e9.<\/em><\/p>\n<p>L\u2019Association canadienne de recherche sur le VIH (ACRV) souhaite des candidatures pour les \u00e9lections g\u00e9n\u00e9rales du nouveau conseil d\u2019administration qui entrera en fonctions pour deux ans \u00e0 compter de mai 2025. Plus pr\u00e9cis\u00e9ment, voici les postes pour lesquels nous cherchons des candidats\u00a0:<\/p>\n<ul>\n<li>Pr\u00e9sident-\u00e9lu<\/li>\n<li>Tr\u00e9sorier<\/li>\n<li>Sciences cliniques<\/li>\n<li>\u00c9pid\u00e9miologie\/sciences de la sant\u00e9 publique<\/li>\n<li>Sciences sociales<\/li>\n<\/ul>\n<p>De plus, les postes qui suivent auxquels les administrateurs actuels se pr\u00e9senteront pour \u00eatre r\u00e9\u00e9lus sont \u00e9galement ouverts \u00e0 de nouvelles candidatures\u00a0:<\/p>\n<ul>\n<li>Secr\u00e9taire<\/li>\n<li>Sciences fondamentales<\/li>\n<li>Membres de la collectivit\u00e9<\/li>\n<\/ul>\n<p><strong>Comp\u00e9tences g\u00e9n\u00e9rales<\/strong><\/p>\n<p>L\u2019ACRV souhaite recevoir des candidatures de membres apportant des points de vue de l\u2019ensemble du pays, issus de d\u00e9marches de recherche et d\u2019ant\u00e9c\u00e9dents divers; des personnes capables de r\u00e9fl\u00e9chir au niveau conceptuel, qui poss\u00e8dent une perspective \u00e0 long terme et ouvertes \u00e0 une diversit\u00e9 d\u2019opinions. L\u2019ACRV encourage \u00e9galement les candidatures de personnes engag\u00e9es envers son mandat, qui ont le temps de servir au sein d\u2019un conseil actif (t\u00e9l\u00e9conf\u00e9rences mensuelles, r\u00e9unions en personne, travail en comit\u00e9s et participation au congr\u00e8s annuel et \u00e0 l\u2019AGA de l\u2019ACRV), des personnes qui manifestent leur volont\u00e9 \u00e0 travailler de fa\u00e7on coop\u00e9rative et qui ont des liens efficaces avec la collectivit\u00e9 du VIH, en\u00a0 m\u00eame temps que des comp\u00e9tences av\u00e9r\u00e9es en leadership. Les candidats d\u00e9sireux de servir \u00e0 la direction (pr\u00e9sident-\u00e9lu, tr\u00e9sorier et secr\u00e9taire) doivent avoir \u00e0 quelque titre fait ant\u00e9rieurement partie du Conseil d\u2019administration de l\u2019ACRV.<\/p>\n<p>L\u2019ACRV se fait une r\u00e8gle de l\u2019\u00e9quit\u00e9 et de l\u2019inclusion et encourage les candidatures des diverses collectivit\u00e9s autochtones, culturelles et r\u00e9gionales, de l\u2019ensemble des genres et des spectres de la sexualit\u00e9 et des personnes handicap\u00e9es.<\/p>\n<p><strong>Exigences concernant les candidatures<\/strong><\/p>\n<p>Les membres en r\u00e8gle de l\u2019ACRV peuvent \u00eatre port\u00e9s candidats aux postes d\u2019administrateurs. Pour que la candidature de la personne soit valide, elle doit \u00eatre pr\u00e9sent\u00e9e s\u00e9par\u00e9ment par au moins deux membres actifs en r\u00e8gle de l\u2019ACRV avec droit de vote. (Plus de renseignements sur l\u2019adh\u00e9sion \u00e0 la rubrique \u00ab\u00a0<a href=\"https:\/\/www.cahr-acrv.ca\/fr\/a-propos-de-cahr\/adhesion\/\">Adh\u00e9sion<\/a>\u00a0\u00bb de ce site Web.)<\/p>\n<p>Les mises en candidature doivent comprendre le nom du candidat, le poste brigu\u00e9 et les coordonn\u00e9es compl\u00e8tes du candidat et du proposant.<strong>\u00a0Les proposants doivent remplir le formulaire de mise en candidature (<\/strong><a href=\"https:\/\/www.cognitoforms.com\/CanadianAssociationForHIVResearch\/FormulaireDeMiseEnCandidatureConseilDadministrationDeLACRV\" target=\"_blank\" rel=\"noopener\"><strong>cliquer ici<\/strong><\/a><strong>).<\/strong><\/p>\n<p>La p\u00e9riode de mise en candidature sera ouverte environ six semaines (la date limite des mises en candidature est le 10 mars 2025). La candidature ne sera valide que si nous avons re\u00e7u formulaire rempli.<\/p>\n<p><strong>Vote<\/strong><\/p>\n<p>Tous les membres actifs de l\u2019ACRV ayant droit de vote peuvent voter pour les candidats aux postes susmentionn\u00e9s. Le vote pour les administrateurs de l\u2019ACRV s\u2019ouvrira fin mars 2025, peu apr\u00e8s la cl\u00f4ture de la p\u00e9riode de mise en candidature. Le vote se poursuivra pendant environ un mois, soit jusqu\u2019\u00e0 la semaine pr\u00e9c\u00e9dant l\u2019Assembl\u00e9e g\u00e9n\u00e9rale annuelle (AGA) 2023 de l\u2019ACRV.<\/p>\n<p>Tous les membres de l\u2019ACRV recevront par courriel un bulletin afin de voter \u00e0 l\u2019\u00e9lection des administrateurs du Conseil d\u2019administration de l\u2019ACRV. Le bulletin sera fourni sous forme de lien \u00e0 une plateforme de vote en ligne. Les membres disposeront des renseignements suivants\u00a0:<\/p>\n<ul>\n<li>description des postes disponibles au conseil et de leurs exigences pr\u00e9cises d\u2019admissibilit\u00e9;<\/li>\n<li>une liste des candidatures pour chaque poste vacant, avec leurs bibliographie et renseignements sur chaque candidat;<\/li>\n<li>liens vers le mandat du Conseil d\u2019administration de l\u2019ACRV, la composition actuelle de l\u2019Association et son Plan strat\u00e9gique;<\/li>\n<li>un lien individuel s\u00e9curis\u00e9 vers une plateforme Internet confidentielle comportant des instructions d\u00e9taill\u00e9es pour l\u2019utilisation du m\u00e9canisme de vote \u00e9lectronique;<\/li>\n<li>coordonn\u00e9es pour obtenir plus de renseignements et de l\u2019aide.<\/li>\n<\/ul>\n<p><strong>D\u00e9compte des votes<\/strong><\/p>\n<p>Le d\u00e9compte des votes et l\u2019identification des gagnants s\u2019effectueront comme suit\u00a0:<\/p>\n<ul>\n<li>Les administrateurs sont \u00e9lus au scrutin pr\u00e9f\u00e9rentiel (Instant Runoff Voting), m\u00e9thode o\u00f9 les \u00e9lecteurs classent les candidats par ordre de pr\u00e9f\u00e9rence. Ces pr\u00e9f\u00e9rences servent \u00e0 proc\u00e9der \u00e0 une \u00e9limination jusqu\u2019\u00e0 ce qu\u2019un seul candidat ait la majorit\u00e9 des votes.<\/li>\n<li>Les \u00e9lecteurs peuvent choisir de classer tous les candidats, certains ou aucun.<\/li>\n<li>Si un candidat re\u00e7oit une majorit\u00e9 des votes au premier choix, il est \u00e9lu.<\/li>\n<li>Si aucun candidat ne re\u00e7oit une majorit\u00e9 au vote de premier choix, le candidat ayant le moins grand nombre de votes de premier choix est \u00e9limin\u00e9. Les votes pour les candidats \u00e9limin\u00e9s sont transf\u00e9r\u00e9s aux candidats qui restent, conform\u00e9ment aux choix suivants indiqu\u00e9s dans chaque bulletin de vote. Les bulletins de vote sont recompt\u00e9s et les candidats, \u00e9limin\u00e9s et les votes transf\u00e9r\u00e9s de cette mani\u00e8re jusqu\u2019\u00e0 ce qu\u2019un seul candidat \u00e9merge ayant la majorit\u00e9 des votes.<\/li>\n<\/ul>\n<p><strong>Quorum et r\u00e9sultats<\/strong><\/p>\n<p>Le quorum pour l\u2019AGA et pour le vote pr\u00e9c\u00e9dant celle\u2011ci est de 25\u00a0membres en r\u00e8gle de l\u2019ACRV. Les r\u00e9sultats de l\u2019\u00e9lection deviennent officiels lorsqu\u2019ils sont annonc\u00e9s \u00e0 l\u2019AGA 2025 et qu\u2019une r\u00e9solution visant la destruction des bulletins de vote a \u00e9t\u00e9 adopt\u00e9e par l\u2019assembl\u00e9e.<\/p>\n<p><strong>Composition du Conseil d\u2019administration<\/strong><\/p>\n<p>L\u2019ACRV est gouvern\u00e9e par un Conseil d\u2019administration de 10 administrateurs comprenant : le pr\u00e9sident, le pr\u00e9sident pr\u00e9c\u00e9dent, le pr\u00e9sident-\u00e9lu, le tr\u00e9sorier, le secr\u00e9taire, un membre repr\u00e9sentant chaque discipline (Sciences fondamentales, Sciences cliniques, \u00c9pid\u00e9miologie\/sant\u00e9 publique et Sciences sociales), ainsi qu\u2019un repr\u00e9sentant de la collectivit\u00e9. Une liste compl\u00e8te des administrateurs actuels se trouve <a href=\"\/fr\/conseil-dadministration\/\">i\u00e7i<\/a>.<\/p>\n<p><strong>Questions<\/strong><\/p>\n<p>Si vous avez des questions concernant le processus de mise en candidature, veuillez envoyer un courriel \u00e0\u00a0<a href=\"mailto:info@cahr-acrv.ca\">info@cahr-acrv.ca<\/a>.<\/p>\n","protected":false},"excerpt":{"rendered":"<p>L\u2019appel \u00e0 candidatures pour l\u2019ACRV 2025 est maintenant ferm\u00e9. L\u2019Association canadienne de recherche sur le VIH (ACRV) souhaite des candidatures pour les \u00e9lections g\u00e9n\u00e9rales du nouveau conseil d\u2019administration qui entrera en fonctions pour deux ans \u00e0 compter de mai 2025. Plus pr\u00e9cis\u00e9ment, voici les postes pour lesquels nous cherchons des candidats\u00a0: Pr\u00e9sident-\u00e9lu Tr\u00e9sorier Sciences cliniques [&hellip;]<\/p>\n","protected":false},"author":9,"featured_media":0,"parent":0,"menu_order":0,"comment_status":"closed","ping_status":"closed","template":"","meta":{"_acf_changed":false,"inline_featured_image":false,"footnotes":""},"class_list":["post-7138","page","type-page","status-publish","hentry"],"acf":[],"yoast_head":"<!-- This site is optimized with the Yoast SEO plugin v27.2 - https:\/\/yoast.com\/product\/yoast-seo-wordpress\/ -->\n<title>Appel \u00e0 candidatures : Conseil d\u2019administration de l\u2019ACRV &#8211; ACRV<\/title>\n<meta name=\"robots\" content=\"index, follow, max-snippet:-1, max-image-preview:large, max-video-preview:-1\" \/>\n<link rel=\"canonical\" href=\"https:\/\/www.cahr-acrv.ca\/fr\/a-propos-de-cahr__trashed\/appel-candidatures-conseil-dadministration-de-lacrv\/\" \/>\n<meta property=\"og:locale\" content=\"fr_FR\" \/>\n<meta property=\"og:type\" content=\"article\" \/>\n<meta property=\"og:title\" content=\"Appel \u00e0 candidatures : Conseil d\u2019administration de l\u2019ACRV &#8211; ACRV\" \/>\n<meta property=\"og:description\" content=\"L\u2019appel \u00e0 candidatures pour l\u2019ACRV 2025 est maintenant ferm\u00e9. L\u2019Association canadienne de recherche sur le VIH (ACRV) souhaite des candidatures pour les \u00e9lections g\u00e9n\u00e9rales du nouveau conseil d\u2019administration qui entrera en fonctions pour deux ans \u00e0 compter de mai 2025. Plus pr\u00e9cis\u00e9ment, voici les postes pour lesquels nous cherchons des candidats\u00a0: Pr\u00e9sident-\u00e9lu Tr\u00e9sorier Sciences cliniques [&hellip;]\" \/>\n<meta property=\"og:url\" content=\"https:\/\/www.cahr-acrv.ca\/fr\/a-propos-de-cahr__trashed\/appel-candidatures-conseil-dadministration-de-lacrv\/\" \/>\n<meta property=\"og:site_name\" content=\"ACRV\" \/>\n<meta property=\"article:publisher\" content=\"https:\/\/www.facebook.com\/CanadianAssociationforHIVResearch\" \/>\n<meta property=\"article:modified_time\" content=\"2025-06-30T16:13:50+00:00\" \/>\n<meta name=\"twitter:card\" content=\"summary_large_image\" \/>\n<meta name=\"twitter:site\" content=\"@CAHR_ACRV\" \/>\n<meta name=\"twitter:label1\" content=\"Dur\u00e9e de lecture estim\u00e9e\" \/>\n\t<meta name=\"twitter:data1\" content=\"4 minutes\" \/>\n<script type=\"application\/ld+json\" class=\"yoast-schema-graph\">{\"@context\":\"https:\/\/schema.org\",\"@graph\":[{\"@type\":\"WebPage\",\"@id\":\"https:\/\/www.cahr-acrv.ca\/fr\/a-propos-de-cahr__trashed\/appel-candidatures-conseil-dadministration-de-lacrv\/\",\"url\":\"https:\/\/www.cahr-acrv.ca\/fr\/a-propos-de-cahr__trashed\/appel-candidatures-conseil-dadministration-de-lacrv\/\",\"name\":\"Appel \u00e0 candidatures : Conseil d\u2019administration de l\u2019ACRV &#8211; ACRV\",\"isPartOf\":{\"@id\":\"https:\/\/www.cahr-acrv.ca\/#website\"},\"datePublished\":\"2016-10-20T18:37:04+00:00\",\"dateModified\":\"2025-06-30T16:13:50+00:00\",\"breadcrumb\":{\"@id\":\"https:\/\/www.cahr-acrv.ca\/fr\/a-propos-de-cahr__trashed\/appel-candidatures-conseil-dadministration-de-lacrv\/#breadcrumb\"},\"inLanguage\":\"fr-FR\",\"potentialAction\":[{\"@type\":\"ReadAction\",\"target\":[\"https:\/\/www.cahr-acrv.ca\/fr\/a-propos-de-cahr__trashed\/appel-candidatures-conseil-dadministration-de-lacrv\/\"]}]},{\"@type\":\"BreadcrumbList\",\"@id\":\"https:\/\/www.cahr-acrv.ca\/fr\/a-propos-de-cahr__trashed\/appel-candidatures-conseil-dadministration-de-lacrv\/#breadcrumb\",\"itemListElement\":[{\"@type\":\"ListItem\",\"position\":1,\"name\":\"Accueil\",\"item\":\"https:\/\/www.cahr-acrv.ca\/fr\/accueil\/\"},{\"@type\":\"ListItem\",\"position\":2,\"name\":\"Appel \u00e0 candidatures : Conseil d\u2019administration de l\u2019ACRV\"}]},{\"@type\":\"WebSite\",\"@id\":\"https:\/\/www.cahr-acrv.ca\/#website\",\"url\":\"https:\/\/www.cahr-acrv.ca\/\",\"name\":\"ACRV\",\"description\":\"L'association canadienne de recherche sur le VIH\",\"publisher\":{\"@id\":\"https:\/\/www.cahr-acrv.ca\/#organization\"},\"potentialAction\":[{\"@type\":\"SearchAction\",\"target\":{\"@type\":\"EntryPoint\",\"urlTemplate\":\"https:\/\/www.cahr-acrv.ca\/?s={search_term_string}\"},\"query-input\":{\"@type\":\"PropertyValueSpecification\",\"valueRequired\":true,\"valueName\":\"search_term_string\"}}],\"inLanguage\":\"fr-FR\"},{\"@type\":\"Organization\",\"@id\":\"https:\/\/www.cahr-acrv.ca\/#organization\",\"name\":\"Canadian Association for HIV Research\",\"alternateName\":\"CAHR\",\"url\":\"https:\/\/www.cahr-acrv.ca\/\",\"logo\":{\"@type\":\"ImageObject\",\"inLanguage\":\"fr-FR\",\"@id\":\"https:\/\/www.cahr-acrv.ca\/#\/schema\/logo\/image\/\",\"url\":\"https:\/\/www.cahr-acrv.ca\/wp-content\/uploads\/2025\/06\/cahr-organization-logo.png\",\"contentUrl\":\"https:\/\/www.cahr-acrv.ca\/wp-content\/uploads\/2025\/06\/cahr-organization-logo.png\",\"width\":696,\"height\":696,\"caption\":\"Canadian Association for HIV Research\"},\"image\":{\"@id\":\"https:\/\/www.cahr-acrv.ca\/#\/schema\/logo\/image\/\"},\"sameAs\":[\"https:\/\/www.facebook.com\/CanadianAssociationforHIVResearch\",\"https:\/\/x.com\/CAHR_ACRV\",\"https:\/\/bsky.app\/profile\/cahr-acrv.bsky.social\",\"https:\/\/www.youtube.com\/user\/CAHRACRV\",\"https:\/\/www.instagram.com\/cahr_acrv\/\",\"https:\/\/www.linkedin.com\/company\/canadian-association-for-hiv-research\/\"]}]}<\/script>\n<!-- \/ Yoast SEO plugin. -->","yoast_head_json":{"title":"Appel \u00e0 candidatures : Conseil d\u2019administration de l\u2019ACRV &#8211; ACRV","robots":{"index":"index","follow":"follow","max-snippet":"max-snippet:-1","max-image-preview":"max-image-preview:large","max-video-preview":"max-video-preview:-1"},"canonical":"https:\/\/www.cahr-acrv.ca\/fr\/a-propos-de-cahr__trashed\/appel-candidatures-conseil-dadministration-de-lacrv\/","og_locale":"fr_FR","og_type":"article","og_title":"Appel \u00e0 candidatures : Conseil d\u2019administration de l\u2019ACRV &#8211; ACRV","og_description":"L\u2019appel \u00e0 candidatures pour l\u2019ACRV 2025 est maintenant ferm\u00e9. L\u2019Association canadienne de recherche sur le VIH (ACRV) souhaite des candidatures pour les \u00e9lections g\u00e9n\u00e9rales du nouveau conseil d\u2019administration qui entrera en fonctions pour deux ans \u00e0 compter de mai 2025. Plus pr\u00e9cis\u00e9ment, voici les postes pour lesquels nous cherchons des candidats\u00a0: Pr\u00e9sident-\u00e9lu Tr\u00e9sorier Sciences cliniques [&hellip;]","og_url":"https:\/\/www.cahr-acrv.ca\/fr\/a-propos-de-cahr__trashed\/appel-candidatures-conseil-dadministration-de-lacrv\/","og_site_name":"ACRV","article_publisher":"https:\/\/www.facebook.com\/CanadianAssociationforHIVResearch","article_modified_time":"2025-06-30T16:13:50+00:00","twitter_card":"summary_large_image","twitter_site":"@CAHR_ACRV","twitter_misc":{"Dur\u00e9e de lecture estim\u00e9e":"4 minutes"},"schema":{"@context":"https:\/\/schema.org","@graph":[{"@type":"WebPage","@id":"https:\/\/www.cahr-acrv.ca\/fr\/a-propos-de-cahr__trashed\/appel-candidatures-conseil-dadministration-de-lacrv\/","url":"https:\/\/www.cahr-acrv.ca\/fr\/a-propos-de-cahr__trashed\/appel-candidatures-conseil-dadministration-de-lacrv\/","name":"Appel \u00e0 candidatures : Conseil d\u2019administration de l\u2019ACRV &#8211; ACRV","isPartOf":{"@id":"https:\/\/www.cahr-acrv.ca\/#website"},"datePublished":"2016-10-20T18:37:04+00:00","dateModified":"2025-06-30T16:13:50+00:00","breadcrumb":{"@id":"https:\/\/www.cahr-acrv.ca\/fr\/a-propos-de-cahr__trashed\/appel-candidatures-conseil-dadministration-de-lacrv\/#breadcrumb"},"inLanguage":"fr-FR","potentialAction":[{"@type":"ReadAction","target":["https:\/\/www.cahr-acrv.ca\/fr\/a-propos-de-cahr__trashed\/appel-candidatures-conseil-dadministration-de-lacrv\/"]}]},{"@type":"BreadcrumbList","@id":"https:\/\/www.cahr-acrv.ca\/fr\/a-propos-de-cahr__trashed\/appel-candidatures-conseil-dadministration-de-lacrv\/#breadcrumb","itemListElement":[{"@type":"ListItem","position":1,"name":"Accueil","item":"https:\/\/www.cahr-acrv.ca\/fr\/accueil\/"},{"@type":"ListItem","position":2,"name":"Appel \u00e0 candidatures : Conseil d\u2019administration de l\u2019ACRV"}]},{"@type":"WebSite","@id":"https:\/\/www.cahr-acrv.ca\/#website","url":"https:\/\/www.cahr-acrv.ca\/","name":"ACRV","description":"L'association canadienne de recherche sur le VIH","publisher":{"@id":"https:\/\/www.cahr-acrv.ca\/#organization"},"potentialAction":[{"@type":"SearchAction","target":{"@type":"EntryPoint","urlTemplate":"https:\/\/www.cahr-acrv.ca\/?s={search_term_string}"},"query-input":{"@type":"PropertyValueSpecification","valueRequired":true,"valueName":"search_term_string"}}],"inLanguage":"fr-FR"},{"@type":"Organization","@id":"https:\/\/www.cahr-acrv.ca\/#organization","name":"Canadian Association for HIV Research","alternateName":"CAHR","url":"https:\/\/www.cahr-acrv.ca\/","logo":{"@type":"ImageObject","inLanguage":"fr-FR","@id":"https:\/\/www.cahr-acrv.ca\/#\/schema\/logo\/image\/","url":"https:\/\/www.cahr-acrv.ca\/wp-content\/uploads\/2025\/06\/cahr-organization-logo.png","contentUrl":"https:\/\/www.cahr-acrv.ca\/wp-content\/uploads\/2025\/06\/cahr-organization-logo.png","width":696,"height":696,"caption":"Canadian Association for HIV Research"},"image":{"@id":"https:\/\/www.cahr-acrv.ca\/#\/schema\/logo\/image\/"},"sameAs":["https:\/\/www.facebook.com\/CanadianAssociationforHIVResearch","https:\/\/x.com\/CAHR_ACRV","https:\/\/bsky.app\/profile\/cahr-acrv.bsky.social","https:\/\/www.youtube.com\/user\/CAHRACRV","https:\/\/www.instagram.com\/cahr_acrv\/","https:\/\/www.linkedin.com\/company\/canadian-association-for-hiv-research\/"]}]}},"_links":{"self":[{"href":"https:\/\/www.cahr-acrv.ca\/fr\/wp-json\/wp\/v2\/pages\/7138","targetHints":{"allow":["GET"]}}],"collection":[{"href":"https:\/\/www.cahr-acrv.ca\/fr\/wp-json\/wp\/v2\/pages"}],"about":[{"href":"https:\/\/www.cahr-acrv.ca\/fr\/wp-json\/wp\/v2\/types\/page"}],"author":[{"embeddable":true,"href":"https:\/\/www.cahr-acrv.ca\/fr\/wp-json\/wp\/v2\/users\/9"}],"replies":[{"embeddable":true,"href":"https:\/\/www.cahr-acrv.ca\/fr\/wp-json\/wp\/v2\/comments?post=7138"}],"version-history":[{"count":0,"href":"https:\/\/www.cahr-acrv.ca\/fr\/wp-json\/wp\/v2\/pages\/7138\/revisions"}],"wp:attachment":[{"href":"https:\/\/www.cahr-acrv.ca\/fr\/wp-json\/wp\/v2\/media?parent=7138"}],"curies":[{"name":"wp","href":"https:\/\/api.w.org\/{rel}","templated":true}]}}