{"id":6466,"date":"2016-01-30T19:19:14","date_gmt":"2016-01-31T00:19:14","guid":{"rendered":"https:\/\/cahr.wpengine.com\/fr\/?page_id=6466"},"modified":"2026-03-18T12:09:10","modified_gmt":"2026-03-18T16:09:10","slug":"assemblee-generale-annuelle-de-lacrv","status":"publish","type":"page","link":"https:\/\/www.cahr-acrv.ca\/fr\/assemblee-generale-annuelle-de-lacrv\/","title":{"rendered":"Assembl\u00e9e G\u00e9n\u00e9rale Annuelle de l&rsquo;ACRV"},"content":{"rendered":"\n<p>Chaque ann\u00e9e, l&rsquo;Assembl\u00e9e g\u00e9n\u00e9rale annuelle de l&rsquo;ACRV a lieu dans le cadre du congr\u00e8s de l&rsquo;Association.<\/p>\n\n\n\n<p><strong>AGA DE L\u2019ACRV 2026<br><\/strong>Vendredi 24 avril de 18 h 30 \u00e0 20 h 00<\/p>\n\n\n\n<p><strong>Aper\u00e7u<\/strong><br>Tous les membres sont invit\u00e9s \u00e0 participer \u00e0 l&rsquo;AGA. C&rsquo;est l\u00e0 que les membres :feront un survol des activit\u00e9s de l&rsquo;ann\u00e9e \u00e9coul\u00e9e et examineront le programme de l&rsquo;ann\u00e9e qui vient; analyseront les \u00e9tats financiers v\u00e9rifi\u00e9s de l&rsquo;Association pour l&rsquo;exercice termin\u00e9; r\u00e8gleront toute autre affaire qui pourrait \u00eatre pr\u00e9sent\u00e9e devant l&rsquo;Assembl\u00e9e G\u00e9n\u00e9rale; et pourront poser des questions au Conseil d\u2019administration.<\/p>\n","protected":false},"excerpt":{"rendered":"<p>Chaque ann\u00e9e, l&rsquo;Assembl\u00e9e g\u00e9n\u00e9rale annuelle de l&rsquo;ACRV a lieu dans le cadre du congr\u00e8s de l&rsquo;Association. AGA DE L\u2019ACRV 2026Vendredi 24 avril de 18 h 30 \u00e0 20 h 00 Aper\u00e7uTous les membres sont invit\u00e9s \u00e0 participer \u00e0 l&rsquo;AGA. C&rsquo;est l\u00e0 que les membres :feront un survol des activit\u00e9s de l&rsquo;ann\u00e9e \u00e9coul\u00e9e et examineront le [&hellip;]<\/p>\n","protected":false},"author":9,"featured_media":0,"parent":0,"menu_order":0,"comment_status":"closed","ping_status":"closed","template":"","meta":{"_acf_changed":false,"inline_featured_image":false,"footnotes":""},"class_list":["post-6466","page","type-page","status-publish","hentry"],"acf":[],"yoast_head":"<!-- This site is optimized with the Yoast SEO plugin v27.4 - https:\/\/yoast.com\/product\/yoast-seo-wordpress\/ -->\n<title>Assembl\u00e9e G\u00e9n\u00e9rale Annuelle de l&#039;ACRV &#8211; ACRV<\/title>\n<meta name=\"robots\" content=\"index, follow, max-snippet:-1, max-image-preview:large, max-video-preview:-1\" \/>\n<link rel=\"canonical\" href=\"https:\/\/www.cahr-acrv.ca\/fr\/assemblee-generale-annuelle-de-lacrv\/\" \/>\n<meta property=\"og:locale\" content=\"fr_FR\" \/>\n<meta property=\"og:type\" content=\"article\" \/>\n<meta property=\"og:title\" content=\"Assembl\u00e9e G\u00e9n\u00e9rale Annuelle de l&#039;ACRV &#8211; ACRV\" \/>\n<meta property=\"og:description\" content=\"Chaque ann\u00e9e, l&rsquo;Assembl\u00e9e g\u00e9n\u00e9rale annuelle de l&rsquo;ACRV a lieu dans le cadre du congr\u00e8s de l&rsquo;Association. AGA DE L\u2019ACRV 2026Vendredi 24 avril de 18 h 30 \u00e0 20 h 00 Aper\u00e7uTous les membres sont invit\u00e9s \u00e0 participer \u00e0 l&rsquo;AGA. C&rsquo;est l\u00e0 que les membres :feront un survol des activit\u00e9s de l&rsquo;ann\u00e9e \u00e9coul\u00e9e et examineront le [&hellip;]\" \/>\n<meta property=\"og:url\" content=\"https:\/\/www.cahr-acrv.ca\/fr\/assemblee-generale-annuelle-de-lacrv\/\" \/>\n<meta property=\"og:site_name\" content=\"ACRV\" \/>\n<meta property=\"article:publisher\" content=\"https:\/\/www.facebook.com\/CanadianAssociationforHIVResearch\" \/>\n<meta property=\"article:modified_time\" content=\"2026-03-18T16:09:10+00:00\" \/>\n<meta name=\"twitter:card\" content=\"summary_large_image\" \/>\n<meta name=\"twitter:site\" content=\"@CAHR_ACRV\" \/>\n<meta name=\"twitter:label1\" content=\"Dur\u00e9e de lecture estim\u00e9e\" \/>\n\t<meta name=\"twitter:data1\" content=\"1 minute\" \/>\n<script type=\"application\/ld+json\" class=\"yoast-schema-graph\">{\"@context\":\"https:\\\/\\\/schema.org\",\"@graph\":[{\"@type\":\"WebPage\",\"@id\":\"https:\\\/\\\/www.cahr-acrv.ca\\\/fr\\\/assemblee-generale-annuelle-de-lacrv\\\/\",\"url\":\"https:\\\/\\\/www.cahr-acrv.ca\\\/fr\\\/assemblee-generale-annuelle-de-lacrv\\\/\",\"name\":\"Assembl\u00e9e G\u00e9n\u00e9rale Annuelle de l'ACRV &#8211; ACRV\",\"isPartOf\":{\"@id\":\"https:\\\/\\\/www.cahr-acrv.ca\\\/#website\"},\"datePublished\":\"2016-01-31T00:19:14+00:00\",\"dateModified\":\"2026-03-18T16:09:10+00:00\",\"breadcrumb\":{\"@id\":\"https:\\\/\\\/www.cahr-acrv.ca\\\/fr\\\/assemblee-generale-annuelle-de-lacrv\\\/#breadcrumb\"},\"inLanguage\":\"fr-FR\",\"potentialAction\":[{\"@type\":\"ReadAction\",\"target\":[\"https:\\\/\\\/www.cahr-acrv.ca\\\/fr\\\/assemblee-generale-annuelle-de-lacrv\\\/\"]}]},{\"@type\":\"BreadcrumbList\",\"@id\":\"https:\\\/\\\/www.cahr-acrv.ca\\\/fr\\\/assemblee-generale-annuelle-de-lacrv\\\/#breadcrumb\",\"itemListElement\":[{\"@type\":\"ListItem\",\"position\":1,\"name\":\"Accueil\",\"item\":\"https:\\\/\\\/www.cahr-acrv.ca\\\/fr\\\/accueil\\\/\"},{\"@type\":\"ListItem\",\"position\":2,\"name\":\"Assembl\u00e9e G\u00e9n\u00e9rale Annuelle de l&#8217;ACRV\"}]},{\"@type\":\"WebSite\",\"@id\":\"https:\\\/\\\/www.cahr-acrv.ca\\\/#website\",\"url\":\"https:\\\/\\\/www.cahr-acrv.ca\\\/\",\"name\":\"ACRV\",\"description\":\"L'association canadienne de recherche sur le VIH\",\"publisher\":{\"@id\":\"https:\\\/\\\/www.cahr-acrv.ca\\\/#organization\"},\"potentialAction\":[{\"@type\":\"SearchAction\",\"target\":{\"@type\":\"EntryPoint\",\"urlTemplate\":\"https:\\\/\\\/www.cahr-acrv.ca\\\/?s={search_term_string}\"},\"query-input\":{\"@type\":\"PropertyValueSpecification\",\"valueRequired\":true,\"valueName\":\"search_term_string\"}}],\"inLanguage\":\"fr-FR\"},{\"@type\":\"Organization\",\"@id\":\"https:\\\/\\\/www.cahr-acrv.ca\\\/#organization\",\"name\":\"Canadian Association for HIV Research\",\"alternateName\":\"CAHR\",\"url\":\"https:\\\/\\\/www.cahr-acrv.ca\\\/\",\"logo\":{\"@type\":\"ImageObject\",\"inLanguage\":\"fr-FR\",\"@id\":\"https:\\\/\\\/www.cahr-acrv.ca\\\/#\\\/schema\\\/logo\\\/image\\\/\",\"url\":\"https:\\\/\\\/www.cahr-acrv.ca\\\/wp-content\\\/uploads\\\/2025\\\/06\\\/cahr-organization-logo.png\",\"contentUrl\":\"https:\\\/\\\/www.cahr-acrv.ca\\\/wp-content\\\/uploads\\\/2025\\\/06\\\/cahr-organization-logo.png\",\"width\":696,\"height\":696,\"caption\":\"Canadian Association for HIV Research\"},\"image\":{\"@id\":\"https:\\\/\\\/www.cahr-acrv.ca\\\/#\\\/schema\\\/logo\\\/image\\\/\"},\"sameAs\":[\"https:\\\/\\\/www.facebook.com\\\/CanadianAssociationforHIVResearch\",\"https:\\\/\\\/x.com\\\/CAHR_ACRV\",\"https:\\\/\\\/bsky.app\\\/profile\\\/cahr-acrv.bsky.social\",\"https:\\\/\\\/www.youtube.com\\\/user\\\/CAHRACRV\",\"https:\\\/\\\/www.instagram.com\\\/cahr_acrv\\\/\",\"https:\\\/\\\/www.linkedin.com\\\/company\\\/canadian-association-for-hiv-research\\\/\"]}]}<\/script>\n<!-- \/ Yoast SEO plugin. -->","yoast_head_json":{"title":"Assembl\u00e9e G\u00e9n\u00e9rale Annuelle de l'ACRV &#8211; ACRV","robots":{"index":"index","follow":"follow","max-snippet":"max-snippet:-1","max-image-preview":"max-image-preview:large","max-video-preview":"max-video-preview:-1"},"canonical":"https:\/\/www.cahr-acrv.ca\/fr\/assemblee-generale-annuelle-de-lacrv\/","og_locale":"fr_FR","og_type":"article","og_title":"Assembl\u00e9e G\u00e9n\u00e9rale Annuelle de l'ACRV &#8211; ACRV","og_description":"Chaque ann\u00e9e, l&rsquo;Assembl\u00e9e g\u00e9n\u00e9rale annuelle de l&rsquo;ACRV a lieu dans le cadre du congr\u00e8s de l&rsquo;Association. AGA DE L\u2019ACRV 2026Vendredi 24 avril de 18 h 30 \u00e0 20 h 00 Aper\u00e7uTous les membres sont invit\u00e9s \u00e0 participer \u00e0 l&rsquo;AGA. C&rsquo;est l\u00e0 que les membres :feront un survol des activit\u00e9s de l&rsquo;ann\u00e9e \u00e9coul\u00e9e et examineront le [&hellip;]","og_url":"https:\/\/www.cahr-acrv.ca\/fr\/assemblee-generale-annuelle-de-lacrv\/","og_site_name":"ACRV","article_publisher":"https:\/\/www.facebook.com\/CanadianAssociationforHIVResearch","article_modified_time":"2026-03-18T16:09:10+00:00","twitter_card":"summary_large_image","twitter_site":"@CAHR_ACRV","twitter_misc":{"Dur\u00e9e de lecture estim\u00e9e":"1 minute"},"schema":{"@context":"https:\/\/schema.org","@graph":[{"@type":"WebPage","@id":"https:\/\/www.cahr-acrv.ca\/fr\/assemblee-generale-annuelle-de-lacrv\/","url":"https:\/\/www.cahr-acrv.ca\/fr\/assemblee-generale-annuelle-de-lacrv\/","name":"Assembl\u00e9e G\u00e9n\u00e9rale Annuelle de l'ACRV &#8211; ACRV","isPartOf":{"@id":"https:\/\/www.cahr-acrv.ca\/#website"},"datePublished":"2016-01-31T00:19:14+00:00","dateModified":"2026-03-18T16:09:10+00:00","breadcrumb":{"@id":"https:\/\/www.cahr-acrv.ca\/fr\/assemblee-generale-annuelle-de-lacrv\/#breadcrumb"},"inLanguage":"fr-FR","potentialAction":[{"@type":"ReadAction","target":["https:\/\/www.cahr-acrv.ca\/fr\/assemblee-generale-annuelle-de-lacrv\/"]}]},{"@type":"BreadcrumbList","@id":"https:\/\/www.cahr-acrv.ca\/fr\/assemblee-generale-annuelle-de-lacrv\/#breadcrumb","itemListElement":[{"@type":"ListItem","position":1,"name":"Accueil","item":"https:\/\/www.cahr-acrv.ca\/fr\/accueil\/"},{"@type":"ListItem","position":2,"name":"Assembl\u00e9e G\u00e9n\u00e9rale Annuelle de l&#8217;ACRV"}]},{"@type":"WebSite","@id":"https:\/\/www.cahr-acrv.ca\/#website","url":"https:\/\/www.cahr-acrv.ca\/","name":"ACRV","description":"L'association canadienne de recherche sur le VIH","publisher":{"@id":"https:\/\/www.cahr-acrv.ca\/#organization"},"potentialAction":[{"@type":"SearchAction","target":{"@type":"EntryPoint","urlTemplate":"https:\/\/www.cahr-acrv.ca\/?s={search_term_string}"},"query-input":{"@type":"PropertyValueSpecification","valueRequired":true,"valueName":"search_term_string"}}],"inLanguage":"fr-FR"},{"@type":"Organization","@id":"https:\/\/www.cahr-acrv.ca\/#organization","name":"Canadian Association for HIV Research","alternateName":"CAHR","url":"https:\/\/www.cahr-acrv.ca\/","logo":{"@type":"ImageObject","inLanguage":"fr-FR","@id":"https:\/\/www.cahr-acrv.ca\/#\/schema\/logo\/image\/","url":"https:\/\/www.cahr-acrv.ca\/wp-content\/uploads\/2025\/06\/cahr-organization-logo.png","contentUrl":"https:\/\/www.cahr-acrv.ca\/wp-content\/uploads\/2025\/06\/cahr-organization-logo.png","width":696,"height":696,"caption":"Canadian Association for HIV Research"},"image":{"@id":"https:\/\/www.cahr-acrv.ca\/#\/schema\/logo\/image\/"},"sameAs":["https:\/\/www.facebook.com\/CanadianAssociationforHIVResearch","https:\/\/x.com\/CAHR_ACRV","https:\/\/bsky.app\/profile\/cahr-acrv.bsky.social","https:\/\/www.youtube.com\/user\/CAHRACRV","https:\/\/www.instagram.com\/cahr_acrv\/","https:\/\/www.linkedin.com\/company\/canadian-association-for-hiv-research\/"]}]}},"_links":{"self":[{"href":"https:\/\/www.cahr-acrv.ca\/fr\/wp-json\/wp\/v2\/pages\/6466","targetHints":{"allow":["GET"]}}],"collection":[{"href":"https:\/\/www.cahr-acrv.ca\/fr\/wp-json\/wp\/v2\/pages"}],"about":[{"href":"https:\/\/www.cahr-acrv.ca\/fr\/wp-json\/wp\/v2\/types\/page"}],"author":[{"embeddable":true,"href":"https:\/\/www.cahr-acrv.ca\/fr\/wp-json\/wp\/v2\/users\/9"}],"replies":[{"embeddable":true,"href":"https:\/\/www.cahr-acrv.ca\/fr\/wp-json\/wp\/v2\/comments?post=6466"}],"version-history":[{"count":0,"href":"https:\/\/www.cahr-acrv.ca\/fr\/wp-json\/wp\/v2\/pages\/6466\/revisions"}],"wp:attachment":[{"href":"https:\/\/www.cahr-acrv.ca\/fr\/wp-json\/wp\/v2\/media?parent=6466"}],"curies":[{"name":"wp","href":"https:\/\/api.w.org\/{rel}","templated":true}]}}