{"id":608,"date":"2012-10-03T15:32:20","date_gmt":"2012-10-03T19:32:20","guid":{"rendered":"https:\/\/cahr.wpengine.com\/?page_id=608"},"modified":"2026-01-09T14:47:25","modified_gmt":"2026-01-09T19:47:25","slug":"dates-importantes","status":"publish","type":"page","link":"https:\/\/www.cahr-acrv.ca\/fr\/congres\/dates-importantes\/","title":{"rendered":"Dates importantes"},"content":{"rendered":"<h3>ACRV 2026<\/h3>\n<table style=\"height: 55px;\" width=\"1027\">\n<tbody>\n<tr>\n<td>\n<p>Du jeudi 23 avril au dimanche 26 avril 2026<\/p>\n<\/td>\n<\/tr>\n<\/tbody>\n<\/table>\n<h3>Abr\u00e9g\u00e9s et Bourse d\u2019\u00e9tudes<\/h3>\n<table style=\"height: 465px;\" width=\"1027\">\n<tbody>\n<tr>\n<td>\n<p>D\u00e9but de la pr\u00e9sentation des abr\u00e9g\u00e9s<\/p>\n<\/td>\n<td>\n<p>Semaine du 27 octobre 2025<\/p>\n<\/td>\n<\/tr>\n<tr>\n<td>\n<p>Date limite de pr\u00e9sentation des abr\u00e9g\u00e9s<\/p>\n<\/td>\n<td>\n<p>Le mardi 13 janvier 2026<\/p>\n<\/td>\n<\/tr>\n<tr>\n<td>\n<p>Date limite des candidatures aux bourses d\u2019\u00e9tudes<\/p>\n<\/td>\n<td>\n<p>Le lundi 12 janvier 2026<\/p>\n<\/td>\n<\/tr>\n<tr>\n<td>\n<p>Date limite des candidatures pour les prix des nouveaux chercheurs<\/p>\n<\/td>\n<td>\n<p>Le lundi 12 janvier 2026<\/p>\n<\/td>\n<\/tr>\n<tr>\n<td>\n<p>Date limite de demande de bourses communautaires<\/p>\n<\/td>\n<td>\n<p>Le vendredi 16 janvier 2026<\/p>\n<\/td>\n<\/tr>\n<tr>\n<td>\n<p>Avis concernant les bourses communautaires<\/p>\n<\/td>\n<td>\n<p>Semaine du 26 janvier 2026<\/p>\n<\/td>\n<\/tr>\n<tr>\n<td>\n<p>Avis concernantr les bourses universitaires<\/p>\n<\/td>\n<td>\n<p>Semaine du 2 mars 2026<\/p>\n<\/td>\n<\/tr>\n<tr>\n<td>\n<p>Avis concernant les abr\u00e9g\u00e9s<\/p>\n<\/td>\n<td>\n<p>Semaine du 2 mars 2026<\/p>\n<\/td>\n<\/tr>\n<tr>\n<td>\n<p>Date limite pour l\u2019inscription des auteurs pr\u00e9sentateurs<\/p>\n<\/td>\n<td>\n<p>Le mercredi 18 mars\u00a0 2026<\/p>\n<\/td>\n<\/tr>\n<\/tbody>\n<\/table>\n<h3>Inscription<\/h3>\n<table style=\"height: 267px;\" width=\"1028\">\n<tbody>\n<tr>\n<td width=\"566\">\n<p>D\u00e9but des inscriptions en ligne<\/p>\n<\/td>\n<td width=\"244\">\n<p>D\u00e9cembre 2025<\/p>\n<\/td>\n<\/tr>\n<tr>\n<td width=\"566\">\n<p>Date limite des inscriptions anticip\u00e9ee<\/p>\n<\/td>\n<td width=\"244\">\n<p>Le mercredi 18 mars\u00a0 2026<\/p>\n<\/td>\n<\/tr>\n<tr>\n<td width=\"566\">\n<p>Date limite pour b\u00e9n\u00e9ficier du tarif pr\u00e9f\u00e9rentiel d\u2019h\u00e9bergement en groupe pour la conf\u00e9rence<\/p>\n<\/td>\n<td width=\"244\">\n<p>Mercredi 18 mars 2026<\/p>\n<\/td>\n<\/tr>\n<tr>\n<td width=\"566\">\n<p>Cl\u00f4ture des inscriptions en ligne<\/p>\n<\/td>\n<td width=\"244\">\n<p>Mercredi 15 avril 2026<\/p>\n<\/td>\n<\/tr>\n<\/tbody>\n<\/table>\n<p><em>*Les dates sont sujettes \u00e0 des modifications mineures.<\/em><\/p>\n<p><em>**Sous r\u00e9serve de la disponibilit\u00e9 des chambres.<\/em><\/p>\n\n\n<p><\/p>\n","protected":false},"excerpt":{"rendered":"<p>ACRV 2026 Du jeudi 23 avril au dimanche 26 avril 2026 Abr\u00e9g\u00e9s et Bourse d\u2019\u00e9tudes D\u00e9but de la pr\u00e9sentation des abr\u00e9g\u00e9s Semaine du 27 octobre 2025 Date limite de pr\u00e9sentation des abr\u00e9g\u00e9s Le mardi 13 janvier 2026 Date limite des candidatures aux bourses d\u2019\u00e9tudes Le lundi 12 janvier 2026 Date limite des candidatures pour les [&hellip;]<\/p>\n","protected":false},"author":9,"featured_media":0,"parent":5822,"menu_order":0,"comment_status":"closed","ping_status":"closed","template":"","meta":{"_acf_changed":false,"inline_featured_image":false,"footnotes":""},"class_list":["post-608","page","type-page","status-publish","hentry"],"acf":[],"yoast_head":"<!-- This site is optimized with the Yoast SEO plugin v27.2 - https:\/\/yoast.com\/product\/yoast-seo-wordpress\/ -->\n<title>Dates importantes &#8211; ACRV<\/title>\n<meta name=\"robots\" content=\"index, follow, max-snippet:-1, max-image-preview:large, max-video-preview:-1\" \/>\n<link rel=\"canonical\" href=\"https:\/\/www.cahr-acrv.ca\/fr\/congres\/dates-importantes\/\" \/>\n<meta property=\"og:locale\" content=\"fr_FR\" \/>\n<meta property=\"og:type\" content=\"article\" \/>\n<meta property=\"og:title\" content=\"Dates importantes &#8211; ACRV\" \/>\n<meta property=\"og:description\" content=\"ACRV 2026 Du jeudi 23 avril au dimanche 26 avril 2026 Abr\u00e9g\u00e9s et Bourse d\u2019\u00e9tudes D\u00e9but de la pr\u00e9sentation des abr\u00e9g\u00e9s Semaine du 27 octobre 2025 Date limite de pr\u00e9sentation des abr\u00e9g\u00e9s Le mardi 13 janvier 2026 Date limite des candidatures aux bourses d\u2019\u00e9tudes Le lundi 12 janvier 2026 Date limite des candidatures pour les [&hellip;]\" \/>\n<meta property=\"og:url\" content=\"https:\/\/www.cahr-acrv.ca\/fr\/congres\/dates-importantes\/\" \/>\n<meta property=\"og:site_name\" content=\"ACRV\" \/>\n<meta property=\"article:publisher\" content=\"https:\/\/www.facebook.com\/CanadianAssociationforHIVResearch\" \/>\n<meta property=\"article:modified_time\" content=\"2026-01-09T19:47:25+00:00\" \/>\n<meta name=\"twitter:card\" content=\"summary_large_image\" \/>\n<meta name=\"twitter:site\" content=\"@CAHR_ACRV\" \/>\n<meta name=\"twitter:label1\" content=\"Dur\u00e9e de lecture estim\u00e9e\" \/>\n\t<meta name=\"twitter:data1\" content=\"1 minute\" \/>\n<script type=\"application\/ld+json\" class=\"yoast-schema-graph\">{\"@context\":\"https:\/\/schema.org\",\"@graph\":[{\"@type\":\"WebPage\",\"@id\":\"https:\/\/www.cahr-acrv.ca\/fr\/congres\/dates-importantes\/\",\"url\":\"https:\/\/www.cahr-acrv.ca\/fr\/congres\/dates-importantes\/\",\"name\":\"Dates importantes &#8211; ACRV\",\"isPartOf\":{\"@id\":\"https:\/\/www.cahr-acrv.ca\/#website\"},\"datePublished\":\"2012-10-03T19:32:20+00:00\",\"dateModified\":\"2026-01-09T19:47:25+00:00\",\"breadcrumb\":{\"@id\":\"https:\/\/www.cahr-acrv.ca\/fr\/congres\/dates-importantes\/#breadcrumb\"},\"inLanguage\":\"fr-FR\",\"potentialAction\":[{\"@type\":\"ReadAction\",\"target\":[\"https:\/\/www.cahr-acrv.ca\/fr\/congres\/dates-importantes\/\"]}]},{\"@type\":\"BreadcrumbList\",\"@id\":\"https:\/\/www.cahr-acrv.ca\/fr\/congres\/dates-importantes\/#breadcrumb\",\"itemListElement\":[{\"@type\":\"ListItem\",\"position\":1,\"name\":\"Accueil\",\"item\":\"https:\/\/www.cahr-acrv.ca\/fr\/accueil\/\"},{\"@type\":\"ListItem\",\"position\":2,\"name\":\"Congr\u00e9s\"},{\"@type\":\"ListItem\",\"position\":3,\"name\":\"ACRV 2026\",\"item\":\"https:\/\/www.cahr-acrv.ca\/fr\/congres\/\"},{\"@type\":\"ListItem\",\"position\":4,\"name\":\"Dates importantes\"}]},{\"@type\":\"WebSite\",\"@id\":\"https:\/\/www.cahr-acrv.ca\/#website\",\"url\":\"https:\/\/www.cahr-acrv.ca\/\",\"name\":\"ACRV\",\"description\":\"L'association canadienne de recherche sur le VIH\",\"publisher\":{\"@id\":\"https:\/\/www.cahr-acrv.ca\/#organization\"},\"potentialAction\":[{\"@type\":\"SearchAction\",\"target\":{\"@type\":\"EntryPoint\",\"urlTemplate\":\"https:\/\/www.cahr-acrv.ca\/?s={search_term_string}\"},\"query-input\":{\"@type\":\"PropertyValueSpecification\",\"valueRequired\":true,\"valueName\":\"search_term_string\"}}],\"inLanguage\":\"fr-FR\"},{\"@type\":\"Organization\",\"@id\":\"https:\/\/www.cahr-acrv.ca\/#organization\",\"name\":\"Canadian Association for HIV Research\",\"alternateName\":\"CAHR\",\"url\":\"https:\/\/www.cahr-acrv.ca\/\",\"logo\":{\"@type\":\"ImageObject\",\"inLanguage\":\"fr-FR\",\"@id\":\"https:\/\/www.cahr-acrv.ca\/#\/schema\/logo\/image\/\",\"url\":\"https:\/\/www.cahr-acrv.ca\/wp-content\/uploads\/2025\/06\/cahr-organization-logo.png\",\"contentUrl\":\"https:\/\/www.cahr-acrv.ca\/wp-content\/uploads\/2025\/06\/cahr-organization-logo.png\",\"width\":696,\"height\":696,\"caption\":\"Canadian Association for HIV Research\"},\"image\":{\"@id\":\"https:\/\/www.cahr-acrv.ca\/#\/schema\/logo\/image\/\"},\"sameAs\":[\"https:\/\/www.facebook.com\/CanadianAssociationforHIVResearch\",\"https:\/\/x.com\/CAHR_ACRV\",\"https:\/\/bsky.app\/profile\/cahr-acrv.bsky.social\",\"https:\/\/www.youtube.com\/user\/CAHRACRV\",\"https:\/\/www.instagram.com\/cahr_acrv\/\",\"https:\/\/www.linkedin.com\/company\/canadian-association-for-hiv-research\/\"]}]}<\/script>\n<!-- \/ Yoast SEO plugin. -->","yoast_head_json":{"title":"Dates importantes &#8211; ACRV","robots":{"index":"index","follow":"follow","max-snippet":"max-snippet:-1","max-image-preview":"max-image-preview:large","max-video-preview":"max-video-preview:-1"},"canonical":"https:\/\/www.cahr-acrv.ca\/fr\/congres\/dates-importantes\/","og_locale":"fr_FR","og_type":"article","og_title":"Dates importantes &#8211; ACRV","og_description":"ACRV 2026 Du jeudi 23 avril au dimanche 26 avril 2026 Abr\u00e9g\u00e9s et Bourse d\u2019\u00e9tudes D\u00e9but de la pr\u00e9sentation des abr\u00e9g\u00e9s Semaine du 27 octobre 2025 Date limite de pr\u00e9sentation des abr\u00e9g\u00e9s Le mardi 13 janvier 2026 Date limite des candidatures aux bourses d\u2019\u00e9tudes Le lundi 12 janvier 2026 Date limite des candidatures pour les [&hellip;]","og_url":"https:\/\/www.cahr-acrv.ca\/fr\/congres\/dates-importantes\/","og_site_name":"ACRV","article_publisher":"https:\/\/www.facebook.com\/CanadianAssociationforHIVResearch","article_modified_time":"2026-01-09T19:47:25+00:00","twitter_card":"summary_large_image","twitter_site":"@CAHR_ACRV","twitter_misc":{"Dur\u00e9e de lecture estim\u00e9e":"1 minute"},"schema":{"@context":"https:\/\/schema.org","@graph":[{"@type":"WebPage","@id":"https:\/\/www.cahr-acrv.ca\/fr\/congres\/dates-importantes\/","url":"https:\/\/www.cahr-acrv.ca\/fr\/congres\/dates-importantes\/","name":"Dates importantes &#8211; ACRV","isPartOf":{"@id":"https:\/\/www.cahr-acrv.ca\/#website"},"datePublished":"2012-10-03T19:32:20+00:00","dateModified":"2026-01-09T19:47:25+00:00","breadcrumb":{"@id":"https:\/\/www.cahr-acrv.ca\/fr\/congres\/dates-importantes\/#breadcrumb"},"inLanguage":"fr-FR","potentialAction":[{"@type":"ReadAction","target":["https:\/\/www.cahr-acrv.ca\/fr\/congres\/dates-importantes\/"]}]},{"@type":"BreadcrumbList","@id":"https:\/\/www.cahr-acrv.ca\/fr\/congres\/dates-importantes\/#breadcrumb","itemListElement":[{"@type":"ListItem","position":1,"name":"Accueil","item":"https:\/\/www.cahr-acrv.ca\/fr\/accueil\/"},{"@type":"ListItem","position":2,"name":"Congr\u00e9s"},{"@type":"ListItem","position":3,"name":"ACRV 2026","item":"https:\/\/www.cahr-acrv.ca\/fr\/congres\/"},{"@type":"ListItem","position":4,"name":"Dates importantes"}]},{"@type":"WebSite","@id":"https:\/\/www.cahr-acrv.ca\/#website","url":"https:\/\/www.cahr-acrv.ca\/","name":"ACRV","description":"L'association canadienne de recherche sur le VIH","publisher":{"@id":"https:\/\/www.cahr-acrv.ca\/#organization"},"potentialAction":[{"@type":"SearchAction","target":{"@type":"EntryPoint","urlTemplate":"https:\/\/www.cahr-acrv.ca\/?s={search_term_string}"},"query-input":{"@type":"PropertyValueSpecification","valueRequired":true,"valueName":"search_term_string"}}],"inLanguage":"fr-FR"},{"@type":"Organization","@id":"https:\/\/www.cahr-acrv.ca\/#organization","name":"Canadian Association for HIV Research","alternateName":"CAHR","url":"https:\/\/www.cahr-acrv.ca\/","logo":{"@type":"ImageObject","inLanguage":"fr-FR","@id":"https:\/\/www.cahr-acrv.ca\/#\/schema\/logo\/image\/","url":"https:\/\/www.cahr-acrv.ca\/wp-content\/uploads\/2025\/06\/cahr-organization-logo.png","contentUrl":"https:\/\/www.cahr-acrv.ca\/wp-content\/uploads\/2025\/06\/cahr-organization-logo.png","width":696,"height":696,"caption":"Canadian Association for HIV Research"},"image":{"@id":"https:\/\/www.cahr-acrv.ca\/#\/schema\/logo\/image\/"},"sameAs":["https:\/\/www.facebook.com\/CanadianAssociationforHIVResearch","https:\/\/x.com\/CAHR_ACRV","https:\/\/bsky.app\/profile\/cahr-acrv.bsky.social","https:\/\/www.youtube.com\/user\/CAHRACRV","https:\/\/www.instagram.com\/cahr_acrv\/","https:\/\/www.linkedin.com\/company\/canadian-association-for-hiv-research\/"]}]}},"_links":{"self":[{"href":"https:\/\/www.cahr-acrv.ca\/fr\/wp-json\/wp\/v2\/pages\/608","targetHints":{"allow":["GET"]}}],"collection":[{"href":"https:\/\/www.cahr-acrv.ca\/fr\/wp-json\/wp\/v2\/pages"}],"about":[{"href":"https:\/\/www.cahr-acrv.ca\/fr\/wp-json\/wp\/v2\/types\/page"}],"author":[{"embeddable":true,"href":"https:\/\/www.cahr-acrv.ca\/fr\/wp-json\/wp\/v2\/users\/9"}],"replies":[{"embeddable":true,"href":"https:\/\/www.cahr-acrv.ca\/fr\/wp-json\/wp\/v2\/comments?post=608"}],"version-history":[{"count":0,"href":"https:\/\/www.cahr-acrv.ca\/fr\/wp-json\/wp\/v2\/pages\/608\/revisions"}],"up":[{"embeddable":true,"href":"https:\/\/www.cahr-acrv.ca\/fr\/wp-json\/wp\/v2\/pages\/5822"}],"wp:attachment":[{"href":"https:\/\/www.cahr-acrv.ca\/fr\/wp-json\/wp\/v2\/media?parent=608"}],"curies":[{"name":"wp","href":"https:\/\/api.w.org\/{rel}","templated":true}]}}