{"id":5822,"date":"2015-05-12T14:29:50","date_gmt":"2015-05-12T18:29:50","guid":{"rendered":"https:\/\/cahr.wpengine.com\/conference-3\/"},"modified":"2025-12-08T12:02:19","modified_gmt":"2025-12-08T17:02:19","slug":"congres","status":"publish","type":"page","link":"https:\/\/www.cahr-acrv.ca\/fr\/congres\/","title":{"rendered":"ACRV 2026"},"content":{"rendered":"\n<p>Bienvenue au 35<sup>e<\/sup> Congr\u00e8s annuel canadien de recherche sur le VIH\/sida (ACRV 2026) qui se tiendra \u00e0 Winnipeg du 23 au 26 avril 2026. L\u2019ACRV adresse ses remerciements \u00e0 Leigh McClarty (PhD) et Lyle McKinnon (PhD) qui copr\u00e9sideront le 35<sup>e<\/sup> Congr\u00e8s annuel canadien de recherche sur le VIH\/sida (ACRV 2026). Le th\u00e8me du congr\u00e8s de cette ann\u00e9e est \u00ab Tous unis pour relever des d\u00e9fis sans pr\u00e9c\u00e9dent dans la lutte contre le VIH. \u00bb Forts de l\u2019appui des membres r\u00e9put\u00e9s du Comit\u00e9 scientifique, les copr\u00e9sidents veilleront \u00e0 ce que l\u2019ACRV 2026 soit, pour les chercheurs et les membres de la collectivit\u00e9, une occasion incomparable de s\u2019informer des derniers progr\u00e8s scientifiques du domaine, d\u2019apprendre mutuellement de leur expertise et de trouver de nouveaux moyens de traiter et de pr\u00e9venir le VIH.<\/p>\n\n\n\n<nav id=\"conference-menu\" role=\"navigation\">\n    <ul id=\"menu-du-congres\" class=\"menu\">\n                <li class=\"menu-link-id-14203 menu-item menu-item-type-custom menu-item-object-custom menu-item-14203  \">\n          <a href=\"https:\/\/www.cahr-acrv.ca\/fr\/congres\/programme\/\" target=\"_self\">\n      Aper\u00e7u du Programme\n    <\/a>\n  \n    <\/li>\n  \n                <li class=\"menu-link-id-13693 menu-item menu-item-type-post_type menu-item-object-page menu-item-13693  \">\n          <a href=\"https:\/\/www.cahr-acrv.ca\/fr\/congres\/bourses-et-prix\/\" target=\"_self\">\n      Bourses d\u2019\u00e9tudes et prix\n    <\/a>\n  \n    <\/li>\n  \n                <li class=\"menu-link-id-13604 menu-item menu-item-type-post_type menu-item-object-page menu-item-13604  \">\n          <a href=\"https:\/\/www.cahr-acrv.ca\/fr\/congres\/dates-importantes\/\" target=\"_self\">\n      Dates importantes\n    <\/a>\n  \n    <\/li>\n  \n                <li class=\"menu-link-id-13619 menu-item menu-item-type-post_type menu-item-object-page menu-item-13619  \">\n          <a href=\"https:\/\/www.cahr-acrv.ca\/fr\/congres\/comite-scientifique\/\" target=\"_self\">\n      Comit\u00e9 scientifique\n    <\/a>\n  \n    <\/li>\n  \n                <li class=\"menu-link-id-13714 menu-item menu-item-type-post_type menu-item-object-page menu-item-13714  \">\n          <a href=\"https:\/\/www.cahr-acrv.ca\/fr\/congres\/sponsors\/\" target=\"_self\">\n      Commanditaires et exposants\n    <\/a>\n  \n    <\/li>\n  \n                <li class=\"menu-link-id-14179 menu-item menu-item-type-post_type menu-item-object-page menu-item-14179  \">\n          <a href=\"https:\/\/www.cahr-acrv.ca\/fr\/congres\/evenements-connexes\/\" target=\"_self\">\n      \u00c9v\u00e9nements connexes\n    <\/a>\n  \n    <\/li>\n  \n                <li class=\"menu-link-id-15330 menu-item menu-item-type-post_type menu-item-object-page menu-item-15330  \">\n          <a href=\"https:\/\/www.cahr-acrv.ca\/fr\/congres\/evenements-sociaux\/\" target=\"_self\">\n      \u00c9v\u00e9nements sociaux\n    <\/a>\n  \n    <\/li>\n  \n                <li class=\"menu-link-id-13691 menu-item menu-item-type-post_type menu-item-object-page menu-item-13691  \">\n          <a href=\"https:\/\/www.cahr-acrv.ca\/fr\/congres\/inscription\/\" target=\"_self\">\n      Inscription\n    <\/a>\n  \n    <\/li>\n  \n                <li class=\"menu-link-id-14050 menu-item menu-item-type-post_type menu-item-object-page menu-item-14050  \">\n          <a href=\"https:\/\/www.cahr-acrv.ca\/fr\/congres\/lieu-du-congres-et-voyages\/\" target=\"_self\">\n      Lieu du Congr\u00e8s et voyages\n    <\/a>\n  \n    <\/li>\n  \n                <li class=\"menu-link-id-14347 menu-item menu-item-type-post_type menu-item-object-page menu-item-14347  \">\n          <a href=\"https:\/\/www.cahr-acrv.ca\/fr\/congres\/salon-des-personnes-seropositives\/\" target=\"_self\">\n      Salon des personnes s\u00e9ropositives\n    <\/a>\n  \n    <\/li>\n  \n                <li class=\"menu-link-id-13692 menu-item menu-item-type-post_type menu-item-object-page menu-item-13692  \">\n          <a href=\"https:\/\/www.cahr-acrv.ca\/fr\/congres\/soumission-des-abreges\/\" target=\"_self\">\n      Soumission des Abr\u00e9g\u00e9s\n    <\/a>\n  \n    <\/li>\n  \n                <li class=\"menu-link-id-14286 menu-item menu-item-type-post_type menu-item-object-page menu-item-14286  \">\n          <a href=\"https:\/\/www.cahr-acrv.ca\/fr\/congres\/autres-informations\/\" target=\"_self\">\n      Autres informations\n    <\/a>\n  \n    <\/li>\n  \n      <\/ul>\n<\/nav>\n\n\n\n<p class=\"has-text-align-center\">Pour toute question relative au congr\u00e8s, veuillez contacter le secr\u00e9tariat du congr\u00e8s :<br>c\/o Sea to Sky, an MCI Company<br>555 Burrard Street, 1st Floor<br>Vancouver (Colombie-Britannique)<br>V7X 1M8<br>T\u00e9l. : 1-604-984-6455<br>Courriel : <a href=\"mailto:conference@cahr-acrv.ca\">conference@cahr-acrv.ca<\/a><\/p>\n","protected":false},"excerpt":{"rendered":"<p>Bienvenue au 35e Congr\u00e8s annuel canadien de recherche sur le VIH\/sida (ACRV 2026) qui se tiendra \u00e0 Winnipeg du 23 au 26 avril 2026. L\u2019ACRV adresse ses remerciements \u00e0 Leigh McClarty (PhD) et Lyle McKinnon (PhD) qui copr\u00e9sideront le 35e Congr\u00e8s annuel canadien de recherche sur le VIH\/sida (ACRV 2026). Le th\u00e8me du congr\u00e8s de [&hellip;]<\/p>\n","protected":false},"author":9,"featured_media":15566,"parent":0,"menu_order":0,"comment_status":"closed","ping_status":"closed","template":"","meta":{"_acf_changed":false,"inline_featured_image":false,"footnotes":""},"class_list":["post-5822","page","type-page","status-publish","has-post-thumbnail","hentry"],"acf":[],"yoast_head":"<!-- This site is optimized with the Yoast SEO plugin v27.2 - https:\/\/yoast.com\/product\/yoast-seo-wordpress\/ -->\n<title>ACRV 2026 &#8211; ACRV<\/title>\n<meta name=\"robots\" content=\"index, follow, max-snippet:-1, max-image-preview:large, max-video-preview:-1\" \/>\n<link rel=\"canonical\" href=\"https:\/\/www.cahr-acrv.ca\/fr\/congres\/\" \/>\n<meta property=\"og:locale\" content=\"fr_FR\" \/>\n<meta property=\"og:type\" content=\"article\" \/>\n<meta property=\"og:title\" content=\"ACRV 2026 &#8211; ACRV\" \/>\n<meta property=\"og:description\" content=\"Bienvenue au 35e Congr\u00e8s annuel canadien de recherche sur le VIH\/sida (ACRV 2026) qui se tiendra \u00e0 Winnipeg du 23 au 26 avril 2026. L\u2019ACRV adresse ses remerciements \u00e0 Leigh McClarty (PhD) et Lyle McKinnon (PhD) qui copr\u00e9sideront le 35e Congr\u00e8s annuel canadien de recherche sur le VIH\/sida (ACRV 2026). Le th\u00e8me du congr\u00e8s de [&hellip;]\" \/>\n<meta property=\"og:url\" content=\"https:\/\/www.cahr-acrv.ca\/fr\/congres\/\" \/>\n<meta property=\"og:site_name\" content=\"ACRV\" \/>\n<meta property=\"article:publisher\" content=\"https:\/\/www.facebook.com\/CanadianAssociationforHIVResearch\" \/>\n<meta property=\"article:modified_time\" content=\"2025-12-08T17:02:19+00:00\" \/>\n<meta name=\"twitter:card\" content=\"summary_large_image\" \/>\n<meta name=\"twitter:site\" content=\"@CAHR_ACRV\" \/>\n<meta name=\"twitter:label1\" content=\"Dur\u00e9e de lecture estim\u00e9e\" \/>\n\t<meta name=\"twitter:data1\" content=\"1 minute\" \/>\n<script type=\"application\/ld+json\" class=\"yoast-schema-graph\">{\"@context\":\"https:\/\/schema.org\",\"@graph\":[{\"@type\":\"WebPage\",\"@id\":\"https:\/\/www.cahr-acrv.ca\/fr\/congres\/\",\"url\":\"https:\/\/www.cahr-acrv.ca\/fr\/congres\/\",\"name\":\"ACRV 2026 &#8211; ACRV\",\"isPartOf\":{\"@id\":\"https:\/\/www.cahr-acrv.ca\/#website\"},\"primaryImageOfPage\":{\"@id\":\"https:\/\/www.cahr-acrv.ca\/fr\/congres\/#primaryimage\"},\"image\":{\"@id\":\"https:\/\/www.cahr-acrv.ca\/fr\/congres\/#primaryimage\"},\"thumbnailUrl\":\"https:\/\/www.cahr-acrv.ca\/wp-content\/uploads\/2025\/06\/CAHR-Conference2026-logo-FRE-GREY.svg\",\"datePublished\":\"2015-05-12T18:29:50+00:00\",\"dateModified\":\"2025-12-08T17:02:19+00:00\",\"breadcrumb\":{\"@id\":\"https:\/\/www.cahr-acrv.ca\/fr\/congres\/#breadcrumb\"},\"inLanguage\":\"fr-FR\",\"potentialAction\":[{\"@type\":\"ReadAction\",\"target\":[\"https:\/\/www.cahr-acrv.ca\/fr\/congres\/\"]}]},{\"@type\":\"ImageObject\",\"inLanguage\":\"fr-FR\",\"@id\":\"https:\/\/www.cahr-acrv.ca\/fr\/congres\/#primaryimage\",\"url\":\"https:\/\/www.cahr-acrv.ca\/wp-content\/uploads\/2025\/06\/CAHR-Conference2026-logo-FRE-GREY.svg\",\"contentUrl\":\"https:\/\/www.cahr-acrv.ca\/wp-content\/uploads\/2025\/06\/CAHR-Conference2026-logo-FRE-GREY.svg\",\"width\":360,\"height\":328,\"caption\":\"Congr\u00e8s de l\u2019ACRV 2026\"},{\"@type\":\"BreadcrumbList\",\"@id\":\"https:\/\/www.cahr-acrv.ca\/fr\/congres\/#breadcrumb\",\"itemListElement\":[{\"@type\":\"ListItem\",\"position\":1,\"name\":\"Accueil\",\"item\":\"https:\/\/www.cahr-acrv.ca\/fr\/accueil\/\"},{\"@type\":\"ListItem\",\"position\":2,\"name\":\"ACRV 2026\"}]},{\"@type\":\"WebSite\",\"@id\":\"https:\/\/www.cahr-acrv.ca\/#website\",\"url\":\"https:\/\/www.cahr-acrv.ca\/\",\"name\":\"ACRV\",\"description\":\"L'association canadienne de recherche sur le VIH\",\"publisher\":{\"@id\":\"https:\/\/www.cahr-acrv.ca\/#organization\"},\"potentialAction\":[{\"@type\":\"SearchAction\",\"target\":{\"@type\":\"EntryPoint\",\"urlTemplate\":\"https:\/\/www.cahr-acrv.ca\/?s={search_term_string}\"},\"query-input\":{\"@type\":\"PropertyValueSpecification\",\"valueRequired\":true,\"valueName\":\"search_term_string\"}}],\"inLanguage\":\"fr-FR\"},{\"@type\":\"Organization\",\"@id\":\"https:\/\/www.cahr-acrv.ca\/#organization\",\"name\":\"Canadian Association for HIV Research\",\"alternateName\":\"CAHR\",\"url\":\"https:\/\/www.cahr-acrv.ca\/\",\"logo\":{\"@type\":\"ImageObject\",\"inLanguage\":\"fr-FR\",\"@id\":\"https:\/\/www.cahr-acrv.ca\/#\/schema\/logo\/image\/\",\"url\":\"https:\/\/www.cahr-acrv.ca\/wp-content\/uploads\/2025\/06\/cahr-organization-logo.png\",\"contentUrl\":\"https:\/\/www.cahr-acrv.ca\/wp-content\/uploads\/2025\/06\/cahr-organization-logo.png\",\"width\":696,\"height\":696,\"caption\":\"Canadian Association for HIV Research\"},\"image\":{\"@id\":\"https:\/\/www.cahr-acrv.ca\/#\/schema\/logo\/image\/\"},\"sameAs\":[\"https:\/\/www.facebook.com\/CanadianAssociationforHIVResearch\",\"https:\/\/x.com\/CAHR_ACRV\",\"https:\/\/bsky.app\/profile\/cahr-acrv.bsky.social\",\"https:\/\/www.youtube.com\/user\/CAHRACRV\",\"https:\/\/www.instagram.com\/cahr_acrv\/\",\"https:\/\/www.linkedin.com\/company\/canadian-association-for-hiv-research\/\"]}]}<\/script>\n<!-- \/ Yoast SEO plugin. -->","yoast_head_json":{"title":"ACRV 2026 &#8211; ACRV","robots":{"index":"index","follow":"follow","max-snippet":"max-snippet:-1","max-image-preview":"max-image-preview:large","max-video-preview":"max-video-preview:-1"},"canonical":"https:\/\/www.cahr-acrv.ca\/fr\/congres\/","og_locale":"fr_FR","og_type":"article","og_title":"ACRV 2026 &#8211; ACRV","og_description":"Bienvenue au 35e Congr\u00e8s annuel canadien de recherche sur le VIH\/sida (ACRV 2026) qui se tiendra \u00e0 Winnipeg du 23 au 26 avril 2026. L\u2019ACRV adresse ses remerciements \u00e0 Leigh McClarty (PhD) et Lyle McKinnon (PhD) qui copr\u00e9sideront le 35e Congr\u00e8s annuel canadien de recherche sur le VIH\/sida (ACRV 2026). Le th\u00e8me du congr\u00e8s de [&hellip;]","og_url":"https:\/\/www.cahr-acrv.ca\/fr\/congres\/","og_site_name":"ACRV","article_publisher":"https:\/\/www.facebook.com\/CanadianAssociationforHIVResearch","article_modified_time":"2025-12-08T17:02:19+00:00","twitter_card":"summary_large_image","twitter_site":"@CAHR_ACRV","twitter_misc":{"Dur\u00e9e de lecture estim\u00e9e":"1 minute"},"schema":{"@context":"https:\/\/schema.org","@graph":[{"@type":"WebPage","@id":"https:\/\/www.cahr-acrv.ca\/fr\/congres\/","url":"https:\/\/www.cahr-acrv.ca\/fr\/congres\/","name":"ACRV 2026 &#8211; ACRV","isPartOf":{"@id":"https:\/\/www.cahr-acrv.ca\/#website"},"primaryImageOfPage":{"@id":"https:\/\/www.cahr-acrv.ca\/fr\/congres\/#primaryimage"},"image":{"@id":"https:\/\/www.cahr-acrv.ca\/fr\/congres\/#primaryimage"},"thumbnailUrl":"https:\/\/www.cahr-acrv.ca\/wp-content\/uploads\/2025\/06\/CAHR-Conference2026-logo-FRE-GREY.svg","datePublished":"2015-05-12T18:29:50+00:00","dateModified":"2025-12-08T17:02:19+00:00","breadcrumb":{"@id":"https:\/\/www.cahr-acrv.ca\/fr\/congres\/#breadcrumb"},"inLanguage":"fr-FR","potentialAction":[{"@type":"ReadAction","target":["https:\/\/www.cahr-acrv.ca\/fr\/congres\/"]}]},{"@type":"ImageObject","inLanguage":"fr-FR","@id":"https:\/\/www.cahr-acrv.ca\/fr\/congres\/#primaryimage","url":"https:\/\/www.cahr-acrv.ca\/wp-content\/uploads\/2025\/06\/CAHR-Conference2026-logo-FRE-GREY.svg","contentUrl":"https:\/\/www.cahr-acrv.ca\/wp-content\/uploads\/2025\/06\/CAHR-Conference2026-logo-FRE-GREY.svg","width":360,"height":328,"caption":"Congr\u00e8s de l\u2019ACRV 2026"},{"@type":"BreadcrumbList","@id":"https:\/\/www.cahr-acrv.ca\/fr\/congres\/#breadcrumb","itemListElement":[{"@type":"ListItem","position":1,"name":"Accueil","item":"https:\/\/www.cahr-acrv.ca\/fr\/accueil\/"},{"@type":"ListItem","position":2,"name":"ACRV 2026"}]},{"@type":"WebSite","@id":"https:\/\/www.cahr-acrv.ca\/#website","url":"https:\/\/www.cahr-acrv.ca\/","name":"ACRV","description":"L'association canadienne de recherche sur le VIH","publisher":{"@id":"https:\/\/www.cahr-acrv.ca\/#organization"},"potentialAction":[{"@type":"SearchAction","target":{"@type":"EntryPoint","urlTemplate":"https:\/\/www.cahr-acrv.ca\/?s={search_term_string}"},"query-input":{"@type":"PropertyValueSpecification","valueRequired":true,"valueName":"search_term_string"}}],"inLanguage":"fr-FR"},{"@type":"Organization","@id":"https:\/\/www.cahr-acrv.ca\/#organization","name":"Canadian Association for HIV Research","alternateName":"CAHR","url":"https:\/\/www.cahr-acrv.ca\/","logo":{"@type":"ImageObject","inLanguage":"fr-FR","@id":"https:\/\/www.cahr-acrv.ca\/#\/schema\/logo\/image\/","url":"https:\/\/www.cahr-acrv.ca\/wp-content\/uploads\/2025\/06\/cahr-organization-logo.png","contentUrl":"https:\/\/www.cahr-acrv.ca\/wp-content\/uploads\/2025\/06\/cahr-organization-logo.png","width":696,"height":696,"caption":"Canadian Association for HIV Research"},"image":{"@id":"https:\/\/www.cahr-acrv.ca\/#\/schema\/logo\/image\/"},"sameAs":["https:\/\/www.facebook.com\/CanadianAssociationforHIVResearch","https:\/\/x.com\/CAHR_ACRV","https:\/\/bsky.app\/profile\/cahr-acrv.bsky.social","https:\/\/www.youtube.com\/user\/CAHRACRV","https:\/\/www.instagram.com\/cahr_acrv\/","https:\/\/www.linkedin.com\/company\/canadian-association-for-hiv-research\/"]}]}},"_links":{"self":[{"href":"https:\/\/www.cahr-acrv.ca\/fr\/wp-json\/wp\/v2\/pages\/5822","targetHints":{"allow":["GET"]}}],"collection":[{"href":"https:\/\/www.cahr-acrv.ca\/fr\/wp-json\/wp\/v2\/pages"}],"about":[{"href":"https:\/\/www.cahr-acrv.ca\/fr\/wp-json\/wp\/v2\/types\/page"}],"author":[{"embeddable":true,"href":"https:\/\/www.cahr-acrv.ca\/fr\/wp-json\/wp\/v2\/users\/9"}],"replies":[{"embeddable":true,"href":"https:\/\/www.cahr-acrv.ca\/fr\/wp-json\/wp\/v2\/comments?post=5822"}],"version-history":[{"count":0,"href":"https:\/\/www.cahr-acrv.ca\/fr\/wp-json\/wp\/v2\/pages\/5822\/revisions"}],"wp:featuredmedia":[{"embeddable":true,"href":"https:\/\/www.cahr-acrv.ca\/fr\/wp-json\/wp\/v2\/media\/15566"}],"wp:attachment":[{"href":"https:\/\/www.cahr-acrv.ca\/fr\/wp-json\/wp\/v2\/media?parent=5822"}],"curies":[{"name":"wp","href":"https:\/\/api.w.org\/{rel}","templated":true}]}}