{"id":5631,"date":"2013-03-14T16:18:20","date_gmt":"2013-03-14T20:18:20","guid":{"rendered":"https:\/\/cahr.wpengine.com\/?page_id=5631"},"modified":"2025-02-12T14:39:00","modified_gmt":"2025-02-12T19:39:00","slug":"conference-mark-a-wainberg","status":"publish","type":"page","link":"https:\/\/www.cahr-acrv.ca\/fr\/congres\/conference-mark-a-wainberg\/","title":{"rendered":"Conf\u00e9rence Mark A. Wainberg"},"content":{"rendered":"<h2>Au-del\u00e0 de l\u2019apaisement : Le VIH, la sant\u00e9 et les promesses d\u2019\u00e9mancipation des Noirs<\/h2>\n<p><strong>Date : jeudi 1 mai<br \/>\n<\/strong><strong>Heure\u00a0: 17\u00a0h\u00a030 \u00e0 19\u00a0h<br \/>\n<\/strong><strong>Pr\u00e9sentateur : M. Winston Husbands (PhD), professeur associ\u00e9, \u00c9cole de sant\u00e9 publique Dalla Lana de l\u2019Universit\u00e9 de Toronto<\/strong><\/p>\n<p><em>C\u2019est depuis les ann\u00e9es 1990 que M. Winston est actif dans la recherche, la d\u00e9fense et le renforcement des capacit\u00e9s, de m\u00eame que la mobilisation communautaire concernant le VIH dans les collectivit\u00e9s noires. Actuellement, son travail au sein du comit\u00e9 provisoire sur le VIH affectant les collectivit\u00e9s noires canadiennes (ICHBCC) vise les barri\u00e8res syst\u00e9miques et l\u2019indiff\u00e9rence institutionnelle qui normalisent le fardeau excessivement disproportionn\u00e9 qu\u2019assument les Noirs dans l\u2019\u00e9pid\u00e9mie canadienne de VIH. Parmi ses appartenances pr\u00e9c\u00e9dentes, mentionnons des r\u00f4les de direction dans de grandes organisations communautaires canadiennes du domaine du VIH. M. Winston est professeur associ\u00e9 \u00e0 l\u2019\u00c9cole de sant\u00e9 publique Dalla Lana de l\u2019Universit\u00e9 de Toronto et, auparavant, \u00e9tait chercheur principal au R\u00e9seau ontarien de traitement du VIH.<\/em><\/p>\n<p>Pour l\u2019essentiel, la politique canadienne sur le VIH et les institutions de recherche en place interpr\u00e8tent faussement le pass\u00e9, le pr\u00e9sent et l\u2019avenir possible de l\u2019\u00e9pid\u00e9mie de VIH au Canada. Par cons\u00e9quent, la vie et les moyens de subsistance des Noirs sont accapar\u00e9s comme mati\u00e8re brute d\u2019un syst\u00e8me supprimant la l\u00e9gitimit\u00e9 des revendications des Noirs \u00e0 l\u2019\u00e9quit\u00e9 en mati\u00e8re de sant\u00e9 et de bien-\u00eatre. Au cours des 35 derni\u00e8res ann\u00e9es au moins, les collectivit\u00e9s noires ont assum\u00e9 un fardeau largement disproportionn\u00e9 de l\u2019\u00e9pid\u00e9mie de VIH du Canada tout en \u00e9tant \u00e9cart\u00e9es de l\u2019effort organis\u00e9 pour comprendre le VIH et lutter contre. En 2022, un groupe d\u2019\u00e9rudits noirs du domaine du VIH, de praticiens des soins de sant\u00e9 de premi\u00e8re ligne et de d\u00e9fenseurs de la collectivit\u00e9 se sont rassembl\u00e9s pour r\u00e9diger le Black HIV Manifesto et d\u00e9fendre les approches transformatrices pour la recherche et la politique sanitaires concernant le VIH. Dans cet expos\u00e9, nous: a) faisons un examen de la crise du VIH naissant de r\u00e9ponses structurellement injustes \u00e0 l\u2019\u00e9pid\u00e9mie, (b) situons l\u2019ICHBCC et son travail dans le concept de l\u2019\u00e9mancipation des Noirs, et (c) lan\u00e7ons un appel aux coll\u00e8gues Noirs de l\u2019ensemble du Canada pour se mobiliser dans le sens des efforts de l\u2019ICHBCC.<\/p>\n","protected":false},"excerpt":{"rendered":"<p>Au-del\u00e0 de l\u2019apaisement : Le VIH, la sant\u00e9 et les promesses d\u2019\u00e9mancipation des Noirs Date : jeudi 1 mai Heure\u00a0: 17\u00a0h\u00a030 \u00e0 19\u00a0h Pr\u00e9sentateur : M. Winston Husbands (PhD), professeur associ\u00e9, \u00c9cole de sant\u00e9 publique Dalla Lana de l\u2019Universit\u00e9 de Toronto C\u2019est depuis les ann\u00e9es 1990 que M. Winston est actif dans la recherche, la [&hellip;]<\/p>\n","protected":false},"author":9,"featured_media":0,"parent":5822,"menu_order":0,"comment_status":"closed","ping_status":"closed","template":"","meta":{"_acf_changed":false,"inline_featured_image":false,"footnotes":""},"class_list":["post-5631","page","type-page","status-publish","hentry"],"acf":[],"yoast_head":"<!-- This site is optimized with the Yoast SEO plugin v27.2 - https:\/\/yoast.com\/product\/yoast-seo-wordpress\/ -->\n<title>Conf\u00e9rence Mark A. Wainberg &#8211; ACRV<\/title>\n<meta name=\"robots\" content=\"index, follow, max-snippet:-1, max-image-preview:large, max-video-preview:-1\" \/>\n<link rel=\"canonical\" href=\"https:\/\/www.cahr-acrv.ca\/fr\/congres\/conference-mark-a-wainberg\/\" \/>\n<meta property=\"og:locale\" content=\"fr_FR\" \/>\n<meta property=\"og:type\" content=\"article\" \/>\n<meta property=\"og:title\" content=\"Conf\u00e9rence Mark A. Wainberg &#8211; ACRV\" \/>\n<meta property=\"og:description\" content=\"Au-del\u00e0 de l\u2019apaisement : Le VIH, la sant\u00e9 et les promesses d\u2019\u00e9mancipation des Noirs Date : jeudi 1 mai Heure\u00a0: 17\u00a0h\u00a030 \u00e0 19\u00a0h Pr\u00e9sentateur : M. Winston Husbands (PhD), professeur associ\u00e9, \u00c9cole de sant\u00e9 publique Dalla Lana de l\u2019Universit\u00e9 de Toronto C\u2019est depuis les ann\u00e9es 1990 que M. Winston est actif dans la recherche, la [&hellip;]\" \/>\n<meta property=\"og:url\" content=\"https:\/\/www.cahr-acrv.ca\/fr\/congres\/conference-mark-a-wainberg\/\" \/>\n<meta property=\"og:site_name\" content=\"ACRV\" \/>\n<meta property=\"article:publisher\" content=\"https:\/\/www.facebook.com\/CanadianAssociationforHIVResearch\" \/>\n<meta property=\"article:modified_time\" content=\"2025-02-12T19:39:00+00:00\" \/>\n<meta name=\"twitter:card\" content=\"summary_large_image\" \/>\n<meta name=\"twitter:site\" content=\"@CAHR_ACRV\" \/>\n<meta name=\"twitter:label1\" content=\"Dur\u00e9e de lecture estim\u00e9e\" \/>\n\t<meta name=\"twitter:data1\" content=\"2 minutes\" \/>\n<script type=\"application\/ld+json\" class=\"yoast-schema-graph\">{\"@context\":\"https:\/\/schema.org\",\"@graph\":[{\"@type\":\"WebPage\",\"@id\":\"https:\/\/www.cahr-acrv.ca\/fr\/congres\/conference-mark-a-wainberg\/\",\"url\":\"https:\/\/www.cahr-acrv.ca\/fr\/congres\/conference-mark-a-wainberg\/\",\"name\":\"Conf\u00e9rence Mark A. Wainberg &#8211; ACRV\",\"isPartOf\":{\"@id\":\"https:\/\/www.cahr-acrv.ca\/#website\"},\"datePublished\":\"2013-03-14T20:18:20+00:00\",\"dateModified\":\"2025-02-12T19:39:00+00:00\",\"breadcrumb\":{\"@id\":\"https:\/\/www.cahr-acrv.ca\/fr\/congres\/conference-mark-a-wainberg\/#breadcrumb\"},\"inLanguage\":\"fr-FR\",\"potentialAction\":[{\"@type\":\"ReadAction\",\"target\":[\"https:\/\/www.cahr-acrv.ca\/fr\/congres\/conference-mark-a-wainberg\/\"]}]},{\"@type\":\"BreadcrumbList\",\"@id\":\"https:\/\/www.cahr-acrv.ca\/fr\/congres\/conference-mark-a-wainberg\/#breadcrumb\",\"itemListElement\":[{\"@type\":\"ListItem\",\"position\":1,\"name\":\"Accueil\",\"item\":\"https:\/\/www.cahr-acrv.ca\/fr\/accueil\/\"},{\"@type\":\"ListItem\",\"position\":2,\"name\":\"Congr\u00e9s\"},{\"@type\":\"ListItem\",\"position\":3,\"name\":\"ACRV 2026\",\"item\":\"https:\/\/www.cahr-acrv.ca\/fr\/congres\/\"},{\"@type\":\"ListItem\",\"position\":4,\"name\":\"Conf\u00e9rence Mark A. Wainberg\"}]},{\"@type\":\"WebSite\",\"@id\":\"https:\/\/www.cahr-acrv.ca\/#website\",\"url\":\"https:\/\/www.cahr-acrv.ca\/\",\"name\":\"ACRV\",\"description\":\"L'association canadienne de recherche sur le VIH\",\"publisher\":{\"@id\":\"https:\/\/www.cahr-acrv.ca\/#organization\"},\"potentialAction\":[{\"@type\":\"SearchAction\",\"target\":{\"@type\":\"EntryPoint\",\"urlTemplate\":\"https:\/\/www.cahr-acrv.ca\/?s={search_term_string}\"},\"query-input\":{\"@type\":\"PropertyValueSpecification\",\"valueRequired\":true,\"valueName\":\"search_term_string\"}}],\"inLanguage\":\"fr-FR\"},{\"@type\":\"Organization\",\"@id\":\"https:\/\/www.cahr-acrv.ca\/#organization\",\"name\":\"Canadian Association for HIV Research\",\"alternateName\":\"CAHR\",\"url\":\"https:\/\/www.cahr-acrv.ca\/\",\"logo\":{\"@type\":\"ImageObject\",\"inLanguage\":\"fr-FR\",\"@id\":\"https:\/\/www.cahr-acrv.ca\/#\/schema\/logo\/image\/\",\"url\":\"https:\/\/www.cahr-acrv.ca\/wp-content\/uploads\/2025\/06\/cahr-organization-logo.png\",\"contentUrl\":\"https:\/\/www.cahr-acrv.ca\/wp-content\/uploads\/2025\/06\/cahr-organization-logo.png\",\"width\":696,\"height\":696,\"caption\":\"Canadian Association for HIV Research\"},\"image\":{\"@id\":\"https:\/\/www.cahr-acrv.ca\/#\/schema\/logo\/image\/\"},\"sameAs\":[\"https:\/\/www.facebook.com\/CanadianAssociationforHIVResearch\",\"https:\/\/x.com\/CAHR_ACRV\",\"https:\/\/bsky.app\/profile\/cahr-acrv.bsky.social\",\"https:\/\/www.youtube.com\/user\/CAHRACRV\",\"https:\/\/www.instagram.com\/cahr_acrv\/\",\"https:\/\/www.linkedin.com\/company\/canadian-association-for-hiv-research\/\"]}]}<\/script>\n<!-- \/ Yoast SEO plugin. -->","yoast_head_json":{"title":"Conf\u00e9rence Mark A. Wainberg &#8211; ACRV","robots":{"index":"index","follow":"follow","max-snippet":"max-snippet:-1","max-image-preview":"max-image-preview:large","max-video-preview":"max-video-preview:-1"},"canonical":"https:\/\/www.cahr-acrv.ca\/fr\/congres\/conference-mark-a-wainberg\/","og_locale":"fr_FR","og_type":"article","og_title":"Conf\u00e9rence Mark A. Wainberg &#8211; ACRV","og_description":"Au-del\u00e0 de l\u2019apaisement : Le VIH, la sant\u00e9 et les promesses d\u2019\u00e9mancipation des Noirs Date : jeudi 1 mai Heure\u00a0: 17\u00a0h\u00a030 \u00e0 19\u00a0h Pr\u00e9sentateur : M. Winston Husbands (PhD), professeur associ\u00e9, \u00c9cole de sant\u00e9 publique Dalla Lana de l\u2019Universit\u00e9 de Toronto C\u2019est depuis les ann\u00e9es 1990 que M. Winston est actif dans la recherche, la [&hellip;]","og_url":"https:\/\/www.cahr-acrv.ca\/fr\/congres\/conference-mark-a-wainberg\/","og_site_name":"ACRV","article_publisher":"https:\/\/www.facebook.com\/CanadianAssociationforHIVResearch","article_modified_time":"2025-02-12T19:39:00+00:00","twitter_card":"summary_large_image","twitter_site":"@CAHR_ACRV","twitter_misc":{"Dur\u00e9e de lecture estim\u00e9e":"2 minutes"},"schema":{"@context":"https:\/\/schema.org","@graph":[{"@type":"WebPage","@id":"https:\/\/www.cahr-acrv.ca\/fr\/congres\/conference-mark-a-wainberg\/","url":"https:\/\/www.cahr-acrv.ca\/fr\/congres\/conference-mark-a-wainberg\/","name":"Conf\u00e9rence Mark A. Wainberg &#8211; ACRV","isPartOf":{"@id":"https:\/\/www.cahr-acrv.ca\/#website"},"datePublished":"2013-03-14T20:18:20+00:00","dateModified":"2025-02-12T19:39:00+00:00","breadcrumb":{"@id":"https:\/\/www.cahr-acrv.ca\/fr\/congres\/conference-mark-a-wainberg\/#breadcrumb"},"inLanguage":"fr-FR","potentialAction":[{"@type":"ReadAction","target":["https:\/\/www.cahr-acrv.ca\/fr\/congres\/conference-mark-a-wainberg\/"]}]},{"@type":"BreadcrumbList","@id":"https:\/\/www.cahr-acrv.ca\/fr\/congres\/conference-mark-a-wainberg\/#breadcrumb","itemListElement":[{"@type":"ListItem","position":1,"name":"Accueil","item":"https:\/\/www.cahr-acrv.ca\/fr\/accueil\/"},{"@type":"ListItem","position":2,"name":"Congr\u00e9s"},{"@type":"ListItem","position":3,"name":"ACRV 2026","item":"https:\/\/www.cahr-acrv.ca\/fr\/congres\/"},{"@type":"ListItem","position":4,"name":"Conf\u00e9rence Mark A. Wainberg"}]},{"@type":"WebSite","@id":"https:\/\/www.cahr-acrv.ca\/#website","url":"https:\/\/www.cahr-acrv.ca\/","name":"ACRV","description":"L'association canadienne de recherche sur le VIH","publisher":{"@id":"https:\/\/www.cahr-acrv.ca\/#organization"},"potentialAction":[{"@type":"SearchAction","target":{"@type":"EntryPoint","urlTemplate":"https:\/\/www.cahr-acrv.ca\/?s={search_term_string}"},"query-input":{"@type":"PropertyValueSpecification","valueRequired":true,"valueName":"search_term_string"}}],"inLanguage":"fr-FR"},{"@type":"Organization","@id":"https:\/\/www.cahr-acrv.ca\/#organization","name":"Canadian Association for HIV Research","alternateName":"CAHR","url":"https:\/\/www.cahr-acrv.ca\/","logo":{"@type":"ImageObject","inLanguage":"fr-FR","@id":"https:\/\/www.cahr-acrv.ca\/#\/schema\/logo\/image\/","url":"https:\/\/www.cahr-acrv.ca\/wp-content\/uploads\/2025\/06\/cahr-organization-logo.png","contentUrl":"https:\/\/www.cahr-acrv.ca\/wp-content\/uploads\/2025\/06\/cahr-organization-logo.png","width":696,"height":696,"caption":"Canadian Association for HIV Research"},"image":{"@id":"https:\/\/www.cahr-acrv.ca\/#\/schema\/logo\/image\/"},"sameAs":["https:\/\/www.facebook.com\/CanadianAssociationforHIVResearch","https:\/\/x.com\/CAHR_ACRV","https:\/\/bsky.app\/profile\/cahr-acrv.bsky.social","https:\/\/www.youtube.com\/user\/CAHRACRV","https:\/\/www.instagram.com\/cahr_acrv\/","https:\/\/www.linkedin.com\/company\/canadian-association-for-hiv-research\/"]}]}},"_links":{"self":[{"href":"https:\/\/www.cahr-acrv.ca\/fr\/wp-json\/wp\/v2\/pages\/5631","targetHints":{"allow":["GET"]}}],"collection":[{"href":"https:\/\/www.cahr-acrv.ca\/fr\/wp-json\/wp\/v2\/pages"}],"about":[{"href":"https:\/\/www.cahr-acrv.ca\/fr\/wp-json\/wp\/v2\/types\/page"}],"author":[{"embeddable":true,"href":"https:\/\/www.cahr-acrv.ca\/fr\/wp-json\/wp\/v2\/users\/9"}],"replies":[{"embeddable":true,"href":"https:\/\/www.cahr-acrv.ca\/fr\/wp-json\/wp\/v2\/comments?post=5631"}],"version-history":[{"count":0,"href":"https:\/\/www.cahr-acrv.ca\/fr\/wp-json\/wp\/v2\/pages\/5631\/revisions"}],"up":[{"embeddable":true,"href":"https:\/\/www.cahr-acrv.ca\/fr\/wp-json\/wp\/v2\/pages\/5822"}],"wp:attachment":[{"href":"https:\/\/www.cahr-acrv.ca\/fr\/wp-json\/wp\/v2\/media?parent=5631"}],"curies":[{"name":"wp","href":"https:\/\/api.w.org\/{rel}","templated":true}]}}