{"id":496,"date":"2012-09-25T20:12:42","date_gmt":"2012-09-26T00:12:42","guid":{"rendered":"https:\/\/cahr.wpengine.com\/?page_id=496"},"modified":"2018-01-23T16:08:19","modified_gmt":"2018-01-23T21:08:19","slug":"formation","status":"publish","type":"page","link":"https:\/\/www.cahr-acrv.ca\/fr\/formation\/","title":{"rendered":"Formation"},"content":{"rendered":"<p>Dans le cadre de sa mission, l\u2019ACRV promeut la formation et le d\u00e9veloppement de la nouvelle g\u00e9n\u00e9ration de chercheurs du domaine du VIH.<\/p>\n<p>En plus d\u2019un soutien direct aux \u00e9tudiants (Bourses de recherche de niveau ma\u00eetrise et doctorat), l\u2019ACRV offre un nombre croissant d\u2019ateliers de formation qui cadrent avec ses quatre volets de recherche (sciences fondamentales, sciences cliniques, \u00e9pid\u00e9miologie et sant\u00e9 publique et sciences sociales), avec un nouvel accent plac\u00e9 sur la recherche communautaire. L\u2019ACRV travaille \u00e9galement \u00e0 la pr\u00e9paration d\u2019outils en ligne et de documents pour r\u00e9pondre aux besoins des jeunes chercheurs. Pour plus de renseignements, parcourez les pages suivantes : <a title=\"La recherche communautaire\" href=\"https:\/\/www.cahr-acrv.ca\/fr\/formation\/recherche-communautaire\/\" target=\"_blank\" rel=\"noopener\">Recherche communautaire<\/a>,<a title=\"Ateliers\" href=\"https:\/\/www.cahr-acrv.ca\/fr\/formation\/ateliers\/\" target=\"_blank\" rel=\"noopener\"> Ateliers<\/a>, et <a title=\"Ressources\" href=\"https:\/\/www.cahr-acrv.ca\/fr\/formation\/ressources\/\" target=\"_blank\" rel=\"noopener\">Ressources<\/a>.\u201d<\/p>\n","protected":false},"excerpt":{"rendered":"<p>Dans le cadre de sa mission, l\u2019ACRV promeut la formation et le d\u00e9veloppement de la nouvelle g\u00e9n\u00e9ration de chercheurs du domaine du VIH. En plus d\u2019un soutien direct aux \u00e9tudiants (Bourses de recherche de niveau ma\u00eetrise et doctorat), l\u2019ACRV offre un nombre croissant d\u2019ateliers de formation qui cadrent avec ses quatre volets de recherche (sciences [&hellip;]<\/p>\n","protected":false},"author":9,"featured_media":0,"parent":0,"menu_order":0,"comment_status":"closed","ping_status":"closed","template":"","meta":{"_acf_changed":false,"inline_featured_image":false,"footnotes":""},"class_list":["post-496","page","type-page","status-publish","hentry"],"acf":[],"yoast_head":"<!-- This site is optimized with the Yoast SEO plugin v27.2 - https:\/\/yoast.com\/product\/yoast-seo-wordpress\/ -->\n<title>Formation &#8211; ACRV<\/title>\n<meta name=\"robots\" content=\"index, follow, max-snippet:-1, max-image-preview:large, max-video-preview:-1\" \/>\n<link rel=\"canonical\" href=\"https:\/\/www.cahr-acrv.ca\/fr\/formation\/\" \/>\n<meta property=\"og:locale\" content=\"fr_FR\" \/>\n<meta property=\"og:type\" content=\"article\" \/>\n<meta property=\"og:title\" content=\"Formation &#8211; ACRV\" \/>\n<meta property=\"og:description\" content=\"Dans le cadre de sa mission, l\u2019ACRV promeut la formation et le d\u00e9veloppement de la nouvelle g\u00e9n\u00e9ration de chercheurs du domaine du VIH. En plus d\u2019un soutien direct aux \u00e9tudiants (Bourses de recherche de niveau ma\u00eetrise et doctorat), l\u2019ACRV offre un nombre croissant d\u2019ateliers de formation qui cadrent avec ses quatre volets de recherche (sciences [&hellip;]\" \/>\n<meta property=\"og:url\" content=\"https:\/\/www.cahr-acrv.ca\/fr\/formation\/\" \/>\n<meta property=\"og:site_name\" content=\"ACRV\" \/>\n<meta property=\"article:publisher\" content=\"https:\/\/www.facebook.com\/CanadianAssociationforHIVResearch\" \/>\n<meta property=\"article:modified_time\" content=\"2018-01-23T21:08:19+00:00\" \/>\n<meta name=\"twitter:card\" content=\"summary_large_image\" \/>\n<meta name=\"twitter:site\" content=\"@CAHR_ACRV\" \/>\n<meta name=\"twitter:label1\" content=\"Dur\u00e9e de lecture estim\u00e9e\" \/>\n\t<meta name=\"twitter:data1\" content=\"1 minute\" \/>\n<script type=\"application\/ld+json\" class=\"yoast-schema-graph\">{\"@context\":\"https:\/\/schema.org\",\"@graph\":[{\"@type\":\"WebPage\",\"@id\":\"https:\/\/www.cahr-acrv.ca\/fr\/formation\/\",\"url\":\"https:\/\/www.cahr-acrv.ca\/fr\/formation\/\",\"name\":\"Formation &#8211; ACRV\",\"isPartOf\":{\"@id\":\"https:\/\/www.cahr-acrv.ca\/#website\"},\"datePublished\":\"2012-09-26T00:12:42+00:00\",\"dateModified\":\"2018-01-23T21:08:19+00:00\",\"breadcrumb\":{\"@id\":\"https:\/\/www.cahr-acrv.ca\/fr\/formation\/#breadcrumb\"},\"inLanguage\":\"fr-FR\",\"potentialAction\":[{\"@type\":\"ReadAction\",\"target\":[\"https:\/\/www.cahr-acrv.ca\/fr\/formation\/\"]}]},{\"@type\":\"BreadcrumbList\",\"@id\":\"https:\/\/www.cahr-acrv.ca\/fr\/formation\/#breadcrumb\",\"itemListElement\":[{\"@type\":\"ListItem\",\"position\":1,\"name\":\"Accueil\",\"item\":\"https:\/\/www.cahr-acrv.ca\/fr\/accueil\/\"},{\"@type\":\"ListItem\",\"position\":2,\"name\":\"Formation\"}]},{\"@type\":\"WebSite\",\"@id\":\"https:\/\/www.cahr-acrv.ca\/#website\",\"url\":\"https:\/\/www.cahr-acrv.ca\/\",\"name\":\"ACRV\",\"description\":\"L'association canadienne de recherche sur le VIH\",\"publisher\":{\"@id\":\"https:\/\/www.cahr-acrv.ca\/#organization\"},\"potentialAction\":[{\"@type\":\"SearchAction\",\"target\":{\"@type\":\"EntryPoint\",\"urlTemplate\":\"https:\/\/www.cahr-acrv.ca\/?s={search_term_string}\"},\"query-input\":{\"@type\":\"PropertyValueSpecification\",\"valueRequired\":true,\"valueName\":\"search_term_string\"}}],\"inLanguage\":\"fr-FR\"},{\"@type\":\"Organization\",\"@id\":\"https:\/\/www.cahr-acrv.ca\/#organization\",\"name\":\"Canadian Association for HIV Research\",\"alternateName\":\"CAHR\",\"url\":\"https:\/\/www.cahr-acrv.ca\/\",\"logo\":{\"@type\":\"ImageObject\",\"inLanguage\":\"fr-FR\",\"@id\":\"https:\/\/www.cahr-acrv.ca\/#\/schema\/logo\/image\/\",\"url\":\"https:\/\/www.cahr-acrv.ca\/wp-content\/uploads\/2025\/06\/cahr-organization-logo.png\",\"contentUrl\":\"https:\/\/www.cahr-acrv.ca\/wp-content\/uploads\/2025\/06\/cahr-organization-logo.png\",\"width\":696,\"height\":696,\"caption\":\"Canadian Association for HIV Research\"},\"image\":{\"@id\":\"https:\/\/www.cahr-acrv.ca\/#\/schema\/logo\/image\/\"},\"sameAs\":[\"https:\/\/www.facebook.com\/CanadianAssociationforHIVResearch\",\"https:\/\/x.com\/CAHR_ACRV\",\"https:\/\/bsky.app\/profile\/cahr-acrv.bsky.social\",\"https:\/\/www.youtube.com\/user\/CAHRACRV\",\"https:\/\/www.instagram.com\/cahr_acrv\/\",\"https:\/\/www.linkedin.com\/company\/canadian-association-for-hiv-research\/\"]}]}<\/script>\n<!-- \/ Yoast SEO plugin. -->","yoast_head_json":{"title":"Formation &#8211; ACRV","robots":{"index":"index","follow":"follow","max-snippet":"max-snippet:-1","max-image-preview":"max-image-preview:large","max-video-preview":"max-video-preview:-1"},"canonical":"https:\/\/www.cahr-acrv.ca\/fr\/formation\/","og_locale":"fr_FR","og_type":"article","og_title":"Formation &#8211; ACRV","og_description":"Dans le cadre de sa mission, l\u2019ACRV promeut la formation et le d\u00e9veloppement de la nouvelle g\u00e9n\u00e9ration de chercheurs du domaine du VIH. En plus d\u2019un soutien direct aux \u00e9tudiants (Bourses de recherche de niveau ma\u00eetrise et doctorat), l\u2019ACRV offre un nombre croissant d\u2019ateliers de formation qui cadrent avec ses quatre volets de recherche (sciences [&hellip;]","og_url":"https:\/\/www.cahr-acrv.ca\/fr\/formation\/","og_site_name":"ACRV","article_publisher":"https:\/\/www.facebook.com\/CanadianAssociationforHIVResearch","article_modified_time":"2018-01-23T21:08:19+00:00","twitter_card":"summary_large_image","twitter_site":"@CAHR_ACRV","twitter_misc":{"Dur\u00e9e de lecture estim\u00e9e":"1 minute"},"schema":{"@context":"https:\/\/schema.org","@graph":[{"@type":"WebPage","@id":"https:\/\/www.cahr-acrv.ca\/fr\/formation\/","url":"https:\/\/www.cahr-acrv.ca\/fr\/formation\/","name":"Formation &#8211; ACRV","isPartOf":{"@id":"https:\/\/www.cahr-acrv.ca\/#website"},"datePublished":"2012-09-26T00:12:42+00:00","dateModified":"2018-01-23T21:08:19+00:00","breadcrumb":{"@id":"https:\/\/www.cahr-acrv.ca\/fr\/formation\/#breadcrumb"},"inLanguage":"fr-FR","potentialAction":[{"@type":"ReadAction","target":["https:\/\/www.cahr-acrv.ca\/fr\/formation\/"]}]},{"@type":"BreadcrumbList","@id":"https:\/\/www.cahr-acrv.ca\/fr\/formation\/#breadcrumb","itemListElement":[{"@type":"ListItem","position":1,"name":"Accueil","item":"https:\/\/www.cahr-acrv.ca\/fr\/accueil\/"},{"@type":"ListItem","position":2,"name":"Formation"}]},{"@type":"WebSite","@id":"https:\/\/www.cahr-acrv.ca\/#website","url":"https:\/\/www.cahr-acrv.ca\/","name":"ACRV","description":"L'association canadienne de recherche sur le VIH","publisher":{"@id":"https:\/\/www.cahr-acrv.ca\/#organization"},"potentialAction":[{"@type":"SearchAction","target":{"@type":"EntryPoint","urlTemplate":"https:\/\/www.cahr-acrv.ca\/?s={search_term_string}"},"query-input":{"@type":"PropertyValueSpecification","valueRequired":true,"valueName":"search_term_string"}}],"inLanguage":"fr-FR"},{"@type":"Organization","@id":"https:\/\/www.cahr-acrv.ca\/#organization","name":"Canadian Association for HIV Research","alternateName":"CAHR","url":"https:\/\/www.cahr-acrv.ca\/","logo":{"@type":"ImageObject","inLanguage":"fr-FR","@id":"https:\/\/www.cahr-acrv.ca\/#\/schema\/logo\/image\/","url":"https:\/\/www.cahr-acrv.ca\/wp-content\/uploads\/2025\/06\/cahr-organization-logo.png","contentUrl":"https:\/\/www.cahr-acrv.ca\/wp-content\/uploads\/2025\/06\/cahr-organization-logo.png","width":696,"height":696,"caption":"Canadian Association for HIV Research"},"image":{"@id":"https:\/\/www.cahr-acrv.ca\/#\/schema\/logo\/image\/"},"sameAs":["https:\/\/www.facebook.com\/CanadianAssociationforHIVResearch","https:\/\/x.com\/CAHR_ACRV","https:\/\/bsky.app\/profile\/cahr-acrv.bsky.social","https:\/\/www.youtube.com\/user\/CAHRACRV","https:\/\/www.instagram.com\/cahr_acrv\/","https:\/\/www.linkedin.com\/company\/canadian-association-for-hiv-research\/"]}]}},"_links":{"self":[{"href":"https:\/\/www.cahr-acrv.ca\/fr\/wp-json\/wp\/v2\/pages\/496","targetHints":{"allow":["GET"]}}],"collection":[{"href":"https:\/\/www.cahr-acrv.ca\/fr\/wp-json\/wp\/v2\/pages"}],"about":[{"href":"https:\/\/www.cahr-acrv.ca\/fr\/wp-json\/wp\/v2\/types\/page"}],"author":[{"embeddable":true,"href":"https:\/\/www.cahr-acrv.ca\/fr\/wp-json\/wp\/v2\/users\/9"}],"replies":[{"embeddable":true,"href":"https:\/\/www.cahr-acrv.ca\/fr\/wp-json\/wp\/v2\/comments?post=496"}],"version-history":[{"count":0,"href":"https:\/\/www.cahr-acrv.ca\/fr\/wp-json\/wp\/v2\/pages\/496\/revisions"}],"wp:attachment":[{"href":"https:\/\/www.cahr-acrv.ca\/fr\/wp-json\/wp\/v2\/media?parent=496"}],"curies":[{"name":"wp","href":"https:\/\/api.w.org\/{rel}","templated":true}]}}