{"id":4943,"date":"2012-10-03T15:32:49","date_gmt":"2012-10-03T19:32:49","guid":{"rendered":"https:\/\/cahr.wpengine.com\/?page_id=4943"},"modified":"2026-01-19T20:14:39","modified_gmt":"2026-01-20T01:14:39","slug":"bourses-et-prix","status":"publish","type":"page","link":"https:\/\/www.cahr-acrv.ca\/fr\/congres\/bourses-et-prix\/","title":{"rendered":"Bourses d\u2019\u00e9tudes et prix"},"content":{"rendered":"<p><strong>Vous pouvez pr\u00e9senter vos demandes de bourses d\u2019\u00e9tudes ou de prix d\u00e8s maintenant!<\/strong><\/p>\n<ul>\n<li><a href=\"#bourse-detudes\">Bourse d\u2019\u00e9tudes<\/a><\/li>\n<li><a href=\"#prix-des-nouveaux-chercheurs\">Prix des nouveaux chercheurs<\/a><\/li>\n<li><a href=\"#bourse-pour-les-membres-de-la-collectivite\">Bourse pour les membres de la collectivit\u00e9<\/a><\/li>\n<\/ul>\n<h2 id=\"bourse-detudes\">Bourse d\u2019\u00e9tudes (\u00e9tudes universitaires)<\/h2>\n<p><strong>Postulez pour une bourse d\u2019\u00e9tudes (g\u00e9n\u00e9ral)<\/strong><\/p>\n<p>Les \u00e9tudiants inscrits dans une institution canadienne et d\u00e9sign\u00e9s comme auteur pr\u00e9sentateur d\u2019un abr\u00e9g\u00e9 accept\u00e9 r\u00e9put\u00e9 \u00eatre une recherche exemplaire selon l\u2019examen par les pairs peuvent obtenir une bourse d\u2019\u00e9tudes. Deux bourses d\u2019\u00e9tudes seront d\u00e9cern\u00e9es dans chaque volet \u00e0 des candidats \u00e9tudiants\u00a0:<\/p>\n<ul>\n<li>Sciences fondamentales<\/li>\n<li>Sciences cliniques<\/li>\n<li>\u00c9pid\u00e9miologie et sant\u00e9 publique<\/li>\n<li>Sciences sociales<\/li>\n<\/ul>\n<p>Les r\u00e9cipiendaires recevront :<\/p>\n<ul>\n<li>Assistance voyage<\/li>\n<li>H\u00e9bergement gratuit \u00e0 l\u2019h\u00f4tel (jusqu\u2019\u00e0 trois nuit\u00e9es)<\/li>\n<li>Inscription gratuite au congr\u00e8s<\/li>\n<\/ul>\n<p><strong>Les \u00e9tudiants doivent faire leur demande de bourse d\u2019\u00e9tudes en m\u00eame temps qu\u2019ils soumettent leur abr\u00e9g\u00e9.<\/strong>\u00a0Si demander une bourse universitaire vous int\u00e9resse, veuillez cliquer sur \u00ab Oui \u00bb \u00e0 la rubrique Bourses du site de pr\u00e9sentation des abr\u00e9g\u00e9s. Vous pouvez pr\u00e9senter vos demandes de bourses d\u2019\u00e9tudes quel que soit l\u2019endroit o\u00f9 vous habitez au Canada.<\/p>\n<p><strong>Il faut pr\u00e9senter une preuve du statut d\u2019\u00e9tudiant. Les candidatures non accompagn\u00e9es de cette preuve \u00e0 la date limite de pr\u00e9sentation des abr\u00e9g\u00e9s, soit le 12 janvier 2026, ne seront pas retenues.<\/strong>\u00a0Par preuve du statut d\u2019\u00e9tudiant, il faut entendre (1) une copie de la carte d\u2019identit\u00e9 d\u2019\u00e9tudiant (indiquant les ann\u00e9es d\u2019inscription) ou (2) une lettre du registraire de l\u2019\u00e9tablissement d\u2019enseignement confirmant votre statut d\u2019\u00e9tudiant. Consultez la\u00a0Politique de l\u2019ACRV sur la preuve de statut d\u2019\u00e9tudiant\u00a0<a href=\"http:\/\/www.cahr-acrv.ca\/wp-content\/uploads\/2014\/10\/CAHR15-Proof-of-Student-Status-Policy-FRENCH.pdf\">ici<\/a>\u00a0. Les documents pertinents doivent \u00eatre t\u00e9l\u00e9vers\u00e9s au cours de la pr\u00e9sentation de votre abr\u00e9g\u00e9 dans le site de pr\u00e9sentation des abr\u00e9g\u00e9s.<\/p>\n<p><strong><em>Les candidats aux bourses d\u2019\u00e9tudes seront inform\u00e9s au d\u00e9but de mars 2026 de la situation de leur demande.<\/em><\/strong><\/p>\n<h2 id=\"prix-des-nouveaux-chercheurs\">Prix des nouveaux chercheurs<\/h2>\n<p><strong>Postulez \u00e0 un Prix des nouveaux chercheurs<\/strong><\/p>\n<p>Les \u00e9tudiants et les dipl\u00f4m\u00e9s r\u00e9cents (depuis au plus cinq ans) peuvent postuler pour les Prix des nouveaux chercheurs au cours du processus de pr\u00e9sentation des abr\u00e9g\u00e9s. Au total, cinq (5) Prix de nouveau chercheur seront attribu\u00e9s au cours de l\u2019ACRV 2026, un pour chacun des volets classiques (Sciences fondamentales, Sciences cliniques, Sciences sociales, \u00c9pid\u00e9miologie et sant\u00e9 publique) et un prix suppl\u00e9mentaire \u00e0 un pr\u00e9sentateur dans la cat\u00e9gorie Populations cl\u00e9s. Les candidats seront \u00e9valu\u00e9s pendant leur expos\u00e9 et le r\u00e9cipiendaire sera annonc\u00e9 au cours de la derni\u00e8re journ\u00e9e du congr\u00e8s. Le prix est de 1 000 $.<\/p>\n<p><strong>Les candidats aux Prix des nouveaux chercheurs doivent faire leur demande en m\u00eame temps qu\u2019ils soumettent leur abr\u00e9g\u00e9.<\/strong>\u00a0Si pr\u00e9senter votre candidature \u00e0 ce prix vous int\u00e9resse, veuillez s\u00e9lectionner \u00ab\u00a0Oui \u00bb \u00e0 la rubrique \u00ab Prix des nouveaux chercheurs \u00bb du site de pr\u00e9sentation des abr\u00e9g\u00e9s. \u00c0 remarquer que nul ne peut obtenir ce prix plus d\u2019une fois. Deux candidats peuvent se partager le prix (s\u2019ils sont co-pr\u00e9sentateurs).<\/p>\n<p>Pour \u00eatre admissibles, les \u00e9tudiants ou les dipl\u00f4m\u00e9s r\u00e9cents doivent produire une lettre de leur superviseur pr\u00e9cisant qu\u2019ils sont responsables du travail effectu\u00e9 concernant l\u2019abr\u00e9g\u00e9. De plus, les \u00e9tudiants doivent fournir une preuve de leur statut d\u2019\u00e9tudiant et les dipl\u00f4m\u00e9s r\u00e9cents doivent confirmer l\u2019institution \u00e9mettrice et la date de leur dipl\u00f4me.\u00a0<strong>Les candidats dont la documentation ne nous est pas parvenue \u00e0 la date limite (le lundi 12 janvier 2026) verront leur candidature rejet\u00e9e.<\/strong><\/p>\n<p>Nous acceptons deux (2) types de preuve de statut d\u2019\u00e9tudiant ou de nouveau dipl\u00f4m\u00e9\u00a0: une copie de la carte d\u2019identit\u00e9 d\u2019\u00e9tudiant (indiquant la ou les ann\u00e9es d\u2019inscription)\u00a0<strong>ou<\/strong>\u00a0une lettre du registraire de l\u2019\u00e9tablissement d\u2019enseignement confirmant le statut d\u2019\u00e9tudiant, y compris les ann\u00e9es d\u2019inscription. La preuve du statut d\u2019\u00e9tudiant doit \u00e9tablir ceci\u00a0: est\u00e0 l\u2019universit\u00e9 (\u00e9tudiant de premier cycle, de deuxi\u00e8me cycle ou de troisi\u00e8me cycle) ou entreprend\u00a0une bourse post-doctorale, bourse de recherche, internat ou r\u00e9sidence.<\/p>\n<p>Envoyez les documents requis par courriel au\u00a0<a href=\"mailto:conference@cahr-acrv.ca\">Secr\u00e9tariat du congr\u00e8s<\/a>.<\/p>\n<p><strong>Historique des prix<\/strong><\/p>\n<p>Depuis 1992, l\u2019ACRV a chaque ann\u00e9e remis des prix \u00e0 de nouveaux chercheurs afin de souligner les candidats prometteurs dans chacun de ses quatre volets de l\u2019Association. Trois des quatre prix ont \u00e9t\u00e9 nomm\u00e9s en l\u2019honneur de certaines personnes : Sciences fondamentales, Kalpesh Oza (d\u00e9c\u00e9d\u00e9 le 4 juin 1995); Sciences cliniques, Brian Farlinger (d\u00e9c\u00e9d\u00e9 le 3 juillet 1995) et \u00c9pid\u00e9miologie et sciences de la sant\u00e9 publique, Randy Coates (d\u00e9c\u00e9d\u00e9 le 26 septembre 1991). Nombre des laur\u00e9ats de Prix des nouveaux chercheurs ont continu\u00e9 \u00e0 contribuer de fa\u00e7on importante \u00e0 la recherche sur le VIH\/sida.<\/p>\n<h2 id=\"bourse-pour-les-membres-de-la-collectivite\">Bourse pour les membres de la collectivit\u00e9<\/h2>\n<p><strong>Aper\u00e7u<\/strong><\/p>\n<p>La participation de la collectivit\u00e9 a \u00e9t\u00e9, d\u00e8s le d\u00e9but de l\u2019\u00e9pid\u00e9mie, l\u2019une des caract\u00e9ristiques de la recherche et des interventions en mati\u00e8re de sant\u00e9 sur le VIH\/sida et conserve un r\u00f4le essentiel lors du congr\u00e8s annuel de l\u2019ACRV. Pour reconna\u00eetre ce r\u00f4le important et gr\u00e2ce au g\u00e9n\u00e9reux soutien de ses commanditaires, l\u2019ACRV offrira pour ce congr\u00e8s des bourses d\u2019inscription et des <strong>bourses de voyage <\/strong>pour les membres de la collectivit\u00e9. Vous trouverez ci-apr\u00e8s les renseignements d\u00e9taill\u00e9s sur le processus de demande et de s\u00e9lection des bourses d\u2019inscription des membres de la collectivit\u00e9, ainsi que le lien vers le formulaire de demande. Merci aux Instituts de recherche en sant\u00e9 du Canada (IRSC) et \u00e0 l&rsquo;Agence de la sant\u00e9 publique du Canada (ASPC) pour leur soutien essentiel \u00e0 cet programme.<\/p>\n<p><strong>Financement<\/strong><\/p>\n<p><strong>Bourses d\u2019inscription des membres de la collectivit\u00e9<br \/>\n<\/strong>L\u2019ACRV offrira encore, pour ce congr\u00e8s, 80 bourses d\u2019inscription pour les membres de la collectivit\u00e9. Les b\u00e9n\u00e9ficiaires de ces bourses recevront une inscription gratuite au congr\u00e8s. Les autres frais (voyage, h\u00e9bergement, garde des enfants, etc.) occasionn\u00e9s par la participation du b\u00e9n\u00e9ficiaire \u00e0 ce congr\u00e8s ne\u00a0<strong>seront pas couverts<\/strong>.<\/p>\n<p>\u00c0 remarquer que seules les personnes qui ont une bourse d\u2019inscription comme membres de la collectivit\u00e9 se verront offrir une inscription gratuite au congr\u00e8s\u00a0: toutes les autres devront acquitter le tarif normal du congr\u00e8s. Veillez donc \u00e0 pr\u00e9senter votre demande avant la date limite et sachez\u00a0<strong>qu\u2019aucune demande<\/strong>\u00a0admissible de bourses d\u2019inscription de membres de la collectivit\u00e9 n\u2019a \u00e9t\u00e9 refus\u00e9e depuis le d\u00e9but du programme.<\/p>\n<p><strong>Bourses de voyage pour les membres de la collectivit\u00e9<br \/>\n<\/strong>Chaque ann\u00e9e, l\u2019Association offre les bourses de voyage aux candidatures les mieux not\u00e9es pour permettre aux membres de la collectivit\u00e9 d\u2019assister au congr\u00e8s. En 2026, nous offrirons encore au moins cinq bourses de voyage pour les membres de la collectivit\u00e9.<\/p>\n<p><strong>Admissibilit\u00e9<\/strong><\/p>\n<ul>\n<li style=\"list-style-type: none;\">\n<ul>\n<li style=\"list-style-type: none;\">\n<ul>\n<li>Les candidats doivent \u00eatre citoyens canadiens ou r\u00e9sidents du Canada;<\/li>\n<li>Les candidats doivent \u00eatre des personnes vivant avec le VIH\/sida ou des travailleurs ou b\u00e9n\u00e9voles dans un domaine li\u00e9 au VIH\/sida (la priorit\u00e9 sera accord\u00e9e aux personnes vivant avec le VIH\/sida).<\/li>\n<li>Ne sont pas admissibles aux bourses pour les membres de la collectivit\u00e9 les professionnels de la sant\u00e9 (c.\u2011\u00e0\u2011d. m\u00e9decins ou PhD, infirmi\u00e8res et pharmaciens, fonctionnaires et autres qui ne correspondent pas \u00e0 la d\u00e9finition de \u00ab\u00a0membre de la collectivit\u00e9\u00a0\u00bb pour l\u2019ACRV. Les \u00e9tudiants\/stagiaires ne sont pas admissibles, car ils peuvent demander une bourse d\u2019\u00e9tudes.<\/li>\n<\/ul>\n<\/li>\n<\/ul>\n<\/li>\n<\/ul>\n<p><strong>Crit\u00e8res d\u2019\u00e9valuation<\/strong><\/p>\n<p>Voici les domaines prioritaires d\u2019attribution des bourses\u00a0:<\/p>\n<ul>\n<li style=\"list-style-type: none;\">\n<ul>\n<li style=\"list-style-type: none;\">\n<ul>\n<li>Preuve que le demandeur a un lien solide avec la collectivit\u00e9 du VIH au Canada : personnes vivant avec le VIH\/sida ou \u0153uvrant \u00e0 titre de travailleurs ou de b\u00e9n\u00e9voles dans un domaine li\u00e9 au VIH\/sida;<\/li>\n<li>Preuve que le candidat participera directement au congr\u00e8s;<\/li>\n<li>Preuve que le candidat peut t\u00e9moigner d\u2019avantages concrets d\u00e9coulant de sa pr\u00e9sence au congr\u00e8s et qu\u2019il communiquera les connaissances acquises dans une collectivit\u00e9 ou une organisation \u00e9largie de personnes \u00e0 risque, apr\u00e8s le congr\u00e8s.<\/li>\n<\/ul>\n<\/li>\n<\/ul>\n<\/li>\n<\/ul>\n<p><strong>Confidentialit\u00e9<\/strong><\/p>\n<p>Tous les renseignements donn\u00e9s sur le pr\u00e9sent formulaire seront trait\u00e9s dans la plus stricte confidentialit\u00e9 et prot\u00e9g\u00e9s en cons\u00e9quence. L\u2019information fournie servira uniquement \u00e0 l\u2019administration du programme de bourses d\u2019inscription des membres de la collectivit\u00e9. Les demandes remplies seront re\u00e7ues et trait\u00e9es par le personnel du congr\u00e8s au Secr\u00e9tariat du congr\u00e8s et dans les bureaux de l\u2019ACRV. Le Comit\u00e9 de s\u00e9lection des bourses d\u2019inscription pour les membres de la collectivit\u00e9 \u2014 compos\u00e9 uniquement de pairs de la collectivit\u00e9 \u2014 recevra et examinera les copies des demandes par un processus d\u2019examen \u00ab\u00a0\u00e0 l\u2019aveugle\u00a0\u00bb o\u00f9 seront supprim\u00e9s de la demande les noms et donn\u00e9es d\u2019identification. Les renseignements personnels ne sont recueillis et utilis\u00e9s qu\u2019aux fins du choix des candidats en fonction des crit\u00e8res de s\u00e9lection propres aux groupes prioritaires que sont les personnes vuln\u00e9rables ou marginalis\u00e9es (p. ex. personnes vivant avec le VIH\/sida, personnes identifi\u00e9es comme Autochtones, jeunes, etc.).<\/p>\n<p>Les demandes rejet\u00e9es seront supprim\u00e9es de la base de donn\u00e9es des demandes et tout imprim\u00e9 sera d\u00e9truit (d\u00e9chiquetage s\u00e9curitaire) dans les 30 jours suivant le congr\u00e8s. Les demandes approuv\u00e9es seront conserv\u00e9es en dossier dans les bureaux de l\u2019ACRV conform\u00e9ment aux dispositions l\u00e9gislatives et r\u00e9glementaires s\u2019appliquant en la mati\u00e8re.<\/p>\n<p><strong>Processus de s\u00e9lection<\/strong><\/p>\n<p>Les demandes seront achemin\u00e9es au Comit\u00e9 de s\u00e9lection des bourses d\u2019inscription pour les membres de la collectivit\u00e9 dans un processus \u00ab\u00a0\u00e0 l\u2019aveugle\u00a0\u00bb (les noms seront supprim\u00e9s). Ce comit\u00e9 comprend des membres d\u2019exp\u00e9rience de la collectivit\u00e9 des diverses r\u00e9gions du Canada, ainsi que de la ville\/province h\u00f4tesse. Pour \u00e9viter tout conflit d\u2019int\u00e9r\u00eat r\u00e9el ou per\u00e7u, les membres du Comit\u00e9 de s\u00e9lection ne sont pas admissibles aux bourses d\u2019inscription pour les membres de la collectivit\u00e9.<\/p>\n<p>Toute r\u00e9ponse aux questions sur la demande sera not\u00e9e. Les points seront accord\u00e9s uniquement d\u2019apr\u00e8s l\u2019information fournie dans la demande. Les 80\u00a0demandes obtenant les notes les plus \u00e9lev\u00e9es recevront les bourses d\u2019inscription comme membres de la collectivit\u00e9. Nous invitons les demandeurs \u00e0 veiller \u00e0 ce que leur demande soit d\u00fbment remplie, car il est possible que la note soit moins \u00e9lev\u00e9e en cas de renseignements manquants. Le Comit\u00e9 de s\u00e9lection des bourses d\u2019inscription pour les membres de la collectivit\u00e9 r\u00e9visera les r\u00e9sultats finaux pour s\u2019assurer que la s\u00e9lection respecte les crit\u00e8res et les priorit\u00e9s d\u00e9gag\u00e9s pour justifier la participation des membres de la collectivit\u00e9 au congr\u00e8s.<\/p>\n<p>Tous les candidats recevront un avis de confirmation de r\u00e9ception de leur demande. Les demandes incompl\u00e8tes seront rejet\u00e9es sans \u00eatre \u00e9tudi\u00e9es plus avant.<\/p>\n<p><strong>Des Questions?<\/strong><\/p>\n<p>Communiquez avec le\u00a0<a href=\"https:\/\/www.cahr-acrv.ca\/fr\/congres\/secretariat-du-congres\/\">Secr\u00e9tariat du congr\u00e8s<\/a>\u00a0si vous avez d\u2019autres questions.<\/p>\n","protected":false},"excerpt":{"rendered":"<p>Vous pouvez pr\u00e9senter vos demandes de bourses d\u2019\u00e9tudes ou de prix d\u00e8s maintenant! Bourse d\u2019\u00e9tudes Prix des nouveaux chercheurs Bourse pour les membres de la collectivit\u00e9 Bourse d\u2019\u00e9tudes (\u00e9tudes universitaires) Postulez pour une bourse d\u2019\u00e9tudes (g\u00e9n\u00e9ral) Les \u00e9tudiants inscrits dans une institution canadienne et d\u00e9sign\u00e9s comme auteur pr\u00e9sentateur d\u2019un abr\u00e9g\u00e9 accept\u00e9 r\u00e9put\u00e9 \u00eatre une recherche [&hellip;]<\/p>\n","protected":false},"author":9,"featured_media":0,"parent":5822,"menu_order":0,"comment_status":"closed","ping_status":"closed","template":"","meta":{"_acf_changed":false,"inline_featured_image":false,"footnotes":""},"class_list":["post-4943","page","type-page","status-publish","hentry"],"acf":[],"yoast_head":"<!-- This site is optimized with the Yoast SEO plugin v27.2 - https:\/\/yoast.com\/product\/yoast-seo-wordpress\/ -->\n<title>Bourses d\u2019\u00e9tudes et prix &#8211; ACRV<\/title>\n<meta name=\"robots\" content=\"index, follow, max-snippet:-1, max-image-preview:large, max-video-preview:-1\" \/>\n<link rel=\"canonical\" href=\"https:\/\/www.cahr-acrv.ca\/fr\/congres\/bourses-et-prix\/\" \/>\n<meta property=\"og:locale\" content=\"fr_FR\" \/>\n<meta property=\"og:type\" content=\"article\" \/>\n<meta property=\"og:title\" content=\"Bourses d\u2019\u00e9tudes et prix &#8211; ACRV\" \/>\n<meta property=\"og:description\" content=\"Vous pouvez pr\u00e9senter vos demandes de bourses d\u2019\u00e9tudes ou de prix d\u00e8s maintenant! Bourse d\u2019\u00e9tudes Prix des nouveaux chercheurs Bourse pour les membres de la collectivit\u00e9 Bourse d\u2019\u00e9tudes (\u00e9tudes universitaires) Postulez pour une bourse d\u2019\u00e9tudes (g\u00e9n\u00e9ral) Les \u00e9tudiants inscrits dans une institution canadienne et d\u00e9sign\u00e9s comme auteur pr\u00e9sentateur d\u2019un abr\u00e9g\u00e9 accept\u00e9 r\u00e9put\u00e9 \u00eatre une recherche [&hellip;]\" \/>\n<meta property=\"og:url\" content=\"https:\/\/www.cahr-acrv.ca\/fr\/congres\/bourses-et-prix\/\" \/>\n<meta property=\"og:site_name\" content=\"ACRV\" \/>\n<meta property=\"article:publisher\" content=\"https:\/\/www.facebook.com\/CanadianAssociationforHIVResearch\" \/>\n<meta property=\"article:modified_time\" content=\"2026-01-20T01:14:39+00:00\" \/>\n<meta name=\"twitter:card\" content=\"summary_large_image\" \/>\n<meta name=\"twitter:site\" content=\"@CAHR_ACRV\" \/>\n<meta name=\"twitter:label1\" content=\"Dur\u00e9e de lecture estim\u00e9e\" \/>\n\t<meta name=\"twitter:data1\" content=\"8 minutes\" \/>\n<script type=\"application\/ld+json\" class=\"yoast-schema-graph\">{\"@context\":\"https:\/\/schema.org\",\"@graph\":[{\"@type\":\"WebPage\",\"@id\":\"https:\/\/www.cahr-acrv.ca\/fr\/congres\/bourses-et-prix\/\",\"url\":\"https:\/\/www.cahr-acrv.ca\/fr\/congres\/bourses-et-prix\/\",\"name\":\"Bourses d\u2019\u00e9tudes et prix &#8211; ACRV\",\"isPartOf\":{\"@id\":\"https:\/\/www.cahr-acrv.ca\/#website\"},\"datePublished\":\"2012-10-03T19:32:49+00:00\",\"dateModified\":\"2026-01-20T01:14:39+00:00\",\"breadcrumb\":{\"@id\":\"https:\/\/www.cahr-acrv.ca\/fr\/congres\/bourses-et-prix\/#breadcrumb\"},\"inLanguage\":\"fr-FR\",\"potentialAction\":[{\"@type\":\"ReadAction\",\"target\":[\"https:\/\/www.cahr-acrv.ca\/fr\/congres\/bourses-et-prix\/\"]}]},{\"@type\":\"BreadcrumbList\",\"@id\":\"https:\/\/www.cahr-acrv.ca\/fr\/congres\/bourses-et-prix\/#breadcrumb\",\"itemListElement\":[{\"@type\":\"ListItem\",\"position\":1,\"name\":\"Accueil\",\"item\":\"https:\/\/www.cahr-acrv.ca\/fr\/accueil\/\"},{\"@type\":\"ListItem\",\"position\":2,\"name\":\"Congr\u00e9s\"},{\"@type\":\"ListItem\",\"position\":3,\"name\":\"ACRV 2026\",\"item\":\"https:\/\/www.cahr-acrv.ca\/fr\/congres\/\"},{\"@type\":\"ListItem\",\"position\":4,\"name\":\"Bourses d\u2019\u00e9tudes et prix\"}]},{\"@type\":\"WebSite\",\"@id\":\"https:\/\/www.cahr-acrv.ca\/#website\",\"url\":\"https:\/\/www.cahr-acrv.ca\/\",\"name\":\"ACRV\",\"description\":\"L'association canadienne de recherche sur le VIH\",\"publisher\":{\"@id\":\"https:\/\/www.cahr-acrv.ca\/#organization\"},\"potentialAction\":[{\"@type\":\"SearchAction\",\"target\":{\"@type\":\"EntryPoint\",\"urlTemplate\":\"https:\/\/www.cahr-acrv.ca\/?s={search_term_string}\"},\"query-input\":{\"@type\":\"PropertyValueSpecification\",\"valueRequired\":true,\"valueName\":\"search_term_string\"}}],\"inLanguage\":\"fr-FR\"},{\"@type\":\"Organization\",\"@id\":\"https:\/\/www.cahr-acrv.ca\/#organization\",\"name\":\"Canadian Association for HIV Research\",\"alternateName\":\"CAHR\",\"url\":\"https:\/\/www.cahr-acrv.ca\/\",\"logo\":{\"@type\":\"ImageObject\",\"inLanguage\":\"fr-FR\",\"@id\":\"https:\/\/www.cahr-acrv.ca\/#\/schema\/logo\/image\/\",\"url\":\"https:\/\/www.cahr-acrv.ca\/wp-content\/uploads\/2025\/06\/cahr-organization-logo.png\",\"contentUrl\":\"https:\/\/www.cahr-acrv.ca\/wp-content\/uploads\/2025\/06\/cahr-organization-logo.png\",\"width\":696,\"height\":696,\"caption\":\"Canadian Association for HIV Research\"},\"image\":{\"@id\":\"https:\/\/www.cahr-acrv.ca\/#\/schema\/logo\/image\/\"},\"sameAs\":[\"https:\/\/www.facebook.com\/CanadianAssociationforHIVResearch\",\"https:\/\/x.com\/CAHR_ACRV\",\"https:\/\/bsky.app\/profile\/cahr-acrv.bsky.social\",\"https:\/\/www.youtube.com\/user\/CAHRACRV\",\"https:\/\/www.instagram.com\/cahr_acrv\/\",\"https:\/\/www.linkedin.com\/company\/canadian-association-for-hiv-research\/\"]}]}<\/script>\n<!-- \/ Yoast SEO plugin. -->","yoast_head_json":{"title":"Bourses d\u2019\u00e9tudes et prix &#8211; ACRV","robots":{"index":"index","follow":"follow","max-snippet":"max-snippet:-1","max-image-preview":"max-image-preview:large","max-video-preview":"max-video-preview:-1"},"canonical":"https:\/\/www.cahr-acrv.ca\/fr\/congres\/bourses-et-prix\/","og_locale":"fr_FR","og_type":"article","og_title":"Bourses d\u2019\u00e9tudes et prix &#8211; ACRV","og_description":"Vous pouvez pr\u00e9senter vos demandes de bourses d\u2019\u00e9tudes ou de prix d\u00e8s maintenant! Bourse d\u2019\u00e9tudes Prix des nouveaux chercheurs Bourse pour les membres de la collectivit\u00e9 Bourse d\u2019\u00e9tudes (\u00e9tudes universitaires) Postulez pour une bourse d\u2019\u00e9tudes (g\u00e9n\u00e9ral) Les \u00e9tudiants inscrits dans une institution canadienne et d\u00e9sign\u00e9s comme auteur pr\u00e9sentateur d\u2019un abr\u00e9g\u00e9 accept\u00e9 r\u00e9put\u00e9 \u00eatre une recherche [&hellip;]","og_url":"https:\/\/www.cahr-acrv.ca\/fr\/congres\/bourses-et-prix\/","og_site_name":"ACRV","article_publisher":"https:\/\/www.facebook.com\/CanadianAssociationforHIVResearch","article_modified_time":"2026-01-20T01:14:39+00:00","twitter_card":"summary_large_image","twitter_site":"@CAHR_ACRV","twitter_misc":{"Dur\u00e9e de lecture estim\u00e9e":"8 minutes"},"schema":{"@context":"https:\/\/schema.org","@graph":[{"@type":"WebPage","@id":"https:\/\/www.cahr-acrv.ca\/fr\/congres\/bourses-et-prix\/","url":"https:\/\/www.cahr-acrv.ca\/fr\/congres\/bourses-et-prix\/","name":"Bourses d\u2019\u00e9tudes et prix &#8211; ACRV","isPartOf":{"@id":"https:\/\/www.cahr-acrv.ca\/#website"},"datePublished":"2012-10-03T19:32:49+00:00","dateModified":"2026-01-20T01:14:39+00:00","breadcrumb":{"@id":"https:\/\/www.cahr-acrv.ca\/fr\/congres\/bourses-et-prix\/#breadcrumb"},"inLanguage":"fr-FR","potentialAction":[{"@type":"ReadAction","target":["https:\/\/www.cahr-acrv.ca\/fr\/congres\/bourses-et-prix\/"]}]},{"@type":"BreadcrumbList","@id":"https:\/\/www.cahr-acrv.ca\/fr\/congres\/bourses-et-prix\/#breadcrumb","itemListElement":[{"@type":"ListItem","position":1,"name":"Accueil","item":"https:\/\/www.cahr-acrv.ca\/fr\/accueil\/"},{"@type":"ListItem","position":2,"name":"Congr\u00e9s"},{"@type":"ListItem","position":3,"name":"ACRV 2026","item":"https:\/\/www.cahr-acrv.ca\/fr\/congres\/"},{"@type":"ListItem","position":4,"name":"Bourses d\u2019\u00e9tudes et prix"}]},{"@type":"WebSite","@id":"https:\/\/www.cahr-acrv.ca\/#website","url":"https:\/\/www.cahr-acrv.ca\/","name":"ACRV","description":"L'association canadienne de recherche sur le VIH","publisher":{"@id":"https:\/\/www.cahr-acrv.ca\/#organization"},"potentialAction":[{"@type":"SearchAction","target":{"@type":"EntryPoint","urlTemplate":"https:\/\/www.cahr-acrv.ca\/?s={search_term_string}"},"query-input":{"@type":"PropertyValueSpecification","valueRequired":true,"valueName":"search_term_string"}}],"inLanguage":"fr-FR"},{"@type":"Organization","@id":"https:\/\/www.cahr-acrv.ca\/#organization","name":"Canadian Association for HIV Research","alternateName":"CAHR","url":"https:\/\/www.cahr-acrv.ca\/","logo":{"@type":"ImageObject","inLanguage":"fr-FR","@id":"https:\/\/www.cahr-acrv.ca\/#\/schema\/logo\/image\/","url":"https:\/\/www.cahr-acrv.ca\/wp-content\/uploads\/2025\/06\/cahr-organization-logo.png","contentUrl":"https:\/\/www.cahr-acrv.ca\/wp-content\/uploads\/2025\/06\/cahr-organization-logo.png","width":696,"height":696,"caption":"Canadian Association for HIV Research"},"image":{"@id":"https:\/\/www.cahr-acrv.ca\/#\/schema\/logo\/image\/"},"sameAs":["https:\/\/www.facebook.com\/CanadianAssociationforHIVResearch","https:\/\/x.com\/CAHR_ACRV","https:\/\/bsky.app\/profile\/cahr-acrv.bsky.social","https:\/\/www.youtube.com\/user\/CAHRACRV","https:\/\/www.instagram.com\/cahr_acrv\/","https:\/\/www.linkedin.com\/company\/canadian-association-for-hiv-research\/"]}]}},"_links":{"self":[{"href":"https:\/\/www.cahr-acrv.ca\/fr\/wp-json\/wp\/v2\/pages\/4943","targetHints":{"allow":["GET"]}}],"collection":[{"href":"https:\/\/www.cahr-acrv.ca\/fr\/wp-json\/wp\/v2\/pages"}],"about":[{"href":"https:\/\/www.cahr-acrv.ca\/fr\/wp-json\/wp\/v2\/types\/page"}],"author":[{"embeddable":true,"href":"https:\/\/www.cahr-acrv.ca\/fr\/wp-json\/wp\/v2\/users\/9"}],"replies":[{"embeddable":true,"href":"https:\/\/www.cahr-acrv.ca\/fr\/wp-json\/wp\/v2\/comments?post=4943"}],"version-history":[{"count":0,"href":"https:\/\/www.cahr-acrv.ca\/fr\/wp-json\/wp\/v2\/pages\/4943\/revisions"}],"up":[{"embeddable":true,"href":"https:\/\/www.cahr-acrv.ca\/fr\/wp-json\/wp\/v2\/pages\/5822"}],"wp:attachment":[{"href":"https:\/\/www.cahr-acrv.ca\/fr\/wp-json\/wp\/v2\/media?parent=4943"}],"curies":[{"name":"wp","href":"https:\/\/api.w.org\/{rel}","templated":true}]}}