{"id":469,"date":"2012-09-27T15:23:55","date_gmt":"2012-09-27T19:23:55","guid":{"rendered":"https:\/\/cahr.wpengine.com\/?page_id=469"},"modified":"2025-07-03T11:41:12","modified_gmt":"2025-07-03T15:41:12","slug":"qui-nous-sommes","status":"publish","type":"page","link":"https:\/\/www.cahr-acrv.ca\/fr\/qui-nous-sommes\/","title":{"rendered":"Qui nous sommes"},"content":{"rendered":"\n<p>Avec plus de 1 000 membres, chercheurs et autres que les travaux sur le VIH int\u00e9ressent, l\u2019Association canadienne de recherche sur le VIH (ACRV) est le principal organisme \u00e0 regrouper les chercheurs de ce domaine au Canada.<\/p>\n\n\n\n<p>L\u2019ACRV est l\u2019organisme \u00e0 qui l\u2019on doit le Congr\u00e8s annuel canadien de recherche sur le VIH\/sida (congr\u00e8s de l\u2019ACRV).&nbsp; Elle encourage les chercheurs canadiens \u00e0 devenir des chefs de file en mati\u00e8re de transfert de connaissances et \u00e0 contribuer \u00e0 une r\u00e9ponse efficace \u00e0 l&rsquo;\u00e9pid\u00e9mie de VIH\/sida, tant ici au Canada, qu&rsquo;ailleurs dans le monde. Depuis sa fondation en 1991, l\u2019ACRV a fait la promotion de l\u2019excellence en recherche sur le VIH, ce qui passe par des programmes de mentorat et de d\u00e9veloppement professionnel pour les investigateurs qui d\u00e9butent dans le domaine. L\u2019ACRV favorise la collaboration et la coop\u00e9ration entre les communaut\u00e9s vou\u00e9es \u00e0 la recherche sur le VIH, ce qui comprend les sciences fondamentales, cliniques et sociales, l\u2019\u00e9pid\u00e9miologie et la sant\u00e9 publique. L\u2019ACRV maintient \u00e9galement un dialogue constant avec les personnes vivant avec le VIH\/sida et les organismes de lutte contre le sida et encourage l\u2019\u00e9change d\u2019informations pour que la recherche dans ce domaine s&rsquo;adapte \u00e0 l\u2019\u00e9pid\u00e9mie et aux principaux intervenants. L&rsquo;ACRV est enregistr\u00e9e comme organisme de bienfaisance.<\/p>\n\n\n\n<h3 class=\"wp-block-heading\">Notre mission<\/h3>\n\n\n\n<ul class=\"wp-block-list\">\n<li>Promouvoir l\u2019excellence en recherche sur le VIH<\/li>\n\n\n\n<li>Favoriser la collaboration et la coop\u00e9ration entre les diff\u00e9rents milieux qui \u0153uvrent dans le domaine de la recherche sur le VIH, y compris en sciences fondamentales, sciences cliniques, \u00e9pid\u00e9miologie\/sant\u00e9 publique et sciences sociales<\/li>\n\n\n\n<li>Stimuler la formation et le d\u00e9veloppement de nouveaux chercheurs<\/li>\n\n\n\n<li>Repr\u00e9senter d\u2019une seule voix les chercheurs canadiens du domaine du VIH et promouvoir un dialogue constant entre les divers intervenants (milieu communautaire, industrie, gouvernements, OSBL, etc.) et le partage des connaissances pour que la recherche sur le VIH r\u00e9pondent \u00e0 leurs besoins<\/li>\n<\/ul>\n","protected":false},"excerpt":{"rendered":"<p>Avec plus de 1 000 membres, chercheurs et autres que les travaux sur le VIH int\u00e9ressent, l\u2019Association canadienne de recherche sur le VIH (ACRV) est le principal organisme \u00e0 regrouper les chercheurs de ce domaine au Canada. L\u2019ACRV est l\u2019organisme \u00e0 qui l\u2019on doit le Congr\u00e8s annuel canadien de recherche sur le VIH\/sida (congr\u00e8s de [&hellip;]<\/p>\n","protected":false},"author":9,"featured_media":0,"parent":0,"menu_order":0,"comment_status":"closed","ping_status":"closed","template":"","meta":{"_acf_changed":false,"inline_featured_image":false,"footnotes":""},"class_list":["post-469","page","type-page","status-publish","hentry"],"acf":[],"yoast_head":"<!-- This site is optimized with the Yoast SEO plugin v27.2 - https:\/\/yoast.com\/product\/yoast-seo-wordpress\/ -->\n<title>Qui nous sommes &#8211; ACRV<\/title>\n<meta name=\"robots\" content=\"index, follow, max-snippet:-1, max-image-preview:large, max-video-preview:-1\" \/>\n<link rel=\"canonical\" href=\"https:\/\/www.cahr-acrv.ca\/fr\/a-propos-de-cahr__trashed\/qui-nous-sommes\/\" \/>\n<meta property=\"og:locale\" content=\"fr_FR\" \/>\n<meta property=\"og:type\" content=\"article\" \/>\n<meta property=\"og:title\" content=\"Qui nous sommes &#8211; ACRV\" \/>\n<meta property=\"og:description\" content=\"Avec plus de 1 000 membres, chercheurs et autres que les travaux sur le VIH int\u00e9ressent, l\u2019Association canadienne de recherche sur le VIH (ACRV) est le principal organisme \u00e0 regrouper les chercheurs de ce domaine au Canada. L\u2019ACRV est l\u2019organisme \u00e0 qui l\u2019on doit le Congr\u00e8s annuel canadien de recherche sur le VIH\/sida (congr\u00e8s de [&hellip;]\" \/>\n<meta property=\"og:url\" content=\"https:\/\/www.cahr-acrv.ca\/fr\/a-propos-de-cahr__trashed\/qui-nous-sommes\/\" \/>\n<meta property=\"og:site_name\" content=\"ACRV\" \/>\n<meta property=\"article:publisher\" content=\"https:\/\/www.facebook.com\/CanadianAssociationforHIVResearch\" \/>\n<meta property=\"article:modified_time\" content=\"2025-07-03T15:41:12+00:00\" \/>\n<meta name=\"twitter:card\" content=\"summary_large_image\" \/>\n<meta name=\"twitter:site\" content=\"@CAHR_ACRV\" \/>\n<meta name=\"twitter:label1\" content=\"Dur\u00e9e de lecture estim\u00e9e\" \/>\n\t<meta name=\"twitter:data1\" content=\"2 minutes\" \/>\n<script type=\"application\/ld+json\" class=\"yoast-schema-graph\">{\"@context\":\"https:\/\/schema.org\",\"@graph\":[{\"@type\":\"WebPage\",\"@id\":\"https:\/\/www.cahr-acrv.ca\/fr\/a-propos-de-cahr__trashed\/qui-nous-sommes\/\",\"url\":\"https:\/\/www.cahr-acrv.ca\/fr\/a-propos-de-cahr__trashed\/qui-nous-sommes\/\",\"name\":\"Qui nous sommes &#8211; ACRV\",\"isPartOf\":{\"@id\":\"https:\/\/www.cahr-acrv.ca\/#website\"},\"datePublished\":\"2012-09-27T19:23:55+00:00\",\"dateModified\":\"2025-07-03T15:41:12+00:00\",\"breadcrumb\":{\"@id\":\"https:\/\/www.cahr-acrv.ca\/fr\/a-propos-de-cahr__trashed\/qui-nous-sommes\/#breadcrumb\"},\"inLanguage\":\"fr-FR\",\"potentialAction\":[{\"@type\":\"ReadAction\",\"target\":[\"https:\/\/www.cahr-acrv.ca\/fr\/a-propos-de-cahr__trashed\/qui-nous-sommes\/\"]}]},{\"@type\":\"BreadcrumbList\",\"@id\":\"https:\/\/www.cahr-acrv.ca\/fr\/a-propos-de-cahr__trashed\/qui-nous-sommes\/#breadcrumb\",\"itemListElement\":[{\"@type\":\"ListItem\",\"position\":1,\"name\":\"Accueil\",\"item\":\"https:\/\/www.cahr-acrv.ca\/fr\/accueil\/\"},{\"@type\":\"ListItem\",\"position\":2,\"name\":\"Qui nous sommes\"}]},{\"@type\":\"WebSite\",\"@id\":\"https:\/\/www.cahr-acrv.ca\/#website\",\"url\":\"https:\/\/www.cahr-acrv.ca\/\",\"name\":\"ACRV\",\"description\":\"L'association canadienne de recherche sur le VIH\",\"publisher\":{\"@id\":\"https:\/\/www.cahr-acrv.ca\/#organization\"},\"potentialAction\":[{\"@type\":\"SearchAction\",\"target\":{\"@type\":\"EntryPoint\",\"urlTemplate\":\"https:\/\/www.cahr-acrv.ca\/?s={search_term_string}\"},\"query-input\":{\"@type\":\"PropertyValueSpecification\",\"valueRequired\":true,\"valueName\":\"search_term_string\"}}],\"inLanguage\":\"fr-FR\"},{\"@type\":\"Organization\",\"@id\":\"https:\/\/www.cahr-acrv.ca\/#organization\",\"name\":\"Canadian Association for HIV Research\",\"alternateName\":\"CAHR\",\"url\":\"https:\/\/www.cahr-acrv.ca\/\",\"logo\":{\"@type\":\"ImageObject\",\"inLanguage\":\"fr-FR\",\"@id\":\"https:\/\/www.cahr-acrv.ca\/#\/schema\/logo\/image\/\",\"url\":\"https:\/\/www.cahr-acrv.ca\/wp-content\/uploads\/2025\/06\/cahr-organization-logo.png\",\"contentUrl\":\"https:\/\/www.cahr-acrv.ca\/wp-content\/uploads\/2025\/06\/cahr-organization-logo.png\",\"width\":696,\"height\":696,\"caption\":\"Canadian Association for HIV Research\"},\"image\":{\"@id\":\"https:\/\/www.cahr-acrv.ca\/#\/schema\/logo\/image\/\"},\"sameAs\":[\"https:\/\/www.facebook.com\/CanadianAssociationforHIVResearch\",\"https:\/\/x.com\/CAHR_ACRV\",\"https:\/\/bsky.app\/profile\/cahr-acrv.bsky.social\",\"https:\/\/www.youtube.com\/user\/CAHRACRV\",\"https:\/\/www.instagram.com\/cahr_acrv\/\",\"https:\/\/www.linkedin.com\/company\/canadian-association-for-hiv-research\/\"]}]}<\/script>\n<!-- \/ Yoast SEO plugin. -->","yoast_head_json":{"title":"Qui nous sommes &#8211; ACRV","robots":{"index":"index","follow":"follow","max-snippet":"max-snippet:-1","max-image-preview":"max-image-preview:large","max-video-preview":"max-video-preview:-1"},"canonical":"https:\/\/www.cahr-acrv.ca\/fr\/a-propos-de-cahr__trashed\/qui-nous-sommes\/","og_locale":"fr_FR","og_type":"article","og_title":"Qui nous sommes &#8211; ACRV","og_description":"Avec plus de 1 000 membres, chercheurs et autres que les travaux sur le VIH int\u00e9ressent, l\u2019Association canadienne de recherche sur le VIH (ACRV) est le principal organisme \u00e0 regrouper les chercheurs de ce domaine au Canada. L\u2019ACRV est l\u2019organisme \u00e0 qui l\u2019on doit le Congr\u00e8s annuel canadien de recherche sur le VIH\/sida (congr\u00e8s de [&hellip;]","og_url":"https:\/\/www.cahr-acrv.ca\/fr\/a-propos-de-cahr__trashed\/qui-nous-sommes\/","og_site_name":"ACRV","article_publisher":"https:\/\/www.facebook.com\/CanadianAssociationforHIVResearch","article_modified_time":"2025-07-03T15:41:12+00:00","twitter_card":"summary_large_image","twitter_site":"@CAHR_ACRV","twitter_misc":{"Dur\u00e9e de lecture estim\u00e9e":"2 minutes"},"schema":{"@context":"https:\/\/schema.org","@graph":[{"@type":"WebPage","@id":"https:\/\/www.cahr-acrv.ca\/fr\/a-propos-de-cahr__trashed\/qui-nous-sommes\/","url":"https:\/\/www.cahr-acrv.ca\/fr\/a-propos-de-cahr__trashed\/qui-nous-sommes\/","name":"Qui nous sommes &#8211; ACRV","isPartOf":{"@id":"https:\/\/www.cahr-acrv.ca\/#website"},"datePublished":"2012-09-27T19:23:55+00:00","dateModified":"2025-07-03T15:41:12+00:00","breadcrumb":{"@id":"https:\/\/www.cahr-acrv.ca\/fr\/a-propos-de-cahr__trashed\/qui-nous-sommes\/#breadcrumb"},"inLanguage":"fr-FR","potentialAction":[{"@type":"ReadAction","target":["https:\/\/www.cahr-acrv.ca\/fr\/a-propos-de-cahr__trashed\/qui-nous-sommes\/"]}]},{"@type":"BreadcrumbList","@id":"https:\/\/www.cahr-acrv.ca\/fr\/a-propos-de-cahr__trashed\/qui-nous-sommes\/#breadcrumb","itemListElement":[{"@type":"ListItem","position":1,"name":"Accueil","item":"https:\/\/www.cahr-acrv.ca\/fr\/accueil\/"},{"@type":"ListItem","position":2,"name":"Qui nous sommes"}]},{"@type":"WebSite","@id":"https:\/\/www.cahr-acrv.ca\/#website","url":"https:\/\/www.cahr-acrv.ca\/","name":"ACRV","description":"L'association canadienne de recherche sur le VIH","publisher":{"@id":"https:\/\/www.cahr-acrv.ca\/#organization"},"potentialAction":[{"@type":"SearchAction","target":{"@type":"EntryPoint","urlTemplate":"https:\/\/www.cahr-acrv.ca\/?s={search_term_string}"},"query-input":{"@type":"PropertyValueSpecification","valueRequired":true,"valueName":"search_term_string"}}],"inLanguage":"fr-FR"},{"@type":"Organization","@id":"https:\/\/www.cahr-acrv.ca\/#organization","name":"Canadian Association for HIV Research","alternateName":"CAHR","url":"https:\/\/www.cahr-acrv.ca\/","logo":{"@type":"ImageObject","inLanguage":"fr-FR","@id":"https:\/\/www.cahr-acrv.ca\/#\/schema\/logo\/image\/","url":"https:\/\/www.cahr-acrv.ca\/wp-content\/uploads\/2025\/06\/cahr-organization-logo.png","contentUrl":"https:\/\/www.cahr-acrv.ca\/wp-content\/uploads\/2025\/06\/cahr-organization-logo.png","width":696,"height":696,"caption":"Canadian Association for HIV Research"},"image":{"@id":"https:\/\/www.cahr-acrv.ca\/#\/schema\/logo\/image\/"},"sameAs":["https:\/\/www.facebook.com\/CanadianAssociationforHIVResearch","https:\/\/x.com\/CAHR_ACRV","https:\/\/bsky.app\/profile\/cahr-acrv.bsky.social","https:\/\/www.youtube.com\/user\/CAHRACRV","https:\/\/www.instagram.com\/cahr_acrv\/","https:\/\/www.linkedin.com\/company\/canadian-association-for-hiv-research\/"]}]}},"_links":{"self":[{"href":"https:\/\/www.cahr-acrv.ca\/fr\/wp-json\/wp\/v2\/pages\/469","targetHints":{"allow":["GET"]}}],"collection":[{"href":"https:\/\/www.cahr-acrv.ca\/fr\/wp-json\/wp\/v2\/pages"}],"about":[{"href":"https:\/\/www.cahr-acrv.ca\/fr\/wp-json\/wp\/v2\/types\/page"}],"author":[{"embeddable":true,"href":"https:\/\/www.cahr-acrv.ca\/fr\/wp-json\/wp\/v2\/users\/9"}],"replies":[{"embeddable":true,"href":"https:\/\/www.cahr-acrv.ca\/fr\/wp-json\/wp\/v2\/comments?post=469"}],"version-history":[{"count":0,"href":"https:\/\/www.cahr-acrv.ca\/fr\/wp-json\/wp\/v2\/pages\/469\/revisions"}],"wp:attachment":[{"href":"https:\/\/www.cahr-acrv.ca\/fr\/wp-json\/wp\/v2\/media?parent=469"}],"curies":[{"name":"wp","href":"https:\/\/api.w.org\/{rel}","templated":true}]}}