{"id":3708,"date":"2014-01-15T01:52:19","date_gmt":"2014-01-15T06:52:19","guid":{"rendered":"https:\/\/cahr.wpengine.com\/?page_id=3708"},"modified":"2018-01-23T13:24:28","modified_gmt":"2018-01-23T18:24:28","slug":"reglement-de-lacrv","status":"publish","type":"page","link":"https:\/\/www.cahr-acrv.ca\/fr\/reglement-de-lacrv\/","title":{"rendered":"R\u00e8glement de l&rsquo;ACRV"},"content":{"rendered":"<p>Le 14 janvier 2014<\/p>\n<p>Destinataires : Tous les membres et associ\u00e9s<br \/>\nExp\u00e9diteur : Directeur g\u00e9n\u00e9ral de l&rsquo;ACRV<\/p>\n<p style=\"text-align: center;\"><strong>Objet : Amendements au r\u00e8glement<\/strong><\/p>\n<p>Avec l&rsquo;av\u00e8nement de la nouvelle Loi canadienne sur les organisations \u00e0 but non lucratif, des changements ont \u00e9t\u00e9 apport\u00e9s \u00e0 la fa\u00e7on dont ces organisations doivent \u00eatre structur\u00e9es et r\u00e9gies. Par cons\u00e9quent, le Conseil de l&rsquo;ACRV approuv\u00e9 des modifications \u00e0 son r\u00e8glement pour se conformer \u00e0 la nouvelle l\u00e9gislation. Ces changements seront propos\u00e9s, d\u00e9battus et soumis au vote lors de l&rsquo;AGA de l&rsquo;ACRV, le 2 mai 2014.<\/p>\n<p>Vous trouverez ci-dessous des liens vers les documents suivants :<\/p>\n<ul>\n<li><a href=\"https:\/\/www.cahr-acrv.ca\/wp-content\/uploads\/2014\/01\/CAHR-General-By-law-No.-2-OTT_LAW-3753671-v2.pdf\" target=\"_blank\" rel=\"noopener\">Nouveau r\u00e8glement de l&rsquo;ACRV<\/a>(anglais seulement);<\/li>\n<li><a href=\"https:\/\/www.cahr-acrv.ca\/wp-content\/uploads\/2014\/01\/CAHR-General-By-law-No.-2-OTT_LAW-3753671-v2A.pdf\" target=\"_blank\" rel=\"noopener\">Version du nouveau r\u00e8glement avec suivi des modifications<\/a>(anglais seulement); et<\/li>\n<li><a href=\"https:\/\/www.cahr-acrv.ca\/wp-content\/uploads\/2014\/01\/CAHR-Form-4031-Continuance-OTT_LAW-3829182-v1.pdf\" target=\"_blank\" rel=\"noopener\">Closes de prorogation de l&rsquo;ACRV <\/a>(anglais seulement).<\/li>\n<\/ul>\n<p>Si vous avez des questions ou des commentaires, n&rsquo;h\u00e9sitez pas \u00e0 communiquer avec nous d&rsquo;ici le <em><strong>21 f\u00e9vrier 2014<\/strong><\/em>.<\/p>\n<hr \/>\n<p style=\"text-align: left;\">Association canadienne de recherche sur le VIH \/Canadian Association for HIV Research<br \/>\n1 Rue Rideau, Poste 744, Ottawa, ON, K1N 8S7 Canada<\/p>\n<p style=\"text-align: left;\"><a href=\"mailto: info@cahr-acrv.ca\">info@cahr-acrv.ca<\/a><br \/>\n<a href=\"https:\/\/www.cahr-acrv.ca\">www.cahr-acrv.ca<\/a> (613) 670-5842<\/p>\n<p>&nbsp;<\/p>\n","protected":false},"excerpt":{"rendered":"<p>Le 14 janvier 2014 Destinataires : Tous les membres et associ\u00e9s Exp\u00e9diteur : Directeur g\u00e9n\u00e9ral de l&rsquo;ACRV Objet : Amendements au r\u00e8glement Avec l&rsquo;av\u00e8nement de la nouvelle Loi canadienne sur les organisations \u00e0 but non lucratif, des changements ont \u00e9t\u00e9 apport\u00e9s \u00e0 la fa\u00e7on dont ces organisations doivent \u00eatre structur\u00e9es et r\u00e9gies. Par cons\u00e9quent, le [&hellip;]<\/p>\n","protected":false},"author":9,"featured_media":0,"parent":0,"menu_order":0,"comment_status":"closed","ping_status":"closed","template":"","meta":{"_acf_changed":false,"inline_featured_image":false,"footnotes":""},"class_list":["post-3708","page","type-page","status-publish","hentry"],"acf":[],"yoast_head":"<!-- This site is optimized with the Yoast SEO plugin v27.4 - https:\/\/yoast.com\/product\/yoast-seo-wordpress\/ -->\n<title>R\u00e8glement de l&#039;ACRV &#8211; ACRV<\/title>\n<meta name=\"robots\" content=\"index, follow, max-snippet:-1, max-image-preview:large, max-video-preview:-1\" \/>\n<link rel=\"canonical\" href=\"https:\/\/www.cahr-acrv.ca\/fr\/a-propos-de-cahr__trashed\/reglement-de-lacrv\/\" \/>\n<meta property=\"og:locale\" content=\"fr_FR\" \/>\n<meta property=\"og:type\" content=\"article\" \/>\n<meta property=\"og:title\" content=\"R\u00e8glement de l&#039;ACRV &#8211; ACRV\" \/>\n<meta property=\"og:description\" content=\"Le 14 janvier 2014 Destinataires : Tous les membres et associ\u00e9s Exp\u00e9diteur : Directeur g\u00e9n\u00e9ral de l&rsquo;ACRV Objet : Amendements au r\u00e8glement Avec l&rsquo;av\u00e8nement de la nouvelle Loi canadienne sur les organisations \u00e0 but non lucratif, des changements ont \u00e9t\u00e9 apport\u00e9s \u00e0 la fa\u00e7on dont ces organisations doivent \u00eatre structur\u00e9es et r\u00e9gies. Par cons\u00e9quent, le [&hellip;]\" \/>\n<meta property=\"og:url\" content=\"https:\/\/www.cahr-acrv.ca\/fr\/a-propos-de-cahr__trashed\/reglement-de-lacrv\/\" \/>\n<meta property=\"og:site_name\" content=\"ACRV\" \/>\n<meta property=\"article:publisher\" content=\"https:\/\/www.facebook.com\/CanadianAssociationforHIVResearch\" \/>\n<meta property=\"article:modified_time\" content=\"2018-01-23T18:24:28+00:00\" \/>\n<meta name=\"twitter:card\" content=\"summary_large_image\" \/>\n<meta name=\"twitter:site\" content=\"@CAHR_ACRV\" \/>\n<meta name=\"twitter:label1\" content=\"Dur\u00e9e de lecture estim\u00e9e\" \/>\n\t<meta name=\"twitter:data1\" content=\"1 minute\" \/>\n<script type=\"application\/ld+json\" class=\"yoast-schema-graph\">{\"@context\":\"https:\\\/\\\/schema.org\",\"@graph\":[{\"@type\":\"WebPage\",\"@id\":\"https:\\\/\\\/www.cahr-acrv.ca\\\/fr\\\/a-propos-de-cahr__trashed\\\/reglement-de-lacrv\\\/\",\"url\":\"https:\\\/\\\/www.cahr-acrv.ca\\\/fr\\\/a-propos-de-cahr__trashed\\\/reglement-de-lacrv\\\/\",\"name\":\"R\u00e8glement de l'ACRV &#8211; ACRV\",\"isPartOf\":{\"@id\":\"https:\\\/\\\/www.cahr-acrv.ca\\\/#website\"},\"datePublished\":\"2014-01-15T06:52:19+00:00\",\"dateModified\":\"2018-01-23T18:24:28+00:00\",\"breadcrumb\":{\"@id\":\"https:\\\/\\\/www.cahr-acrv.ca\\\/fr\\\/a-propos-de-cahr__trashed\\\/reglement-de-lacrv\\\/#breadcrumb\"},\"inLanguage\":\"fr-FR\",\"potentialAction\":[{\"@type\":\"ReadAction\",\"target\":[\"https:\\\/\\\/www.cahr-acrv.ca\\\/fr\\\/a-propos-de-cahr__trashed\\\/reglement-de-lacrv\\\/\"]}]},{\"@type\":\"BreadcrumbList\",\"@id\":\"https:\\\/\\\/www.cahr-acrv.ca\\\/fr\\\/a-propos-de-cahr__trashed\\\/reglement-de-lacrv\\\/#breadcrumb\",\"itemListElement\":[{\"@type\":\"ListItem\",\"position\":1,\"name\":\"Accueil\",\"item\":\"https:\\\/\\\/www.cahr-acrv.ca\\\/fr\\\/accueil\\\/\"},{\"@type\":\"ListItem\",\"position\":2,\"name\":\"R\u00e8glement de l&#8217;ACRV\"}]},{\"@type\":\"WebSite\",\"@id\":\"https:\\\/\\\/www.cahr-acrv.ca\\\/#website\",\"url\":\"https:\\\/\\\/www.cahr-acrv.ca\\\/\",\"name\":\"ACRV\",\"description\":\"L'association canadienne de recherche sur le VIH\",\"publisher\":{\"@id\":\"https:\\\/\\\/www.cahr-acrv.ca\\\/#organization\"},\"potentialAction\":[{\"@type\":\"SearchAction\",\"target\":{\"@type\":\"EntryPoint\",\"urlTemplate\":\"https:\\\/\\\/www.cahr-acrv.ca\\\/?s={search_term_string}\"},\"query-input\":{\"@type\":\"PropertyValueSpecification\",\"valueRequired\":true,\"valueName\":\"search_term_string\"}}],\"inLanguage\":\"fr-FR\"},{\"@type\":\"Organization\",\"@id\":\"https:\\\/\\\/www.cahr-acrv.ca\\\/#organization\",\"name\":\"Canadian Association for HIV Research\",\"alternateName\":\"CAHR\",\"url\":\"https:\\\/\\\/www.cahr-acrv.ca\\\/\",\"logo\":{\"@type\":\"ImageObject\",\"inLanguage\":\"fr-FR\",\"@id\":\"https:\\\/\\\/www.cahr-acrv.ca\\\/#\\\/schema\\\/logo\\\/image\\\/\",\"url\":\"https:\\\/\\\/www.cahr-acrv.ca\\\/wp-content\\\/uploads\\\/2025\\\/06\\\/cahr-organization-logo.png\",\"contentUrl\":\"https:\\\/\\\/www.cahr-acrv.ca\\\/wp-content\\\/uploads\\\/2025\\\/06\\\/cahr-organization-logo.png\",\"width\":696,\"height\":696,\"caption\":\"Canadian Association for HIV Research\"},\"image\":{\"@id\":\"https:\\\/\\\/www.cahr-acrv.ca\\\/#\\\/schema\\\/logo\\\/image\\\/\"},\"sameAs\":[\"https:\\\/\\\/www.facebook.com\\\/CanadianAssociationforHIVResearch\",\"https:\\\/\\\/x.com\\\/CAHR_ACRV\",\"https:\\\/\\\/bsky.app\\\/profile\\\/cahr-acrv.bsky.social\",\"https:\\\/\\\/www.youtube.com\\\/user\\\/CAHRACRV\",\"https:\\\/\\\/www.instagram.com\\\/cahr_acrv\\\/\",\"https:\\\/\\\/www.linkedin.com\\\/company\\\/canadian-association-for-hiv-research\\\/\"]}]}<\/script>\n<!-- \/ Yoast SEO plugin. -->","yoast_head_json":{"title":"R\u00e8glement de l'ACRV &#8211; ACRV","robots":{"index":"index","follow":"follow","max-snippet":"max-snippet:-1","max-image-preview":"max-image-preview:large","max-video-preview":"max-video-preview:-1"},"canonical":"https:\/\/www.cahr-acrv.ca\/fr\/a-propos-de-cahr__trashed\/reglement-de-lacrv\/","og_locale":"fr_FR","og_type":"article","og_title":"R\u00e8glement de l'ACRV &#8211; ACRV","og_description":"Le 14 janvier 2014 Destinataires : Tous les membres et associ\u00e9s Exp\u00e9diteur : Directeur g\u00e9n\u00e9ral de l&rsquo;ACRV Objet : Amendements au r\u00e8glement Avec l&rsquo;av\u00e8nement de la nouvelle Loi canadienne sur les organisations \u00e0 but non lucratif, des changements ont \u00e9t\u00e9 apport\u00e9s \u00e0 la fa\u00e7on dont ces organisations doivent \u00eatre structur\u00e9es et r\u00e9gies. Par cons\u00e9quent, le [&hellip;]","og_url":"https:\/\/www.cahr-acrv.ca\/fr\/a-propos-de-cahr__trashed\/reglement-de-lacrv\/","og_site_name":"ACRV","article_publisher":"https:\/\/www.facebook.com\/CanadianAssociationforHIVResearch","article_modified_time":"2018-01-23T18:24:28+00:00","twitter_card":"summary_large_image","twitter_site":"@CAHR_ACRV","twitter_misc":{"Dur\u00e9e de lecture estim\u00e9e":"1 minute"},"schema":{"@context":"https:\/\/schema.org","@graph":[{"@type":"WebPage","@id":"https:\/\/www.cahr-acrv.ca\/fr\/a-propos-de-cahr__trashed\/reglement-de-lacrv\/","url":"https:\/\/www.cahr-acrv.ca\/fr\/a-propos-de-cahr__trashed\/reglement-de-lacrv\/","name":"R\u00e8glement de l'ACRV &#8211; ACRV","isPartOf":{"@id":"https:\/\/www.cahr-acrv.ca\/#website"},"datePublished":"2014-01-15T06:52:19+00:00","dateModified":"2018-01-23T18:24:28+00:00","breadcrumb":{"@id":"https:\/\/www.cahr-acrv.ca\/fr\/a-propos-de-cahr__trashed\/reglement-de-lacrv\/#breadcrumb"},"inLanguage":"fr-FR","potentialAction":[{"@type":"ReadAction","target":["https:\/\/www.cahr-acrv.ca\/fr\/a-propos-de-cahr__trashed\/reglement-de-lacrv\/"]}]},{"@type":"BreadcrumbList","@id":"https:\/\/www.cahr-acrv.ca\/fr\/a-propos-de-cahr__trashed\/reglement-de-lacrv\/#breadcrumb","itemListElement":[{"@type":"ListItem","position":1,"name":"Accueil","item":"https:\/\/www.cahr-acrv.ca\/fr\/accueil\/"},{"@type":"ListItem","position":2,"name":"R\u00e8glement de l&#8217;ACRV"}]},{"@type":"WebSite","@id":"https:\/\/www.cahr-acrv.ca\/#website","url":"https:\/\/www.cahr-acrv.ca\/","name":"ACRV","description":"L'association canadienne de recherche sur le VIH","publisher":{"@id":"https:\/\/www.cahr-acrv.ca\/#organization"},"potentialAction":[{"@type":"SearchAction","target":{"@type":"EntryPoint","urlTemplate":"https:\/\/www.cahr-acrv.ca\/?s={search_term_string}"},"query-input":{"@type":"PropertyValueSpecification","valueRequired":true,"valueName":"search_term_string"}}],"inLanguage":"fr-FR"},{"@type":"Organization","@id":"https:\/\/www.cahr-acrv.ca\/#organization","name":"Canadian Association for HIV Research","alternateName":"CAHR","url":"https:\/\/www.cahr-acrv.ca\/","logo":{"@type":"ImageObject","inLanguage":"fr-FR","@id":"https:\/\/www.cahr-acrv.ca\/#\/schema\/logo\/image\/","url":"https:\/\/www.cahr-acrv.ca\/wp-content\/uploads\/2025\/06\/cahr-organization-logo.png","contentUrl":"https:\/\/www.cahr-acrv.ca\/wp-content\/uploads\/2025\/06\/cahr-organization-logo.png","width":696,"height":696,"caption":"Canadian Association for HIV Research"},"image":{"@id":"https:\/\/www.cahr-acrv.ca\/#\/schema\/logo\/image\/"},"sameAs":["https:\/\/www.facebook.com\/CanadianAssociationforHIVResearch","https:\/\/x.com\/CAHR_ACRV","https:\/\/bsky.app\/profile\/cahr-acrv.bsky.social","https:\/\/www.youtube.com\/user\/CAHRACRV","https:\/\/www.instagram.com\/cahr_acrv\/","https:\/\/www.linkedin.com\/company\/canadian-association-for-hiv-research\/"]}]}},"_links":{"self":[{"href":"https:\/\/www.cahr-acrv.ca\/fr\/wp-json\/wp\/v2\/pages\/3708","targetHints":{"allow":["GET"]}}],"collection":[{"href":"https:\/\/www.cahr-acrv.ca\/fr\/wp-json\/wp\/v2\/pages"}],"about":[{"href":"https:\/\/www.cahr-acrv.ca\/fr\/wp-json\/wp\/v2\/types\/page"}],"author":[{"embeddable":true,"href":"https:\/\/www.cahr-acrv.ca\/fr\/wp-json\/wp\/v2\/users\/9"}],"replies":[{"embeddable":true,"href":"https:\/\/www.cahr-acrv.ca\/fr\/wp-json\/wp\/v2\/comments?post=3708"}],"version-history":[{"count":0,"href":"https:\/\/www.cahr-acrv.ca\/fr\/wp-json\/wp\/v2\/pages\/3708\/revisions"}],"wp:attachment":[{"href":"https:\/\/www.cahr-acrv.ca\/fr\/wp-json\/wp\/v2\/media?parent=3708"}],"curies":[{"name":"wp","href":"https:\/\/api.w.org\/{rel}","templated":true}]}}