{"id":192,"date":"2012-09-03T18:47:59","date_gmt":"2012-09-03T22:47:59","guid":{"rendered":"https:\/\/cahr.wpengine.com\/?page_id=192"},"modified":"2025-07-02T13:28:41","modified_gmt":"2025-07-02T17:28:41","slug":"accueil","status":"publish","type":"page","link":"https:\/\/www.cahr-acrv.ca\/fr\/","title":{"rendered":"Association canadienne de recherche sur le VIH"},"content":{"rendered":"\n<h2 class=\"wp-block-heading has-text-align-center home-style\">Favoriser la collaboration<\/h2>\n\n\n\n<p class=\"has-text-align-center home-style\">L&rsquo;ACRV encourage la collaboration entre les collectivit\u00e9s du VIH dans les diverses disciplines: sciences fondamentales, sciences cliniques, sciences sociales et \u00e9pid\u00e9miologie et sant\u00e9 publique.<\/p>\n\n\n\n\n\n<div class=\"feature-cards-wrapper\">\n    <div class=\"feature-cards\">\n                  <div class=\"feature-card\">\n          <h3><a href=\"https:\/\/www.cahr-acrv.ca\/fr\/congres\/\">Congr\u00e8s de l\u2019ACRV<\/a><\/h3>\n          <div class=\"feature-card-image\">\n            <a href=\"https:\/\/www.cahr-acrv.ca\/fr\/congres\/\">\n              <img class=\"lazyload\" data-src=\"https:\/\/www.cahr-acrv.ca\/wp-content\/uploads\/2025\/03\/cahr-conference-thumb-scaled-400x250-c-center.webp\" alt=\"CAHR Conference\">\n            <\/a>\n          <\/div>\n        <\/div>\n                        <div class=\"feature-card\">\n          <h3><a href=\"https:\/\/www.cahr-acrv.ca\/fr\/formation\/ateliers-a-venir\/\">Ateliers<\/a><\/h3>\n          <div class=\"feature-card-image\">\n            <a href=\"https:\/\/www.cahr-acrv.ca\/fr\/formation\/ateliers-a-venir\/\">\n              <img class=\"lazyload\" data-src=\"https:\/\/www.cahr-acrv.ca\/wp-content\/uploads\/2025\/03\/cahr-workshops-thumb-400x250-c-center.webp\" alt=\"CAHR Workshops\">\n            <\/a>\n          <\/div>\n        <\/div>\n                        <div class=\"feature-card\">\n          <h3><a href=\"https:\/\/www.cahr-acrv.ca\/fr\/prix\">Prix<\/a><\/h3>\n          <div class=\"feature-card-image\">\n            <a href=\"https:\/\/www.cahr-acrv.ca\/fr\/prix\">\n              <img class=\"lazyload\" data-src=\"https:\/\/www.cahr-acrv.ca\/wp-content\/uploads\/2025\/03\/cahr-awards-thumb-scaled-400x250-c-center.webp\" alt=\"CAHR Awards\">\n            <\/a>\n          <\/div>\n        <\/div>\n                        <div class=\"feature-card\">\n          <h3><a href=\"https:\/\/www.cahr-acrv.ca\/fr\/acrv-nouvelles\/\">Nouvelles<\/a><\/h3>\n          <div class=\"feature-card-image\">\n            <a href=\"https:\/\/www.cahr-acrv.ca\/fr\/acrv-nouvelles\/\">\n              <img class=\"lazyload\" data-src=\"https:\/\/www.cahr-acrv.ca\/wp-content\/uploads\/2025\/06\/megaphone-wide-400x250-c-center.webp\" alt=\"Megaphone\">\n            <\/a>\n          <\/div>\n        <\/div>\n            <\/div>\n<\/div>\n","protected":false},"excerpt":{"rendered":"<p>Favoriser la collaboration L&rsquo;ACRV encourage la collaboration entre les collectivit\u00e9s du VIH dans les diverses disciplines: sciences fondamentales, sciences cliniques, sciences sociales et \u00e9pid\u00e9miologie et sant\u00e9 publique.<\/p>\n","protected":false},"author":9,"featured_media":0,"parent":0,"menu_order":0,"comment_status":"closed","ping_status":"closed","template":"","meta":{"_acf_changed":true,"inline_featured_image":false,"footnotes":""},"class_list":["post-192","page","type-page","status-publish","hentry"],"acf":[],"yoast_head":"<!-- This site is optimized with the Yoast SEO plugin v27.4 - https:\/\/yoast.com\/product\/yoast-seo-wordpress\/ -->\n<title>Association canadienne de recherche sur le VIH &#8211; ACRV<\/title>\n<meta name=\"robots\" content=\"index, follow, max-snippet:-1, max-image-preview:large, max-video-preview:-1\" \/>\n<link rel=\"canonical\" href=\"https:\/\/www.cahr-acrv.ca\/fr\/accueil\/\" \/>\n<meta property=\"og:locale\" content=\"fr_FR\" \/>\n<meta property=\"og:type\" content=\"article\" \/>\n<meta property=\"og:title\" content=\"Association canadienne de recherche sur le VIH &#8211; ACRV\" \/>\n<meta property=\"og:description\" content=\"Favoriser la collaboration L&rsquo;ACRV encourage la collaboration entre les collectivit\u00e9s du VIH dans les diverses disciplines: sciences fondamentales, sciences cliniques, sciences sociales et \u00e9pid\u00e9miologie et sant\u00e9 publique.\" \/>\n<meta property=\"og:url\" content=\"https:\/\/www.cahr-acrv.ca\/fr\/accueil\/\" \/>\n<meta property=\"og:site_name\" content=\"ACRV\" \/>\n<meta property=\"article:publisher\" content=\"https:\/\/www.facebook.com\/CanadianAssociationforHIVResearch\" \/>\n<meta property=\"article:modified_time\" content=\"2025-07-02T17:28:41+00:00\" \/>\n<meta name=\"twitter:card\" content=\"summary_large_image\" \/>\n<meta name=\"twitter:site\" content=\"@CAHR_ACRV\" \/>\n<meta name=\"twitter:label1\" content=\"Dur\u00e9e de lecture estim\u00e9e\" \/>\n\t<meta name=\"twitter:data1\" content=\"1 minute\" \/>\n<script type=\"application\/ld+json\" class=\"yoast-schema-graph\">{\"@context\":\"https:\\\/\\\/schema.org\",\"@graph\":[{\"@type\":\"WebPage\",\"@id\":\"https:\\\/\\\/www.cahr-acrv.ca\\\/fr\\\/accueil\\\/\",\"url\":\"https:\\\/\\\/www.cahr-acrv.ca\\\/fr\\\/accueil\\\/\",\"name\":\"Association canadienne de recherche sur le VIH &#8211; ACRV\",\"isPartOf\":{\"@id\":\"https:\\\/\\\/www.cahr-acrv.ca\\\/#website\"},\"datePublished\":\"2012-09-03T22:47:59+00:00\",\"dateModified\":\"2025-07-02T17:28:41+00:00\",\"breadcrumb\":{\"@id\":\"https:\\\/\\\/www.cahr-acrv.ca\\\/fr\\\/accueil\\\/#breadcrumb\"},\"inLanguage\":\"fr-FR\",\"potentialAction\":[{\"@type\":\"ReadAction\",\"target\":[\"https:\\\/\\\/www.cahr-acrv.ca\\\/fr\\\/accueil\\\/\"]}]},{\"@type\":\"BreadcrumbList\",\"@id\":\"https:\\\/\\\/www.cahr-acrv.ca\\\/fr\\\/accueil\\\/#breadcrumb\",\"itemListElement\":[{\"@type\":\"ListItem\",\"position\":1,\"name\":\"Accueil\",\"item\":\"https:\\\/\\\/www.cahr-acrv.ca\\\/fr\\\/accueil\\\/\"},{\"@type\":\"ListItem\",\"position\":2,\"name\":\"Association canadienne de recherche sur le VIH\"}]},{\"@type\":\"WebSite\",\"@id\":\"https:\\\/\\\/www.cahr-acrv.ca\\\/#website\",\"url\":\"https:\\\/\\\/www.cahr-acrv.ca\\\/\",\"name\":\"ACRV\",\"description\":\"L'association canadienne de recherche sur le VIH\",\"publisher\":{\"@id\":\"https:\\\/\\\/www.cahr-acrv.ca\\\/#organization\"},\"potentialAction\":[{\"@type\":\"SearchAction\",\"target\":{\"@type\":\"EntryPoint\",\"urlTemplate\":\"https:\\\/\\\/www.cahr-acrv.ca\\\/?s={search_term_string}\"},\"query-input\":{\"@type\":\"PropertyValueSpecification\",\"valueRequired\":true,\"valueName\":\"search_term_string\"}}],\"inLanguage\":\"fr-FR\"},{\"@type\":\"Organization\",\"@id\":\"https:\\\/\\\/www.cahr-acrv.ca\\\/#organization\",\"name\":\"Canadian Association for HIV Research\",\"alternateName\":\"CAHR\",\"url\":\"https:\\\/\\\/www.cahr-acrv.ca\\\/\",\"logo\":{\"@type\":\"ImageObject\",\"inLanguage\":\"fr-FR\",\"@id\":\"https:\\\/\\\/www.cahr-acrv.ca\\\/#\\\/schema\\\/logo\\\/image\\\/\",\"url\":\"https:\\\/\\\/www.cahr-acrv.ca\\\/wp-content\\\/uploads\\\/2025\\\/06\\\/cahr-organization-logo.png\",\"contentUrl\":\"https:\\\/\\\/www.cahr-acrv.ca\\\/wp-content\\\/uploads\\\/2025\\\/06\\\/cahr-organization-logo.png\",\"width\":696,\"height\":696,\"caption\":\"Canadian Association for HIV Research\"},\"image\":{\"@id\":\"https:\\\/\\\/www.cahr-acrv.ca\\\/#\\\/schema\\\/logo\\\/image\\\/\"},\"sameAs\":[\"https:\\\/\\\/www.facebook.com\\\/CanadianAssociationforHIVResearch\",\"https:\\\/\\\/x.com\\\/CAHR_ACRV\",\"https:\\\/\\\/bsky.app\\\/profile\\\/cahr-acrv.bsky.social\",\"https:\\\/\\\/www.youtube.com\\\/user\\\/CAHRACRV\",\"https:\\\/\\\/www.instagram.com\\\/cahr_acrv\\\/\",\"https:\\\/\\\/www.linkedin.com\\\/company\\\/canadian-association-for-hiv-research\\\/\"]}]}<\/script>\n<!-- \/ Yoast SEO plugin. -->","yoast_head_json":{"title":"Association canadienne de recherche sur le VIH &#8211; ACRV","robots":{"index":"index","follow":"follow","max-snippet":"max-snippet:-1","max-image-preview":"max-image-preview:large","max-video-preview":"max-video-preview:-1"},"canonical":"https:\/\/www.cahr-acrv.ca\/fr\/accueil\/","og_locale":"fr_FR","og_type":"article","og_title":"Association canadienne de recherche sur le VIH &#8211; ACRV","og_description":"Favoriser la collaboration L&rsquo;ACRV encourage la collaboration entre les collectivit\u00e9s du VIH dans les diverses disciplines: sciences fondamentales, sciences cliniques, sciences sociales et \u00e9pid\u00e9miologie et sant\u00e9 publique.","og_url":"https:\/\/www.cahr-acrv.ca\/fr\/accueil\/","og_site_name":"ACRV","article_publisher":"https:\/\/www.facebook.com\/CanadianAssociationforHIVResearch","article_modified_time":"2025-07-02T17:28:41+00:00","twitter_card":"summary_large_image","twitter_site":"@CAHR_ACRV","twitter_misc":{"Dur\u00e9e de lecture estim\u00e9e":"1 minute"},"schema":{"@context":"https:\/\/schema.org","@graph":[{"@type":"WebPage","@id":"https:\/\/www.cahr-acrv.ca\/fr\/accueil\/","url":"https:\/\/www.cahr-acrv.ca\/fr\/accueil\/","name":"Association canadienne de recherche sur le VIH &#8211; ACRV","isPartOf":{"@id":"https:\/\/www.cahr-acrv.ca\/#website"},"datePublished":"2012-09-03T22:47:59+00:00","dateModified":"2025-07-02T17:28:41+00:00","breadcrumb":{"@id":"https:\/\/www.cahr-acrv.ca\/fr\/accueil\/#breadcrumb"},"inLanguage":"fr-FR","potentialAction":[{"@type":"ReadAction","target":["https:\/\/www.cahr-acrv.ca\/fr\/accueil\/"]}]},{"@type":"BreadcrumbList","@id":"https:\/\/www.cahr-acrv.ca\/fr\/accueil\/#breadcrumb","itemListElement":[{"@type":"ListItem","position":1,"name":"Accueil","item":"https:\/\/www.cahr-acrv.ca\/fr\/accueil\/"},{"@type":"ListItem","position":2,"name":"Association canadienne de recherche sur le VIH"}]},{"@type":"WebSite","@id":"https:\/\/www.cahr-acrv.ca\/#website","url":"https:\/\/www.cahr-acrv.ca\/","name":"ACRV","description":"L'association canadienne de recherche sur le VIH","publisher":{"@id":"https:\/\/www.cahr-acrv.ca\/#organization"},"potentialAction":[{"@type":"SearchAction","target":{"@type":"EntryPoint","urlTemplate":"https:\/\/www.cahr-acrv.ca\/?s={search_term_string}"},"query-input":{"@type":"PropertyValueSpecification","valueRequired":true,"valueName":"search_term_string"}}],"inLanguage":"fr-FR"},{"@type":"Organization","@id":"https:\/\/www.cahr-acrv.ca\/#organization","name":"Canadian Association for HIV Research","alternateName":"CAHR","url":"https:\/\/www.cahr-acrv.ca\/","logo":{"@type":"ImageObject","inLanguage":"fr-FR","@id":"https:\/\/www.cahr-acrv.ca\/#\/schema\/logo\/image\/","url":"https:\/\/www.cahr-acrv.ca\/wp-content\/uploads\/2025\/06\/cahr-organization-logo.png","contentUrl":"https:\/\/www.cahr-acrv.ca\/wp-content\/uploads\/2025\/06\/cahr-organization-logo.png","width":696,"height":696,"caption":"Canadian Association for HIV Research"},"image":{"@id":"https:\/\/www.cahr-acrv.ca\/#\/schema\/logo\/image\/"},"sameAs":["https:\/\/www.facebook.com\/CanadianAssociationforHIVResearch","https:\/\/x.com\/CAHR_ACRV","https:\/\/bsky.app\/profile\/cahr-acrv.bsky.social","https:\/\/www.youtube.com\/user\/CAHRACRV","https:\/\/www.instagram.com\/cahr_acrv\/","https:\/\/www.linkedin.com\/company\/canadian-association-for-hiv-research\/"]}]}},"_links":{"self":[{"href":"https:\/\/www.cahr-acrv.ca\/fr\/wp-json\/wp\/v2\/pages\/192","targetHints":{"allow":["GET"]}}],"collection":[{"href":"https:\/\/www.cahr-acrv.ca\/fr\/wp-json\/wp\/v2\/pages"}],"about":[{"href":"https:\/\/www.cahr-acrv.ca\/fr\/wp-json\/wp\/v2\/types\/page"}],"author":[{"embeddable":true,"href":"https:\/\/www.cahr-acrv.ca\/fr\/wp-json\/wp\/v2\/users\/9"}],"replies":[{"embeddable":true,"href":"https:\/\/www.cahr-acrv.ca\/fr\/wp-json\/wp\/v2\/comments?post=192"}],"version-history":[{"count":0,"href":"https:\/\/www.cahr-acrv.ca\/fr\/wp-json\/wp\/v2\/pages\/192\/revisions"}],"wp:attachment":[{"href":"https:\/\/www.cahr-acrv.ca\/fr\/wp-json\/wp\/v2\/media?parent=192"}],"curies":[{"name":"wp","href":"https:\/\/api.w.org\/{rel}","templated":true}]}}