{"id":15416,"date":"2025-04-15T11:15:41","date_gmt":"2025-04-15T15:15:41","guid":{"rendered":"https:\/\/canadianassstg.wpenginepowered.com\/?page_id=15416"},"modified":"2025-10-09T07:21:48","modified_gmt":"2025-10-09T11:21:48","slug":"ressources-edi","status":"publish","type":"page","link":"https:\/\/www.cahr-acrv.ca\/fr\/ressources-edi\/","title":{"rendered":"Ressources EDI"},"content":{"rendered":"\n<p>Voici une liste de ressources utiles pour la promotion de l\u2019\u00e9quit\u00e9, de la diversit\u00e9 et de l\u2019inclusion (EDI) dans le domaine de la recherche sur le VIH.<\/p>\n\n\n\n<ul class=\"wp-block-list\">\n<li><a href=\"https:\/\/www.csps-efpc.gc.ca\/anti-racism-fra.aspx\" target=\"_blank\" rel=\"noreferrer noopener\">S\u00e9rie d&rsquo;apprentissage contre le racisme<\/a><\/li>\n\n\n\n<li><a href=\"https:\/\/blackmanifestohiv.com\/manifesto\/\" target=\"_blank\" rel=\"noreferrer noopener\">Black HIV Manifesto<\/a><\/li>\n\n\n\n<li><a href=\"https:\/\/cihr-irsc.gc.ca\/f\/54089.html\" target=\"_blank\" rel=\"noreferrer noopener\">Compte rendu du Dialogue sur le racisme envers les Noirs dans le syst\u00e8me de financement de la recherche en sant\u00e9<\/a><\/li>\n\n\n\n<li><a href=\"https:\/\/pressbooks.library.torontomu.ca\/ediinpractice\/\" target=\"_blank\" rel=\"noreferrer noopener\">Equity, Diversity and Inclusion in Practice<\/a><\/li>\n\n\n\n<li><a href=\"https:\/\/cihr-irsc.gc.ca\/f\/54121.html\" target=\"_blank\" rel=\"noreferrer noopener\">Plan d&rsquo;action des IRSC contre le capacitisme : passer de l&rsquo;intention \u00e0 l&rsquo;impact<\/a><\/li>\n\n\n\n<li><a href=\"https:\/\/www.canada.ca\/fr\/comite-coordination-recherche\/programmes\/directives-politiques\/politique-interorganismes-affirmation-citoyennete-appartenance-autochtones.html\" target=\"_blank\" rel=\"noreferrer noopener\">Politique interorganismes sur l\u2019affirmation de la citoyennet\u00e9 et de l\u2019appartenance autochtones<\/a><\/li>\n\n\n\n<li><a href=\"https:\/\/www.realizecanada.org\/fr\/ressources\/\" target=\"_blank\" rel=\"noreferrer noopener\">R\u00e9alise : ressources sur le VIH, la r\u00e9adaptation et l\u2019invalidit\u00e9 \u00e9pisodique<\/a><\/li>\n\n\n\n<li><a href=\"https:\/\/www.canada.ca\/fr\/comite-coordination-recherche\/priorites\/equite-diversite-inclusion-recherche.html\" target=\"_blank\" rel=\"noreferrer noopener\">Renforcement de l\u2019\u00e9quit\u00e9, de la diversit\u00e9 et de l\u2019inclusion en recherche<\/a><\/li>\n\n\n\n<li>Travailler avec les collectivit\u00e9s autochtones (Inuits, M\u00e9tis et Premi\u00e8res Nations)<br><a href=\"https:\/\/www.queensu.ca\/indigenous\/decolonizing-and-indigenizing\/community-research-partnerships-training\" target=\"_blank\" rel=\"noreferrer noopener\">Indigenous Community Research Partnerships<\/a><\/li>\n<\/ul>\n","protected":false},"excerpt":{"rendered":"<p>Voici une liste de ressources utiles pour la promotion de l\u2019\u00e9quit\u00e9, de la diversit\u00e9 et de l\u2019inclusion (EDI) dans le domaine de la recherche sur le VIH.<\/p>\n","protected":false},"author":9,"featured_media":0,"parent":0,"menu_order":0,"comment_status":"closed","ping_status":"closed","template":"","meta":{"_acf_changed":false,"inline_featured_image":false,"footnotes":""},"class_list":["post-15416","page","type-page","status-publish","hentry"],"acf":[],"yoast_head":"<!-- This site is optimized with the Yoast SEO plugin v27.4 - https:\/\/yoast.com\/product\/yoast-seo-wordpress\/ -->\n<title>Ressources EDI &#8211; ACRV<\/title>\n<meta name=\"robots\" content=\"index, follow, max-snippet:-1, max-image-preview:large, max-video-preview:-1\" \/>\n<link rel=\"canonical\" href=\"https:\/\/www.cahr-acrv.ca\/fr\/ressources-edi\/\" \/>\n<meta property=\"og:locale\" content=\"fr_FR\" \/>\n<meta property=\"og:type\" content=\"article\" \/>\n<meta property=\"og:title\" content=\"Ressources EDI &#8211; ACRV\" \/>\n<meta property=\"og:description\" content=\"Voici une liste de ressources utiles pour la promotion de l\u2019\u00e9quit\u00e9, de la diversit\u00e9 et de l\u2019inclusion (EDI) dans le domaine de la recherche sur le VIH.\" \/>\n<meta property=\"og:url\" content=\"https:\/\/www.cahr-acrv.ca\/fr\/ressources-edi\/\" \/>\n<meta property=\"og:site_name\" content=\"ACRV\" \/>\n<meta property=\"article:publisher\" content=\"https:\/\/www.facebook.com\/CanadianAssociationforHIVResearch\" \/>\n<meta property=\"article:modified_time\" content=\"2025-10-09T11:21:48+00:00\" \/>\n<meta name=\"twitter:card\" content=\"summary_large_image\" \/>\n<meta name=\"twitter:site\" content=\"@CAHR_ACRV\" \/>\n<meta name=\"twitter:label1\" content=\"Dur\u00e9e de lecture estim\u00e9e\" \/>\n\t<meta name=\"twitter:data1\" content=\"1 minute\" \/>\n<script type=\"application\/ld+json\" class=\"yoast-schema-graph\">{\"@context\":\"https:\\\/\\\/schema.org\",\"@graph\":[{\"@type\":\"WebPage\",\"@id\":\"https:\\\/\\\/www.cahr-acrv.ca\\\/fr\\\/ressources-edi\\\/\",\"url\":\"https:\\\/\\\/www.cahr-acrv.ca\\\/fr\\\/ressources-edi\\\/\",\"name\":\"Ressources EDI &#8211; ACRV\",\"isPartOf\":{\"@id\":\"https:\\\/\\\/www.cahr-acrv.ca\\\/#website\"},\"datePublished\":\"2025-04-15T15:15:41+00:00\",\"dateModified\":\"2025-10-09T11:21:48+00:00\",\"breadcrumb\":{\"@id\":\"https:\\\/\\\/www.cahr-acrv.ca\\\/fr\\\/ressources-edi\\\/#breadcrumb\"},\"inLanguage\":\"fr-FR\",\"potentialAction\":[{\"@type\":\"ReadAction\",\"target\":[\"https:\\\/\\\/www.cahr-acrv.ca\\\/fr\\\/ressources-edi\\\/\"]}]},{\"@type\":\"BreadcrumbList\",\"@id\":\"https:\\\/\\\/www.cahr-acrv.ca\\\/fr\\\/ressources-edi\\\/#breadcrumb\",\"itemListElement\":[{\"@type\":\"ListItem\",\"position\":1,\"name\":\"Accueil\",\"item\":\"https:\\\/\\\/www.cahr-acrv.ca\\\/fr\\\/accueil\\\/\"},{\"@type\":\"ListItem\",\"position\":2,\"name\":\"Ressources EDI\"}]},{\"@type\":\"WebSite\",\"@id\":\"https:\\\/\\\/www.cahr-acrv.ca\\\/#website\",\"url\":\"https:\\\/\\\/www.cahr-acrv.ca\\\/\",\"name\":\"ACRV\",\"description\":\"L'association canadienne de recherche sur le VIH\",\"publisher\":{\"@id\":\"https:\\\/\\\/www.cahr-acrv.ca\\\/#organization\"},\"potentialAction\":[{\"@type\":\"SearchAction\",\"target\":{\"@type\":\"EntryPoint\",\"urlTemplate\":\"https:\\\/\\\/www.cahr-acrv.ca\\\/?s={search_term_string}\"},\"query-input\":{\"@type\":\"PropertyValueSpecification\",\"valueRequired\":true,\"valueName\":\"search_term_string\"}}],\"inLanguage\":\"fr-FR\"},{\"@type\":\"Organization\",\"@id\":\"https:\\\/\\\/www.cahr-acrv.ca\\\/#organization\",\"name\":\"Canadian Association for HIV Research\",\"alternateName\":\"CAHR\",\"url\":\"https:\\\/\\\/www.cahr-acrv.ca\\\/\",\"logo\":{\"@type\":\"ImageObject\",\"inLanguage\":\"fr-FR\",\"@id\":\"https:\\\/\\\/www.cahr-acrv.ca\\\/#\\\/schema\\\/logo\\\/image\\\/\",\"url\":\"https:\\\/\\\/www.cahr-acrv.ca\\\/wp-content\\\/uploads\\\/2025\\\/06\\\/cahr-organization-logo.png\",\"contentUrl\":\"https:\\\/\\\/www.cahr-acrv.ca\\\/wp-content\\\/uploads\\\/2025\\\/06\\\/cahr-organization-logo.png\",\"width\":696,\"height\":696,\"caption\":\"Canadian Association for HIV Research\"},\"image\":{\"@id\":\"https:\\\/\\\/www.cahr-acrv.ca\\\/#\\\/schema\\\/logo\\\/image\\\/\"},\"sameAs\":[\"https:\\\/\\\/www.facebook.com\\\/CanadianAssociationforHIVResearch\",\"https:\\\/\\\/x.com\\\/CAHR_ACRV\",\"https:\\\/\\\/bsky.app\\\/profile\\\/cahr-acrv.bsky.social\",\"https:\\\/\\\/www.youtube.com\\\/user\\\/CAHRACRV\",\"https:\\\/\\\/www.instagram.com\\\/cahr_acrv\\\/\",\"https:\\\/\\\/www.linkedin.com\\\/company\\\/canadian-association-for-hiv-research\\\/\"]}]}<\/script>\n<!-- \/ Yoast SEO plugin. -->","yoast_head_json":{"title":"Ressources EDI &#8211; ACRV","robots":{"index":"index","follow":"follow","max-snippet":"max-snippet:-1","max-image-preview":"max-image-preview:large","max-video-preview":"max-video-preview:-1"},"canonical":"https:\/\/www.cahr-acrv.ca\/fr\/ressources-edi\/","og_locale":"fr_FR","og_type":"article","og_title":"Ressources EDI &#8211; ACRV","og_description":"Voici une liste de ressources utiles pour la promotion de l\u2019\u00e9quit\u00e9, de la diversit\u00e9 et de l\u2019inclusion (EDI) dans le domaine de la recherche sur le VIH.","og_url":"https:\/\/www.cahr-acrv.ca\/fr\/ressources-edi\/","og_site_name":"ACRV","article_publisher":"https:\/\/www.facebook.com\/CanadianAssociationforHIVResearch","article_modified_time":"2025-10-09T11:21:48+00:00","twitter_card":"summary_large_image","twitter_site":"@CAHR_ACRV","twitter_misc":{"Dur\u00e9e de lecture estim\u00e9e":"1 minute"},"schema":{"@context":"https:\/\/schema.org","@graph":[{"@type":"WebPage","@id":"https:\/\/www.cahr-acrv.ca\/fr\/ressources-edi\/","url":"https:\/\/www.cahr-acrv.ca\/fr\/ressources-edi\/","name":"Ressources EDI &#8211; ACRV","isPartOf":{"@id":"https:\/\/www.cahr-acrv.ca\/#website"},"datePublished":"2025-04-15T15:15:41+00:00","dateModified":"2025-10-09T11:21:48+00:00","breadcrumb":{"@id":"https:\/\/www.cahr-acrv.ca\/fr\/ressources-edi\/#breadcrumb"},"inLanguage":"fr-FR","potentialAction":[{"@type":"ReadAction","target":["https:\/\/www.cahr-acrv.ca\/fr\/ressources-edi\/"]}]},{"@type":"BreadcrumbList","@id":"https:\/\/www.cahr-acrv.ca\/fr\/ressources-edi\/#breadcrumb","itemListElement":[{"@type":"ListItem","position":1,"name":"Accueil","item":"https:\/\/www.cahr-acrv.ca\/fr\/accueil\/"},{"@type":"ListItem","position":2,"name":"Ressources EDI"}]},{"@type":"WebSite","@id":"https:\/\/www.cahr-acrv.ca\/#website","url":"https:\/\/www.cahr-acrv.ca\/","name":"ACRV","description":"L'association canadienne de recherche sur le VIH","publisher":{"@id":"https:\/\/www.cahr-acrv.ca\/#organization"},"potentialAction":[{"@type":"SearchAction","target":{"@type":"EntryPoint","urlTemplate":"https:\/\/www.cahr-acrv.ca\/?s={search_term_string}"},"query-input":{"@type":"PropertyValueSpecification","valueRequired":true,"valueName":"search_term_string"}}],"inLanguage":"fr-FR"},{"@type":"Organization","@id":"https:\/\/www.cahr-acrv.ca\/#organization","name":"Canadian Association for HIV Research","alternateName":"CAHR","url":"https:\/\/www.cahr-acrv.ca\/","logo":{"@type":"ImageObject","inLanguage":"fr-FR","@id":"https:\/\/www.cahr-acrv.ca\/#\/schema\/logo\/image\/","url":"https:\/\/www.cahr-acrv.ca\/wp-content\/uploads\/2025\/06\/cahr-organization-logo.png","contentUrl":"https:\/\/www.cahr-acrv.ca\/wp-content\/uploads\/2025\/06\/cahr-organization-logo.png","width":696,"height":696,"caption":"Canadian Association for HIV Research"},"image":{"@id":"https:\/\/www.cahr-acrv.ca\/#\/schema\/logo\/image\/"},"sameAs":["https:\/\/www.facebook.com\/CanadianAssociationforHIVResearch","https:\/\/x.com\/CAHR_ACRV","https:\/\/bsky.app\/profile\/cahr-acrv.bsky.social","https:\/\/www.youtube.com\/user\/CAHRACRV","https:\/\/www.instagram.com\/cahr_acrv\/","https:\/\/www.linkedin.com\/company\/canadian-association-for-hiv-research\/"]}]}},"_links":{"self":[{"href":"https:\/\/www.cahr-acrv.ca\/fr\/wp-json\/wp\/v2\/pages\/15416","targetHints":{"allow":["GET"]}}],"collection":[{"href":"https:\/\/www.cahr-acrv.ca\/fr\/wp-json\/wp\/v2\/pages"}],"about":[{"href":"https:\/\/www.cahr-acrv.ca\/fr\/wp-json\/wp\/v2\/types\/page"}],"author":[{"embeddable":true,"href":"https:\/\/www.cahr-acrv.ca\/fr\/wp-json\/wp\/v2\/users\/9"}],"replies":[{"embeddable":true,"href":"https:\/\/www.cahr-acrv.ca\/fr\/wp-json\/wp\/v2\/comments?post=15416"}],"version-history":[{"count":0,"href":"https:\/\/www.cahr-acrv.ca\/fr\/wp-json\/wp\/v2\/pages\/15416\/revisions"}],"wp:attachment":[{"href":"https:\/\/www.cahr-acrv.ca\/fr\/wp-json\/wp\/v2\/media?parent=15416"}],"curies":[{"name":"wp","href":"https:\/\/api.w.org\/{rel}","templated":true}]}}