{"id":15338,"date":"2025-03-24T09:34:16","date_gmt":"2025-03-24T13:34:16","guid":{"rendered":"https:\/\/canadianassstg.wpenginepowered.com\/?page_id=15338"},"modified":"2025-03-25T09:08:45","modified_gmt":"2025-03-25T13:08:45","slug":"conseil-dadministration","status":"publish","type":"page","link":"https:\/\/www.cahr-acrv.ca\/fr\/conseil-dadministration\/","title":{"rendered":"Conseil d&rsquo;administration"},"content":{"rendered":"\n<p>L\u2019ACRV est r\u00e9gie par un conseil de 10 personnes, \u00e0 savoir : le pr\u00e9sident, le pr\u00e9sident sortant, le pr\u00e9sident \u00e9lu, le tr\u00e9sorier, le secr\u00e9taire, un administrateur repr\u00e9sentant chaque discipline (c.-\u00e0-d. sciences fondamentales, sciences cliniques, \u00e9pid\u00e9miologie\/sant\u00e9 publique et sciences sociales) et un repr\u00e9sentant de la collectivit\u00e9.<\/p>\n\n\n<div class=\"board-of-directors-wrapper\">\n      <hr\/>\n    <h2>Ex\u00e9cutif<\/h2>\n    <div class=\"board-of-directors-members\">\n              <div class=\"board-of-directors-member\">\n        <div class=\"board-of-directors-thumbnail\">\n      <a href=\"https:\/\/www.cahr-acrv.ca\/fr\/administrateurs\/shariq-haider\/\">\n        <img class=\"lazyload\" data-src=\"https:\/\/www.cahr-acrv.ca\/wp-content\/uploads\/2012\/10\/Haider-S-photo1-200x250-c-center.webp\" alt=\"\">\n      <\/a>\n    <\/div>\n    <h3>\n    <a href=\"https:\/\/www.cahr-acrv.ca\/fr\/administrateurs\/shariq-haider\/\">\n      Dr Shariq Haider\n    <\/a>\n  <\/h3>\n  <div class=\"board-of-directors-title\">\n    Pr\u00e9sident\n  <\/div>\n  <a class=\"board-of-directors-read-more\" href=\"https:\/\/www.cahr-acrv.ca\/fr\/administrateurs\/shariq-haider\/\">Lire la bio compl\u00e8te<\/a>\n<\/div>\n              <div class=\"board-of-directors-member\">\n        <div class=\"board-of-directors-thumbnail\">\n      <a href=\"https:\/\/www.cahr-acrv.ca\/fr\/administrateurs\/dre-alexandra-king\/\">\n        <img class=\"lazyload\" data-src=\"https:\/\/www.cahr-acrv.ca\/wp-content\/uploads\/2019\/06\/4.-NEW-PHOTO-Alexandra-King-scaled-200x250-c-center.webp\" alt=\"Alexandra King\">\n      <\/a>\n    <\/div>\n    <h3>\n    <a href=\"https:\/\/www.cahr-acrv.ca\/fr\/administrateurs\/dre-alexandra-king\/\">\n      Dre Alexandra King\n    <\/a>\n  <\/h3>\n  <div class=\"board-of-directors-title\">\n    Pr\u00e9sidente \u00e9lue\n  <\/div>\n  <a class=\"board-of-directors-read-more\" href=\"https:\/\/www.cahr-acrv.ca\/fr\/administrateurs\/dre-alexandra-king\/\">Lire la bio compl\u00e8te<\/a>\n<\/div>\n              <div class=\"board-of-directors-member\">\n        <div class=\"board-of-directors-thumbnail\">\n      <a href=\"https:\/\/www.cahr-acrv.ca\/fr\/administrateurs\/marissa-becker\/\">\n        <img class=\"lazyload\" data-src=\"https:\/\/www.cahr-acrv.ca\/wp-content\/uploads\/2013\/05\/Marissa-200x250-c-center.webp\" alt=\"\">\n      <\/a>\n    <\/div>\n    <h3>\n    <a href=\"https:\/\/www.cahr-acrv.ca\/fr\/administrateurs\/marissa-becker\/\">\n      Dre Marissa Becker\n    <\/a>\n  <\/h3>\n  <div class=\"board-of-directors-title\">\n    Pr\u00e9sident sortante\n  <\/div>\n  <a class=\"board-of-directors-read-more\" href=\"https:\/\/www.cahr-acrv.ca\/fr\/administrateurs\/marissa-becker\/\">Lire la bio compl\u00e8te<\/a>\n<\/div>\n              <div class=\"board-of-directors-member\">\n        <div class=\"board-of-directors-thumbnail\">\n      <a href=\"https:\/\/www.cahr-acrv.ca\/fr\/administrateurs\/dr-lyle-mckinnon\/\">\n        <img class=\"lazyload\" data-src=\"https:\/\/www.cahr-acrv.ca\/wp-content\/uploads\/2019\/06\/LyleMcKinnon-200x250-c-center.webp\" alt=\"Lyle McKinnon\">\n      <\/a>\n    <\/div>\n    <h3>\n    <a href=\"https:\/\/www.cahr-acrv.ca\/fr\/administrateurs\/dr-lyle-mckinnon\/\">\n      Lyle McKinnon (PhD)\n    <\/a>\n  <\/h3>\n  <div class=\"board-of-directors-title\">\n    Secr\u00e9taire\n  <\/div>\n  <a class=\"board-of-directors-read-more\" href=\"https:\/\/www.cahr-acrv.ca\/fr\/administrateurs\/dr-lyle-mckinnon\/\">Lire la bio compl\u00e8te<\/a>\n<\/div>\n              <div class=\"board-of-directors-member\">\n        <div class=\"board-of-directors-thumbnail\">\n      <a href=\"https:\/\/www.cahr-acrv.ca\/fr\/administrateurs\/dr-viviane-dias-lima\/\">\n        <img class=\"lazyload\" data-src=\"https:\/\/www.cahr-acrv.ca\/wp-content\/uploads\/2021\/05\/4.-NEW-PHOTO-Viviane-LIma-scaled-200x250-c-center.webp\" alt=\"Viviane Dias Lima\">\n      <\/a>\n    <\/div>\n    <h3>\n    <a href=\"https:\/\/www.cahr-acrv.ca\/fr\/administrateurs\/dr-viviane-dias-lima\/\">\n      Viviane Dias Lima (PhD)\n    <\/a>\n  <\/h3>\n  <div class=\"board-of-directors-title\">\n    Tr\u00e9sori\u00e8re\n  <\/div>\n  <a class=\"board-of-directors-read-more\" href=\"https:\/\/www.cahr-acrv.ca\/fr\/administrateurs\/dr-viviane-dias-lima\/\">Lire la bio compl\u00e8te<\/a>\n<\/div>\n          <\/div>\n        <hr\/>\n    <h2>Directeurs<\/h2>\n    <div class=\"board-of-directors-members\">\n              <div class=\"board-of-directors-member\">\n        <div class=\"board-of-directors-thumbnail\">\n      <a href=\"https:\/\/www.cahr-acrv.ca\/fr\/administrateurs\/dr-mark-brockman\/\">\n        <img class=\"lazyload\" data-src=\"https:\/\/www.cahr-acrv.ca\/wp-content\/uploads\/2023\/05\/4.-NEW-PHOTO-Brockman-Photo-Basic-Sciences-200x250-c-center.webp\" alt=\"Mark Brockman\">\n      <\/a>\n    <\/div>\n    <h3>\n    <a href=\"https:\/\/www.cahr-acrv.ca\/fr\/administrateurs\/dr-mark-brockman\/\">\n      Mark Brockman (PhD)\n    <\/a>\n  <\/h3>\n  <div class=\"board-of-directors-title\">\n    Repr\u00e9sentant, Sciences fondamentales\n  <\/div>\n  <a class=\"board-of-directors-read-more\" href=\"https:\/\/www.cahr-acrv.ca\/fr\/administrateurs\/dr-mark-brockman\/\">Lire la bio compl\u00e8te<\/a>\n<\/div>\n              <div class=\"board-of-directors-member\">\n        <div class=\"board-of-directors-thumbnail\">\n      <a href=\"https:\/\/www.cahr-acrv.ca\/fr\/administrateurs\/carmen-logie-phd\/\">\n        <img class=\"lazyload\" data-src=\"https:\/\/www.cahr-acrv.ca\/wp-content\/uploads\/2025\/05\/Carmen_Logie-200x250-c-center.webp\" alt=\"Carmen Logie\">\n      <\/a>\n    <\/div>\n    <h3>\n    <a href=\"https:\/\/www.cahr-acrv.ca\/fr\/administrateurs\/carmen-logie-phd\/\">\n      Carmen Logie (PhD)\n    <\/a>\n  <\/h3>\n  <div class=\"board-of-directors-title\">\n    Repr\u00e9sentant, Sciences sociales\n  <\/div>\n  <a class=\"board-of-directors-read-more\" href=\"https:\/\/www.cahr-acrv.ca\/fr\/administrateurs\/carmen-logie-phd\/\">Lire la bio compl\u00e8te<\/a>\n<\/div>\n              <div class=\"board-of-directors-member\">\n        <div class=\"board-of-directors-thumbnail\">\n      <a href=\"https:\/\/www.cahr-acrv.ca\/fr\/administrateurs\/souradet-shaw\/\">\n        <img class=\"lazyload\" data-src=\"https:\/\/www.cahr-acrv.ca\/wp-content\/uploads\/2025\/05\/Souradet-Shaw-200x250-c-center.webp\" alt=\"Souradet Shaw\">\n      <\/a>\n    <\/div>\n    <h3>\n    <a href=\"https:\/\/www.cahr-acrv.ca\/fr\/administrateurs\/souradet-shaw\/\">\n      Souradet Shaw (PhD)\n    <\/a>\n  <\/h3>\n  <div class=\"board-of-directors-title\">\n    Repr\u00e9sentant, \u00c9pid\u00e9miologie et sant\u00e9publique\n  <\/div>\n  <a class=\"board-of-directors-read-more\" href=\"https:\/\/www.cahr-acrv.ca\/fr\/administrateurs\/souradet-shaw\/\">Lire la bio compl\u00e8te<\/a>\n<\/div>\n              <div class=\"board-of-directors-member\">\n        <div class=\"board-of-directors-thumbnail\">\n      <a href=\"https:\/\/www.cahr-acrv.ca\/fr\/administrateurs\/alice-tseng\/\">\n        <img class=\"lazyload\" data-src=\"https:\/\/www.cahr-acrv.ca\/wp-content\/uploads\/2025\/05\/Alice-Tseng-200x250-c-center.webp\" alt=\"Alice Tseng\">\n      <\/a>\n    <\/div>\n    <h3>\n    <a href=\"https:\/\/www.cahr-acrv.ca\/fr\/administrateurs\/alice-tseng\/\">\n      Alice Tseng (PhD)\n    <\/a>\n  <\/h3>\n  <div class=\"board-of-directors-title\">\n    Repr\u00e9sentante, Sciences cliniques\n  <\/div>\n  <a class=\"board-of-directors-read-more\" href=\"https:\/\/www.cahr-acrv.ca\/fr\/administrateurs\/alice-tseng\/\">Lire la bio compl\u00e8te<\/a>\n<\/div>\n              <div class=\"board-of-directors-member\">\n        <div class=\"board-of-directors-thumbnail\">\n      <a href=\"https:\/\/www.cahr-acrv.ca\/fr\/administrateurs\/breklyn-bertozzi\/\">\n        <img class=\"lazyload\" data-src=\"https:\/\/www.cahr-acrv.ca\/wp-content\/uploads\/2023\/05\/4.-NEW-PHOTO-Bertozzi-Photo-Community-Rep-200x250-c-center.webp\" alt=\"Breklyn Bertozzi\">\n      <\/a>\n    <\/div>\n    <h3>\n    <a href=\"https:\/\/www.cahr-acrv.ca\/fr\/administrateurs\/breklyn-bertozzi\/\">\n      Breklyn Bertozzi\n    <\/a>\n  <\/h3>\n  <div class=\"board-of-directors-title\">\n    Repr\u00e9sentante, Collectiv\u00e9\n  <\/div>\n  <a class=\"board-of-directors-read-more\" href=\"https:\/\/www.cahr-acrv.ca\/fr\/administrateurs\/breklyn-bertozzi\/\">Lire la bio compl\u00e8te<\/a>\n<\/div>\n              <div class=\"board-of-directors-member\">\n        <div class=\"board-of-directors-thumbnail\">\n      <a href=\"https:\/\/www.cahr-acrv.ca\/fr\/administrateurs\/monika-kowatsch\/\">\n        <img class=\"lazyload\" data-src=\"https:\/\/www.cahr-acrv.ca\/wp-content\/uploads\/2025\/09\/Monika-Kowatsch-200x250-c-center.webp\" alt=\"Monika Kowatsch\">\n      <\/a>\n    <\/div>\n    <h3>\n    <a href=\"https:\/\/www.cahr-acrv.ca\/fr\/administrateurs\/monika-kowatsch\/\">\n      Monika Kowatsch (PhD)\n    <\/a>\n  <\/h3>\n  <div class=\"board-of-directors-title\">\n    Repr\u00e9sentante des stagiaires au Conseil de l\u2019ACRV\n  <\/div>\n  <a class=\"board-of-directors-read-more\" href=\"https:\/\/www.cahr-acrv.ca\/fr\/administrateurs\/monika-kowatsch\/\">Lire la bio compl\u00e8te<\/a>\n<\/div>\n          <\/div>\n  <\/div>\n","protected":false},"excerpt":{"rendered":"<p>L\u2019ACRV est r\u00e9gie par un conseil de 10 personnes, \u00e0 savoir : le pr\u00e9sident, le pr\u00e9sident sortant, le pr\u00e9sident \u00e9lu, le tr\u00e9sorier, le secr\u00e9taire, un administrateur repr\u00e9sentant chaque discipline (c.-\u00e0-d. sciences fondamentales, sciences cliniques, \u00e9pid\u00e9miologie\/sant\u00e9 publique et sciences sociales) et un repr\u00e9sentant de la collectivit\u00e9.<\/p>\n","protected":false},"author":11,"featured_media":0,"parent":0,"menu_order":0,"comment_status":"closed","ping_status":"closed","template":"","meta":{"_acf_changed":false,"inline_featured_image":false,"footnotes":""},"class_list":["post-15338","page","type-page","status-publish","hentry"],"acf":[],"yoast_head":"<!-- This site is optimized with the Yoast SEO plugin v27.4 - https:\/\/yoast.com\/product\/yoast-seo-wordpress\/ -->\n<title>Conseil d&#039;administration &#8211; ACRV<\/title>\n<meta name=\"robots\" content=\"index, follow, max-snippet:-1, max-image-preview:large, max-video-preview:-1\" \/>\n<link rel=\"canonical\" href=\"https:\/\/www.cahr-acrv.ca\/fr\/conseil-dadministration\/\" \/>\n<meta property=\"og:locale\" content=\"fr_FR\" \/>\n<meta property=\"og:type\" content=\"article\" \/>\n<meta property=\"og:title\" content=\"Conseil d&#039;administration &#8211; ACRV\" \/>\n<meta property=\"og:description\" content=\"L\u2019ACRV est r\u00e9gie par un conseil de 10 personnes, \u00e0 savoir : le pr\u00e9sident, le pr\u00e9sident sortant, le pr\u00e9sident \u00e9lu, le tr\u00e9sorier, le secr\u00e9taire, un administrateur repr\u00e9sentant chaque discipline (c.-\u00e0-d. sciences fondamentales, sciences cliniques, \u00e9pid\u00e9miologie\/sant\u00e9 publique et sciences sociales) et un repr\u00e9sentant de la collectivit\u00e9.\" \/>\n<meta property=\"og:url\" content=\"https:\/\/www.cahr-acrv.ca\/fr\/conseil-dadministration\/\" \/>\n<meta property=\"og:site_name\" content=\"ACRV\" \/>\n<meta property=\"article:publisher\" content=\"https:\/\/www.facebook.com\/CanadianAssociationforHIVResearch\" \/>\n<meta property=\"article:modified_time\" content=\"2025-03-25T13:08:45+00:00\" \/>\n<meta name=\"twitter:card\" content=\"summary_large_image\" \/>\n<meta name=\"twitter:site\" content=\"@CAHR_ACRV\" \/>\n<meta name=\"twitter:label1\" content=\"Dur\u00e9e de lecture estim\u00e9e\" \/>\n\t<meta name=\"twitter:data1\" content=\"1 minute\" \/>\n<script type=\"application\/ld+json\" class=\"yoast-schema-graph\">{\"@context\":\"https:\\\/\\\/schema.org\",\"@graph\":[{\"@type\":\"WebPage\",\"@id\":\"https:\\\/\\\/www.cahr-acrv.ca\\\/fr\\\/conseil-dadministration\\\/\",\"url\":\"https:\\\/\\\/www.cahr-acrv.ca\\\/fr\\\/conseil-dadministration\\\/\",\"name\":\"Conseil d'administration &#8211; ACRV\",\"isPartOf\":{\"@id\":\"https:\\\/\\\/www.cahr-acrv.ca\\\/#website\"},\"datePublished\":\"2025-03-24T13:34:16+00:00\",\"dateModified\":\"2025-03-25T13:08:45+00:00\",\"breadcrumb\":{\"@id\":\"https:\\\/\\\/www.cahr-acrv.ca\\\/fr\\\/conseil-dadministration\\\/#breadcrumb\"},\"inLanguage\":\"fr-FR\",\"potentialAction\":[{\"@type\":\"ReadAction\",\"target\":[\"https:\\\/\\\/www.cahr-acrv.ca\\\/fr\\\/conseil-dadministration\\\/\"]}]},{\"@type\":\"BreadcrumbList\",\"@id\":\"https:\\\/\\\/www.cahr-acrv.ca\\\/fr\\\/conseil-dadministration\\\/#breadcrumb\",\"itemListElement\":[{\"@type\":\"ListItem\",\"position\":1,\"name\":\"Accueil\",\"item\":\"https:\\\/\\\/www.cahr-acrv.ca\\\/fr\\\/accueil\\\/\"},{\"@type\":\"ListItem\",\"position\":2,\"name\":\"Conseil d&#8217;administration\"}]},{\"@type\":\"WebSite\",\"@id\":\"https:\\\/\\\/www.cahr-acrv.ca\\\/#website\",\"url\":\"https:\\\/\\\/www.cahr-acrv.ca\\\/\",\"name\":\"ACRV\",\"description\":\"L'association canadienne de recherche sur le VIH\",\"publisher\":{\"@id\":\"https:\\\/\\\/www.cahr-acrv.ca\\\/#organization\"},\"potentialAction\":[{\"@type\":\"SearchAction\",\"target\":{\"@type\":\"EntryPoint\",\"urlTemplate\":\"https:\\\/\\\/www.cahr-acrv.ca\\\/?s={search_term_string}\"},\"query-input\":{\"@type\":\"PropertyValueSpecification\",\"valueRequired\":true,\"valueName\":\"search_term_string\"}}],\"inLanguage\":\"fr-FR\"},{\"@type\":\"Organization\",\"@id\":\"https:\\\/\\\/www.cahr-acrv.ca\\\/#organization\",\"name\":\"Canadian Association for HIV Research\",\"alternateName\":\"CAHR\",\"url\":\"https:\\\/\\\/www.cahr-acrv.ca\\\/\",\"logo\":{\"@type\":\"ImageObject\",\"inLanguage\":\"fr-FR\",\"@id\":\"https:\\\/\\\/www.cahr-acrv.ca\\\/#\\\/schema\\\/logo\\\/image\\\/\",\"url\":\"https:\\\/\\\/www.cahr-acrv.ca\\\/wp-content\\\/uploads\\\/2025\\\/06\\\/cahr-organization-logo.png\",\"contentUrl\":\"https:\\\/\\\/www.cahr-acrv.ca\\\/wp-content\\\/uploads\\\/2025\\\/06\\\/cahr-organization-logo.png\",\"width\":696,\"height\":696,\"caption\":\"Canadian Association for HIV Research\"},\"image\":{\"@id\":\"https:\\\/\\\/www.cahr-acrv.ca\\\/#\\\/schema\\\/logo\\\/image\\\/\"},\"sameAs\":[\"https:\\\/\\\/www.facebook.com\\\/CanadianAssociationforHIVResearch\",\"https:\\\/\\\/x.com\\\/CAHR_ACRV\",\"https:\\\/\\\/bsky.app\\\/profile\\\/cahr-acrv.bsky.social\",\"https:\\\/\\\/www.youtube.com\\\/user\\\/CAHRACRV\",\"https:\\\/\\\/www.instagram.com\\\/cahr_acrv\\\/\",\"https:\\\/\\\/www.linkedin.com\\\/company\\\/canadian-association-for-hiv-research\\\/\"]}]}<\/script>\n<!-- \/ Yoast SEO plugin. -->","yoast_head_json":{"title":"Conseil d'administration &#8211; ACRV","robots":{"index":"index","follow":"follow","max-snippet":"max-snippet:-1","max-image-preview":"max-image-preview:large","max-video-preview":"max-video-preview:-1"},"canonical":"https:\/\/www.cahr-acrv.ca\/fr\/conseil-dadministration\/","og_locale":"fr_FR","og_type":"article","og_title":"Conseil d'administration &#8211; ACRV","og_description":"L\u2019ACRV est r\u00e9gie par un conseil de 10 personnes, \u00e0 savoir : le pr\u00e9sident, le pr\u00e9sident sortant, le pr\u00e9sident \u00e9lu, le tr\u00e9sorier, le secr\u00e9taire, un administrateur repr\u00e9sentant chaque discipline (c.-\u00e0-d. sciences fondamentales, sciences cliniques, \u00e9pid\u00e9miologie\/sant\u00e9 publique et sciences sociales) et un repr\u00e9sentant de la collectivit\u00e9.","og_url":"https:\/\/www.cahr-acrv.ca\/fr\/conseil-dadministration\/","og_site_name":"ACRV","article_publisher":"https:\/\/www.facebook.com\/CanadianAssociationforHIVResearch","article_modified_time":"2025-03-25T13:08:45+00:00","twitter_card":"summary_large_image","twitter_site":"@CAHR_ACRV","twitter_misc":{"Dur\u00e9e de lecture estim\u00e9e":"1 minute"},"schema":{"@context":"https:\/\/schema.org","@graph":[{"@type":"WebPage","@id":"https:\/\/www.cahr-acrv.ca\/fr\/conseil-dadministration\/","url":"https:\/\/www.cahr-acrv.ca\/fr\/conseil-dadministration\/","name":"Conseil d'administration &#8211; ACRV","isPartOf":{"@id":"https:\/\/www.cahr-acrv.ca\/#website"},"datePublished":"2025-03-24T13:34:16+00:00","dateModified":"2025-03-25T13:08:45+00:00","breadcrumb":{"@id":"https:\/\/www.cahr-acrv.ca\/fr\/conseil-dadministration\/#breadcrumb"},"inLanguage":"fr-FR","potentialAction":[{"@type":"ReadAction","target":["https:\/\/www.cahr-acrv.ca\/fr\/conseil-dadministration\/"]}]},{"@type":"BreadcrumbList","@id":"https:\/\/www.cahr-acrv.ca\/fr\/conseil-dadministration\/#breadcrumb","itemListElement":[{"@type":"ListItem","position":1,"name":"Accueil","item":"https:\/\/www.cahr-acrv.ca\/fr\/accueil\/"},{"@type":"ListItem","position":2,"name":"Conseil d&#8217;administration"}]},{"@type":"WebSite","@id":"https:\/\/www.cahr-acrv.ca\/#website","url":"https:\/\/www.cahr-acrv.ca\/","name":"ACRV","description":"L'association canadienne de recherche sur le VIH","publisher":{"@id":"https:\/\/www.cahr-acrv.ca\/#organization"},"potentialAction":[{"@type":"SearchAction","target":{"@type":"EntryPoint","urlTemplate":"https:\/\/www.cahr-acrv.ca\/?s={search_term_string}"},"query-input":{"@type":"PropertyValueSpecification","valueRequired":true,"valueName":"search_term_string"}}],"inLanguage":"fr-FR"},{"@type":"Organization","@id":"https:\/\/www.cahr-acrv.ca\/#organization","name":"Canadian Association for HIV Research","alternateName":"CAHR","url":"https:\/\/www.cahr-acrv.ca\/","logo":{"@type":"ImageObject","inLanguage":"fr-FR","@id":"https:\/\/www.cahr-acrv.ca\/#\/schema\/logo\/image\/","url":"https:\/\/www.cahr-acrv.ca\/wp-content\/uploads\/2025\/06\/cahr-organization-logo.png","contentUrl":"https:\/\/www.cahr-acrv.ca\/wp-content\/uploads\/2025\/06\/cahr-organization-logo.png","width":696,"height":696,"caption":"Canadian Association for HIV Research"},"image":{"@id":"https:\/\/www.cahr-acrv.ca\/#\/schema\/logo\/image\/"},"sameAs":["https:\/\/www.facebook.com\/CanadianAssociationforHIVResearch","https:\/\/x.com\/CAHR_ACRV","https:\/\/bsky.app\/profile\/cahr-acrv.bsky.social","https:\/\/www.youtube.com\/user\/CAHRACRV","https:\/\/www.instagram.com\/cahr_acrv\/","https:\/\/www.linkedin.com\/company\/canadian-association-for-hiv-research\/"]}]}},"_links":{"self":[{"href":"https:\/\/www.cahr-acrv.ca\/fr\/wp-json\/wp\/v2\/pages\/15338","targetHints":{"allow":["GET"]}}],"collection":[{"href":"https:\/\/www.cahr-acrv.ca\/fr\/wp-json\/wp\/v2\/pages"}],"about":[{"href":"https:\/\/www.cahr-acrv.ca\/fr\/wp-json\/wp\/v2\/types\/page"}],"author":[{"embeddable":true,"href":"https:\/\/www.cahr-acrv.ca\/fr\/wp-json\/wp\/v2\/users\/11"}],"replies":[{"embeddable":true,"href":"https:\/\/www.cahr-acrv.ca\/fr\/wp-json\/wp\/v2\/comments?post=15338"}],"version-history":[{"count":0,"href":"https:\/\/www.cahr-acrv.ca\/fr\/wp-json\/wp\/v2\/pages\/15338\/revisions"}],"wp:attachment":[{"href":"https:\/\/www.cahr-acrv.ca\/fr\/wp-json\/wp\/v2\/media?parent=15338"}],"curies":[{"name":"wp","href":"https:\/\/api.w.org\/{rel}","templated":true}]}}