{"id":15294,"date":"2025-03-13T11:13:29","date_gmt":"2025-03-13T15:13:29","guid":{"rendered":"https:\/\/canadianassstg.wpenginepowered.com\/?page_id=15294"},"modified":"2026-04-15T06:16:55","modified_gmt":"2026-04-15T10:16:55","slug":"bourses-de-voyage-de-lacrv","status":"publish","type":"page","link":"https:\/\/www.cahr-acrv.ca\/fr\/bourses-de-voyage-de-lacrv\/","title":{"rendered":"Bourses de voyage pour le perfectionnement professionnel"},"content":{"rendered":"\n<h2 class=\"wp-block-heading\" id=\"Contexte\">Contexte<\/h2>\n\n\n\n<p>Comptant plus de 2 000 membres chercheurs et autres personnes int\u00e9ress\u00e9es \u00e0 la recherche sur le VIH, l\u2019Association canadienne de recherche sur le VIH (ACRV) est l\u2019organisme de premier plan des chercheurs du Canada en mati\u00e8re de VIH\/sida. L\u2019un des \u00e9l\u00e9ments essentiels de son mandat est de \u00ab promouvoir l\u2019excellence en recherche sur le VIH \u00bb et de \u00ab stimuler la formation et le d\u00e9veloppement de nouveaux chercheurs \u00bb. Le programme de bourses de voyage de l\u2019ACRV est con\u00e7u pour r\u00e9pondre \u00e0 ces aspects de la mission de l\u2019ACRV en offrant des perspectives de perfectionnment professionnel.<\/p>\n\n\n\n<h2 class=\"wp-block-heading\" id=\"Bourses-de-voyage\">Bourses de voyage<\/h2>\n\n\n\n<p>Le programme de bourses de voyage pour le perfectionnement professionel vise \u00e0 aider la prochaine g\u00e9n\u00e9ration de chercheurs du VIH qui souhaitent : renforcer leurs comp\u00e9tences, tirer parti des perspectives de perfectionnement professionnel, assister, au Canada et \u00e0 l\u2019\u00e9tranger, \u00e0 des congr\u00e8s o\u00f9 les possibilit\u00e9s de perfectionnement professionnel peuvent \u00eatre \u00e9tablies, entreprendre des travaux de terrain pour favoriser leurs entreprises de recherche et participer \u00e0 des occasions d\u2019\u00e9change de programmes de laboratoire\/recherche. Ces bourses sont offertes dans l\u2019ensemble des quatre volets de l\u2019ACRV (\u00e0 savoir sciences fondamentales, sciences cliniques, sciences sociales, \u00e9pid\u00e9miologie et sant\u00e9 publique) ainsi que pour la recherche communautaire.<\/p>\n\n\n\n<h2 class=\"wp-block-heading\" id=\"Financement\">Financement<\/h2>\n\n\n\n<p>L\u2019ACRV investira chaque ann\u00e9e 100 000 $ dans ces perspectives de financement et pourrait, dans ce cadre, appuyer au minimum 40 bourses de voyage valant chacune jusqu\u2019\u00e0 2 500 $ CAD. Au maximum, huit bourses par ann\u00e9e seront offertes aux chercheurs en d\u00e9but de carri\u00e8re (CDC).<\/p>\n\n\n\n<h2 class=\"wp-block-heading\" id=\"Co\u00fbts-admissibles\">Co\u00fbts admissibles<\/h2>\n\n\n\n<p>Voici les d\u00e9penses qui peuvent donner lieu \u00e0 une aide financi\u00e8re :<\/p>\n\n\n\n<ol start=\"1\" class=\"wp-block-list\">\n<li>transport<\/li>\n\n\n\n<li>h\u00e9bergement<\/li>\n\n\n\n<li>frais d\u2019inscription \/ frais de scolarit\u00e9<\/li>\n<\/ol>\n\n\n\n<p>Dans tous les cas, l\u2019aide financi\u00e8re sera transmise directement aux titulaires de bourses d\u00e8s la fin de l\u2019activit\u00e9 subventionn\u00e9e. Les titulaires de bourses doivent pr\u00e9senter leurs preuves de voyage (cartes d\u2019embarquement, factures d\u2019h\u00f4tel, frais d\u2019inscription) pour que l\u2019ACRV puisse traiter les paiements.<\/p>\n\n\n\n<h2 class=\"wp-block-heading\" id=\"Dates-importantes\">Dates importantes<\/h2>\n\n\n\n<p>Quatre dates sont \u00e0 retenir chaque ann\u00e9e&nbsp;:<\/p>\n\n\n\n<ul class=\"wp-block-list\">\n<li>1<sup>er<\/sup> mars<\/li>\n\n\n\n<li>1<sup>er<\/sup> juin<\/li>\n\n\n\n<li>1<sup>er<\/sup> septembre<\/li>\n\n\n\n<li>1<sup>er<\/sup> d\u00e9cembre<\/li>\n<\/ul>\n\n\n\n<p>Notez : Les demandes<\/p>\n\n\n\n<ul class=\"wp-block-list\">\n<li>doivent \u00eatre pr\u00e9sent\u00e9es au moins quatre (4) semaines avant l\u2019activit\u00e9 envisag\u00e9e pour faciliter l\u2019examen par les pairs;<\/li>\n\n\n\n<li>ne doivent pas \u00eatre pr\u00e9sent\u00e9es plus de six (6) mois avant l\u2019activit\u00e9 envisag\u00e9e;<\/li>\n\n\n\n<li>ne seront \u00e9valu\u00e9es qu\u2019\u00e0 la fin de chaque p\u00e9riode d\u2019admissibilit\u00e9 (les demandes de financement d\u2019\u00e9v\u00e8nements qui ont lieu avant la date limite du concours ne seront pas prises en compte).<\/li>\n<\/ul>\n\n\n\n<h2 class=\"wp-block-heading\" id=\"Admissibilit\u00e9\">Admissibilit\u00e9<\/h2>\n\n\n\n<p>Les candidats doivent&nbsp;:<\/p>\n\n\n\n<ul class=\"wp-block-list\">\n<li>\u00catre citoyens canadiens ou r\u00e9sidents permanents du Canada ou vivant au Canada et inscrits \u00e0 un \u00e9tablissement d\u2019enseignement canadien.<\/li>\n\n\n\n<li>\u00catre de nouveaux chercheurs du VIH candidats au niveau de la ma\u00eetrise ou du doctorat en sciences ou boursiers en recherche postdoctorale, inscrits \u00e0 plein temps dans une universit\u00e9 canadienne OU des pairs chercheurs \u0153uvrant dans le domaine du VIH\/sida et\/ou des travailleurs ou b\u00e9n\u00e9voles dans un organisme communautaire pr\u00e9sent dans la recherche sur le VIH.<\/li>\n\n\n\n<li>REMARQUE : Les professionnels de la sant\u00e9, les fonctionnaires du gouvernement et les personnes \u0153uvrant avec l\u2019industrie ne sont pas admissibles. Les candidats ne doivent pas avoir obtenu de bourse de voyage pour le perfectionnement professionnel dans l\u2019ann\u00e9e pr\u00e9c\u00e9dente pour la m\u00eame activit\u00e9. Les demandeurs peuvent toutefois demander une bourse de voyage pour le perfectionnement professionnel dans l\u2019ann\u00e9e suivant leur participation \u00e0 un \u00e9v\u00e9nement diff\u00e9rent.<\/li>\n<\/ul>\n\n\n\n<h2 class=\"wp-block-heading\" id=\"Modalit\u00e9s-de-demande\">Modalit\u00e9s de demande<\/h2>\n\n\n\n<p><em>Voici ce que doit comprendre une demande compl\u00e8te&nbsp;:<\/em><\/p>\n\n\n\n<ul class=\"wp-block-list\">\n<li>Une lettre d\u2019au plus deux pages ne d\u00e9passant pas 1&nbsp;000&nbsp;mots, satisfaisant \u00e0 ce qui suit&nbsp;:\n<ul class=\"wp-block-list\">\n<li>D\u00e9crit de quelle fa\u00e7on le candidat r\u00e9pond aux crit\u00e8res d\u2019admissibilit\u00e9<\/li>\n\n\n\n<li>R\u00e9sume l\u2019exp\u00e9rience\/la formation pertinente du demandeur dans la recherche sur le VIH<\/li>\n\n\n\n<li>D\u00e9crit la fa\u00e7on dont le demandeur compte utiliser l\u2019aide financi\u00e8re demand\u00e9e<\/li>\n\n\n\n<li>Pr\u00e9cise les avantages concrets d\u00e9coulant de la r\u00e9ception du soutien financier et\/ou en quoi l\u2019obtention de la bourse aidera au perfectionnement professionnel en recherche sur le VIH. \u00c0 remarquer que la simple pr\u00e9sentation d\u2019un abr\u00e9g\u00e9 \u00e0 un congr\u00e8s n\u2019est pas consid\u00e9r\u00e9 comme \u00e9tant du perfectionnement professionnel<\/li>\n\n\n\n<li>Indique si, oui ou non, le demandeur a re\u00e7u du financement d\u2019une autre source pour appuyer les m\u00eames activit\u00e9s. Remarque&nbsp;: Le financement provenant d\u2019autres sources est autoris\u00e9 pour appuyer le co\u00fbt total de l\u2019activit\u00e9 envisag\u00e9e, mais le demandeur doit prouver clairement qu\u2019il n\u2019y aura pas deux ou plusieurs sources de financement servant \u00e0 couvrir la m\u00eame fin<\/li>\n<\/ul>\n<\/li>\n\n\n\n<li>Le curriculum vitae du demandeur<\/li>\n\n\n\n<li>Un budget (maximum une page) \u00e9tablissant clairement de quelle fa\u00e7on les fonds seront utilis\u00e9s et, le cas \u00e9ch\u00e9ant, l\u2019affectation d\u2019autres sources de financement. Le financement d\u2019autres sources ne peut faire double emploi\/chevaucher les fonds sollicit\u00e9s pour cette demande. Ainsi, s\u2019il en co\u00fbte 10&nbsp;000&nbsp;$ pour assister \u00e0 votre \u00e9v\u00e9nement, vous pouvez demander \u00e0 l\u2019ACRV 2&nbsp;500&nbsp;$ et solliciter un ou plusieurs autres groupes pour couvrir l\u2019autre partie. Vous devez pr\u00e9ciser de quelle fa\u00e7on les fonds de chaque groupe seront utilis\u00e9s et vous ne pouvez demander plus de 10&nbsp;000&nbsp;$ au total<\/li>\n\n\n\n<li>Une lettre de soutien de l\u2019universitaire surveillant le demandeur OU d\u2019un dirigeant communautaire dans le cas des demandes fond\u00e9es sur la collectivit\u00e9 (Remarque : pour les perspectives d\u2019\u00e9change, une lettre de soutien est \u00e9galement exig\u00e9e de votre superviseur h\u00f4te)<\/li>\n\n\n\n<li>Preuve d\u2019inscription ou d\u2019acceptation \u00e0 la conf\u00e9rence\/\u00e0 l\u2019activit\u00e9 pour laquelle le candidat demande des fonds (le cas \u00e9ch\u00e9ant)<\/li>\n\n\n\n<li>Preuve de citoyennet\u00e9 canadienne ou de r\u00e9sidence permanente au Canada ou d&rsquo;inscription \u00e0 un \u00e9tablissement d\u2019enseignement canadien<\/li>\n<\/ul>\n\n\n\n<div style=\"height:18px\" aria-hidden=\"true\" class=\"wp-block-spacer\"><\/div>\n\n\n\n<div class=\"wp-block-buttons is-layout-flex wp-block-buttons-is-layout-flex\">\n<div class=\"wp-block-button\"><a class=\"wp-block-button__link wp-element-button\" href=\"https:\/\/www.cognitoforms.com\/CanadianAssociationForHIVResearch\/ProgrammeDeBoursesDeVoyagePourLePerfectionnementProfessionnel\" target=\"_blank\" rel=\"noreferrer noopener\">Soumettre votre demande<\/a><\/div>\n<\/div>\n\n\n\n<div style=\"height:5px\" aria-hidden=\"true\" class=\"wp-block-spacer\"><\/div>\n\n\n\n<h2 class=\"wp-block-heading\" id=\"Langues-officielles\">Langues officielles<\/h2>\n\n\n\n<p>L\u2019ACRV invite les demandeurs \u00e0 pr\u00e9senter leurs propositions et s\u2019engage \u00e0 garantir un examen de qualit\u00e9 des demandes re\u00e7ues dans l\u2019une ou l\u2019autre langue officielle.<\/p>\n\n\n\n<h2 class=\"wp-block-heading\" id=\"Conditions-de-financement\">Conditions de financement<\/h2>\n\n\n\n<p>Les candidats retenus doivent&nbsp;:<\/p>\n\n\n\n<ul class=\"wp-block-list\">\n<li>Accepter leur bourse dans les <span style=\"text-decoration: underline;\">cinq (5)&nbsp;jours ouvrables suivant la date de l\u2019offre<\/span> ou la bourse sera annul\u00e9e et offerte au candidat admissible suivant<\/li>\n\n\n\n<li>Les subventions financi\u00e8res d\u2019autres sources peuvent \u00eatre ajout\u00e9es au financement re\u00e7u dans le cadre de cette bourse tant que le total des fonds obtenus de toutes les sources ne d\u00e9passe pas 100&nbsp;% des co\u00fbts. Le cas \u00e9ch\u00e9ant, les demandeurs doivent le confirmer dans la demande<\/li>\n<\/ul>\n\n\n\n<p>Remarque : Le financement n\u2019est pas renouvelable. Une personne ne peut recevoir qu\u2019une seule subvention pour une m\u00eame activit\u00e9 tous les deux ans.<\/p>\n\n\n\n<h2 class=\"wp-block-heading\" id=\"Processus-d\u2019examen\">Processus d\u2019examen<\/h2>\n\n\n\n<p>L\u2019ACRV r\u00e9unira un comit\u00e9 d\u2019examen ind\u00e9pendant compos\u00e9 de pairs pour rendre une d\u00e9cision sur les demandes. Les propositions des candidats admissibles seront jug\u00e9es uniquement en fonction de crit\u00e8res d\u2019\u00e9valuation \u00e9num\u00e9r\u00e9s ci-apr\u00e8s.<\/p>\n\n\n\n<h2 class=\"wp-block-heading\" id=\"Crit\u00e8res-d\u2019\u00e9valuation\">Crit\u00e8res d\u2019\u00e9valuation<\/h2>\n\n\n\n<p>Les domaines prioritaires d\u2019attribution sont les suivants :<\/p>\n\n\n\n<ul class=\"wp-block-list\">\n<li>Preuve que le demandeur dispose de la formation, des ant\u00e9c\u00e9dents et de l\u2019expertise requis appropri\u00e9s pour le sujet pour lequel le financement est demand\u00e9<\/li>\n\n\n\n<li>Clart\u00e9 et harmonisation des activit\u00e9s propos\u00e9es et de leur port\u00e9e avec les objectifs de perfectionnement possibilit\u00e9 de financement<\/li>\n\n\n\n<li>Preuve que le demandeur peut retirer des avantages concrets comme r\u00e9sultat du soutien re\u00e7u<\/li>\n\n\n\n<li>Budget appropri\u00e9 et justification du montant demand\u00e9<\/li>\n<\/ul>\n\n\n\n<p>Remarque : Veuillez vous assurer de mettre en \u00e9vidence toute activit\u00e9 externe d\u2019examen par les pairs (par exemple, acceptation d\u2019un abr\u00e9g\u00e9 ou acceptation \u00e0 un concours pour un cours, etc.), car cela sera per\u00e7u favorablement dans le processus d\u2019examen.<\/p>\n\n\n\n<p>** L\u2019ACRV s\u2019engage \u00e0 veiller \u00e0 l\u2019\u00e9galit\u00e9 des possibilit\u00e9s pour les personnes : racis\u00e9es\/personnes de couleur, femmes, Autochtones\/Autochtones d\u2019Am\u00e9rique du Nord, personnes handicap\u00e9es, LGBTQ, chercheurs en d\u00e9but de carri\u00e8re et autres qui peuvent contribuer \u00e0 une plus grande diversification des id\u00e9es. Les demandeurs sont invit\u00e9s \u00e0 s\u2019identifier eux-m\u00eames s\u2019ils sont membres de l\u2019un de ces groupes en recherche d\u2019\u00e9quit\u00e9.<\/p>\n\n\n\n<h2 class=\"wp-block-heading\" id=\"D\u00e9cision-de-financement\">D\u00e9cision de financement<\/h2>\n\n\n\n<p>\u00c0 la fin de l\u2019examen par les pairs, l\u2019ACRV recevra les notes d\u2019\u00e9valuation des demandes, assorties d\u2019une recommandation de financement. L\u2019information servira aux d\u00e9cisions de financement et demeurera confidentielle. Les demandes seront subventionn\u00e9es dans la mesure o\u00f9 le budget le permettra pour chaque cycle trimestriel de financement. Aucun financement ne sera recommand\u00e9 pour les demandes dont la note est inf\u00e9rieure \u00e0 3,5 (\u00e9chelle de notation de 0 \u00e0 5).<\/p>\n\n\n\n<h2 class=\"wp-block-heading\" id=\"\u00c9valuation-communications\">\u00c9valuation\/communications<\/h2>\n\n\n\n<ul class=\"wp-block-list\">\n<li>Les candidats retenus doivent pr\u00e9senter un rapport final dans les 30&nbsp;jours suivant l\u2019ach\u00e8vement de leur activit\u00e9 et y d\u00e9tailler les r\u00e9sultats et les r\u00e9percussions du financement. \u00c0 d\u00e9faut de cela, le titulaire de la subvention ne pourra plus recevoir de soutien financier de l\u2019ACRV<\/li>\n\n\n\n<li>Les b\u00e9n\u00e9ficiaires de bourses doivent reconna\u00eetre le soutien financier de l\u2019ACRV dans tout rapport\/toute pr\u00e9sentation\/toute activit\u00e9 de mise en pratique du savoir concernant l\u2019\u00e9v\u00e9nement<\/li>\n<\/ul>\n\n\n\n<h2 class=\"wp-block-heading\">R\u00e9sultats<\/h2>\n\n\n\n<details class=\"wp-block-details is-layout-flow wp-block-details-is-layout-flow\"><summary>Mars 2026<\/summary>\n<ul class=\"wp-block-list\">\n<li>Adriana Zutic, University of Toronto, CAHR 2026 (Winnipeg)<\/li>\n\n\n\n<li>Ana Karla Diego Matos, Universit\u00e9 du Qu\u00e9bec \u00e0 Montr\u00e9al, CAHR 2026 (Winnipeg)<\/li>\n\n\n\n<li>Kyla Gibson, University of Toronto, CAHR 2026 (Winnipeg)<\/li>\n\n\n\n<li>Saeedeh Moayedi-Nia, University of Toronto, Workshop on HIV and Hepatitis Observational Databases (Thessaloniki, Greece)<\/li>\n\n\n\n<li>Shelly Tognazzini, Simon Fraser, CAHR 2026 (Winnipeg)<\/li>\n\n\n\n<li>Tahani Shraida, Simon Fraser, CAHR 2026 (Winnipeg)<\/li>\n\n\n\n<li>Termeh Shakery, University of Manitoba, EUROGIN 2026 (Vienna, Austria)<\/li>\n\n\n\n<li>Tetiana Povshedna, University of British Columbia, 16th International Workshop on Women and HIV (Prague, Czech Republic)<\/li>\n\n\n\n<li>Ying Wang, University of Toronto, Field Work (Uganda)<\/li>\n<\/ul>\n<\/details>\n\n\n\n<details class=\"wp-block-details is-layout-flow wp-block-details-is-layout-flow\"><summary>D\u00e9cembre 2025<\/summary>\n<ul class=\"wp-block-list\">\n<li>Cara Follows, University of Manitoba, Travail de Terrain et Sensibilisation Communautaire (Nairobi, Kenya)<\/li>\n\n\n\n<li>Julie Lajoie, University of Manitoba, Ateliers et et Sensibilisation Communautaire (Nairobi, Kenya)<\/li>\n\n\n\n<li>Aniqa Shahid, Simon Fraser University, Atelier de l\u2019ACRV pour les nouveaux chercheurs (Winnipeg)<\/li>\n\n\n\n<li>Amanda Yonkman, Simon Fraser University, Travaux de Terrain (Prince George)<\/li>\n<\/ul>\n<\/details>\n\n\n\n<h2 class=\"wp-block-heading\" id=\"Coordonn\u00e9es\">Coordonn\u00e9es <\/h2>\n\n\n\n<p>Veuillez communiquer avec <a href=\"mailto:trainingandawards@cahr-acrv.ca\">trainingandawards@cahr-acrv.ca<\/a> pour en savoir davantage.<\/p>\n","protected":false},"excerpt":{"rendered":"<p>Contexte Comptant plus de 2 000 membres chercheurs et autres personnes int\u00e9ress\u00e9es \u00e0 la recherche sur le VIH, l\u2019Association canadienne de recherche sur le VIH (ACRV) est l\u2019organisme de premier plan des chercheurs du Canada en mati\u00e8re de VIH\/sida. L\u2019un des \u00e9l\u00e9ments essentiels de son mandat est de \u00ab promouvoir l\u2019excellence en recherche sur le [&hellip;]<\/p>\n","protected":false},"author":9,"featured_media":0,"parent":0,"menu_order":0,"comment_status":"closed","ping_status":"closed","template":"","meta":{"_acf_changed":false,"inline_featured_image":false,"footnotes":""},"class_list":["post-15294","page","type-page","status-publish","hentry"],"acf":[],"yoast_head":"<!-- This site is optimized with the Yoast SEO plugin v27.2 - https:\/\/yoast.com\/product\/yoast-seo-wordpress\/ -->\n<title>Bourses de voyage pour le perfectionnement professionnel &#8211; ACRV<\/title>\n<meta name=\"robots\" content=\"index, follow, max-snippet:-1, max-image-preview:large, max-video-preview:-1\" \/>\n<link rel=\"canonical\" href=\"https:\/\/www.cahr-acrv.ca\/fr\/bourses-de-voyage-de-lacrv\/\" \/>\n<meta property=\"og:locale\" content=\"fr_FR\" \/>\n<meta property=\"og:type\" content=\"article\" \/>\n<meta property=\"og:title\" content=\"Bourses de voyage pour le perfectionnement professionnel &#8211; ACRV\" \/>\n<meta property=\"og:description\" content=\"Contexte Comptant plus de 2 000 membres chercheurs et autres personnes int\u00e9ress\u00e9es \u00e0 la recherche sur le VIH, l\u2019Association canadienne de recherche sur le VIH (ACRV) est l\u2019organisme de premier plan des chercheurs du Canada en mati\u00e8re de VIH\/sida. L\u2019un des \u00e9l\u00e9ments essentiels de son mandat est de \u00ab promouvoir l\u2019excellence en recherche sur le [&hellip;]\" \/>\n<meta property=\"og:url\" content=\"https:\/\/www.cahr-acrv.ca\/fr\/bourses-de-voyage-de-lacrv\/\" \/>\n<meta property=\"og:site_name\" content=\"ACRV\" \/>\n<meta property=\"article:publisher\" content=\"https:\/\/www.facebook.com\/CanadianAssociationforHIVResearch\" \/>\n<meta property=\"article:modified_time\" content=\"2026-04-15T10:16:55+00:00\" \/>\n<meta name=\"twitter:card\" content=\"summary_large_image\" \/>\n<meta name=\"twitter:site\" content=\"@CAHR_ACRV\" \/>\n<meta name=\"twitter:label1\" content=\"Dur\u00e9e de lecture estim\u00e9e\" \/>\n\t<meta name=\"twitter:data1\" content=\"7 minutes\" \/>\n<script type=\"application\/ld+json\" class=\"yoast-schema-graph\">{\"@context\":\"https:\/\/schema.org\",\"@graph\":[{\"@type\":\"WebPage\",\"@id\":\"https:\/\/www.cahr-acrv.ca\/fr\/bourses-de-voyage-de-lacrv\/\",\"url\":\"https:\/\/www.cahr-acrv.ca\/fr\/bourses-de-voyage-de-lacrv\/\",\"name\":\"Bourses de voyage pour le perfectionnement professionnel &#8211; ACRV\",\"isPartOf\":{\"@id\":\"https:\/\/www.cahr-acrv.ca\/#website\"},\"datePublished\":\"2025-03-13T15:13:29+00:00\",\"dateModified\":\"2026-04-15T10:16:55+00:00\",\"breadcrumb\":{\"@id\":\"https:\/\/www.cahr-acrv.ca\/fr\/bourses-de-voyage-de-lacrv\/#breadcrumb\"},\"inLanguage\":\"fr-FR\",\"potentialAction\":[{\"@type\":\"ReadAction\",\"target\":[\"https:\/\/www.cahr-acrv.ca\/fr\/bourses-de-voyage-de-lacrv\/\"]}]},{\"@type\":\"BreadcrumbList\",\"@id\":\"https:\/\/www.cahr-acrv.ca\/fr\/bourses-de-voyage-de-lacrv\/#breadcrumb\",\"itemListElement\":[{\"@type\":\"ListItem\",\"position\":1,\"name\":\"Accueil\",\"item\":\"https:\/\/www.cahr-acrv.ca\/fr\/accueil\/\"},{\"@type\":\"ListItem\",\"position\":2,\"name\":\"Bourses de voyage pour le perfectionnement professionnel\"}]},{\"@type\":\"WebSite\",\"@id\":\"https:\/\/www.cahr-acrv.ca\/#website\",\"url\":\"https:\/\/www.cahr-acrv.ca\/\",\"name\":\"ACRV\",\"description\":\"L'association canadienne de recherche sur le VIH\",\"publisher\":{\"@id\":\"https:\/\/www.cahr-acrv.ca\/#organization\"},\"potentialAction\":[{\"@type\":\"SearchAction\",\"target\":{\"@type\":\"EntryPoint\",\"urlTemplate\":\"https:\/\/www.cahr-acrv.ca\/?s={search_term_string}\"},\"query-input\":{\"@type\":\"PropertyValueSpecification\",\"valueRequired\":true,\"valueName\":\"search_term_string\"}}],\"inLanguage\":\"fr-FR\"},{\"@type\":\"Organization\",\"@id\":\"https:\/\/www.cahr-acrv.ca\/#organization\",\"name\":\"Canadian Association for HIV Research\",\"alternateName\":\"CAHR\",\"url\":\"https:\/\/www.cahr-acrv.ca\/\",\"logo\":{\"@type\":\"ImageObject\",\"inLanguage\":\"fr-FR\",\"@id\":\"https:\/\/www.cahr-acrv.ca\/#\/schema\/logo\/image\/\",\"url\":\"https:\/\/www.cahr-acrv.ca\/wp-content\/uploads\/2025\/06\/cahr-organization-logo.png\",\"contentUrl\":\"https:\/\/www.cahr-acrv.ca\/wp-content\/uploads\/2025\/06\/cahr-organization-logo.png\",\"width\":696,\"height\":696,\"caption\":\"Canadian Association for HIV Research\"},\"image\":{\"@id\":\"https:\/\/www.cahr-acrv.ca\/#\/schema\/logo\/image\/\"},\"sameAs\":[\"https:\/\/www.facebook.com\/CanadianAssociationforHIVResearch\",\"https:\/\/x.com\/CAHR_ACRV\",\"https:\/\/bsky.app\/profile\/cahr-acrv.bsky.social\",\"https:\/\/www.youtube.com\/user\/CAHRACRV\",\"https:\/\/www.instagram.com\/cahr_acrv\/\",\"https:\/\/www.linkedin.com\/company\/canadian-association-for-hiv-research\/\"]}]}<\/script>\n<!-- \/ Yoast SEO plugin. -->","yoast_head_json":{"title":"Bourses de voyage pour le perfectionnement professionnel &#8211; ACRV","robots":{"index":"index","follow":"follow","max-snippet":"max-snippet:-1","max-image-preview":"max-image-preview:large","max-video-preview":"max-video-preview:-1"},"canonical":"https:\/\/www.cahr-acrv.ca\/fr\/bourses-de-voyage-de-lacrv\/","og_locale":"fr_FR","og_type":"article","og_title":"Bourses de voyage pour le perfectionnement professionnel &#8211; ACRV","og_description":"Contexte Comptant plus de 2 000 membres chercheurs et autres personnes int\u00e9ress\u00e9es \u00e0 la recherche sur le VIH, l\u2019Association canadienne de recherche sur le VIH (ACRV) est l\u2019organisme de premier plan des chercheurs du Canada en mati\u00e8re de VIH\/sida. L\u2019un des \u00e9l\u00e9ments essentiels de son mandat est de \u00ab promouvoir l\u2019excellence en recherche sur le [&hellip;]","og_url":"https:\/\/www.cahr-acrv.ca\/fr\/bourses-de-voyage-de-lacrv\/","og_site_name":"ACRV","article_publisher":"https:\/\/www.facebook.com\/CanadianAssociationforHIVResearch","article_modified_time":"2026-04-15T10:16:55+00:00","twitter_card":"summary_large_image","twitter_site":"@CAHR_ACRV","twitter_misc":{"Dur\u00e9e de lecture estim\u00e9e":"7 minutes"},"schema":{"@context":"https:\/\/schema.org","@graph":[{"@type":"WebPage","@id":"https:\/\/www.cahr-acrv.ca\/fr\/bourses-de-voyage-de-lacrv\/","url":"https:\/\/www.cahr-acrv.ca\/fr\/bourses-de-voyage-de-lacrv\/","name":"Bourses de voyage pour le perfectionnement professionnel &#8211; ACRV","isPartOf":{"@id":"https:\/\/www.cahr-acrv.ca\/#website"},"datePublished":"2025-03-13T15:13:29+00:00","dateModified":"2026-04-15T10:16:55+00:00","breadcrumb":{"@id":"https:\/\/www.cahr-acrv.ca\/fr\/bourses-de-voyage-de-lacrv\/#breadcrumb"},"inLanguage":"fr-FR","potentialAction":[{"@type":"ReadAction","target":["https:\/\/www.cahr-acrv.ca\/fr\/bourses-de-voyage-de-lacrv\/"]}]},{"@type":"BreadcrumbList","@id":"https:\/\/www.cahr-acrv.ca\/fr\/bourses-de-voyage-de-lacrv\/#breadcrumb","itemListElement":[{"@type":"ListItem","position":1,"name":"Accueil","item":"https:\/\/www.cahr-acrv.ca\/fr\/accueil\/"},{"@type":"ListItem","position":2,"name":"Bourses de voyage pour le perfectionnement professionnel"}]},{"@type":"WebSite","@id":"https:\/\/www.cahr-acrv.ca\/#website","url":"https:\/\/www.cahr-acrv.ca\/","name":"ACRV","description":"L'association canadienne de recherche sur le VIH","publisher":{"@id":"https:\/\/www.cahr-acrv.ca\/#organization"},"potentialAction":[{"@type":"SearchAction","target":{"@type":"EntryPoint","urlTemplate":"https:\/\/www.cahr-acrv.ca\/?s={search_term_string}"},"query-input":{"@type":"PropertyValueSpecification","valueRequired":true,"valueName":"search_term_string"}}],"inLanguage":"fr-FR"},{"@type":"Organization","@id":"https:\/\/www.cahr-acrv.ca\/#organization","name":"Canadian Association for HIV Research","alternateName":"CAHR","url":"https:\/\/www.cahr-acrv.ca\/","logo":{"@type":"ImageObject","inLanguage":"fr-FR","@id":"https:\/\/www.cahr-acrv.ca\/#\/schema\/logo\/image\/","url":"https:\/\/www.cahr-acrv.ca\/wp-content\/uploads\/2025\/06\/cahr-organization-logo.png","contentUrl":"https:\/\/www.cahr-acrv.ca\/wp-content\/uploads\/2025\/06\/cahr-organization-logo.png","width":696,"height":696,"caption":"Canadian Association for HIV Research"},"image":{"@id":"https:\/\/www.cahr-acrv.ca\/#\/schema\/logo\/image\/"},"sameAs":["https:\/\/www.facebook.com\/CanadianAssociationforHIVResearch","https:\/\/x.com\/CAHR_ACRV","https:\/\/bsky.app\/profile\/cahr-acrv.bsky.social","https:\/\/www.youtube.com\/user\/CAHRACRV","https:\/\/www.instagram.com\/cahr_acrv\/","https:\/\/www.linkedin.com\/company\/canadian-association-for-hiv-research\/"]}]}},"_links":{"self":[{"href":"https:\/\/www.cahr-acrv.ca\/fr\/wp-json\/wp\/v2\/pages\/15294","targetHints":{"allow":["GET"]}}],"collection":[{"href":"https:\/\/www.cahr-acrv.ca\/fr\/wp-json\/wp\/v2\/pages"}],"about":[{"href":"https:\/\/www.cahr-acrv.ca\/fr\/wp-json\/wp\/v2\/types\/page"}],"author":[{"embeddable":true,"href":"https:\/\/www.cahr-acrv.ca\/fr\/wp-json\/wp\/v2\/users\/9"}],"replies":[{"embeddable":true,"href":"https:\/\/www.cahr-acrv.ca\/fr\/wp-json\/wp\/v2\/comments?post=15294"}],"version-history":[{"count":0,"href":"https:\/\/www.cahr-acrv.ca\/fr\/wp-json\/wp\/v2\/pages\/15294\/revisions"}],"wp:attachment":[{"href":"https:\/\/www.cahr-acrv.ca\/fr\/wp-json\/wp\/v2\/media?parent=15294"}],"curies":[{"name":"wp","href":"https:\/\/api.w.org\/{rel}","templated":true}]}}