{"id":14982,"date":"2024-10-08T10:31:57","date_gmt":"2024-10-08T14:31:57","guid":{"rendered":"https:\/\/canadianassstg.wpenginepowered.com\/?page_id=14982"},"modified":"2025-06-13T12:53:05","modified_gmt":"2025-06-13T16:53:05","slug":"personnel","status":"publish","type":"page","link":"https:\/\/www.cahr-acrv.ca\/fr\/personnel\/","title":{"rendered":"Personnel"},"content":{"rendered":"\n<div style=\"height:23px\" aria-hidden=\"true\" class=\"wp-block-spacer\"><\/div>\n\n\n\n<h2 class=\"wp-block-heading has-text-align-left\">Andrew Matejcic<\/h2>\n\n\n\n<p>Directeur ex\u00e9cutif<\/p>\n\n\n\n<p>Andrew est directeur ex\u00e9cutif de l\u2019Association canadienne de recherche sur le VIH (ACRV) depuis l\u2019automne 2011. Avant de se joindre \u00e0 l\u2019ACRV, il a travaill\u00e9 aux Instituts de recherche en sant\u00e9 du Canada (IRSC) depuis leur cr\u00e9ation, en l\u2019an 2000. Aux IRSC, Andrew a occup\u00e9 divers postes, notamment celui de directeur des communications, de conseiller principal en mati\u00e8re de politiques et, plus r\u00e9cemment, de directeur adjoint pour l\u2019Initiative de recherche sur le VIH\/sida des IRSC (2008-2011), le volet des IRSC responsable du budget de 22,5 millions de dollars qu\u2019ils re\u00e7oivent annuellement de l\u2019Initiative f\u00e9d\u00e9rale de lutte contre le VIH\/sida au Canada et de l\u2019Initiative canadienne de vaccin contre le VIH. Avant son passage aux IRSC, Andrew a travaill\u00e9 sur la Colline parlementaire.<\/p>\n\n\n\n<div style=\"height:23px\" aria-hidden=\"true\" class=\"wp-block-spacer\"><\/div>\n\n\n\n<h2 class=\"wp-block-heading\">Erin Love<\/h2>\n\n\n\n<p>Directrice des programmes<\/p>\n\n\n\n<p>Erin Love s&rsquo;est jointe \u00e0 l&rsquo;Association canadienne de recherche sur le VIH en 2012 et est actuellement la directrice des programmes. Erin dirige la planification, l&rsquo;\u00e9laboration et la mise en \u0153uvre du congr\u00e8s de l\u2019ACRV et de la s\u00e9rie d&rsquo;ateliers, ainsi que d&rsquo;autres projets visant \u00e0 r\u00e9aliser le mandat de l\u2019ACRV. Erin dirige aussi les efforts de commandite pour l&rsquo;organisation.<\/p>\n\n\n\n<p class=\"has-text-align-left\">Avant de se joindre \u00e0 l\u2019ACRV, Erin a travaill\u00e9 aux D\u00e9partements d\u2019infectiologie et de psychiatrie de l\u2019H\u00f4pital d\u2019Ottawa. Sa formation est en \u00e9ducation, avec une sp\u00e9cialisation en biologie et en \u00e9ducation physique et \u00e0 la sant\u00e9. Erin est bilingue.<\/p>\n\n\n\n<p><\/p>\n","protected":false},"excerpt":{"rendered":"<p>Andrew Matejcic Directeur ex\u00e9cutif Andrew est directeur ex\u00e9cutif de l\u2019Association canadienne de recherche sur le VIH (ACRV) depuis l\u2019automne 2011. Avant de se joindre \u00e0 l\u2019ACRV, il a travaill\u00e9 aux Instituts de recherche en sant\u00e9 du Canada (IRSC) depuis leur cr\u00e9ation, en l\u2019an 2000. Aux IRSC, Andrew a occup\u00e9 divers postes, notamment celui de directeur [&hellip;]<\/p>\n","protected":false},"author":9,"featured_media":0,"parent":0,"menu_order":0,"comment_status":"closed","ping_status":"closed","template":"","meta":{"_acf_changed":false,"inline_featured_image":false,"footnotes":""},"class_list":["post-14982","page","type-page","status-publish","hentry"],"acf":[],"yoast_head":"<!-- This site is optimized with the Yoast SEO plugin v27.2 - https:\/\/yoast.com\/product\/yoast-seo-wordpress\/ -->\n<title>Personnel &#8211; ACRV<\/title>\n<meta name=\"robots\" content=\"index, follow, max-snippet:-1, max-image-preview:large, max-video-preview:-1\" \/>\n<link rel=\"canonical\" href=\"https:\/\/www.cahr-acrv.ca\/fr\/personnel\/\" \/>\n<meta property=\"og:locale\" content=\"fr_FR\" \/>\n<meta property=\"og:type\" content=\"article\" \/>\n<meta property=\"og:title\" content=\"Personnel &#8211; ACRV\" \/>\n<meta property=\"og:description\" content=\"Andrew Matejcic Directeur ex\u00e9cutif Andrew est directeur ex\u00e9cutif de l\u2019Association canadienne de recherche sur le VIH (ACRV) depuis l\u2019automne 2011. Avant de se joindre \u00e0 l\u2019ACRV, il a travaill\u00e9 aux Instituts de recherche en sant\u00e9 du Canada (IRSC) depuis leur cr\u00e9ation, en l\u2019an 2000. Aux IRSC, Andrew a occup\u00e9 divers postes, notamment celui de directeur [&hellip;]\" \/>\n<meta property=\"og:url\" content=\"https:\/\/www.cahr-acrv.ca\/fr\/personnel\/\" \/>\n<meta property=\"og:site_name\" content=\"ACRV\" \/>\n<meta property=\"article:publisher\" content=\"https:\/\/www.facebook.com\/CanadianAssociationforHIVResearch\" \/>\n<meta property=\"article:modified_time\" content=\"2025-06-13T16:53:05+00:00\" \/>\n<meta name=\"twitter:card\" content=\"summary_large_image\" \/>\n<meta name=\"twitter:site\" content=\"@CAHR_ACRV\" \/>\n<meta name=\"twitter:label1\" content=\"Dur\u00e9e de lecture estim\u00e9e\" \/>\n\t<meta name=\"twitter:data1\" content=\"2 minutes\" \/>\n<script type=\"application\/ld+json\" class=\"yoast-schema-graph\">{\"@context\":\"https:\/\/schema.org\",\"@graph\":[{\"@type\":\"WebPage\",\"@id\":\"https:\/\/www.cahr-acrv.ca\/fr\/personnel\/\",\"url\":\"https:\/\/www.cahr-acrv.ca\/fr\/personnel\/\",\"name\":\"Personnel &#8211; ACRV\",\"isPartOf\":{\"@id\":\"https:\/\/www.cahr-acrv.ca\/#website\"},\"datePublished\":\"2024-10-08T14:31:57+00:00\",\"dateModified\":\"2025-06-13T16:53:05+00:00\",\"breadcrumb\":{\"@id\":\"https:\/\/www.cahr-acrv.ca\/fr\/personnel\/#breadcrumb\"},\"inLanguage\":\"fr-FR\",\"potentialAction\":[{\"@type\":\"ReadAction\",\"target\":[\"https:\/\/www.cahr-acrv.ca\/fr\/personnel\/\"]}]},{\"@type\":\"BreadcrumbList\",\"@id\":\"https:\/\/www.cahr-acrv.ca\/fr\/personnel\/#breadcrumb\",\"itemListElement\":[{\"@type\":\"ListItem\",\"position\":1,\"name\":\"Accueil\",\"item\":\"https:\/\/www.cahr-acrv.ca\/fr\/accueil\/\"},{\"@type\":\"ListItem\",\"position\":2,\"name\":\"Personnel\"}]},{\"@type\":\"WebSite\",\"@id\":\"https:\/\/www.cahr-acrv.ca\/#website\",\"url\":\"https:\/\/www.cahr-acrv.ca\/\",\"name\":\"ACRV\",\"description\":\"L'association canadienne de recherche sur le VIH\",\"publisher\":{\"@id\":\"https:\/\/www.cahr-acrv.ca\/#organization\"},\"potentialAction\":[{\"@type\":\"SearchAction\",\"target\":{\"@type\":\"EntryPoint\",\"urlTemplate\":\"https:\/\/www.cahr-acrv.ca\/?s={search_term_string}\"},\"query-input\":{\"@type\":\"PropertyValueSpecification\",\"valueRequired\":true,\"valueName\":\"search_term_string\"}}],\"inLanguage\":\"fr-FR\"},{\"@type\":\"Organization\",\"@id\":\"https:\/\/www.cahr-acrv.ca\/#organization\",\"name\":\"Canadian Association for HIV Research\",\"alternateName\":\"CAHR\",\"url\":\"https:\/\/www.cahr-acrv.ca\/\",\"logo\":{\"@type\":\"ImageObject\",\"inLanguage\":\"fr-FR\",\"@id\":\"https:\/\/www.cahr-acrv.ca\/#\/schema\/logo\/image\/\",\"url\":\"https:\/\/www.cahr-acrv.ca\/wp-content\/uploads\/2025\/06\/cahr-organization-logo.png\",\"contentUrl\":\"https:\/\/www.cahr-acrv.ca\/wp-content\/uploads\/2025\/06\/cahr-organization-logo.png\",\"width\":696,\"height\":696,\"caption\":\"Canadian Association for HIV Research\"},\"image\":{\"@id\":\"https:\/\/www.cahr-acrv.ca\/#\/schema\/logo\/image\/\"},\"sameAs\":[\"https:\/\/www.facebook.com\/CanadianAssociationforHIVResearch\",\"https:\/\/x.com\/CAHR_ACRV\",\"https:\/\/bsky.app\/profile\/cahr-acrv.bsky.social\",\"https:\/\/www.youtube.com\/user\/CAHRACRV\",\"https:\/\/www.instagram.com\/cahr_acrv\/\",\"https:\/\/www.linkedin.com\/company\/canadian-association-for-hiv-research\/\"]}]}<\/script>\n<!-- \/ Yoast SEO plugin. -->","yoast_head_json":{"title":"Personnel &#8211; ACRV","robots":{"index":"index","follow":"follow","max-snippet":"max-snippet:-1","max-image-preview":"max-image-preview:large","max-video-preview":"max-video-preview:-1"},"canonical":"https:\/\/www.cahr-acrv.ca\/fr\/personnel\/","og_locale":"fr_FR","og_type":"article","og_title":"Personnel &#8211; ACRV","og_description":"Andrew Matejcic Directeur ex\u00e9cutif Andrew est directeur ex\u00e9cutif de l\u2019Association canadienne de recherche sur le VIH (ACRV) depuis l\u2019automne 2011. Avant de se joindre \u00e0 l\u2019ACRV, il a travaill\u00e9 aux Instituts de recherche en sant\u00e9 du Canada (IRSC) depuis leur cr\u00e9ation, en l\u2019an 2000. Aux IRSC, Andrew a occup\u00e9 divers postes, notamment celui de directeur [&hellip;]","og_url":"https:\/\/www.cahr-acrv.ca\/fr\/personnel\/","og_site_name":"ACRV","article_publisher":"https:\/\/www.facebook.com\/CanadianAssociationforHIVResearch","article_modified_time":"2025-06-13T16:53:05+00:00","twitter_card":"summary_large_image","twitter_site":"@CAHR_ACRV","twitter_misc":{"Dur\u00e9e de lecture estim\u00e9e":"2 minutes"},"schema":{"@context":"https:\/\/schema.org","@graph":[{"@type":"WebPage","@id":"https:\/\/www.cahr-acrv.ca\/fr\/personnel\/","url":"https:\/\/www.cahr-acrv.ca\/fr\/personnel\/","name":"Personnel &#8211; ACRV","isPartOf":{"@id":"https:\/\/www.cahr-acrv.ca\/#website"},"datePublished":"2024-10-08T14:31:57+00:00","dateModified":"2025-06-13T16:53:05+00:00","breadcrumb":{"@id":"https:\/\/www.cahr-acrv.ca\/fr\/personnel\/#breadcrumb"},"inLanguage":"fr-FR","potentialAction":[{"@type":"ReadAction","target":["https:\/\/www.cahr-acrv.ca\/fr\/personnel\/"]}]},{"@type":"BreadcrumbList","@id":"https:\/\/www.cahr-acrv.ca\/fr\/personnel\/#breadcrumb","itemListElement":[{"@type":"ListItem","position":1,"name":"Accueil","item":"https:\/\/www.cahr-acrv.ca\/fr\/accueil\/"},{"@type":"ListItem","position":2,"name":"Personnel"}]},{"@type":"WebSite","@id":"https:\/\/www.cahr-acrv.ca\/#website","url":"https:\/\/www.cahr-acrv.ca\/","name":"ACRV","description":"L'association canadienne de recherche sur le VIH","publisher":{"@id":"https:\/\/www.cahr-acrv.ca\/#organization"},"potentialAction":[{"@type":"SearchAction","target":{"@type":"EntryPoint","urlTemplate":"https:\/\/www.cahr-acrv.ca\/?s={search_term_string}"},"query-input":{"@type":"PropertyValueSpecification","valueRequired":true,"valueName":"search_term_string"}}],"inLanguage":"fr-FR"},{"@type":"Organization","@id":"https:\/\/www.cahr-acrv.ca\/#organization","name":"Canadian Association for HIV Research","alternateName":"CAHR","url":"https:\/\/www.cahr-acrv.ca\/","logo":{"@type":"ImageObject","inLanguage":"fr-FR","@id":"https:\/\/www.cahr-acrv.ca\/#\/schema\/logo\/image\/","url":"https:\/\/www.cahr-acrv.ca\/wp-content\/uploads\/2025\/06\/cahr-organization-logo.png","contentUrl":"https:\/\/www.cahr-acrv.ca\/wp-content\/uploads\/2025\/06\/cahr-organization-logo.png","width":696,"height":696,"caption":"Canadian Association for HIV Research"},"image":{"@id":"https:\/\/www.cahr-acrv.ca\/#\/schema\/logo\/image\/"},"sameAs":["https:\/\/www.facebook.com\/CanadianAssociationforHIVResearch","https:\/\/x.com\/CAHR_ACRV","https:\/\/bsky.app\/profile\/cahr-acrv.bsky.social","https:\/\/www.youtube.com\/user\/CAHRACRV","https:\/\/www.instagram.com\/cahr_acrv\/","https:\/\/www.linkedin.com\/company\/canadian-association-for-hiv-research\/"]}]}},"_links":{"self":[{"href":"https:\/\/www.cahr-acrv.ca\/fr\/wp-json\/wp\/v2\/pages\/14982","targetHints":{"allow":["GET"]}}],"collection":[{"href":"https:\/\/www.cahr-acrv.ca\/fr\/wp-json\/wp\/v2\/pages"}],"about":[{"href":"https:\/\/www.cahr-acrv.ca\/fr\/wp-json\/wp\/v2\/types\/page"}],"author":[{"embeddable":true,"href":"https:\/\/www.cahr-acrv.ca\/fr\/wp-json\/wp\/v2\/users\/9"}],"replies":[{"embeddable":true,"href":"https:\/\/www.cahr-acrv.ca\/fr\/wp-json\/wp\/v2\/comments?post=14982"}],"version-history":[{"count":0,"href":"https:\/\/www.cahr-acrv.ca\/fr\/wp-json\/wp\/v2\/pages\/14982\/revisions"}],"wp:attachment":[{"href":"https:\/\/www.cahr-acrv.ca\/fr\/wp-json\/wp\/v2\/media?parent=14982"}],"curies":[{"name":"wp","href":"https:\/\/api.w.org\/{rel}","templated":true}]}}