{"id":13550,"date":"2021-09-24T13:32:46","date_gmt":"2021-09-24T17:32:46","guid":{"rendered":"https:\/\/cahr.wpengine.com\/?page_id=13550"},"modified":"2025-09-10T15:46:18","modified_gmt":"2025-09-10T19:46:18","slug":"representant-des-stagiaires-au-conseil-de-lacrv-appel-a-candidatures","status":"publish","type":"page","link":"https:\/\/www.cahr-acrv.ca\/fr\/representant-des-stagiaires-au-conseil-de-lacrv-appel-a-candidatures\/","title":{"rendered":"Repr\u00e9sentant des stagiaires au Conseil de l\u2019ACRV \u2013 Appel \u00e0 candidatures"},"content":{"rendered":"\n<p><em>Les candidatures ne sont plus accept\u00e9es pour 2025.<\/em><\/p>\n\n\n\n<p><strong>Contexte <\/strong><\/p>\n\n\n\n<p>L\u2019ACRV souhaite recevoir des candidatures pour le poste de repr\u00e9sentant des stagiaires au Conseil d\u2019administration pour un mandat d\u2019un an. Cette nomination vise \u00e0 inclure le point de vue des stagiaires en recherche sur le VIH dans les initiatives de l\u2019ACRV et \u00e0 d\u00e9terminer la meilleure fa\u00e7on, pour l\u2019organisme, de servir cette collectivit\u00e9 dans ses d\u00e9lib\u00e9rations. Le repr\u00e9sentant des stagiaires (\u00e9tudiant dipl\u00f4m\u00e9, boursier postdoctoral ou r\u00e9sident) sera appel\u00e9 \u00e0 pr\u00e9senter les opinions de la collectivit\u00e9 des stagiaires en recherche sur le VIH dans les discussions du Conseil d\u2019administration. Conform\u00e9ment aux statuts de l\u2019ACRV, le repr\u00e9sentant des stagiaires n\u2019aura pas droit de vote sur les d\u00e9cisions prises par le Conseil.<\/p>\n\n\n\n<p>\u00c0 remarquer que l\u2019ACRV est r\u00e9gie par un conseil d\u2019administration de 10&nbsp;membres compos\u00e9 comme suit&nbsp;: pr\u00e9sident, pr\u00e9sident sortant, pr\u00e9sident \u00e9lu, tr\u00e9sorier, secr\u00e9taire, membres repr\u00e9sentant chaque discipline ou volet (Sciences fondamentales, Sciences cliniques, \u00c9pid\u00e9miologie et sant\u00e9 publique et Sciences sociales), ainsi qu\u2019un repr\u00e9sentant de la collectivit\u00e9.&nbsp;Une liste compl\u00e8te des administrateurs actuels se trouve <a href=\"\/fr\/conseil-dadministration\/\">i\u00e7i<\/a>.<\/p>\n\n\n\n<p><strong>R\u00f4le<\/strong><\/p>\n\n\n\n<p>Le repr\u00e9sentant des stagiaires servira d\u2019agent de liaison entre le Conseil et tous les membres de l\u2019ACRV qui sont stagiaires de recherche sur le VIH, faisant ressortir leurs enjeux, leurs pr\u00e9occupations et leurs besoins susceptibles d\u2019\u00e9clairer les initiatives et les programmes. Ce poste offrira au repr\u00e9sentant des stagiaires une v\u00e9ritable exp\u00e9rience de leadership pratique, une connaissance de la nature des organisations sans but lucratif, une connaissance plus pointue des r\u00f4les et responsabilit\u00e9s des conseils d\u2019administration, ainsi que du personnel et des b\u00e9n\u00e9voles, une fen\u00eatre sur la fa\u00e7on dont fonctionnent les organismes sans but lucratif et un \u00e9clairage sur les facteurs qui conditionnent l\u2019efficacit\u00e9 des conseils et des administrateurs individuellement.<\/p>\n\n\n\n<p>\u00c0 titre de membre sans droit de vote du Conseil de l\u2019ACRV, le repr\u00e9sentant des stagiaires convient de ce qui suit&nbsp;:<\/p>\n\n\n\n<ul class=\"wp-block-list\">\n<li>participer \u00e0 une conf\u00e9rence t\u00e9l\u00e9phonique mensuelle et assister chaque ann\u00e9e \u00e0 deux r\u00e9unions en personne du Conseil;<\/li>\n\n\n\n<li>\u00eatre r\u00e9solu \u00e0 offrir le point de vue des stagiaires dans le perfectionnement et le soutien d\u2019une nouvelle g\u00e9n\u00e9ration de chercheurs du domaine du VIH;<\/li>\n\n\n\n<li>souscrire au mandat de l\u2019ACRV et examiner et conna\u00eetre le dossier d\u2019orientation du Conseil de l\u2019ACRV;<\/li>\n\n\n\n<li>respecter la confidentialit\u00e9 de toutes les questions d\u00e9battues au Conseil, y compris les coordonn\u00e9es des membres, le contenu des courriels, les appels t\u00e9l\u00e9phoniques et les r\u00e9unions du Conseil;<\/li>\n\n\n\n<li>assister au Congr\u00e8s annuel de l\u2019ACRV et participer \u00e0 titre de membre du corps enseignant \u00e0 l\u2019atelier annuel de l\u2019ACRV pour les nouveaux chercheurs du domaine du VIH.<\/li>\n<\/ul>\n\n\n\n<p><strong>Exigences d\u2019admissibilit\u00e9<\/strong><\/p>\n\n\n\n<p>Tous les candidats au poste de repr\u00e9sentant des stagiaires doivent&nbsp;:<\/p>\n\n\n\n<ul class=\"wp-block-list\">\n<li>\u00eatre inscrits comme stagiaires dipl\u00f4m\u00e9s (\u00e9tudiant dipl\u00f4m\u00e9 ou boursier postdoctoral, r\u00e9sident clinicien ou titulaire) dans une universit\u00e9 canadienne au 1<sup>er<\/sup> janvier 2025;<\/li>\n\n\n\n<li>\u00eatre dans un domaine d\u2019\u00e9tudes pertinent pour le VIH;<\/li>\n\n\n\n<li>avoir assist\u00e9 au moins une fois au congr\u00e8s de l\u2019ACRV au cours des deux derni\u00e8res ann\u00e9es;<\/li>\n\n\n\n<li>confirmer leur statut de stagiaire (lettre du directeur ou copie de l\u2019inscription);<\/li>\n\n\n\n<li>\u00eatre disponibles et avoir l\u2019autorisation de voyager pour deux rencontres en personne du Conseil pendant l\u2019ann\u00e9e;<\/li>\n\n\n\n<li>\u00eatre disponibles pour servir un mandat de deux ans si le programme est renouvel\u00e9;<\/li>\n\n\n\n<li>ne pas \u00eatre supervis\u00e9s par un membre actuel du Conseil de l\u2019ACRV.<\/li>\n<\/ul>\n\n\n\n<p>L\u2019ACRV se fait une r\u00e8gle de l\u2019\u00e9quit\u00e9 et de l\u2019inclusion et accueille les candidatures des diverses collectivit\u00e9s autochtones, culturelles et r\u00e9gionales, de l\u2019ensemble des spectres des genres et de la sexualit\u00e9 et des personnes handicap\u00e9es. Les candidates et candidats de ces groupes sont invit\u00e9s \u00e0 s\u2019identifier.<\/p>\n\n\n\n<p><em>Remarque&nbsp;: L\u2019ACRV assumera les frais de d\u00e9placements et d\u2019h\u00e9bergement du repr\u00e9sentant des stagiaires pour lui permettre d\u2019assister aux deux r\u00e9unions annuelles et lui fournira gratuitement l\u2019inscription au congr\u00e8s de l\u2019ACRV pour une ann\u00e9e. <\/em><\/p>\n\n\n\n<p><strong>M\u00e9canisme de demande<\/strong><\/p>\n\n\n\n<p>Pour que sa candidature soit prise en consid\u00e9ration, le candidat doit \u00eatre pr\u00e9sent\u00e9 par un membre en r\u00e8gle avec droit de vote de l\u2019ACRV. (Plus de renseignements sur la qualit\u00e9 de membre \u00e0 la section \u00ab&nbsp;Adh\u00e9sion&nbsp;\u00bb de ce site Web.)<\/p>\n\n\n\n<p>Apr\u00e8s la candidature, le candidat doit fournir ce qui suit&nbsp;:<\/p>\n\n\n\n<ol class=\"wp-block-list\">\n<li>une lettre d\u2019accompagnement pr\u00e9cisant le nom, l\u2019\u00e9tablissement d\u2019enseignement, les coordonn\u00e9es, une explication de la raison pour laquelle il serait un bon candidat pour le poste (500&nbsp;mots);<\/li>\n\n\n\n<li>une lettre de recommandation de son directeur universitaire;<\/li>\n\n\n\n<li>une copie de ses notes actuelles;<\/li>\n\n\n\n<li>une copie du CV universitaire<\/li>\n<\/ol>\n\n\n\n<p><strong>M\u00e9canisme de s\u00e9lection<\/strong><\/p>\n\n\n\n<p>Le Conseil examinera toutes les candidatures. Le Conseil s\u00e9lectionnera et interviewera deux candidats (un \u00e0 titre de rel\u00e8ve au cas o\u00f9 le premier choix ne pourrait s\u2019engager \u00e0 assumer ce r\u00f4le et les responsabilit\u00e9s aff\u00e9rentes). Lorsque le repr\u00e9sentant des stagiaires s\u00e9lectionn\u00e9 aura accept\u00e9 l\u2019offre, il subira une p\u00e9riode d\u2019orientation avant sa premi\u00e8re r\u00e9union du Conseil d\u2019administration.<\/p>\n\n\n\n<p><strong>Questions<\/strong><\/p>\n\n\n\n<p>Si vous avez des questions sur le m\u00e9canisme de demande, \u00e9crire par courriel \u00e0 <a href=\"mailto:info@cahr-acrv.ca\">info@cahr-acrv.ca<\/a>.<\/p>\n","protected":false},"excerpt":{"rendered":"<p>Les candidatures ne sont plus accept\u00e9es pour 2025. Contexte L\u2019ACRV souhaite recevoir des candidatures pour le poste de repr\u00e9sentant des stagiaires au Conseil d\u2019administration pour un mandat d\u2019un an. Cette nomination vise \u00e0 inclure le point de vue des stagiaires en recherche sur le VIH dans les initiatives de l\u2019ACRV et \u00e0 d\u00e9terminer la meilleure [&hellip;]<\/p>\n","protected":false},"author":9,"featured_media":0,"parent":0,"menu_order":0,"comment_status":"closed","ping_status":"closed","template":"","meta":{"_acf_changed":false,"inline_featured_image":false,"footnotes":""},"class_list":["post-13550","page","type-page","status-publish","hentry"],"acf":[],"yoast_head":"<!-- This site is optimized with the Yoast SEO plugin v27.2 - https:\/\/yoast.com\/product\/yoast-seo-wordpress\/ -->\n<title>Repr\u00e9sentant des stagiaires au Conseil de l\u2019ACRV \u2013 Appel \u00e0 candidatures &#8211; ACRV<\/title>\n<meta name=\"robots\" content=\"index, follow, max-snippet:-1, max-image-preview:large, max-video-preview:-1\" \/>\n<link rel=\"canonical\" href=\"https:\/\/www.cahr-acrv.ca\/fr\/representant-des-stagiaires-au-conseil-de-lacrv-appel-a-candidatures\/\" \/>\n<meta property=\"og:locale\" content=\"fr_FR\" \/>\n<meta property=\"og:type\" content=\"article\" \/>\n<meta property=\"og:title\" content=\"Repr\u00e9sentant des stagiaires au Conseil de l\u2019ACRV \u2013 Appel \u00e0 candidatures &#8211; ACRV\" \/>\n<meta property=\"og:description\" content=\"Les candidatures ne sont plus accept\u00e9es pour 2025. Contexte L\u2019ACRV souhaite recevoir des candidatures pour le poste de repr\u00e9sentant des stagiaires au Conseil d\u2019administration pour un mandat d\u2019un an. Cette nomination vise \u00e0 inclure le point de vue des stagiaires en recherche sur le VIH dans les initiatives de l\u2019ACRV et \u00e0 d\u00e9terminer la meilleure [&hellip;]\" \/>\n<meta property=\"og:url\" content=\"https:\/\/www.cahr-acrv.ca\/fr\/representant-des-stagiaires-au-conseil-de-lacrv-appel-a-candidatures\/\" \/>\n<meta property=\"og:site_name\" content=\"ACRV\" \/>\n<meta property=\"article:publisher\" content=\"https:\/\/www.facebook.com\/CanadianAssociationforHIVResearch\" \/>\n<meta property=\"article:modified_time\" content=\"2025-09-10T19:46:18+00:00\" \/>\n<meta name=\"twitter:card\" content=\"summary_large_image\" \/>\n<meta name=\"twitter:site\" content=\"@CAHR_ACRV\" \/>\n<meta name=\"twitter:label1\" content=\"Dur\u00e9e de lecture estim\u00e9e\" \/>\n\t<meta name=\"twitter:data1\" content=\"4 minutes\" \/>\n<script type=\"application\/ld+json\" class=\"yoast-schema-graph\">{\"@context\":\"https:\/\/schema.org\",\"@graph\":[{\"@type\":\"WebPage\",\"@id\":\"https:\/\/www.cahr-acrv.ca\/fr\/representant-des-stagiaires-au-conseil-de-lacrv-appel-a-candidatures\/\",\"url\":\"https:\/\/www.cahr-acrv.ca\/fr\/representant-des-stagiaires-au-conseil-de-lacrv-appel-a-candidatures\/\",\"name\":\"Repr\u00e9sentant des stagiaires au Conseil de l\u2019ACRV \u2013 Appel \u00e0 candidatures &#8211; ACRV\",\"isPartOf\":{\"@id\":\"https:\/\/www.cahr-acrv.ca\/#website\"},\"datePublished\":\"2021-09-24T17:32:46+00:00\",\"dateModified\":\"2025-09-10T19:46:18+00:00\",\"breadcrumb\":{\"@id\":\"https:\/\/www.cahr-acrv.ca\/fr\/representant-des-stagiaires-au-conseil-de-lacrv-appel-a-candidatures\/#breadcrumb\"},\"inLanguage\":\"fr-FR\",\"potentialAction\":[{\"@type\":\"ReadAction\",\"target\":[\"https:\/\/www.cahr-acrv.ca\/fr\/representant-des-stagiaires-au-conseil-de-lacrv-appel-a-candidatures\/\"]}]},{\"@type\":\"BreadcrumbList\",\"@id\":\"https:\/\/www.cahr-acrv.ca\/fr\/representant-des-stagiaires-au-conseil-de-lacrv-appel-a-candidatures\/#breadcrumb\",\"itemListElement\":[{\"@type\":\"ListItem\",\"position\":1,\"name\":\"Accueil\",\"item\":\"https:\/\/www.cahr-acrv.ca\/fr\/accueil\/\"},{\"@type\":\"ListItem\",\"position\":2,\"name\":\"Repr\u00e9sentant des stagiaires au Conseil de l\u2019ACRV \u2013 Appel \u00e0 candidatures\"}]},{\"@type\":\"WebSite\",\"@id\":\"https:\/\/www.cahr-acrv.ca\/#website\",\"url\":\"https:\/\/www.cahr-acrv.ca\/\",\"name\":\"ACRV\",\"description\":\"L'association canadienne de recherche sur le VIH\",\"publisher\":{\"@id\":\"https:\/\/www.cahr-acrv.ca\/#organization\"},\"potentialAction\":[{\"@type\":\"SearchAction\",\"target\":{\"@type\":\"EntryPoint\",\"urlTemplate\":\"https:\/\/www.cahr-acrv.ca\/?s={search_term_string}\"},\"query-input\":{\"@type\":\"PropertyValueSpecification\",\"valueRequired\":true,\"valueName\":\"search_term_string\"}}],\"inLanguage\":\"fr-FR\"},{\"@type\":\"Organization\",\"@id\":\"https:\/\/www.cahr-acrv.ca\/#organization\",\"name\":\"Canadian Association for HIV Research\",\"alternateName\":\"CAHR\",\"url\":\"https:\/\/www.cahr-acrv.ca\/\",\"logo\":{\"@type\":\"ImageObject\",\"inLanguage\":\"fr-FR\",\"@id\":\"https:\/\/www.cahr-acrv.ca\/#\/schema\/logo\/image\/\",\"url\":\"https:\/\/www.cahr-acrv.ca\/wp-content\/uploads\/2025\/06\/cahr-organization-logo.png\",\"contentUrl\":\"https:\/\/www.cahr-acrv.ca\/wp-content\/uploads\/2025\/06\/cahr-organization-logo.png\",\"width\":696,\"height\":696,\"caption\":\"Canadian Association for HIV Research\"},\"image\":{\"@id\":\"https:\/\/www.cahr-acrv.ca\/#\/schema\/logo\/image\/\"},\"sameAs\":[\"https:\/\/www.facebook.com\/CanadianAssociationforHIVResearch\",\"https:\/\/x.com\/CAHR_ACRV\",\"https:\/\/bsky.app\/profile\/cahr-acrv.bsky.social\",\"https:\/\/www.youtube.com\/user\/CAHRACRV\",\"https:\/\/www.instagram.com\/cahr_acrv\/\",\"https:\/\/www.linkedin.com\/company\/canadian-association-for-hiv-research\/\"]}]}<\/script>\n<!-- \/ Yoast SEO plugin. -->","yoast_head_json":{"title":"Repr\u00e9sentant des stagiaires au Conseil de l\u2019ACRV \u2013 Appel \u00e0 candidatures &#8211; ACRV","robots":{"index":"index","follow":"follow","max-snippet":"max-snippet:-1","max-image-preview":"max-image-preview:large","max-video-preview":"max-video-preview:-1"},"canonical":"https:\/\/www.cahr-acrv.ca\/fr\/representant-des-stagiaires-au-conseil-de-lacrv-appel-a-candidatures\/","og_locale":"fr_FR","og_type":"article","og_title":"Repr\u00e9sentant des stagiaires au Conseil de l\u2019ACRV \u2013 Appel \u00e0 candidatures &#8211; ACRV","og_description":"Les candidatures ne sont plus accept\u00e9es pour 2025. Contexte L\u2019ACRV souhaite recevoir des candidatures pour le poste de repr\u00e9sentant des stagiaires au Conseil d\u2019administration pour un mandat d\u2019un an. Cette nomination vise \u00e0 inclure le point de vue des stagiaires en recherche sur le VIH dans les initiatives de l\u2019ACRV et \u00e0 d\u00e9terminer la meilleure [&hellip;]","og_url":"https:\/\/www.cahr-acrv.ca\/fr\/representant-des-stagiaires-au-conseil-de-lacrv-appel-a-candidatures\/","og_site_name":"ACRV","article_publisher":"https:\/\/www.facebook.com\/CanadianAssociationforHIVResearch","article_modified_time":"2025-09-10T19:46:18+00:00","twitter_card":"summary_large_image","twitter_site":"@CAHR_ACRV","twitter_misc":{"Dur\u00e9e de lecture estim\u00e9e":"4 minutes"},"schema":{"@context":"https:\/\/schema.org","@graph":[{"@type":"WebPage","@id":"https:\/\/www.cahr-acrv.ca\/fr\/representant-des-stagiaires-au-conseil-de-lacrv-appel-a-candidatures\/","url":"https:\/\/www.cahr-acrv.ca\/fr\/representant-des-stagiaires-au-conseil-de-lacrv-appel-a-candidatures\/","name":"Repr\u00e9sentant des stagiaires au Conseil de l\u2019ACRV \u2013 Appel \u00e0 candidatures &#8211; ACRV","isPartOf":{"@id":"https:\/\/www.cahr-acrv.ca\/#website"},"datePublished":"2021-09-24T17:32:46+00:00","dateModified":"2025-09-10T19:46:18+00:00","breadcrumb":{"@id":"https:\/\/www.cahr-acrv.ca\/fr\/representant-des-stagiaires-au-conseil-de-lacrv-appel-a-candidatures\/#breadcrumb"},"inLanguage":"fr-FR","potentialAction":[{"@type":"ReadAction","target":["https:\/\/www.cahr-acrv.ca\/fr\/representant-des-stagiaires-au-conseil-de-lacrv-appel-a-candidatures\/"]}]},{"@type":"BreadcrumbList","@id":"https:\/\/www.cahr-acrv.ca\/fr\/representant-des-stagiaires-au-conseil-de-lacrv-appel-a-candidatures\/#breadcrumb","itemListElement":[{"@type":"ListItem","position":1,"name":"Accueil","item":"https:\/\/www.cahr-acrv.ca\/fr\/accueil\/"},{"@type":"ListItem","position":2,"name":"Repr\u00e9sentant des stagiaires au Conseil de l\u2019ACRV \u2013 Appel \u00e0 candidatures"}]},{"@type":"WebSite","@id":"https:\/\/www.cahr-acrv.ca\/#website","url":"https:\/\/www.cahr-acrv.ca\/","name":"ACRV","description":"L'association canadienne de recherche sur le VIH","publisher":{"@id":"https:\/\/www.cahr-acrv.ca\/#organization"},"potentialAction":[{"@type":"SearchAction","target":{"@type":"EntryPoint","urlTemplate":"https:\/\/www.cahr-acrv.ca\/?s={search_term_string}"},"query-input":{"@type":"PropertyValueSpecification","valueRequired":true,"valueName":"search_term_string"}}],"inLanguage":"fr-FR"},{"@type":"Organization","@id":"https:\/\/www.cahr-acrv.ca\/#organization","name":"Canadian Association for HIV Research","alternateName":"CAHR","url":"https:\/\/www.cahr-acrv.ca\/","logo":{"@type":"ImageObject","inLanguage":"fr-FR","@id":"https:\/\/www.cahr-acrv.ca\/#\/schema\/logo\/image\/","url":"https:\/\/www.cahr-acrv.ca\/wp-content\/uploads\/2025\/06\/cahr-organization-logo.png","contentUrl":"https:\/\/www.cahr-acrv.ca\/wp-content\/uploads\/2025\/06\/cahr-organization-logo.png","width":696,"height":696,"caption":"Canadian Association for HIV Research"},"image":{"@id":"https:\/\/www.cahr-acrv.ca\/#\/schema\/logo\/image\/"},"sameAs":["https:\/\/www.facebook.com\/CanadianAssociationforHIVResearch","https:\/\/x.com\/CAHR_ACRV","https:\/\/bsky.app\/profile\/cahr-acrv.bsky.social","https:\/\/www.youtube.com\/user\/CAHRACRV","https:\/\/www.instagram.com\/cahr_acrv\/","https:\/\/www.linkedin.com\/company\/canadian-association-for-hiv-research\/"]}]}},"_links":{"self":[{"href":"https:\/\/www.cahr-acrv.ca\/fr\/wp-json\/wp\/v2\/pages\/13550","targetHints":{"allow":["GET"]}}],"collection":[{"href":"https:\/\/www.cahr-acrv.ca\/fr\/wp-json\/wp\/v2\/pages"}],"about":[{"href":"https:\/\/www.cahr-acrv.ca\/fr\/wp-json\/wp\/v2\/types\/page"}],"author":[{"embeddable":true,"href":"https:\/\/www.cahr-acrv.ca\/fr\/wp-json\/wp\/v2\/users\/9"}],"replies":[{"embeddable":true,"href":"https:\/\/www.cahr-acrv.ca\/fr\/wp-json\/wp\/v2\/comments?post=13550"}],"version-history":[{"count":0,"href":"https:\/\/www.cahr-acrv.ca\/fr\/wp-json\/wp\/v2\/pages\/13550\/revisions"}],"wp:attachment":[{"href":"https:\/\/www.cahr-acrv.ca\/fr\/wp-json\/wp\/v2\/media?parent=13550"}],"curies":[{"name":"wp","href":"https:\/\/api.w.org\/{rel}","templated":true}]}}