{"id":12953,"date":"2020-09-18T13:05:34","date_gmt":"2020-09-18T17:05:34","guid":{"rendered":"https:\/\/cahr.wpengine.com\/?page_id=12953"},"modified":"2020-09-29T12:50:03","modified_gmt":"2020-09-29T16:50:03","slug":"webinaire-perfectionnement-professionnel-pour-les-chercheurs-a-mi-carriere-en-mi","status":"publish","type":"page","link":"https:\/\/www.cahr-acrv.ca\/fr\/ateliers\/webinaire-perfectionnement-professionnel-pour-les-chercheurs-a-mi-carriere-en-mi\/","title":{"rendered":"Webinaire : Perfectionnement professionnel pour les chercheurs \u00e0 mi-carri\u00e8re en MI"},"content":{"rendered":"<p>&nbsp;<br \/>\nEn partenariat avec la Fondation canadienne des maladies infectieuses (FCMI) et l\u2019Institut des maladies infectieuses et immunitaires (IMII) et l\u2019Initiative de recherche sur le VIH\/sida des IRSC, l\u2019ACRV accueillera un atelier virtuel de d\u00e9veloppement professionnel pour les chercheurs en maladies infectieuses. Cet atelier offrira aux participants la possibilit\u00e9 d\u2019acqu\u00e9rir de l\u2019information de ceux qui poss\u00e8dent une manne d\u2019exp\u00e9rience dans des domaines comme le leadership universitaire, la commercialisation de la recherche, l\u2019\u00e9tablissement de consortiums et de r\u00e9seaux et la communication efficace avec les d\u00e9cideurs.<\/p>\n<p>Ce webinaire de mobilisation sera copr\u00e9sid\u00e9 par le Dr Curtis Cooper de l\u2019Universit\u00e9 d\u2019Ottawa et le Dr Keith Fowke de l\u2019Universit\u00e9 du Manitoba. Au cours des deux journ\u00e9es de l\u2019atelier, le programme mettra en vedette quatre \u00e0 cinq conf\u00e9renciers et les participants seront invit\u00e9s \u00e0 prendre part aux discussions et \u00e0 la p\u00e9riode de Q et R avec chaque conf\u00e9rencier. Le programme suivra.<\/p>\n<p>Pour participer \u00e0 l\u2019atelier, qui s\u2019adresse aux chercheurs \u00e0 mi-carri\u00e8re en maladies infectieuses, veuillez \u00e9crire \u00e0 trainingandawards@cahr-acrv.ca<\/p>\n<p>&nbsp;<\/p>\n<p><strong>Inscription : Gratuite<br \/>\n<\/strong><\/p>\n<p><strong>Dates : Les 22 et 23 octobre 2020<\/strong><\/p>\n<p><strong><a href=\"https:\/\/www.cahr-acrv.ca\/wp-content\/uploads\/2020\/09\/Workshop-Agenda-Virtual_revised.pdf\">Agenda (subject to change)<\/a><br \/>\n<\/strong><\/p>\n<p>&nbsp;<\/p>\n<h3>Speakers<\/h3>\n<p><img loading=\"lazy\" decoding=\"async\" class=\"alignleft wp-image-11529 size-thumbnail\" src=\"\/\/www.cahr-acrv.ca\/wp-content\/uploads\/2020\/04\/headshot-curtis_cooper-150x150.jpg\" alt=\"\" width=\"150\" height=\"150\" \/><\/p>\n<p><strong>Dr. Curtis Cooper<\/strong>, Universit\u00e9 d\u2019Ottawa<br \/>\nCopr\u00e9sident<\/p>\n<p>Dr. Cooper trained at the University of Saskatchewan (MD 1994). He received certification in<br \/>\nInternal Medicine in 1997 and in Infectious Diseases in 1999 while at the University of Manitoba. He completed an HIV Research Fellowship and Masters of Epidemiology in 2002 while at the University of Ottawa. He is currently an Associate Professor with the University of Ottawa, Infectious Diseases Consultant with the Ottawa Hospital Division of Infectious Diseases, Scientist with the Ottawa Health Research Institute, Director of the Ottawa Hospital and Regional Viral Hepatitis Program and President for the Canadian Foundation for Infectious Diseases. As a clinical researcher, his research activities encompass viral hepatitis, HIV and vaccine development. His work is focused on the development of new therapeutic agents and the delivery of treatment that maximizes safety, adherence and effectiveness.<br \/>\n&nbsp;<\/p>\n<p><img loading=\"lazy\" decoding=\"async\" class=\"alignleft size-thumbnail wp-image-10842\" src=\"\/\/www.cahr-acrv.ca\/wp-content\/uploads\/2019\/06\/Keith-150x150.jpeg\" alt=\"\" width=\"150\" height=\"150\" \/><strong>Dr. Keith Fowke<\/strong>, Universit\u00e9 du Manitoba<br \/>\nCopr\u00e9sident et conf\u00e9rencier<\/p>\n<p>Dr. Fowke received his PhD in Medical Microbiology (1995) from the University of Manitoba (UM) and did a postdoctoral fellowship at the National Institutes of Health in Bethesda, Maryland (1995-1999). In 1999 he was recruited to the UM\u2019s Department of Medical Microbiology and Infectious Diseases and is currently a full professor and the Head of the Department. He is also cross-appointed with the University of Nairobi\u2019s Department of Medical Microbiology. Current studies include preventing HIV infections by reducing inflammation at the genital tract, understanding how to block the negative effects of elevated immune checkpoint inhibitors in HIV infection to restore the immune response to full capabilities, and determining the effect of solvent use on the immune system and implications on HIV susceptibility. Dr. Fowke has a particular interest in training young investigators in multi-disciplinary research and has been involved in a number of workshops and international training programs. He is the current Chair of the CIHR HIV\/AIDS STBBI Research Advisory Committee (CHARAC).<\/p>\n<p>&nbsp;<\/p>\n<p><strong><img loading=\"lazy\" decoding=\"async\" class=\"alignleft size-thumbnail wp-image-12943\" src=\"\/\/www.cahr-acrv.ca\/wp-content\/uploads\/2020\/09\/D_Evans31-150x150.jpeg\" alt=\"\" width=\"150\" height=\"150\" srcset=\"https:\/\/www.cahr-acrv.ca\/wp-content\/uploads\/2020\/09\/D_Evans31-150x150.jpeg 150w, https:\/\/www.cahr-acrv.ca\/wp-content\/uploads\/2020\/09\/D_Evans31-600x600.jpeg 600w\" sizes=\"auto, (max-width: 150px) 100vw, 150px\" \/>Dr. David Evans<\/strong>, Universit\u00e9 de l\u2019Alberta<br \/>\nConf\u00e9rencier<\/p>\n<p>Dr. David Evans is a virologist with diverse interests in poxvirus biology as well as a former research administrator. His work is supported by a network of collaborations and commercial contracts and his academic studies have been funded by MRC\/CIHR since 1987. Dr. Evans is considered an international leader in the study of poxviruses with special expertise in virus recombination, antiviral drugs, and replication.<\/p>\n<p>Dr. Evans has also demonstrated a longstanding commitment to research translation. His recombineering technology is licensed as InFusion\u00ae kits. More recently his research has focussed on developing oncolytic viruses for treating bladder cancer as well as methods for assembling synthetic poxviruses. He has applied for, or holds, international patents relating to these and other technologies.<\/p>\n<p>Dr. Evans\u2019 activities have also helped develop the University of Alberta\u2019s focus on virus research. In 2006 he was awarded $24.9 million to build and equip new research facilities supporting immunology and infectious disease research in Edmonton and Calgary. This included Alberta\u2019s only academic BSL3 laboratory which has since proven its value supporting intensive Covid-19 research activity. In 2010 the University of Alberta was gifted with $25 million to support virus research, and these and other projects were consolidated to create the Li Ka-Shing Institute of Virology. Drs. Evans has also accumulated many years of service on grant panels; reviews and also consults privately. He was a longstanding member of the WHO smallpox advisory committee. Most recently he conducted site visits for the FAO\/OIE and served on the Canadian advisory committee on human pathogens and toxins.<\/p>\n<p>&nbsp;<br \/>\n<strong><img loading=\"lazy\" decoding=\"async\" class=\"alignleft size-thumbnail wp-image-12945\" src=\"\/\/www.cahr-acrv.ca\/wp-content\/uploads\/2020\/09\/Charu-150x150.jpeg\" alt=\"\" width=\"150\" height=\"150\" srcset=\"https:\/\/www.cahr-acrv.ca\/wp-content\/uploads\/2020\/09\/Charu-150x150.jpeg 150w, https:\/\/www.cahr-acrv.ca\/wp-content\/uploads\/2020\/09\/Charu-300x300.jpeg 300w, https:\/\/www.cahr-acrv.ca\/wp-content\/uploads\/2020\/09\/Charu-400x400.jpeg 400w, https:\/\/www.cahr-acrv.ca\/wp-content\/uploads\/2020\/09\/Charu.jpeg 500w\" sizes=\"auto, (max-width: 150px) 100vw, 150px\" \/>Dr. Charu Kaushic<\/strong>, Universit\u00e9 McMaster, Institut des maladies infectieuses et immunitaires des IRSC<br \/>\nConf\u00e9rencier<\/p>\n<p>Charu Kaushic is a tenured Full Professor in the Department of Pathology and Molecular Medicine in McMaster University, Hamilton, Canada. She joined as faculty in McMaster University in 2002, where she has done extensive teaching and training and built an interdisciplinary research program for last 18 years. Her research interest is women\u2019s reproductive health, specifically basic, clinical, and translational research examining susceptibility and immune responses to sexually transmitted viruses, HIV-1 and HSV-2. Charu\u2019s research has been funded by CIHR, CFI, CANFAR and OHTN and she has received numerous national and international awards. She is also the Scientific Director of the Canadian Institutes of Health Research (CIHR)-Institute of Infection and Immunity. In this role, she is responsible for making decisions for CIHR strategic investments in infection and immunity, nationally and internationally. She also represents CIHR and Government of Canada at various national and international forums related to infectious diseases. Charu has special interest in championing STEM careers and leadership roles for women.<\/p>\n<p>&nbsp;<br \/>\n<strong><img loading=\"lazy\" decoding=\"async\" class=\"alignleft size-thumbnail wp-image-12947\" src=\"\/\/www.cahr-acrv.ca\/wp-content\/uploads\/2020\/09\/GUido-150x150.jpeg\" alt=\"\" width=\"150\" height=\"150\" srcset=\"https:\/\/www.cahr-acrv.ca\/wp-content\/uploads\/2020\/09\/GUido-150x150.jpeg 150w, https:\/\/www.cahr-acrv.ca\/wp-content\/uploads\/2020\/09\/GUido.jpeg 225w\" sizes=\"auto, (max-width: 150px) 100vw, 150px\" \/>Dr. Guido van Marle<\/strong>, Universit\u00e9 de Calgary<br \/>\nConf\u00e9rencier<br \/>\n&nbsp;<\/p>\n<p>Guido van Marle, MSc, PhD is an Associate professor in the Department of Microbiology, Immunology and Infectious Diseases, and the Director Biomedical Sciences for the Bachelor of Health Sciences program at the Cumming School of Medicine at University of Calgary, He is a molecular virologist and works on HIV\/AIDS, HBV and HPV. In addition, he works on research and educational capacity building in Central America and East Africa.<\/p>\n<p>&nbsp;<\/p>\n<p><strong>Merci \u00e0 nos commanditaires : <\/strong><\/p>\n<p><img loading=\"lazy\" decoding=\"async\" class=\"aligncenter wp-image-9478 size-full\" src=\"https:\/\/www.cahr-acrv.ca\/wp-content\/uploads\/2018\/03\/logo-merck.jpg\" alt=\"\" width=\"260\" height=\"75\" \/><\/p>\n<p>&nbsp;<\/p>\n<p><img loading=\"lazy\" decoding=\"async\" class=\"aligncenter wp-image-11138 size-full\" src=\"https:\/\/www.cahr-acrv.ca\/wp-content\/uploads\/2019\/11\/Gilead-Logo-Tag_Colour1.jpg\" alt=\"\" width=\"217\" height=\"82\" \/><\/p>\n<p><img loading=\"lazy\" decoding=\"async\" class=\"aligncenter wp-image-12907 \" src=\"https:\/\/www.cahr-acrv.ca\/wp-content\/uploads\/2020\/09\/CIHR-biling-Eng-first-300x193.jpg\" alt=\"\" width=\"216\" height=\"139\" srcset=\"https:\/\/www.cahr-acrv.ca\/wp-content\/uploads\/2020\/09\/CIHR-biling-Eng-first-300x193.jpg 300w, https:\/\/www.cahr-acrv.ca\/wp-content\/uploads\/2020\/09\/CIHR-biling-Eng-first-600x385.jpg 600w, https:\/\/www.cahr-acrv.ca\/wp-content\/uploads\/2020\/09\/CIHR-biling-Eng-first.jpg 615w\" sizes=\"auto, (max-width: 216px) 100vw, 216px\" \/><\/p>\n<p>&nbsp;<\/p>\n<p><img loading=\"lazy\" decoding=\"async\" class=\"aligncenter wp-image-7280 \" src=\"https:\/\/www.cahr-acrv.ca\/wp-content\/uploads\/2012\/09\/MedicinesCanada_EN_HORIZ_RGB-300x124.jpg\" alt=\"\" width=\"266\" height=\"110\" srcset=\"https:\/\/www.cahr-acrv.ca\/wp-content\/uploads\/2012\/09\/MedicinesCanada_EN_HORIZ_RGB-300x124.jpg 300w, https:\/\/www.cahr-acrv.ca\/wp-content\/uploads\/2012\/09\/MedicinesCanada_EN_HORIZ_RGB-768x317.jpg 768w, https:\/\/www.cahr-acrv.ca\/wp-content\/uploads\/2012\/09\/MedicinesCanada_EN_HORIZ_RGB-1024x423.jpg 1024w\" sizes=\"auto, (max-width: 266px) 100vw, 266px\" \/><\/p>\n<p>&nbsp;<\/p>\n<p>&nbsp;<\/p>\n<p>&nbsp;<\/p>\n","protected":false},"excerpt":{"rendered":"<p>&nbsp; En partenariat avec la Fondation canadienne des maladies infectieuses (FCMI) et l\u2019Institut des maladies infectieuses et immunitaires (IMII) et l\u2019Initiative de recherche sur le VIH\/sida des IRSC, l\u2019ACRV accueillera un atelier virtuel de d\u00e9veloppement professionnel pour les chercheurs en maladies infectieuses. Cet atelier offrira aux participants la possibilit\u00e9 d\u2019acqu\u00e9rir de l\u2019information de ceux qui [&hellip;]<\/p>\n","protected":false},"author":9,"featured_media":0,"parent":9151,"menu_order":0,"comment_status":"closed","ping_status":"closed","template":"","meta":{"_acf_changed":false,"inline_featured_image":false,"footnotes":""},"class_list":["post-12953","page","type-page","status-publish","hentry"],"acf":[],"yoast_head":"<!-- This site is optimized with the Yoast SEO plugin v27.2 - https:\/\/yoast.com\/product\/yoast-seo-wordpress\/ -->\n<title>Webinaire : Perfectionnement professionnel pour les chercheurs \u00e0 mi-carri\u00e8re en MI &#8211; ACRV<\/title>\n<meta name=\"robots\" content=\"index, follow, max-snippet:-1, max-image-preview:large, max-video-preview:-1\" \/>\n<link rel=\"canonical\" href=\"https:\/\/www.cahr-acrv.ca\/fr\/ateliers\/webinaire-perfectionnement-professionnel-pour-les-chercheurs-a-mi-carriere-en-mi\/\" \/>\n<meta property=\"og:locale\" content=\"fr_FR\" \/>\n<meta property=\"og:type\" content=\"article\" \/>\n<meta property=\"og:title\" content=\"Webinaire : Perfectionnement professionnel pour les chercheurs \u00e0 mi-carri\u00e8re en MI &#8211; ACRV\" \/>\n<meta property=\"og:description\" content=\"&nbsp; En partenariat avec la Fondation canadienne des maladies infectieuses (FCMI) et l\u2019Institut des maladies infectieuses et immunitaires (IMII) et l\u2019Initiative de recherche sur le VIH\/sida des IRSC, l\u2019ACRV accueillera un atelier virtuel de d\u00e9veloppement professionnel pour les chercheurs en maladies infectieuses. Cet atelier offrira aux participants la possibilit\u00e9 d\u2019acqu\u00e9rir de l\u2019information de ceux qui [&hellip;]\" \/>\n<meta property=\"og:url\" content=\"https:\/\/www.cahr-acrv.ca\/fr\/ateliers\/webinaire-perfectionnement-professionnel-pour-les-chercheurs-a-mi-carriere-en-mi\/\" \/>\n<meta property=\"og:site_name\" content=\"ACRV\" \/>\n<meta property=\"article:publisher\" content=\"https:\/\/www.facebook.com\/CanadianAssociationforHIVResearch\" \/>\n<meta property=\"article:modified_time\" content=\"2020-09-29T16:50:03+00:00\" \/>\n<meta property=\"og:image\" content=\"\/\/www.cahr-acrv.ca\/wp-content\/uploads\/2020\/04\/headshot-curtis_cooper-150x150.jpg\" \/>\n<meta name=\"twitter:card\" content=\"summary_large_image\" \/>\n<meta name=\"twitter:site\" content=\"@CAHR_ACRV\" \/>\n<meta name=\"twitter:label1\" content=\"Dur\u00e9e de lecture estim\u00e9e\" \/>\n\t<meta name=\"twitter:data1\" content=\"5 minutes\" \/>\n<script type=\"application\/ld+json\" class=\"yoast-schema-graph\">{\"@context\":\"https:\/\/schema.org\",\"@graph\":[{\"@type\":\"WebPage\",\"@id\":\"https:\/\/www.cahr-acrv.ca\/fr\/ateliers\/webinaire-perfectionnement-professionnel-pour-les-chercheurs-a-mi-carriere-en-mi\/\",\"url\":\"https:\/\/www.cahr-acrv.ca\/fr\/ateliers\/webinaire-perfectionnement-professionnel-pour-les-chercheurs-a-mi-carriere-en-mi\/\",\"name\":\"Webinaire : Perfectionnement professionnel pour les chercheurs \u00e0 mi-carri\u00e8re en MI &#8211; ACRV\",\"isPartOf\":{\"@id\":\"https:\/\/www.cahr-acrv.ca\/#website\"},\"primaryImageOfPage\":{\"@id\":\"https:\/\/www.cahr-acrv.ca\/fr\/ateliers\/webinaire-perfectionnement-professionnel-pour-les-chercheurs-a-mi-carriere-en-mi\/#primaryimage\"},\"image\":{\"@id\":\"https:\/\/www.cahr-acrv.ca\/fr\/ateliers\/webinaire-perfectionnement-professionnel-pour-les-chercheurs-a-mi-carriere-en-mi\/#primaryimage\"},\"thumbnailUrl\":\"https:\/\/www.cahr-acrv.ca\/wp-content\/uploads\/2018\/03\/logo-merck.jpg\",\"datePublished\":\"2020-09-18T17:05:34+00:00\",\"dateModified\":\"2020-09-29T16:50:03+00:00\",\"breadcrumb\":{\"@id\":\"https:\/\/www.cahr-acrv.ca\/fr\/ateliers\/webinaire-perfectionnement-professionnel-pour-les-chercheurs-a-mi-carriere-en-mi\/#breadcrumb\"},\"inLanguage\":\"fr-FR\",\"potentialAction\":[{\"@type\":\"ReadAction\",\"target\":[\"https:\/\/www.cahr-acrv.ca\/fr\/ateliers\/webinaire-perfectionnement-professionnel-pour-les-chercheurs-a-mi-carriere-en-mi\/\"]}]},{\"@type\":\"ImageObject\",\"inLanguage\":\"fr-FR\",\"@id\":\"https:\/\/www.cahr-acrv.ca\/fr\/ateliers\/webinaire-perfectionnement-professionnel-pour-les-chercheurs-a-mi-carriere-en-mi\/#primaryimage\",\"url\":\"https:\/\/www.cahr-acrv.ca\/wp-content\/uploads\/2018\/03\/logo-merck.jpg\",\"contentUrl\":\"https:\/\/www.cahr-acrv.ca\/wp-content\/uploads\/2018\/03\/logo-merck.jpg\"},{\"@type\":\"BreadcrumbList\",\"@id\":\"https:\/\/www.cahr-acrv.ca\/fr\/ateliers\/webinaire-perfectionnement-professionnel-pour-les-chercheurs-a-mi-carriere-en-mi\/#breadcrumb\",\"itemListElement\":[{\"@type\":\"ListItem\",\"position\":1,\"name\":\"Accueil\",\"item\":\"https:\/\/www.cahr-acrv.ca\/fr\/accueil\/\"},{\"@type\":\"ListItem\",\"position\":2,\"name\":\"\u00c9ducation\"},{\"@type\":\"ListItem\",\"position\":3,\"name\":\"Ateliers\",\"item\":\"https:\/\/www.cahr-acrv.ca\/fr\/ateliers\/\"},{\"@type\":\"ListItem\",\"position\":4,\"name\":\"Webinaire : Perfectionnement professionnel pour les chercheurs \u00e0 mi-carri\u00e8re en MI\"}]},{\"@type\":\"WebSite\",\"@id\":\"https:\/\/www.cahr-acrv.ca\/#website\",\"url\":\"https:\/\/www.cahr-acrv.ca\/\",\"name\":\"ACRV\",\"description\":\"L'association canadienne de recherche sur le VIH\",\"publisher\":{\"@id\":\"https:\/\/www.cahr-acrv.ca\/#organization\"},\"potentialAction\":[{\"@type\":\"SearchAction\",\"target\":{\"@type\":\"EntryPoint\",\"urlTemplate\":\"https:\/\/www.cahr-acrv.ca\/?s={search_term_string}\"},\"query-input\":{\"@type\":\"PropertyValueSpecification\",\"valueRequired\":true,\"valueName\":\"search_term_string\"}}],\"inLanguage\":\"fr-FR\"},{\"@type\":\"Organization\",\"@id\":\"https:\/\/www.cahr-acrv.ca\/#organization\",\"name\":\"Canadian Association for HIV Research\",\"alternateName\":\"CAHR\",\"url\":\"https:\/\/www.cahr-acrv.ca\/\",\"logo\":{\"@type\":\"ImageObject\",\"inLanguage\":\"fr-FR\",\"@id\":\"https:\/\/www.cahr-acrv.ca\/#\/schema\/logo\/image\/\",\"url\":\"https:\/\/www.cahr-acrv.ca\/wp-content\/uploads\/2025\/06\/cahr-organization-logo.png\",\"contentUrl\":\"https:\/\/www.cahr-acrv.ca\/wp-content\/uploads\/2025\/06\/cahr-organization-logo.png\",\"width\":696,\"height\":696,\"caption\":\"Canadian Association for HIV Research\"},\"image\":{\"@id\":\"https:\/\/www.cahr-acrv.ca\/#\/schema\/logo\/image\/\"},\"sameAs\":[\"https:\/\/www.facebook.com\/CanadianAssociationforHIVResearch\",\"https:\/\/x.com\/CAHR_ACRV\",\"https:\/\/bsky.app\/profile\/cahr-acrv.bsky.social\",\"https:\/\/www.youtube.com\/user\/CAHRACRV\",\"https:\/\/www.instagram.com\/cahr_acrv\/\",\"https:\/\/www.linkedin.com\/company\/canadian-association-for-hiv-research\/\"]}]}<\/script>\n<!-- \/ Yoast SEO plugin. -->","yoast_head_json":{"title":"Webinaire : Perfectionnement professionnel pour les chercheurs \u00e0 mi-carri\u00e8re en MI &#8211; ACRV","robots":{"index":"index","follow":"follow","max-snippet":"max-snippet:-1","max-image-preview":"max-image-preview:large","max-video-preview":"max-video-preview:-1"},"canonical":"https:\/\/www.cahr-acrv.ca\/fr\/ateliers\/webinaire-perfectionnement-professionnel-pour-les-chercheurs-a-mi-carriere-en-mi\/","og_locale":"fr_FR","og_type":"article","og_title":"Webinaire : Perfectionnement professionnel pour les chercheurs \u00e0 mi-carri\u00e8re en MI &#8211; ACRV","og_description":"&nbsp; En partenariat avec la Fondation canadienne des maladies infectieuses (FCMI) et l\u2019Institut des maladies infectieuses et immunitaires (IMII) et l\u2019Initiative de recherche sur le VIH\/sida des IRSC, l\u2019ACRV accueillera un atelier virtuel de d\u00e9veloppement professionnel pour les chercheurs en maladies infectieuses. Cet atelier offrira aux participants la possibilit\u00e9 d\u2019acqu\u00e9rir de l\u2019information de ceux qui [&hellip;]","og_url":"https:\/\/www.cahr-acrv.ca\/fr\/ateliers\/webinaire-perfectionnement-professionnel-pour-les-chercheurs-a-mi-carriere-en-mi\/","og_site_name":"ACRV","article_publisher":"https:\/\/www.facebook.com\/CanadianAssociationforHIVResearch","article_modified_time":"2020-09-29T16:50:03+00:00","og_image":[{"url":"\/\/www.cahr-acrv.ca\/wp-content\/uploads\/2020\/04\/headshot-curtis_cooper-150x150.jpg","type":"","width":"","height":""}],"twitter_card":"summary_large_image","twitter_site":"@CAHR_ACRV","twitter_misc":{"Dur\u00e9e de lecture estim\u00e9e":"5 minutes"},"schema":{"@context":"https:\/\/schema.org","@graph":[{"@type":"WebPage","@id":"https:\/\/www.cahr-acrv.ca\/fr\/ateliers\/webinaire-perfectionnement-professionnel-pour-les-chercheurs-a-mi-carriere-en-mi\/","url":"https:\/\/www.cahr-acrv.ca\/fr\/ateliers\/webinaire-perfectionnement-professionnel-pour-les-chercheurs-a-mi-carriere-en-mi\/","name":"Webinaire : Perfectionnement professionnel pour les chercheurs \u00e0 mi-carri\u00e8re en MI &#8211; ACRV","isPartOf":{"@id":"https:\/\/www.cahr-acrv.ca\/#website"},"primaryImageOfPage":{"@id":"https:\/\/www.cahr-acrv.ca\/fr\/ateliers\/webinaire-perfectionnement-professionnel-pour-les-chercheurs-a-mi-carriere-en-mi\/#primaryimage"},"image":{"@id":"https:\/\/www.cahr-acrv.ca\/fr\/ateliers\/webinaire-perfectionnement-professionnel-pour-les-chercheurs-a-mi-carriere-en-mi\/#primaryimage"},"thumbnailUrl":"https:\/\/www.cahr-acrv.ca\/wp-content\/uploads\/2018\/03\/logo-merck.jpg","datePublished":"2020-09-18T17:05:34+00:00","dateModified":"2020-09-29T16:50:03+00:00","breadcrumb":{"@id":"https:\/\/www.cahr-acrv.ca\/fr\/ateliers\/webinaire-perfectionnement-professionnel-pour-les-chercheurs-a-mi-carriere-en-mi\/#breadcrumb"},"inLanguage":"fr-FR","potentialAction":[{"@type":"ReadAction","target":["https:\/\/www.cahr-acrv.ca\/fr\/ateliers\/webinaire-perfectionnement-professionnel-pour-les-chercheurs-a-mi-carriere-en-mi\/"]}]},{"@type":"ImageObject","inLanguage":"fr-FR","@id":"https:\/\/www.cahr-acrv.ca\/fr\/ateliers\/webinaire-perfectionnement-professionnel-pour-les-chercheurs-a-mi-carriere-en-mi\/#primaryimage","url":"https:\/\/www.cahr-acrv.ca\/wp-content\/uploads\/2018\/03\/logo-merck.jpg","contentUrl":"https:\/\/www.cahr-acrv.ca\/wp-content\/uploads\/2018\/03\/logo-merck.jpg"},{"@type":"BreadcrumbList","@id":"https:\/\/www.cahr-acrv.ca\/fr\/ateliers\/webinaire-perfectionnement-professionnel-pour-les-chercheurs-a-mi-carriere-en-mi\/#breadcrumb","itemListElement":[{"@type":"ListItem","position":1,"name":"Accueil","item":"https:\/\/www.cahr-acrv.ca\/fr\/accueil\/"},{"@type":"ListItem","position":2,"name":"\u00c9ducation"},{"@type":"ListItem","position":3,"name":"Ateliers","item":"https:\/\/www.cahr-acrv.ca\/fr\/ateliers\/"},{"@type":"ListItem","position":4,"name":"Webinaire : Perfectionnement professionnel pour les chercheurs \u00e0 mi-carri\u00e8re en MI"}]},{"@type":"WebSite","@id":"https:\/\/www.cahr-acrv.ca\/#website","url":"https:\/\/www.cahr-acrv.ca\/","name":"ACRV","description":"L'association canadienne de recherche sur le VIH","publisher":{"@id":"https:\/\/www.cahr-acrv.ca\/#organization"},"potentialAction":[{"@type":"SearchAction","target":{"@type":"EntryPoint","urlTemplate":"https:\/\/www.cahr-acrv.ca\/?s={search_term_string}"},"query-input":{"@type":"PropertyValueSpecification","valueRequired":true,"valueName":"search_term_string"}}],"inLanguage":"fr-FR"},{"@type":"Organization","@id":"https:\/\/www.cahr-acrv.ca\/#organization","name":"Canadian Association for HIV Research","alternateName":"CAHR","url":"https:\/\/www.cahr-acrv.ca\/","logo":{"@type":"ImageObject","inLanguage":"fr-FR","@id":"https:\/\/www.cahr-acrv.ca\/#\/schema\/logo\/image\/","url":"https:\/\/www.cahr-acrv.ca\/wp-content\/uploads\/2025\/06\/cahr-organization-logo.png","contentUrl":"https:\/\/www.cahr-acrv.ca\/wp-content\/uploads\/2025\/06\/cahr-organization-logo.png","width":696,"height":696,"caption":"Canadian Association for HIV Research"},"image":{"@id":"https:\/\/www.cahr-acrv.ca\/#\/schema\/logo\/image\/"},"sameAs":["https:\/\/www.facebook.com\/CanadianAssociationforHIVResearch","https:\/\/x.com\/CAHR_ACRV","https:\/\/bsky.app\/profile\/cahr-acrv.bsky.social","https:\/\/www.youtube.com\/user\/CAHRACRV","https:\/\/www.instagram.com\/cahr_acrv\/","https:\/\/www.linkedin.com\/company\/canadian-association-for-hiv-research\/"]}]}},"_links":{"self":[{"href":"https:\/\/www.cahr-acrv.ca\/fr\/wp-json\/wp\/v2\/pages\/12953","targetHints":{"allow":["GET"]}}],"collection":[{"href":"https:\/\/www.cahr-acrv.ca\/fr\/wp-json\/wp\/v2\/pages"}],"about":[{"href":"https:\/\/www.cahr-acrv.ca\/fr\/wp-json\/wp\/v2\/types\/page"}],"author":[{"embeddable":true,"href":"https:\/\/www.cahr-acrv.ca\/fr\/wp-json\/wp\/v2\/users\/9"}],"replies":[{"embeddable":true,"href":"https:\/\/www.cahr-acrv.ca\/fr\/wp-json\/wp\/v2\/comments?post=12953"}],"version-history":[{"count":0,"href":"https:\/\/www.cahr-acrv.ca\/fr\/wp-json\/wp\/v2\/pages\/12953\/revisions"}],"up":[{"embeddable":true,"href":"https:\/\/www.cahr-acrv.ca\/fr\/wp-json\/wp\/v2\/pages\/9151"}],"wp:attachment":[{"href":"https:\/\/www.cahr-acrv.ca\/fr\/wp-json\/wp\/v2\/media?parent=12953"}],"curies":[{"name":"wp","href":"https:\/\/api.w.org\/{rel}","templated":true}]}}