{"id":11805,"date":"2020-04-23T13:47:56","date_gmt":"2020-04-23T17:47:56","guid":{"rendered":"https:\/\/cahr.wpengine.com\/?page_id=11805"},"modified":"2025-12-09T13:48:55","modified_gmt":"2025-12-09T18:48:55","slug":"webinaires","status":"publish","type":"page","link":"https:\/\/www.cahr-acrv.ca\/fr\/webinaires\/","title":{"rendered":"Webinaires"},"content":{"rendered":"\n<p>Vous trouverez ci-apr\u00e8s une liste des webinaires virtuels organis\u00e9e par l\u2019ACRV.<\/p>\n\n\n\n<ul class=\"wp-block-list\">\n<li><a href=\"https:\/\/www.cahr-acrv.ca\/fr\/un-article\/grippe-aviaire-hautement-pathogene-iahp-un-webinaire-virtuel-de-mise-a-jour-scientifique-sur-un-danger-clair-et-present\/\">Grippe aviaire hautement pathog\u00e8ne (IAHP) : Un webinaire virtuel de mise \u00e0 jour scientifique sur un danger clair et pr\u00e9sent<\/a><\/li>\n\n\n\n<li><a href=\"https:\/\/www.cahr-acrv.ca\/fr\/le-vih-et-la-covid-19\/\" target=\"_blank\" rel=\"noopener noreferrer\">Le VIH et la COVID-19 : consid\u00e9rations cliniques pour les professionnels de la sant\u00e9 au canada<\/a><\/li>\n\n\n\n<li><a href=\"https:\/\/www.cahr-acrv.ca\/fr\/formation\/webinaire-sur-le-vih-et-le-covid-19-partie-2\/\" target=\"_blank\" rel=\"noopener noreferrer\">Webinaire sur le VIH et le COVID-19 : Partie 2<\/a><\/li>\n\n\n\n<li><a href=\"https:\/\/cihrrc.ca\/knowledge-translation\/cafe-scientifique\/\" target=\"_blank\" rel=\"noreferrer noopener\">CIHRRC-CAHR-HIV in Motion Event<\/a><\/li>\n<\/ul>\n","protected":false},"excerpt":{"rendered":"<p>Vous trouverez ci-apr\u00e8s une liste des webinaires virtuels organis\u00e9e par l\u2019ACRV.<\/p>\n","protected":false},"author":9,"featured_media":0,"parent":0,"menu_order":0,"comment_status":"closed","ping_status":"closed","template":"","meta":{"_acf_changed":false,"inline_featured_image":false,"footnotes":""},"class_list":["post-11805","page","type-page","status-publish","hentry"],"acf":[],"yoast_head":"<!-- This site is optimized with the Yoast SEO plugin v27.2 - https:\/\/yoast.com\/product\/yoast-seo-wordpress\/ -->\n<title>Webinaires &#8211; ACRV<\/title>\n<meta name=\"robots\" content=\"index, follow, max-snippet:-1, max-image-preview:large, max-video-preview:-1\" \/>\n<link rel=\"canonical\" href=\"https:\/\/www.cahr-acrv.ca\/fr\/webinaires\/\" \/>\n<meta property=\"og:locale\" content=\"fr_FR\" \/>\n<meta property=\"og:type\" content=\"article\" \/>\n<meta property=\"og:title\" content=\"Webinaires &#8211; ACRV\" \/>\n<meta property=\"og:description\" content=\"Vous trouverez ci-apr\u00e8s une liste des webinaires virtuels organis\u00e9e par l\u2019ACRV.\" \/>\n<meta property=\"og:url\" content=\"https:\/\/www.cahr-acrv.ca\/fr\/webinaires\/\" \/>\n<meta property=\"og:site_name\" content=\"ACRV\" \/>\n<meta property=\"article:publisher\" content=\"https:\/\/www.facebook.com\/CanadianAssociationforHIVResearch\" \/>\n<meta property=\"article:modified_time\" content=\"2025-12-09T18:48:55+00:00\" \/>\n<meta name=\"twitter:card\" content=\"summary_large_image\" \/>\n<meta name=\"twitter:site\" content=\"@CAHR_ACRV\" \/>\n<meta name=\"twitter:label1\" content=\"Dur\u00e9e de lecture estim\u00e9e\" \/>\n\t<meta name=\"twitter:data1\" content=\"1 minute\" \/>\n<script type=\"application\/ld+json\" class=\"yoast-schema-graph\">{\"@context\":\"https:\/\/schema.org\",\"@graph\":[{\"@type\":\"WebPage\",\"@id\":\"https:\/\/www.cahr-acrv.ca\/fr\/webinaires\/\",\"url\":\"https:\/\/www.cahr-acrv.ca\/fr\/webinaires\/\",\"name\":\"Webinaires &#8211; ACRV\",\"isPartOf\":{\"@id\":\"https:\/\/www.cahr-acrv.ca\/#website\"},\"datePublished\":\"2020-04-23T17:47:56+00:00\",\"dateModified\":\"2025-12-09T18:48:55+00:00\",\"breadcrumb\":{\"@id\":\"https:\/\/www.cahr-acrv.ca\/fr\/webinaires\/#breadcrumb\"},\"inLanguage\":\"fr-FR\",\"potentialAction\":[{\"@type\":\"ReadAction\",\"target\":[\"https:\/\/www.cahr-acrv.ca\/fr\/webinaires\/\"]}]},{\"@type\":\"BreadcrumbList\",\"@id\":\"https:\/\/www.cahr-acrv.ca\/fr\/webinaires\/#breadcrumb\",\"itemListElement\":[{\"@type\":\"ListItem\",\"position\":1,\"name\":\"Accueil\",\"item\":\"https:\/\/www.cahr-acrv.ca\/fr\/accueil\/\"},{\"@type\":\"ListItem\",\"position\":2,\"name\":\"Webinaires\"}]},{\"@type\":\"WebSite\",\"@id\":\"https:\/\/www.cahr-acrv.ca\/#website\",\"url\":\"https:\/\/www.cahr-acrv.ca\/\",\"name\":\"ACRV\",\"description\":\"L'association canadienne de recherche sur le VIH\",\"publisher\":{\"@id\":\"https:\/\/www.cahr-acrv.ca\/#organization\"},\"potentialAction\":[{\"@type\":\"SearchAction\",\"target\":{\"@type\":\"EntryPoint\",\"urlTemplate\":\"https:\/\/www.cahr-acrv.ca\/?s={search_term_string}\"},\"query-input\":{\"@type\":\"PropertyValueSpecification\",\"valueRequired\":true,\"valueName\":\"search_term_string\"}}],\"inLanguage\":\"fr-FR\"},{\"@type\":\"Organization\",\"@id\":\"https:\/\/www.cahr-acrv.ca\/#organization\",\"name\":\"Canadian Association for HIV Research\",\"alternateName\":\"CAHR\",\"url\":\"https:\/\/www.cahr-acrv.ca\/\",\"logo\":{\"@type\":\"ImageObject\",\"inLanguage\":\"fr-FR\",\"@id\":\"https:\/\/www.cahr-acrv.ca\/#\/schema\/logo\/image\/\",\"url\":\"https:\/\/www.cahr-acrv.ca\/wp-content\/uploads\/2025\/06\/cahr-organization-logo.png\",\"contentUrl\":\"https:\/\/www.cahr-acrv.ca\/wp-content\/uploads\/2025\/06\/cahr-organization-logo.png\",\"width\":696,\"height\":696,\"caption\":\"Canadian Association for HIV Research\"},\"image\":{\"@id\":\"https:\/\/www.cahr-acrv.ca\/#\/schema\/logo\/image\/\"},\"sameAs\":[\"https:\/\/www.facebook.com\/CanadianAssociationforHIVResearch\",\"https:\/\/x.com\/CAHR_ACRV\",\"https:\/\/bsky.app\/profile\/cahr-acrv.bsky.social\",\"https:\/\/www.youtube.com\/user\/CAHRACRV\",\"https:\/\/www.instagram.com\/cahr_acrv\/\",\"https:\/\/www.linkedin.com\/company\/canadian-association-for-hiv-research\/\"]}]}<\/script>\n<!-- \/ Yoast SEO plugin. -->","yoast_head_json":{"title":"Webinaires &#8211; ACRV","robots":{"index":"index","follow":"follow","max-snippet":"max-snippet:-1","max-image-preview":"max-image-preview:large","max-video-preview":"max-video-preview:-1"},"canonical":"https:\/\/www.cahr-acrv.ca\/fr\/webinaires\/","og_locale":"fr_FR","og_type":"article","og_title":"Webinaires &#8211; ACRV","og_description":"Vous trouverez ci-apr\u00e8s une liste des webinaires virtuels organis\u00e9e par l\u2019ACRV.","og_url":"https:\/\/www.cahr-acrv.ca\/fr\/webinaires\/","og_site_name":"ACRV","article_publisher":"https:\/\/www.facebook.com\/CanadianAssociationforHIVResearch","article_modified_time":"2025-12-09T18:48:55+00:00","twitter_card":"summary_large_image","twitter_site":"@CAHR_ACRV","twitter_misc":{"Dur\u00e9e de lecture estim\u00e9e":"1 minute"},"schema":{"@context":"https:\/\/schema.org","@graph":[{"@type":"WebPage","@id":"https:\/\/www.cahr-acrv.ca\/fr\/webinaires\/","url":"https:\/\/www.cahr-acrv.ca\/fr\/webinaires\/","name":"Webinaires &#8211; ACRV","isPartOf":{"@id":"https:\/\/www.cahr-acrv.ca\/#website"},"datePublished":"2020-04-23T17:47:56+00:00","dateModified":"2025-12-09T18:48:55+00:00","breadcrumb":{"@id":"https:\/\/www.cahr-acrv.ca\/fr\/webinaires\/#breadcrumb"},"inLanguage":"fr-FR","potentialAction":[{"@type":"ReadAction","target":["https:\/\/www.cahr-acrv.ca\/fr\/webinaires\/"]}]},{"@type":"BreadcrumbList","@id":"https:\/\/www.cahr-acrv.ca\/fr\/webinaires\/#breadcrumb","itemListElement":[{"@type":"ListItem","position":1,"name":"Accueil","item":"https:\/\/www.cahr-acrv.ca\/fr\/accueil\/"},{"@type":"ListItem","position":2,"name":"Webinaires"}]},{"@type":"WebSite","@id":"https:\/\/www.cahr-acrv.ca\/#website","url":"https:\/\/www.cahr-acrv.ca\/","name":"ACRV","description":"L'association canadienne de recherche sur le VIH","publisher":{"@id":"https:\/\/www.cahr-acrv.ca\/#organization"},"potentialAction":[{"@type":"SearchAction","target":{"@type":"EntryPoint","urlTemplate":"https:\/\/www.cahr-acrv.ca\/?s={search_term_string}"},"query-input":{"@type":"PropertyValueSpecification","valueRequired":true,"valueName":"search_term_string"}}],"inLanguage":"fr-FR"},{"@type":"Organization","@id":"https:\/\/www.cahr-acrv.ca\/#organization","name":"Canadian Association for HIV Research","alternateName":"CAHR","url":"https:\/\/www.cahr-acrv.ca\/","logo":{"@type":"ImageObject","inLanguage":"fr-FR","@id":"https:\/\/www.cahr-acrv.ca\/#\/schema\/logo\/image\/","url":"https:\/\/www.cahr-acrv.ca\/wp-content\/uploads\/2025\/06\/cahr-organization-logo.png","contentUrl":"https:\/\/www.cahr-acrv.ca\/wp-content\/uploads\/2025\/06\/cahr-organization-logo.png","width":696,"height":696,"caption":"Canadian Association for HIV Research"},"image":{"@id":"https:\/\/www.cahr-acrv.ca\/#\/schema\/logo\/image\/"},"sameAs":["https:\/\/www.facebook.com\/CanadianAssociationforHIVResearch","https:\/\/x.com\/CAHR_ACRV","https:\/\/bsky.app\/profile\/cahr-acrv.bsky.social","https:\/\/www.youtube.com\/user\/CAHRACRV","https:\/\/www.instagram.com\/cahr_acrv\/","https:\/\/www.linkedin.com\/company\/canadian-association-for-hiv-research\/"]}]}},"_links":{"self":[{"href":"https:\/\/www.cahr-acrv.ca\/fr\/wp-json\/wp\/v2\/pages\/11805","targetHints":{"allow":["GET"]}}],"collection":[{"href":"https:\/\/www.cahr-acrv.ca\/fr\/wp-json\/wp\/v2\/pages"}],"about":[{"href":"https:\/\/www.cahr-acrv.ca\/fr\/wp-json\/wp\/v2\/types\/page"}],"author":[{"embeddable":true,"href":"https:\/\/www.cahr-acrv.ca\/fr\/wp-json\/wp\/v2\/users\/9"}],"replies":[{"embeddable":true,"href":"https:\/\/www.cahr-acrv.ca\/fr\/wp-json\/wp\/v2\/comments?post=11805"}],"version-history":[{"count":0,"href":"https:\/\/www.cahr-acrv.ca\/fr\/wp-json\/wp\/v2\/pages\/11805\/revisions"}],"wp:attachment":[{"href":"https:\/\/www.cahr-acrv.ca\/fr\/wp-json\/wp\/v2\/media?parent=11805"}],"curies":[{"name":"wp","href":"https:\/\/api.w.org\/{rel}","templated":true}]}}